{"id":5654,"date":"2023-09-22T11:02:41","date_gmt":"2023-09-22T11:02:41","guid":{"rendered":"https:\/\/www.buildinglift.com\/?post_type=product&#038;p=5654"},"modified":"2023-12-12T22:17:02","modified_gmt":"2023-12-13T06:17:02","slug":"podwieszana-platforma-ze-stopu-aluminium-gondola-elektryczna-podwieszana-platforma-do-czyszczenia-okien","status":"publish","type":"product","link":"https:\/\/www.buildinglift.com\/pl\/produkt\/podwieszana-platforma-ze-stopu-aluminium-gondola-elektryczna-podwieszana-platforma-do-czyszczenia-okien\/","title":{"rendered":"PLATFORMA WISZ\u0104CA ZE STOPU ALUMINIUM GONDOLA\/ELEKTRYCZNA PLATFORMA WISZ\u0104CA DO MYCIA OKIEN"},"content":{"rendered":"<p>Platformy podwieszane przej\u0119\u0142y rol\u0119 drabin rusztowaniowych. Platformy podwieszane to urz\u0105dzenia mechaniczne, kt\u00f3re podnosz\u0105 pracownik\u00f3w w powietrze, aby mogli wykonywa\u0107 prac\u0119 na trudno dost\u0119pnych wysoko\u015bciach. S\u0105 szeroko stosowane w budownictwie \u015bcian zewn\u0119trznych, czyszczeniu, konserwacji, malowaniu, elektrowniach, stoczniach, projektach komunalnych itp.<\/p>\n<p><strong>Struktura platformy zawieszonej<\/strong><br \/>\n(1) Platforma robocza<br \/>\n(2) Zesp\u00f3\u0142 podno\u015bnika<br \/>\n(3) Blokada bezpiecze\u0144stwa<br \/>\n(4) Panel sterowania elektrycznego<br \/>\n(5) Mechanizm zawieszenia<br \/>\n(6) Kabel<br \/>\n(7) Lina stalowa<\/p>\n<p><strong>Wykorzystanie platformy podwieszanej<\/strong><br \/>\n(1) Konserwacja elewacji, malowanie i czyszczenie wysokich budynk\u00f3w<br \/>\n(2) Mycie i monta\u017c okien<br \/>\n(3) Kontrola budowy i konserwacja zbiornik\u00f3w wielkogabarytowych, komin\u00f3w, tam, most\u00f3w<br \/>\n(4) Konserwacja, czyszczenie, malowanie du\u017cych statk\u00f3w<\/p>\n<p>Seria ZLP, tymczasowy podwieszany sprz\u0119t dost\u0119powy, to innowacyjne dzie\u0142o firmy SUCCESS Company. Jego g\u0142\u00f3wn\u0105 funkcj\u0105 jest elektryczna maszyna dekoracyjna typu wspinaczkowego, kt\u00f3ra jest g\u0142\u00f3wnie wykorzystywana do budowy, dekoracji, czyszczenia i konserwacji wysokich i wielopi\u0119trowych budynk\u00f3w. Jej wszechstronno\u015b\u0107 pozwala na wykorzystanie jej w innych operacjach in\u017cynieryjnych, takich jak instalacja wind, budowa du\u017cych zbiornik\u00f3w, budowa most\u00f3w i prace przy tamach.<\/p>\n<p>Seria ZLP wyr\u00f3\u017cnia si\u0119 najwy\u017csz\u0105 jako\u015bci\u0105 i profesjonaln\u0105 obs\u0142ug\u0105. Wraz ze wzrostem reputacji i wiarygodno\u015bci, wzr\u00f3s\u0142 r\u00f3wnie\u017c jej zasi\u0119g mi\u0119dzynarodowy. Produkty firmy SUCCESS Company s\u0105 obecnie eksportowane do ponad 70 kraj\u00f3w i region\u00f3w, w tym Singapuru, Rosji, Zjednoczonych Emirat\u00f3w Arabskich, Chile i Peru. Zaanga\u017cowanie firmy w d\u0105\u017cenie do doskona\u0142o\u015bci znajduje odzwierciedlenie w jej produktach, kt\u00f3re spe\u0142niaj\u0105 europejskie normy i otrzyma\u0142y certyfikat CE.<\/p>\n<p>Mo\u017cemy zaprojektowa\u0107 i wykona\u0107 wszelkiego rodzaju specjalne podwieszane platformy, kt\u00f3re b\u0119d\u0105 pasowa\u0107 do ka\u017cdych warunk\u00f3w i spe\u0142nia\u0107 specjalne wymagania zaproponowane przez klient\u00f3w. Takie jak platforma jednoosobowa z nog\u0105 w kszta\u0142cie litery L, podwieszana platforma k\u0105towa, platforma dwupoziomowa, gondola BMU, podwieszane krzes\u0142o jednoosobowe, podwieszana platforma okr\u0105g\u0142a, ruchome strzemi\u0119 ko\u0144cowe, podwieszana platforma ZLP350.<\/p>\n<p>Znana jako maszyna budowlana o du\u017cej wysoko\u015bci\/wysokim dost\u0119pie, platforma wisz\u0105ca jest rozpoznawana na ca\u0142ym \u015bwiecie pod r\u00f3\u017cnymi nazwami. W Ameryce P\u00f3\u0142nocnej nazywana jest scen\u0105 wisz\u0105c\u0105, podczas gdy w Wietnamie jest znana jako gondola San Treo. W Rosji nazywana jest \u0444\u0430\u0441\u0430\u0434\u043d\u044b\u0445 \u043f\u043e\u0434\u0432\u0435\u0441\u043d\u044b\u0445 \u043f\u043b\u043e\u0449\u0430\u0434\u043e\u043a. Kraje hiszpa\u0144skoj\u0119zyczne, w tym Chile, Peru, Kolumbia, Argentyna i Hiszpania, nazywaj\u0105 j\u0105 andamios colgantes lub platformaformas suspendidas.<\/p>\n<p>W \u015bwiecie maszyn budowlanych seria ZLP firmy SUCCESS Company wyrobi\u0142a sobie nisz\u0119. Jej wszechstronno\u015b\u0107, najwy\u017csza jako\u015b\u0107 i szeroki zakres zastosowa\u0144 sprawiaj\u0105, \u017ce jest ona niezb\u0119dnym narz\u0119dziem w projektach budynk\u00f3w wysokich i wielopi\u0119trowych. Jako dow\u00f3d jej sukcesu seria ZLP dotar\u0142a do ponad 70 kraj\u00f3w i region\u00f3w, spe\u0142niaj\u0105c europejskie normy i uzyskuj\u0105c po drodze certyfikat CE.<\/p>\n<p>Niezale\u017cnie od tego, czy jest znana jako swing stage w Ameryce P\u00f3\u0142nocnej, San treo gondola w Wietnamie, \u0444\u0430\u0441\u0430\u0434\u043d\u044b\u0445 \u043f\u043e\u0434\u0432\u0435\u0441\u043d\u044b\u0445 \u043f\u043b\u043e\u0449\u0430\u0434\u043e\u043a w Rosji, czy andamios colgantes i plataformas suspendidas w krajach hiszpa\u0144skoj\u0119zycznych, seria ZLP jest rozpoznawana i ceniona za sw\u00f3j wk\u0142ad w projekty budowlane na du\u017cych wysoko\u015bciach\/z du\u017cym dost\u0119pem. Poniewa\u017c SUCCESS Company nadal wprowadza innowacje i udoskonala swoje produkty, seria ZLP ma pozosta\u0107 podstaw\u0105 w bran\u017cy budowlanej na ca\u0142ym \u015bwiecie.<\/p>\n<p><strong>Podno\u015bnik platformowy zawieszany \u2013 d\u0142uga \u017cywotno\u015b\u0107.<\/strong><br \/>\n1. Korpus odlewu wykonany jest ze specjalnego materia\u0142u aluminiowego i jest przetwarzany przez importowane centrum przetwarzania metod\u0105 odlewania grawitacyjnego. Produkt charakteryzuje si\u0119 dobr\u0105 precyzj\u0105 i trwa\u0142o\u015bci\u0105. Odlewy s\u0105 bardziej odporne na upadki ni\u017c odlewy ci\u015bnieniowe i s\u0105 mniej podatne na p\u0119kanie.<br \/>\n2. Materia\u0142 tarczy nap\u0119dowej to 40Cr, waga 5,4 kg, po hartowaniu i azotowaniu powierzchni jest bardziej odporny na zu\u017cycie i trwalszy.<br \/>\n3. Ko\u0142o \u015blimakowe wykonane jest z br\u0105zu cynowo-fosforowego 9-4 miedzi, 0,94 kg, dobra wytrzyma\u0142o\u015b\u0107 i odporno\u015b\u0107 na zu\u017cycie. Materia\u0142 wa\u0142u \u015blimaka i przek\u0142adni to 38CrMoA1, z czego \u015blimak wa\u017cy 0,48 kg, co ma dobr\u0105 wytrzyma\u0142o\u015b\u0107 i odporno\u015b\u0107 na zu\u017cycie.<br \/>\n4. Prowadnica liny wykonana jest ze specjalnego materia\u0142u ze stali nierdzewnej odpornej na zu\u017cycie, kt\u00f3ry nie jest \u0142atwy do uszkodzenia i nie powoduje zaci\u0119\u0107. Koszt awarii jest niezwykle niski i zazwyczaj nie wymaga wymiany.<\/p>","protected":false},"excerpt":{"rendered":"<p><strong>Typ<\/strong>:Konstrukcja ZLP platforma robocza<br \/>\n<strong>Nazwa marki<\/strong>:SUKCES<br \/>\n<strong>Aplikacja<\/strong>:Budownictwo<br \/>\n<strong>Tworzywo<\/strong>: Stop aluminium<br \/>\n<strong>Kolor<\/strong>: Dostosowane<br \/>\n<strong>Certyfikat<\/strong>: CE ISO<br \/>\n<strong>Wolta\u017c<\/strong>: 380 V (mo\u017cna dostosowa\u0107)<br \/>\n<strong>No\u015bno\u015b\u0107<\/strong>: 500 kg\/630 kg\/800 kg\/1000 kg<br \/>\n<strong>Stosowanie<\/strong>:Prace konserwacyjne przy budynkach wysokich<br \/>\n<strong>Nazwa produktu<\/strong>: Podno\u015bnik Zlp Platforma podwieszana<br \/>\n<strong>Obci\u0105\u017cenie znamionowe<\/strong>: 500 kg\/630 kg\/800 kg\/1000 kg<\/p>","protected":false},"featured_media":5659,"template":"","meta":[],"product_brand":[],"product_cat":[147],"product_tag":[150,151],"class_list":{"0":"post-5654","1":"product","2":"type-product","3":"status-publish","4":"has-post-thumbnail","6":"product_cat-suspended-platform","7":"product_tag-aluminum-alloy-suspended-platform","8":"product_tag-electric-suspended-platform","10":"first","11":"instock","12":"shipping-taxable","13":"product-type-simple"},"acf":[],"_links":{"self":[{"href":"https:\/\/www.buildinglift.com\/pl\/wp-json\/wp\/v2\/product\/5654","targetHints":{"allow":["GET"]}}],"collection":[{"href":"https:\/\/www.buildinglift.com\/pl\/wp-json\/wp\/v2\/product"}],"about":[{"href":"https:\/\/www.buildinglift.com\/pl\/wp-json\/wp\/v2\/types\/product"}],"version-history":[{"count":0,"href":"https:\/\/www.buildinglift.com\/pl\/wp-json\/wp\/v2\/product\/5654\/revisions"}],"wp:featuredmedia":[{"embeddable":true,"href":"https:\/\/www.buildinglift.com\/pl\/wp-json\/wp\/v2\/media\/5659"}],"wp:attachment":[{"href":"https:\/\/www.buildinglift.com\/pl\/wp-json\/wp\/v2\/media?parent=5654"}],"wp:term":[{"taxonomy":"product_brand","embeddable":true,"href":"https:\/\/www.buildinglift.com\/pl\/wp-json\/wp\/v2\/product_brand?post=5654"},{"taxonomy":"product_cat","embeddable":true,"href":"https:\/\/www.buildinglift.com\/pl\/wp-json\/wp\/v2\/product_cat?post=5654"},{"taxonomy":"product_tag","embeddable":true,"href":"https:\/\/www.buildinglift.com\/pl\/wp-json\/wp\/v2\/product_tag?post=5654"}],"curies":[{"name":"wp","href":"https:\/\/api.w.org\/{rel}","templated":true}]}}