{"id":5882,"date":"2023-10-19T12:44:44","date_gmt":"2023-10-19T12:44:44","guid":{"rendered":"https:\/\/www.buildinglift.com\/?post_type=product&#038;p=5882"},"modified":"2023-12-12T22:30:41","modified_gmt":"2023-12-13T06:30:41","slug":"500kgs-elektroglas-die-vacuumheftoestel-het-materiaalglas-behandelende-machine-opheffen","status":"publish","type":"product","link":"https:\/\/www.buildinglift.com\/nl\/product\/500kgs-elektroglas-die-vacuumheftoestel-het-materiaalglas-behandelende-machine-opheffen\/","title":{"rendered":"500 kg elektrische glashefmachine met vacu\u00fcmhefsysteem voor glasverwerking"},"content":{"rendered":"<ul>\n<li><strong>Productoverzicht<\/strong><br \/>\n<a href=\"https:\/\/www.buildinglift.com\/product\/500kgs-electrical-glass-lifting-vacuum-lifter-equipment-glass-handling-machine\/\">500 kg elektrische glashefmachine met vacu\u00fcmhefsysteem voor glasverwerking<\/a><br \/>\nDe slimme systemen voor vlakglasverwerking zijn voorzien van een vacu\u00fcmsysteem waarmee u glas van elk formaat kunt verwerken zonder het oppervlak te beschadigen.<br \/>\nDeze machine wordt veel gebruikt bij de delicate, diepe verwerking van glas, bij het transport en bij de installatie van glasvliesgevels.<br \/>\nKENMERKEN IN \u00c9\u00c9N OOGOPSLAG<br \/>\n<strong>Functies<\/strong><\/li>\n<li>Gebruikt Q345 mangaanstaalmateriaal, vierkante buis gelast, veilig en betrouwbaar.<\/li>\n<li>Dubbele systeembesturing, \u00e9\u00e9n vacu\u00fcmsysteem voor het werken en het andere voor stand-bytoepassingen;<br \/>\nGebruikt de Amerikaanse THOMAS vacu\u00fcmpomp, de zware aandrijfwielen van het Italiaanse METALROTA, de Zwitserse BUCHER hydraulische aandrijfeenheid en de digitale onderhoudsvrije batterij, kan hij vrij rondlopen zonder luchtbron of stroomvoorziening.<br \/>\nMet 360 graden rotatie en 90 graden handmatige omkering, waardoor de operator<br \/>\nKies het vlakke glas nauwkeurig en voorzichtig.<br \/>\nMet Japanse PANASONIC digitale display vacu\u00fcmdrukschakelaar en batterijmeter,<br \/>\nduidelijk toezicht houden op de veilige werking van de apparatuur.<br \/>\nUitgerust met een 12V-reserveaccu. Als de accu tijdens gebruik leeg raakt, kan deze worden<br \/>\ntijdig vervangen om de voortgang van het project te waarborgen.<br \/>\nEen automatisch vacu\u00fcmvulsysteem zorgt ervoor dat het hele vacu\u00fcmsysteem een<br \/>\nrelatief constante veilige druk, zorgt voor een ononderbroken werking met voorspellende<br \/>\nonderhoud.<br \/>\nEenvoudige montage van structurele componenten. Dankzij het verstelbare ontwerp kunt u de positie van elke zuignap wijzigen. Elke zuignap heeft een apart regelventiel en kan glas van verschillende groottes vasthouden.<\/li>\n<\/ul>","protected":false},"excerpt":{"rendered":"<p>De slimme systemen voor vlakglasverwerking zijn voorzien van een vacu\u00fcmsysteem waarmee u glas van elk formaat kunt verwerken zonder het oppervlak te beschadigen.<\/p>","protected":false},"featured_media":5885,"template":"","meta":[],"product_brand":[],"product_cat":[146],"product_tag":[169],"class_list":{"0":"post-5882","1":"product","2":"type-product","3":"status-publish","4":"has-post-thumbnail","6":"product_cat-glass-lifting-machine","7":"product_tag-glass-handling-machine","9":"first","10":"instock","11":"shipping-taxable","12":"product-type-simple"},"acf":[],"_links":{"self":[{"href":"https:\/\/www.buildinglift.com\/nl\/wp-json\/wp\/v2\/product\/5882","targetHints":{"allow":["GET"]}}],"collection":[{"href":"https:\/\/www.buildinglift.com\/nl\/wp-json\/wp\/v2\/product"}],"about":[{"href":"https:\/\/www.buildinglift.com\/nl\/wp-json\/wp\/v2\/types\/product"}],"version-history":[{"count":0,"href":"https:\/\/www.buildinglift.com\/nl\/wp-json\/wp\/v2\/product\/5882\/revisions"}],"wp:featuredmedia":[{"embeddable":true,"href":"https:\/\/www.buildinglift.com\/nl\/wp-json\/wp\/v2\/media\/5885"}],"wp:attachment":[{"href":"https:\/\/www.buildinglift.com\/nl\/wp-json\/wp\/v2\/media?parent=5882"}],"wp:term":[{"taxonomy":"product_brand","embeddable":true,"href":"https:\/\/www.buildinglift.com\/nl\/wp-json\/wp\/v2\/product_brand?post=5882"},{"taxonomy":"product_cat","embeddable":true,"href":"https:\/\/www.buildinglift.com\/nl\/wp-json\/wp\/v2\/product_cat?post=5882"},{"taxonomy":"product_tag","embeddable":true,"href":"https:\/\/www.buildinglift.com\/nl\/wp-json\/wp\/v2\/product_tag?post=5882"}],"curies":[{"name":"wp","href":"https:\/\/api.w.org\/{rel}","templated":true}]}}