{"id":5902,"date":"2023-10-19T13:41:52","date_gmt":"2023-10-19T13:41:52","guid":{"rendered":"https:\/\/www.buildinglift.com\/?post_type=product&#038;p=5902"},"modified":"2023-12-12T23:25:31","modified_gmt":"2023-12-13T07:25:31","slug":"ce-apstiprinata-hidrauliska-pacelsanas-platforma-ar-elektrisko-skerveida-pacelaju","status":"publish","type":"product","link":"https:\/\/www.buildinglift.com\/lv\/produkts\/ce-apstiprinata-hidrauliska-pacelsanas-platforma-ar-elektrisko-skerveida-pacelaju\/","title":{"rendered":"CE apstiprin\u0101ta hidraulisk\u0101 pacel\u0161anas platforma\/elektriskais \u0161\u0137\u0113rveida pac\u0113l\u0101js"},"content":{"rendered":"<p><a href=\"https:\/\/www.buildinglift.com\/product-category\/elevator-scissor-lift\/\"><strong>Elektriskie \u0161\u0137\u0113rveida pac\u0113l\u0101ji<\/strong><\/a><br \/>\nElektriskajiem \u0161\u0137\u0113rveida pac\u0113l\u0101jiem ir ilg\u0101ks darb\u012bbas laiks nek\u0101 ar dzin\u0113ju darbin\u0101miem pac\u0113l\u0101jiem, un tie veicina klus\u0101ku darba vidi, padarot tos ide\u0101li piem\u0113rotus darbam telp\u0101s. Elektrisk\u0101 piedzi\u0146a nodro\u0161ina vair\u0101k nek\u0101 divreiz ilg\u0101ku akumulatora darb\u012bbas laiku nek\u0101... <a href=\"https:\/\/www.buildinglift.com\/product\/ce-approved-hydraulic-lifting-platform-electric-scissor-lift\/\">hidraulisk\u0101s piedzi\u0146as ma\u0161\u012bnas<\/a> un nerada izme\u0161us. M\u016bsu \u0161\u0137\u0113rveida pac\u0113l\u0101ji ir pieejami ar da\u017e\u0101diem darba augstumiem un platformas ietilp\u012bbu.<br \/>\n<strong>1.Produktu priek\u0161roc\u012bbas<\/strong><br \/>\nPa\u0161g\u0101j\u0113jiem \u0161\u0137\u0113rveida pac\u0113l\u0101jiem nav nepiecie\u0161ami balstiek\u0101rtas, uz darba platformas str\u0101d\u0101 viens cilv\u0113ks. P\u0101rvieto\u0161an\u0101s uz priek\u0161u, apgrie\u0161an\u0101s un pacel\u0161ana ir viegli vad\u0101ma. \u012ass uzl\u0101des laiks un ilgs akumulatora darb\u012bbas laiks. Viegli p\u0101rvietojamas, pla\u0161as darba platformas, vienm\u0113r\u012bgs darba st\u0101voklis un augsta darba efektivit\u0101te.<br \/>\n<strong>2. P\u0101rvieto\u0161anas metode<\/strong><br \/>\nUzl\u0101d\u0113jamais akumulators nodro\u0161ina jaudu p\u0101rvieto\u0161anai un st\u016br\u0113\u0161anai.<br \/>\n<strong>3. Cel\u0161anas sp\u0113ks<\/strong><br \/>\nUzl\u0101d\u0113jamais akumulators nodro\u0161ina jaudu pacel\u0161anas platformu pacel\u0161anai. Darba augstums sv\u0101rst\u0101s no 4 m, 6 m, 8 m, 9 m, 10 m, 12 m, 14 m.<br \/>\n<strong>4. Pieteikumi<\/strong><br \/>\nTo pla\u0161i izmanto virszemes uzst\u0101d\u012b\u0161anai un apkopei darba viet\u0101s bez baro\u0161anas avota un ar glud\u0101m darba viet\u0101m, piem\u0113ram, viesn\u012bc\u0101s, lielaj\u0101s z\u0101l\u0113s, sporta stadionos, liel\u0101s r\u016bpn\u012bc\u0101s, noliktav\u0101s, kl\u0113t\u012bs, autobusu\/dzelzce\u013ca stacij\u0101s, viesn\u012bc\u0101s, lidost\u0101s, degvielas uzpildes stacij\u0101s un virszemes cauru\u013cvados.<\/p>","protected":false},"excerpt":{"rendered":"<p>Elektriskajiem \u0161\u0137\u0113rveida pac\u0113l\u0101jiem ir ilg\u0101ks darb\u012bbas laiks nek\u0101 ar dzin\u0113ju darbin\u0101miem pac\u0113l\u0101jiem, un tie veicina klus\u0101ku darba vidi, padarot tos ide\u0101li piem\u0113rotus darbam telp\u0101s.<\/p>","protected":false},"featured_media":5644,"template":"","meta":[],"product_brand":[],"product_cat":[149],"product_tag":[172,173],"class_list":{"0":"post-5902","1":"product","2":"type-product","3":"status-publish","4":"has-post-thumbnail","6":"product_cat-elevator-scissor-lift","7":"product_tag-electric-scissor-lift","8":"product_tag-hydraulic-lifting-platform","10":"first","11":"instock","12":"shipping-taxable","13":"product-type-simple"},"acf":[],"_links":{"self":[{"href":"https:\/\/www.buildinglift.com\/lv\/wp-json\/wp\/v2\/product\/5902","targetHints":{"allow":["GET"]}}],"collection":[{"href":"https:\/\/www.buildinglift.com\/lv\/wp-json\/wp\/v2\/product"}],"about":[{"href":"https:\/\/www.buildinglift.com\/lv\/wp-json\/wp\/v2\/types\/product"}],"version-history":[{"count":0,"href":"https:\/\/www.buildinglift.com\/lv\/wp-json\/wp\/v2\/product\/5902\/revisions"}],"wp:featuredmedia":[{"embeddable":true,"href":"https:\/\/www.buildinglift.com\/lv\/wp-json\/wp\/v2\/media\/5644"}],"wp:attachment":[{"href":"https:\/\/www.buildinglift.com\/lv\/wp-json\/wp\/v2\/media?parent=5902"}],"wp:term":[{"taxonomy":"product_brand","embeddable":true,"href":"https:\/\/www.buildinglift.com\/lv\/wp-json\/wp\/v2\/product_brand?post=5902"},{"taxonomy":"product_cat","embeddable":true,"href":"https:\/\/www.buildinglift.com\/lv\/wp-json\/wp\/v2\/product_cat?post=5902"},{"taxonomy":"product_tag","embeddable":true,"href":"https:\/\/www.buildinglift.com\/lv\/wp-json\/wp\/v2\/product_tag?post=5902"}],"curies":[{"name":"wp","href":"https:\/\/api.w.org\/{rel}","templated":true}]}}