{"id":5889,"date":"2023-10-19T13:13:03","date_gmt":"2023-10-19T13:13:03","guid":{"rendered":"https:\/\/www.buildinglift.com\/?post_type=product&#038;p=5889"},"modified":"2023-12-12T22:32:00","modified_gmt":"2023-12-13T06:32:00","slug":"ar-akumulatoru-darbinams-220-v-mobilais-elektriskais-pasgajejs-hidrauliskais-skerveida-pacelaja-platformas-galds-par-labu-cenu","status":"publish","type":"product","link":"https:\/\/www.buildinglift.com\/lv\/produkts\/ar-akumulatoru-darbinams-220-v-mobilais-elektriskais-pasgajejs-hidrauliskais-skerveida-pacelaja-platformas-galds-par-labu-cenu\/","title":{"rendered":"Ar akumulatoru darbin\u0101ms 220 V mobilais elektriskais pa\u0161g\u0101j\u0113js hidrauliskais \u0161\u0137\u0113rveida pac\u0113l\u0101ja platformas galds par labu cenu"},"content":{"rendered":"<p><strong>Produkta apraksts<\/strong><br \/>\nThe <a href=\"https:\/\/www.buildinglift.com\/product\/battery-powered-220v-mobile-electric-self-propelled-hydraulic-scissor-lift-platform-table-with-good-price\/\">mobil\u0101 \u0161\u0137\u0113rveida pac\u0113l\u0101ja platforma<\/a> pacel\u0161anas augstums ir no 4 m l\u012bdz 18 m, un iekrau\u0161anas svars ir no 300 kg l\u012bdz 500 kg, ar manu\u0101lu, elektrisko, akumulatora un d\u012bze\u013cdegvielas cel\u0161anas re\u017e\u012bmu utt. \u012apa\u0161\u0101m viet\u0101m var izv\u0113l\u0113ties spr\u0101dziendro\u0161u elektrisko ier\u012bci;<\/p>\n<p>No\u0146emamo vad\u012bbas ier\u012bces platformu var uzst\u0101d\u012bt atbilsto\u0161i lietot\u0101ju vajadz\u012bb\u0101m, un tai ir priek\u0161roc\u012bbas, tostarp viegla p\u0101rvieto\u0161ana, liela virsma un liela nestsp\u0113ja, kas \u013cauj vienlaikus darboties vair\u0101k\u0101m person\u0101m, k\u0101 ar\u012b dro\u0161\u012bba un uzticam\u012bba, t\u0101p\u0113c tas ir optim\u0101ls produkts pacel\u0161anas darbiem pa gaisu.<\/p>\n<p><strong>Galven\u0101s iez\u012bmes<\/strong><br \/>\n(1) 4 dro\u0161i un stabili balsti<br \/>\n(2) \u010cetri rite\u0146i, viegli p\u0101rvietojami<br \/>\n(3) <a href=\"https:\/\/www.buildinglift.com\/product-category\/elevator-scissor-lift\/\">Augstas iztur\u012bbas mang\u0101na t\u0113rauda konstrukcija<\/a>, stiprs un iztur\u012bgs<br \/>\n(4) dubult\u0101 vad\u012bbas sist\u0113ma, vad\u012bba no zemes + vad\u012bba no platformas<br \/>\n(5) Liels galds, liela slodze, kas \u013cauj vienlaikus str\u0101d\u0101t vair\u0101k\u0101m person\u0101m.<br \/>\n(6) Jaudai var izv\u0113l\u0113ties mai\u0146str\u0101vas, l\u012bdzstr\u0101vas vai d\u012bze\u013cdzin\u0113ju.<\/p>\n<p><strong>Pieg\u0101des apjoms<\/strong><br \/>\nM\u016bsu uz\u0146\u0113mums pieg\u0101d\u0101 pa\u0161piedzi\u0146as artikul\u0101cijas pac\u0113l\u0101jus ar pacel\u0161anas augstumu: 4-18 m, darba augstumu: no 6 metriem l\u012bdz 20 metriem, kravnes\u012bbu: 500 kg vai 300 kg.<\/p>\n<p><strong>TEHNISKIE DATI<\/strong><br \/>\nMaksim\u0101lais platformas augstums: no 4 metriem l\u012bdz 18 metriem<br \/>\nMaksim\u0101lais darba augstums: no 6 metriem l\u012bdz 20 metriem<br \/>\n3. kravnes\u012bba: 500 kg, 300 kg vai piel\u0101gota.<br \/>\nBaro\u0161anas avots: p\u0101rvietojas ar vilkmi vai elektr\u012bbu, pace\u013c un nolai\u017e ar mai\u0146str\u0101vas, l\u012bdzstr\u0101vas vai d\u012bze\u013cdzin\u0113ju.<br \/>\nKr\u0101sa: zila un pel\u0113ka vai k\u0101 j\u016bsu pras\u012bba<br \/>\nAizsargmarga: 1 m augsta, no\u0146emama, viegli lietojama<br \/>\nHorizont\u0101la platformas pagarin\u0101jums: 0,5 metri (p\u0113c izv\u0113les konfigur\u0101cija)<br \/>\nPak\u0101penisk\u0101 sp\u0113ja: 20%<\/p>\n<p><a href=\"https:\/\/www.buildinglift.com\/wp-content\/uploads\/H11f0cd10b2eb45e5a9352996cf625bd34.jpg\"><img fetchpriority=\"high\" decoding=\"async\" class=\"alignnone size-full wp-image-5895\" src=\"https:\/\/www.buildinglift.com\/wp-content\/uploads\/H11f0cd10b2eb45e5a9352996cf625bd34.jpg\" alt=\"\" width=\"750\" height=\"595\" srcset=\"https:\/\/www.buildinglift.com\/wp-content\/uploads\/H11f0cd10b2eb45e5a9352996cf625bd34.jpg 750w, https:\/\/www.buildinglift.com\/wp-content\/uploads\/H11f0cd10b2eb45e5a9352996cf625bd34-600x476.jpg 600w, https:\/\/www.buildinglift.com\/wp-content\/uploads\/H11f0cd10b2eb45e5a9352996cf625bd34-300x238.jpg 300w, https:\/\/www.buildinglift.com\/wp-content\/uploads\/H11f0cd10b2eb45e5a9352996cf625bd34-15x12.jpg 15w\" sizes=\"(max-width: 750px) 100vw, 750px\" \/><\/a><\/p>","protected":false},"excerpt":{"rendered":"<p>No\u0146emamo vad\u012bbas ier\u012bces platformu var uzst\u0101d\u012bt atbilsto\u0161i lietot\u0101ju vajadz\u012bb\u0101m, un tai ir priek\u0161roc\u012bbas, tostarp viegla p\u0101rvieto\u0161ana, liela virsma un liela nestsp\u0113ja, kas \u013cauj vienlaikus darboties vair\u0101k\u0101m person\u0101m, k\u0101 ar\u012b dro\u0161\u012bba un uzticam\u012bba, t\u0101p\u0113c tas ir optim\u0101ls produkts pacel\u0161anas darbiem pa gaisu.<\/p>","protected":false},"featured_media":5892,"template":"","meta":[],"product_brand":[],"product_cat":[149],"product_tag":[170,171],"class_list":{"0":"post-5889","1":"product","2":"type-product","3":"status-publish","4":"has-post-thumbnail","6":"product_cat-elevator-scissor-lift","7":"product_tag-hydraulic-scissor-lift-platform","8":"product_tag-mobile-electric-self-propelled","10":"first","11":"instock","12":"shipping-taxable","13":"product-type-simple"},"acf":[],"_links":{"self":[{"href":"https:\/\/www.buildinglift.com\/lv\/wp-json\/wp\/v2\/product\/5889","targetHints":{"allow":["GET"]}}],"collection":[{"href":"https:\/\/www.buildinglift.com\/lv\/wp-json\/wp\/v2\/product"}],"about":[{"href":"https:\/\/www.buildinglift.com\/lv\/wp-json\/wp\/v2\/types\/product"}],"version-history":[{"count":0,"href":"https:\/\/www.buildinglift.com\/lv\/wp-json\/wp\/v2\/product\/5889\/revisions"}],"wp:featuredmedia":[{"embeddable":true,"href":"https:\/\/www.buildinglift.com\/lv\/wp-json\/wp\/v2\/media\/5892"}],"wp:attachment":[{"href":"https:\/\/www.buildinglift.com\/lv\/wp-json\/wp\/v2\/media?parent=5889"}],"wp:term":[{"taxonomy":"product_brand","embeddable":true,"href":"https:\/\/www.buildinglift.com\/lv\/wp-json\/wp\/v2\/product_brand?post=5889"},{"taxonomy":"product_cat","embeddable":true,"href":"https:\/\/www.buildinglift.com\/lv\/wp-json\/wp\/v2\/product_cat?post=5889"},{"taxonomy":"product_tag","embeddable":true,"href":"https:\/\/www.buildinglift.com\/lv\/wp-json\/wp\/v2\/product_tag?post=5889"}],"curies":[{"name":"wp","href":"https:\/\/api.w.org\/{rel}","templated":true}]}}