{"id":5882,"date":"2023-10-19T12:44:44","date_gmt":"2023-10-19T12:44:44","guid":{"rendered":"https:\/\/www.buildinglift.com\/?post_type=product&#038;p=5882"},"modified":"2023-12-12T22:30:41","modified_gmt":"2023-12-13T06:30:41","slug":"500-kg-elektriska-stikla-pacelsanas-vakuuma-pacelaja-iekarta-stikla-apstrades-masina","status":"publish","type":"product","link":"https:\/\/www.buildinglift.com\/lv\/produkts\/500-kg-elektriska-stikla-pacelsanas-vakuuma-pacelaja-iekarta-stikla-apstrades-masina\/","title":{"rendered":"500 kg elektrisk\u0101 stikla pacel\u0161anas vakuuma pac\u0113l\u0101ja iek\u0101rta Stikla apstr\u0101des ma\u0161\u012bna"},"content":{"rendered":"<ul>\n<li><strong>Produkta p\u0101rskats<\/strong><br \/>\n<a href=\"https:\/\/www.buildinglift.com\/product\/500kgs-electrical-glass-lifting-vacuum-lifter-equipment-glass-handling-machine\/\">500 kg elektrisk\u0101 stikla pacel\u0161anas vakuuma pac\u0113l\u0101ja iek\u0101rta Stikla apstr\u0101des ma\u0161\u012bna<\/a><br \/>\nVied\u0101s plakan\u0101 stikla apstr\u0101des sist\u0113mas ar vakuuma sist\u0113mu jebkura izm\u0113ra stikla apstr\u0101dei, neboj\u0101jot virsmu.<br \/>\n\u0160o ma\u0161\u012bnu pla\u0161i izmanto smalk\u0101 stikla dzi\u013caj\u0101 apstr\u0101d\u0113, transport\u0113\u0161an\u0101 un stikla aizkaru sienu uzst\u0101d\u012b\u0161an\u0101.<br \/>\n\u012aPA\u0160\u012aBU P\u0100RSKATS<br \/>\n<strong>Funkcijas<\/strong><\/li>\n<li>Izmantots Q345 mang\u0101na t\u0113rauda materi\u0101ls, kvadr\u0101tveida cauru\u013cu metin\u0101\u0161ana, dro\u0161a un uzticama.<\/li>\n<li>Divk\u0101r\u0161a sist\u0113mas vad\u012bba, viena vakuuma sist\u0113ma darbam un otra gaid\u012b\u0161anas re\u017e\u012bmam;<br \/>\nIzmantojiet amerik\u0101\u0146u THOMAS vakuuma s\u016bkni, It\u0101lijas METALROTA smag\u0101 tipa piedzi\u0146as rite\u0146us, \u0160veices BUCHER hidraulisko sp\u0113ka agreg\u0101tu un digit\u0101lo akumulatoru bez apkopes, lai tas var\u0113tu br\u012bvi staig\u0101t bez gaisa avota vai baro\u0161anas avota.<br \/>\nAr 360 gr\u0101du rot\u0101ciju un manu\u0101lu 90 gr\u0101du apgrie\u0161anu, kas \u013cauj operatoram<br \/>\nPrec\u012bzi un maigi pa\u0146emiet plakano stiklu.<br \/>\nAr jap\u0101\u0146u PANASONIC digit\u0101l\u0101 displeja vakuuma spiediena sl\u0113dzi un akumulatora m\u0113r\u012bt\u0101ju,<br \/>\nskaidri uzraudz\u012bt iek\u0101rtas dro\u0161u darb\u012bbu.<br \/>\nApr\u012bkots ar 12 V rezerves akumulatoru. Ja akumulators darb\u012bbas laik\u0101 izl\u0101d\u0113jas, to var<br \/>\nsavlaic\u012bgi nomain\u012bt, lai nodro\u0161in\u0101tu projekta virz\u012bbu.<br \/>\nAutom\u0101tiska vakuuma uzpildes sist\u0113ma nodro\u0161ina, ka visa vakuuma sist\u0113ma uztur<br \/>\nrelat\u012bvi nemain\u012bgs dro\u0161s spiediens, nodro\u0161ina nep\u0101rtrauktu darb\u012bbu ar paredzamu<br \/>\napkope.<br \/>\nVienk\u0101r\u0161a konstrukcijas elementu mont\u0101\u017ea, pateicoties regul\u0113jamajam dizainam, j\u016bs varat main\u012bt katra pies\u016bcek\u0146a poz\u012bciju, katrs pies\u016bceknis ar atsevi\u0161\u0137u vad\u012bbas v\u0101rstu var satur\u0113t da\u017e\u0101da izm\u0113ra stiklu.<\/li>\n<\/ul>","protected":false},"excerpt":{"rendered":"<p>Vied\u0101s plakan\u0101 stikla apstr\u0101des sist\u0113mas ar vakuuma sist\u0113mu jebkura izm\u0113ra stikla apstr\u0101dei, neboj\u0101jot virsmu.<\/p>","protected":false},"featured_media":5885,"template":"","meta":[],"product_brand":[],"product_cat":[146],"product_tag":[169],"class_list":{"0":"post-5882","1":"product","2":"type-product","3":"status-publish","4":"has-post-thumbnail","6":"product_cat-glass-lifting-machine","7":"product_tag-glass-handling-machine","9":"first","10":"instock","11":"shipping-taxable","12":"product-type-simple"},"acf":[],"_links":{"self":[{"href":"https:\/\/www.buildinglift.com\/lv\/wp-json\/wp\/v2\/product\/5882","targetHints":{"allow":["GET"]}}],"collection":[{"href":"https:\/\/www.buildinglift.com\/lv\/wp-json\/wp\/v2\/product"}],"about":[{"href":"https:\/\/www.buildinglift.com\/lv\/wp-json\/wp\/v2\/types\/product"}],"version-history":[{"count":0,"href":"https:\/\/www.buildinglift.com\/lv\/wp-json\/wp\/v2\/product\/5882\/revisions"}],"wp:featuredmedia":[{"embeddable":true,"href":"https:\/\/www.buildinglift.com\/lv\/wp-json\/wp\/v2\/media\/5885"}],"wp:attachment":[{"href":"https:\/\/www.buildinglift.com\/lv\/wp-json\/wp\/v2\/media?parent=5882"}],"wp:term":[{"taxonomy":"product_brand","embeddable":true,"href":"https:\/\/www.buildinglift.com\/lv\/wp-json\/wp\/v2\/product_brand?post=5882"},{"taxonomy":"product_cat","embeddable":true,"href":"https:\/\/www.buildinglift.com\/lv\/wp-json\/wp\/v2\/product_cat?post=5882"},{"taxonomy":"product_tag","embeddable":true,"href":"https:\/\/www.buildinglift.com\/lv\/wp-json\/wp\/v2\/product_tag?post=5882"}],"curies":[{"name":"wp","href":"https:\/\/api.w.org\/{rel}","templated":true}]}}