{"id":5709,"date":"2023-09-22T14:28:00","date_gmt":"2023-09-22T14:28:00","guid":{"rendered":"https:\/\/www.buildinglift.com\/?post_type=product&#038;p=5709"},"modified":"2023-12-12T22:22:21","modified_gmt":"2023-12-13T06:22:21","slug":"logu-mazgasanas-piekarama-darba-platforma","status":"publish","type":"product","link":"https:\/\/www.buildinglift.com\/lv\/produkts\/logu-mazgasanas-piekarama-darba-platforma\/","title":{"rendered":"Logu t\u012br\u012b\u0161anas piekaram\u0101 darba platforma"},"content":{"rendered":"<p>Logu t\u012br\u012b\u0161anas piekaram\u0101 platforma, kas sast\u0101v no darba platformas un piekares sist\u0113mas. To ir viegli salikt un izjaukt, uzst\u0101d\u012bta ar dro\u0161\u012bbas ier\u012bci, t\u0101 ir dro\u0161a darbam augstkaln\u0101.<\/p>\n<p><strong>Produkta inform\u0101cija<br \/>\n<\/strong>\u2013<a href=\"https:\/\/www.buildinglift.com\/product\/window-cleaning-suspended-working-platform\/\"> Darba platformas piederumi<\/a><br \/>\nElektrisk\u0101 vad\u012bbas k\u0101rba: zin\u0101tnisks dizains, \u016bdensiztur\u012bgs un pret sadursm\u0113m iztur\u012bgs<br \/>\nDro\u0161\u012bbas sl\u0113dzene: augstas intensit\u0101tes ner\u016bs\u0113jo\u0161ais t\u0113rauds, kvalific\u0113ts 100%<br \/>\nTrose: diametrs 8,3 mm<br \/>\nKabelis: GB2.0 l\u012bmenis, dab\u012bga, laikapst\u0101k\u013ciem iztur\u012bga gumija<br \/>\nPac\u0113l\u0101js: augstas kvalit\u0101tes, iztur\u012bgs<br \/>\nJ\u016bs varat izv\u0113l\u0113ties no \u010detriem pretsvaru veidiem: \u010duguna l\u0113juma, betona, betona ar t\u0113rauda p\u0101rkl\u0101jumu vai betona ar cinka p\u0101rkl\u0101jumu.<br \/>\n\u2013 Piekares meh\u0101nisms ir piem\u0113rojams da\u017e\u0101diem jumtu veidiem un ir \u0113rts b\u016bvmateri\u0101lu pieg\u0101dei. M\u0113s pied\u0101v\u0101jam ar\u012b parapetu skavu ier\u012bci.<\/p>\n<p>ZLP s\u0113rija, pagaidu piekaram\u0101s piek\u013cuves iek\u0101rta, ir SUCCESS uz\u0146\u0113muma inovat\u012bvs rad\u012bjums. T\u0101s galven\u0101 funkcija ir k\u0101 elektriska k\u0101p\u0161anas tipa dekor\u0113\u0161anas iek\u0101rta, ko galvenok\u0101rt izmanto augstcelt\u0146u un daudzst\u0101vu \u0113ku celtniec\u012bbai, dekor\u0113\u0161anai, t\u012br\u012b\u0161anai un uztur\u0113\u0161anai. T\u0101s daudzpus\u012bba \u013cauj to izmantot ar\u012b cit\u0101s in\u017eeniertehnisk\u0101s darb\u012bb\u0101s, piem\u0113ram, liftu uzst\u0101d\u012b\u0161an\u0101, lielu tvert\u0146u b\u016bvniec\u012bb\u0101, tiltu b\u016bvniec\u012bb\u0101 un dambju darbos.<\/p>\n<p>ZLP s\u0113rija izce\u013cas ar savu izcilo kvalit\u0101ti un profesion\u0101lo apkalpo\u0161anu. L\u012bdz ar reput\u0101cijas un uzticam\u012bbas pieaugumu ir palielin\u0101jusies ar\u012b t\u0101s starptautisk\u0101 ietekme. SUCCESS Company produkti tagad tiek eksport\u0113ti uz vair\u0101k nek\u0101 70 valst\u012bm un re\u0123ioniem, tostarp Singap\u016bru, Krieviju, Apvienotajiem Ar\u0101bu Emir\u0101tiem, \u010c\u012bli un Peru. Uz\u0146\u0113muma ap\u0146em\u0161an\u0101s sasniegt izcil\u012bbu atspogu\u013cojas t\u0101 produktos, kas atbilst Eiropas standartiem un ir sa\u0146\u0113mu\u0161i CE sertifik\u0101tu.<\/p>\n<p>M\u0113s varam projekt\u0113t un izgatavot visu veidu \u012bpa\u0161as piekaram\u0101s platformas, kas piem\u0113rotas jebkuriem apst\u0101k\u013ciem un klientu \u012bpa\u0161o pras\u012bbu izpildei. Piem\u0113ram, L veida vienas personas platforma, le\u0146\u0137isk\u0101 piekaram\u0101 platforma, divst\u0101vu platforma, BMU gondola, vienas personas piekaram\u0101 kr\u0113sla, ap\u013ca piekaram\u0101 platforma, p\u0101rvietojama gala k\u0101ji\u0146a, ZLP350 piekaram\u0101 platforma.<\/p>\n<p>Piekaram\u0101 platforma, kas paz\u012bstama k\u0101 augstkalnu\/augstas piek\u013cuves celtniec\u012bbas tehnika, vis\u0101 pasaul\u0113 tiek atpaz\u012bta ar da\u017e\u0101diem nosaukumiem. Zieme\u013camerik\u0101 to d\u0113v\u0113 par \u0161\u016bpo\u0161an\u0101s platformu, savuk\u0101rt Vjetnam\u0101 t\u0101 ir paz\u012bstama k\u0101 San Treo gondola. Krievij\u0101 to sauc par \u0444\u0430\u0441\u0430\u0434\u043d\u044b\u0445 \u043f\u043e\u0434\u0432\u0435\u0441\u043d\u044b\u0445 \u043f\u043b\u043e\u0449\u0430\u0434\u043e\u043a. Sp\u0101\u0146u valod\u0101 run\u0101jo\u0161\u0101s valst\u012bs, tostarp \u010c\u012bl\u0113, Peru, Kolumbij\u0101, Argent\u012bn\u0101 un Sp\u0101nij\u0101, to d\u0113v\u0113 par andamios colgantes vai plataformas suspensidas.<\/p>\n<p>B\u016bvniec\u012bbas tehnikas pasaul\u0113 SUCCESS Company ZLP s\u0113rija ir izc\u012bn\u012bjusi savu ni\u0161u. T\u0101s daudzpus\u012bba, izcil\u0101 kvalit\u0101te un pla\u0161ais pielietojumu kl\u0101sts padara to par neaizst\u0101jamu instrumentu augstcelt\u0146u un daudzst\u0101vu \u0113ku projektiem. K\u0101 apliecin\u0101jums t\u0101s pan\u0101kumiem, ZLP s\u0113rija ir sasniegusi vair\u0101k nek\u0101 70 valstis un re\u0123ionus, atbilstot Eiropas standartiem un ieg\u016bstot CE sertifik\u0101tu.<\/p>\n<p>Neatkar\u012bgi no t\u0101, vai t\u0101 ir paz\u012bstama k\u0101 \u0161\u016bpoles Zieme\u013camerik\u0101, Santreo gondola Vjetnam\u0101, \u0444\u0430\u0441\u0430\u0434\u043d\u044b\u0445 \u043f\u043e\u0434\u0432\u0435\u0441\u043d\u044b\u0445 \u043f\u043b\u043e\u0449\u0430\u0434\u043e\u043a Krievij\u0101 vai andamios colgantes un <a href=\"https:\/\/www.buildinglift.com\/product\/window-cleaning-suspended-working-platform\/\">aptur\u0113tas platformas<\/a> Sp\u0101\u0146u valod\u0101 run\u0101jo\u0161aj\u0101s valst\u012bs ZLP s\u0113rija tiek atz\u012bta un nov\u0113rt\u0113ta par t\u0101s ieguld\u012bjumu augstkalnu\/augstas piek\u013cuves b\u016bvniec\u012bbas projektos. T\u0101 k\u0101 SUCCESS Company turpina ieviest jaunin\u0101jumus un uzlaboties, ZLP s\u0113rija joproj\u0101m b\u016bs b\u016bvniec\u012bbas nozares pamatelements vis\u0101 pasaul\u0113.<\/p>\n<p><strong>Piekaram\u0101 platformas pac\u0113l\u0101js \u2013 ilgs kalpo\u0161anas laiks.<\/strong><br \/>\n1. L\u0113juma korpuss ir izgatavots no \u012bpa\u0161a alum\u012bnija materi\u0101la, un to apstr\u0101d\u0101 import\u0113ts apstr\u0101des centrs, izmantojot gravit\u0101cijas lie\u0161anas procesu. Produktam ir laba precizit\u0101te un iztur\u012bba. L\u0113jumi ir iztur\u012bg\u0101ki pret kritieniem nek\u0101 spiedl\u0113jumi un ir maz\u0101k pak\u013cauti plais\u0101\u0161anai.<br \/>\n2. Piedzi\u0146as diska materi\u0101ls ir 40Cr, svars 5,4 kg, p\u0113c r\u016bd\u012b\u0161anas un virsmas nitrid\u0113\u0161anas apstr\u0101des tas ir iztur\u012bg\u0101ks pret nodilumu un ilgm\u016b\u017e\u012bg\u0101ks.<br \/>\n3. T\u0101rpu ritenis ir izgatavots no alvas-fosfora bronzas 9-4 vara, 0,94 kg, ar labu iztur\u012bbu un nodilumiztur\u012bbu. T\u0101rpa un zobrata v\u0101rpstas materi\u0101ls ir 38CrMoA1, no kura t\u0101rps sver 0,48 kg, ar labu iztur\u012bbu un nodilumiztur\u012bbu.<br \/>\n4. Virves vadotne ir izgatavota no \u012bpa\u0161a nodilumiztur\u012bga ner\u016bs\u0113jo\u0161\u0101 t\u0113rauda materi\u0101la, kas nav viegli boj\u0101jams un neiespr\u016bd\u012bs. Boj\u0101jumu izmaksas ir \u0101rk\u0101rt\u012bgi zemas un parasti nav j\u0101nomaina.<\/p>","protected":false},"excerpt":{"rendered":"<p><strong>Mode\u013ca Nr.<\/strong>.: ZLP630<br \/>\n<strong>Materi\u0101ls<\/strong>Alum\u012bnija sakaus\u0113jums vai t\u0113rauds<br \/>\n<strong>Nomin\u0101l\u0101 slodze<\/strong>630 kg<br \/>\n<strong>Pacel\u0161anas augstums<\/strong>100\u00a0m vai 150\u00a0m<br \/>\n<strong>Pacel\u0161anas \u0101trums<\/strong>9,6 m\/min<br \/>\n<strong>Izm\u0113ri (G*P*A)<\/strong>Izm\u0113rs: (2000 mm * 3) * 690 mm * 1300 mm<br \/>\n<strong>Ra\u017eo\u0161anas kvalifik\u0101cija<\/strong><br \/>\nM\u0113s esam nok\u0101rtoju\u0161i ISO9001: 2008, CE un EAC sertifik\u0101tus.<\/p>","protected":false},"featured_media":5712,"template":"","meta":[],"product_brand":[],"product_cat":[147],"product_tag":[],"class_list":{"0":"post-5709","1":"product","2":"type-product","3":"status-publish","4":"has-post-thumbnail","6":"product_cat-suspended-platform","8":"first","9":"instock","10":"shipping-taxable","11":"product-type-simple"},"acf":[],"_links":{"self":[{"href":"https:\/\/www.buildinglift.com\/lv\/wp-json\/wp\/v2\/product\/5709","targetHints":{"allow":["GET"]}}],"collection":[{"href":"https:\/\/www.buildinglift.com\/lv\/wp-json\/wp\/v2\/product"}],"about":[{"href":"https:\/\/www.buildinglift.com\/lv\/wp-json\/wp\/v2\/types\/product"}],"version-history":[{"count":0,"href":"https:\/\/www.buildinglift.com\/lv\/wp-json\/wp\/v2\/product\/5709\/revisions"}],"wp:featuredmedia":[{"embeddable":true,"href":"https:\/\/www.buildinglift.com\/lv\/wp-json\/wp\/v2\/media\/5712"}],"wp:attachment":[{"href":"https:\/\/www.buildinglift.com\/lv\/wp-json\/wp\/v2\/media?parent=5709"}],"wp:term":[{"taxonomy":"product_brand","embeddable":true,"href":"https:\/\/www.buildinglift.com\/lv\/wp-json\/wp\/v2\/product_brand?post=5709"},{"taxonomy":"product_cat","embeddable":true,"href":"https:\/\/www.buildinglift.com\/lv\/wp-json\/wp\/v2\/product_cat?post=5709"},{"taxonomy":"product_tag","embeddable":true,"href":"https:\/\/www.buildinglift.com\/lv\/wp-json\/wp\/v2\/product_tag?post=5709"}],"curies":[{"name":"wp","href":"https:\/\/api.w.org\/{rel}","templated":true}]}}