{"id":5703,"date":"2023-09-22T14:20:30","date_gmt":"2023-09-22T14:20:30","guid":{"rendered":"https:\/\/www.buildinglift.com\/?post_type=product&#038;p=5703"},"modified":"2023-12-12T22:20:51","modified_gmt":"2023-12-13T06:20:51","slug":"arejo-logu-tirisanas-piekarta-platforma-pec-pasutijuma-izgatavota-vertikala-pasutijuma-piekarta-platforma","status":"publish","type":"product","link":"https:\/\/www.buildinglift.com\/lv\/produkts\/arejo-logu-tirisanas-piekarta-platforma-pec-pasutijuma-izgatavota-vertikala-pasutijuma-piekarta-platforma\/","title":{"rendered":"\u0100r\u0113jo logu t\u012br\u012b\u0161anas piekaram\u0101 platforma, izgatavota p\u0113c pas\u016bt\u012bjuma vertik\u0101li\/piel\u0101gota piekaram\u0101 platforma"},"content":{"rendered":"<p>M\u0113s varam projekt\u0113t un izgatavot visu veidu \u012bpa\u0161as piekaram\u0101s platformas, kas piem\u0113rotas jebkuriem apst\u0101k\u013ciem un klientu \u012bpa\u0161o pras\u012bbu izpildei. Piem\u0113ram, L veida vienas personas platforma, le\u0146\u0137isk\u0101 piekaram\u0101 platforma, divst\u0101vu platforma, BMU gondola, vienas personas piekaram\u0101 kr\u0113sla, ap\u013ca piekaram\u0101 platforma, p\u0101rvietojama gala k\u0101ji\u0146a, ZLP350 piekaram\u0101 platforma.<\/p>\n<p><strong>Produkta funkcija un pielietojums<\/strong><br \/>\n\u2013 High quality with competitive price<br \/>\n\u2013 Easy to assemble<br \/>\n\u2013 Smoothly control<br \/>\n\u2013 The working height can be adjusted<br \/>\n\u2013 The voltage can be adjusted<br \/>\n\u2013 Durable and safe<\/p>\n<p>ZLP s\u0113rija izce\u013cas ar savu izcilo kvalit\u0101ti un profesion\u0101lo apkalpo\u0161anu. L\u012bdz ar reput\u0101cijas un uzticam\u012bbas pieaugumu ir palielin\u0101jusies ar\u012b t\u0101s starptautisk\u0101 ietekme. SUCCESS Company produkti tagad tiek eksport\u0113ti uz vair\u0101k nek\u0101 70 valst\u012bm un re\u0123ioniem, tostarp Singap\u016bru, Krieviju, Apvienotajiem Ar\u0101bu Emir\u0101tiem, \u010c\u012bli un Peru. Uz\u0146\u0113muma ap\u0146em\u0161an\u0101s sasniegt izcil\u012bbu atspogu\u013cojas t\u0101 produktos, kas atbilst Eiropas standartiem un ir sa\u0146\u0113mu\u0161i CE sertifik\u0101tu.<\/p>\n<p>M\u0113s varam projekt\u0113t un izgatavot visu veidu \u012bpa\u0161as piekaram\u0101s platformas, kas piem\u0113rotas jebkuriem apst\u0101k\u013ciem un klientu \u012bpa\u0161o pras\u012bbu izpildei. Piem\u0113ram, L veida vienas personas platforma, le\u0146\u0137isk\u0101 piekaram\u0101 platforma, divst\u0101vu platforma, BMU gondola, vienas personas piekaram\u0101 kr\u0113sla, ap\u013ca piekaram\u0101 platforma, p\u0101rvietojama gala k\u0101ji\u0146a, ZLP350 piekaram\u0101 platforma.<\/p>\n<p><strong><a href=\"https:\/\/www.buildinglift.com\/product\/exterior-window-cleaning-hanging-platform-custom-made-vertical-custom-suspended-platform\/\">Piekarin\u0101ma platforma<\/a> Hoist&#8211;Long Lasting Lifetime<\/strong><br \/>\n1. L\u0113juma korpuss ir izgatavots no \u012bpa\u0161a alum\u012bnija materi\u0101la, un to apstr\u0101d\u0101 import\u0113ts apstr\u0101des centrs, izmantojot gravit\u0101cijas lie\u0161anas procesu. Produktam ir laba precizit\u0101te un iztur\u012bba. L\u0113jumi ir iztur\u012bg\u0101ki pret kritieniem nek\u0101 spiedl\u0113jumi un ir maz\u0101k pak\u013cauti plais\u0101\u0161anai.<br \/>\n2. Piedzi\u0146as diska materi\u0101ls ir 40Cr, svars 5,4 kg, p\u0113c r\u016bd\u012b\u0161anas un virsmas nitrid\u0113\u0161anas apstr\u0101des tas ir iztur\u012bg\u0101ks pret nodilumu un ilgm\u016b\u017e\u012bg\u0101ks.<br \/>\n3. T\u0101rpu ritenis ir izgatavots no alvas-fosfora bronzas 9-4 vara, 0,94 kg, ar labu iztur\u012bbu un nodilumiztur\u012bbu. T\u0101rpa un zobrata v\u0101rpstas materi\u0101ls ir 38CrMoA1, no kura t\u0101rps sver 0,48 kg, ar labu iztur\u012bbu un nodilumiztur\u012bbu.<br \/>\n4. Virves vadotne ir izgatavota no \u012bpa\u0161a nodilumiztur\u012bga ner\u016bs\u0113jo\u0161\u0101 t\u0113rauda materi\u0101la, kas nav viegli boj\u0101jams un neiespr\u016bd\u012bs. Boj\u0101jumu izmaksas ir \u0101rk\u0101rt\u012bgi zemas un parasti nav j\u0101nomaina.<\/p>","protected":false},"excerpt":{"rendered":"<p><strong>Mode\u013ca Nr.<\/strong>: ZLP1000 ZLP800 ZLP630 ZLP500<br \/>\n<strong>Materi\u0101ls<\/strong>: steel or aluminum alloy\uff08recommend\uff09<br \/>\n<strong>Nomin\u0101l\u0101 slodze<\/strong>: 1000KG 800KG 600KG\u2026<br \/>\n<strong>Pacel\u0161anas augstums<\/strong>: 100M to 150M<br \/>\n<strong>Pacel\u0161anas \u0101trums<\/strong>: 9-11m\/min<br \/>\n<strong>Ra\u017eo\u0161anas kvalifik\u0101cija<\/strong><br \/>\nM\u0113s esam nok\u0101rtoju\u0161i ISO9001: 2008, CE un EAC sertifik\u0101tus.<\/p>","protected":false},"featured_media":5708,"template":"","meta":[],"product_brand":[],"product_cat":[147],"product_tag":[155,154],"class_list":{"0":"post-5703","1":"product","2":"type-product","3":"status-publish","4":"has-post-thumbnail","6":"product_cat-suspended-platform","7":"product_tag-custom-suspended-platform","8":"product_tag-exterior-window-cleaning-hanging-platform-custom-made-vertical","10":"first","11":"instock","12":"shipping-taxable","13":"product-type-simple"},"acf":[],"_links":{"self":[{"href":"https:\/\/www.buildinglift.com\/lv\/wp-json\/wp\/v2\/product\/5703","targetHints":{"allow":["GET"]}}],"collection":[{"href":"https:\/\/www.buildinglift.com\/lv\/wp-json\/wp\/v2\/product"}],"about":[{"href":"https:\/\/www.buildinglift.com\/lv\/wp-json\/wp\/v2\/types\/product"}],"version-history":[{"count":0,"href":"https:\/\/www.buildinglift.com\/lv\/wp-json\/wp\/v2\/product\/5703\/revisions"}],"wp:featuredmedia":[{"embeddable":true,"href":"https:\/\/www.buildinglift.com\/lv\/wp-json\/wp\/v2\/media\/5708"}],"wp:attachment":[{"href":"https:\/\/www.buildinglift.com\/lv\/wp-json\/wp\/v2\/media?parent=5703"}],"wp:term":[{"taxonomy":"product_brand","embeddable":true,"href":"https:\/\/www.buildinglift.com\/lv\/wp-json\/wp\/v2\/product_brand?post=5703"},{"taxonomy":"product_cat","embeddable":true,"href":"https:\/\/www.buildinglift.com\/lv\/wp-json\/wp\/v2\/product_cat?post=5703"},{"taxonomy":"product_tag","embeddable":true,"href":"https:\/\/www.buildinglift.com\/lv\/wp-json\/wp\/v2\/product_tag?post=5703"}],"curies":[{"name":"wp","href":"https:\/\/api.w.org\/{rel}","templated":true}]}}