{"id":5695,"date":"2023-09-22T14:04:59","date_gmt":"2023-09-22T14:04:59","guid":{"rendered":"https:\/\/www.buildinglift.com\/?post_type=product&#038;p=5695"},"modified":"2023-12-12T22:19:40","modified_gmt":"2023-12-13T06:19:40","slug":"temporary-suspended-platforms-tsp","status":"publish","type":"product","link":"https:\/\/www.buildinglift.com\/lv\/produkts\/temporary-suspended-platforms-tsp\/","title":{"rendered":"Pagaidu piekaram\u0101s platformas (TSP)"},"content":{"rendered":"<p>A suspended platform incorporates a steel or aluminum platform that can be raised or lowered when in use. Other frequently used terms are \u2018suspended cradle\u2019 and \u2018swing stage platform. They can be assembled from scaffolding. The <a href=\"https:\/\/www.buildinglift.com\/product-category\/suspended-platform\/\">piekarin\u0101ma platforma<\/a> is an efficient modern overhead operation equipment that can replace traditional scaffolding and reuse. General suspended platform hoist can be divided into manual and electric hoist.<\/p>\n<p><strong>Produkta iez\u012bme<\/strong><br \/>\n\u2013 High quality product: variety types for selection, prompt delivery<br \/>\n\u2013 Strict quality management system<br \/>\n\u2013 Easy to install<br \/>\n\u2013 Smooth operating without noise<br \/>\n\u2013 Professional service<br \/>\nIn general, the goods is shipping by sea, the delivery time is about 10-15 days, customized platform will be delivered as the negotiation with our clients. All after-sale request will be responded in 24 hours.<\/p>\n<p>ZLP s\u0113rija, pagaidu piekaram\u0101s piek\u013cuves iek\u0101rta, ir SUCCESS uz\u0146\u0113muma inovat\u012bvs rad\u012bjums. T\u0101s galven\u0101 funkcija ir k\u0101 elektriska k\u0101p\u0161anas tipa dekor\u0113\u0161anas iek\u0101rta, ko galvenok\u0101rt izmanto augstcelt\u0146u un daudzst\u0101vu \u0113ku celtniec\u012bbai, dekor\u0113\u0161anai, t\u012br\u012b\u0161anai un uztur\u0113\u0161anai. T\u0101s daudzpus\u012bba \u013cauj to izmantot ar\u012b cit\u0101s in\u017eeniertehnisk\u0101s darb\u012bb\u0101s, piem\u0113ram, liftu uzst\u0101d\u012b\u0161an\u0101, lielu tvert\u0146u b\u016bvniec\u012bb\u0101, tiltu b\u016bvniec\u012bb\u0101 un dambju darbos.<\/p>\n<p>ZLP s\u0113rija izce\u013cas ar savu izcilo kvalit\u0101ti un profesion\u0101lo apkalpo\u0161anu. L\u012bdz ar reput\u0101cijas un uzticam\u012bbas pieaugumu ir palielin\u0101jusies ar\u012b t\u0101s starptautisk\u0101 ietekme. SUCCESS Company produkti tagad tiek eksport\u0113ti uz vair\u0101k nek\u0101 70 valst\u012bm un re\u0123ioniem, tostarp Singap\u016bru, Krieviju, Apvienotajiem Ar\u0101bu Emir\u0101tiem, \u010c\u012bli un Peru. Uz\u0146\u0113muma ap\u0146em\u0161an\u0101s sasniegt izcil\u012bbu atspogu\u013cojas t\u0101 produktos, kas atbilst Eiropas standartiem un ir sa\u0146\u0113mu\u0161i CE sertifik\u0101tu.<\/p>\n<p>We can design and make all kinds of special suspended platform to suit for any conditions and to meet special requirements proposed by the customers. Such as L leg single person platform, angled suspended platform, double deck platform, BMU gondola, single person suspended chair, circle suspended platform, movable end stirrup, <a href=\"https:\/\/www.buildinglift.com\/product\/temporary-suspended-platforms-tsp\/\">ZLP350 suspended platform<\/a>.<\/p>\n<p>Piekaram\u0101 platforma, kas paz\u012bstama k\u0101 augstkalnu\/augstas piek\u013cuves celtniec\u012bbas tehnika, vis\u0101 pasaul\u0113 tiek atpaz\u012bta ar da\u017e\u0101diem nosaukumiem. Zieme\u013camerik\u0101 to d\u0113v\u0113 par \u0161\u016bpo\u0161an\u0101s platformu, savuk\u0101rt Vjetnam\u0101 t\u0101 ir paz\u012bstama k\u0101 San Treo gondola. Krievij\u0101 to sauc par \u0444\u0430\u0441\u0430\u0434\u043d\u044b\u0445 \u043f\u043e\u0434\u0432\u0435\u0441\u043d\u044b\u0445 \u043f\u043b\u043e\u0449\u0430\u0434\u043e\u043a. Sp\u0101\u0146u valod\u0101 run\u0101jo\u0161\u0101s valst\u012bs, tostarp \u010c\u012bl\u0113, Peru, Kolumbij\u0101, Argent\u012bn\u0101 un Sp\u0101nij\u0101, to d\u0113v\u0113 par andamios colgantes vai plataformas suspensidas.<\/p>\n<p>B\u016bvniec\u012bbas tehnikas pasaul\u0113 SUCCESS Company ZLP s\u0113rija ir izc\u012bn\u012bjusi savu ni\u0161u. T\u0101s daudzpus\u012bba, izcil\u0101 kvalit\u0101te un pla\u0161ais pielietojumu kl\u0101sts padara to par neaizst\u0101jamu instrumentu augstcelt\u0146u un daudzst\u0101vu \u0113ku projektiem. K\u0101 apliecin\u0101jums t\u0101s pan\u0101kumiem, ZLP s\u0113rija ir sasniegusi vair\u0101k nek\u0101 70 valstis un re\u0123ionus, atbilstot Eiropas standartiem un ieg\u016bstot CE sertifik\u0101tu.<\/p>\n<p>Neatkar\u012bgi no t\u0101, vai Zieme\u013camerik\u0101 t\u0101 ir paz\u012bstama k\u0101 \u0161\u016bpo\u013cu skatuve, Vjetnam\u0101 k\u0101 San Treo gondola, Krievij\u0101 k\u0101 \u201c\u0444\u0430\u0441\u0430\u0434\u043d\u044b\u0445 \u043f\u043e\u0434\u0432\u0435\u0441\u043d\u044b\u0445 \u043f\u043b\u043e\u0449\u0430\u0434\u043e\u043a\u201d vai sp\u0101\u0146u valod\u0101 run\u0101jo\u0161aj\u0101s valst\u012bs k\u0101 \u201candamios colgantes\u201d un \u201cplataformas suspendidas\u201d, ZLP s\u0113rija ir atz\u012bta un nov\u0113rt\u0113ta par savu ieguld\u012bjumu augstkalnu\/augstas piek\u013cuves b\u016bvniec\u012bbas projektos. T\u0101 k\u0101 SUCCESS Company turpina ieviest jaunin\u0101jumus un pilnveidoties, ZLP s\u0113rija joproj\u0101m b\u016bs neat\u0146emama b\u016bvniec\u012bbas nozares sast\u0101vda\u013ca vis\u0101 pasaul\u0113.<\/p>\n<p><strong>To ensure safe operation without danger to personnel, the platform is fitted with the following safety devices:<\/strong><br \/>\n1. Service brake incorporated in the LTD hoist.<br \/>\n2. Two fall arrest devices acting on the safety wire ropes.<br \/>\n3. Two upper limit switches.<br \/>\n4. No power descent in case of power failure.<br \/>\n5. Emergency stop.<\/p>","protected":false},"excerpt":{"rendered":"<p><strong>Mode\u013ca Nr.<\/strong>: ZLP500,ZLP630, ZLP800, ZLP1000<br \/>\n<strong>Materi\u0101ls<\/strong>: Steel painted, galvanized or aluminum alloy<br \/>\n<strong>Nomin\u0101l\u0101 slodze<\/strong>: 630KG,800KG,1000KG<br \/>\n<strong>Izm\u0113ri (G*P*A)<\/strong>:(2000mm*3)*690mm*1300mm (2500mm*3)*690mm*1300mm<br \/>\n<strong>Pacel\u0161anas \u0101trums<\/strong>9,6 m\/min<br \/>\n<strong>Ra\u017eo\u0161anas kvalifik\u0101cija<\/strong><br \/>\nM\u0113s esam nok\u0101rtoju\u0161i ISO9001: 2008, CE un EAC sertifik\u0101tus.<\/p>","protected":false},"featured_media":5699,"template":"","meta":[],"product_brand":[],"product_cat":[147],"product_tag":[153],"class_list":{"0":"post-5695","1":"product","2":"type-product","3":"status-publish","4":"has-post-thumbnail","6":"product_cat-suspended-platform","7":"product_tag-temporary-suspended-platforms","9":"first","10":"instock","11":"shipping-taxable","12":"product-type-simple"},"acf":[],"_links":{"self":[{"href":"https:\/\/www.buildinglift.com\/lv\/wp-json\/wp\/v2\/product\/5695","targetHints":{"allow":["GET"]}}],"collection":[{"href":"https:\/\/www.buildinglift.com\/lv\/wp-json\/wp\/v2\/product"}],"about":[{"href":"https:\/\/www.buildinglift.com\/lv\/wp-json\/wp\/v2\/types\/product"}],"version-history":[{"count":0,"href":"https:\/\/www.buildinglift.com\/lv\/wp-json\/wp\/v2\/product\/5695\/revisions"}],"wp:featuredmedia":[{"embeddable":true,"href":"https:\/\/www.buildinglift.com\/lv\/wp-json\/wp\/v2\/media\/5699"}],"wp:attachment":[{"href":"https:\/\/www.buildinglift.com\/lv\/wp-json\/wp\/v2\/media?parent=5695"}],"wp:term":[{"taxonomy":"product_brand","embeddable":true,"href":"https:\/\/www.buildinglift.com\/lv\/wp-json\/wp\/v2\/product_brand?post=5695"},{"taxonomy":"product_cat","embeddable":true,"href":"https:\/\/www.buildinglift.com\/lv\/wp-json\/wp\/v2\/product_cat?post=5695"},{"taxonomy":"product_tag","embeddable":true,"href":"https:\/\/www.buildinglift.com\/lv\/wp-json\/wp\/v2\/product_tag?post=5695"}],"curies":[{"name":"wp","href":"https:\/\/api.w.org\/{rel}","templated":true}]}}