{"id":719,"date":"2018-09-20T09:27:06","date_gmt":"2018-09-20T09:27:06","guid":{"rendered":"http:\/\/www.buildinglift.com\/?page_id=719"},"modified":"2023-12-12T21:45:38","modified_gmt":"2023-12-13T05:45:38","slug":"risinajumi","status":"publish","type":"page","link":"https:\/\/www.buildinglift.com\/lv\/risinajumi\/","title":{"rendered":"Risin\u0101jumi"},"content":{"rendered":"<div data-elementor-type=\"wp-page\" data-elementor-id=\"719\" class=\"elementor elementor-719\">\n\t\t\t\t<div class=\"elementor-element elementor-element-7c38788 e-flex e-con-boxed e-con e-parent\" data-id=\"7c38788\" data-element_type=\"container\" data-e-type=\"container\">\n\t\t\t\t\t<div class=\"e-con-inner\">\n\t\t\t\t<div class=\"elementor-element elementor-element-25e5e0c elementor-widget elementor-widget-text-editor\" data-id=\"25e5e0c\" data-element_type=\"widget\" data-e-type=\"widget\" data-widget_type=\"text-editor.default\">\n\t\t\t\t<div class=\"elementor-widget-container\">\n\t\t\t\t\t\t\t\t\t<p><span style=\"color: #000000;\">Piekaramo platformu sist\u0113mas nodro\u0161ina \u012bslaic\u012bgu piek\u013cuvi augstumiem \u2014 \u0113ku apkopes vajadz\u012bb\u0101m, b\u016bvlaukumos vai r\u016bpniecisk\u0101 vid\u0113. M\u016bsu produkts pied\u0101v\u0101 modul\u0101ras piekaramo platformu sist\u0113mas, kuras ir neticami viegli salikt.<\/span><\/p>\t\t\t\t\t\t\t\t<\/div>\n\t\t\t\t<\/div>\n\t\t\t\t<div class=\"elementor-element elementor-element-3b30830 elementor-widget elementor-widget-image\" data-id=\"3b30830\" data-element_type=\"widget\" data-e-type=\"widget\" data-widget_type=\"image.default\">\n\t\t\t\t<div class=\"elementor-widget-container\">\n\t\t\t\t\t\t\t\t\t\t\t\t\t\t\t<img fetchpriority=\"high\" decoding=\"async\" width=\"580\" height=\"348\" src=\"https:\/\/www.buildinglift.com\/wp-content\/uploads\/Solutions.jpg\" class=\"attachment-large size-large wp-image-1149\" alt=\"Risin\u0101jumi\" srcset=\"https:\/\/www.buildinglift.com\/wp-content\/uploads\/Solutions.jpg 625w, https:\/\/www.buildinglift.com\/wp-content\/uploads\/Solutions-600x360.jpg 600w, https:\/\/www.buildinglift.com\/wp-content\/uploads\/Solutions-300x180.jpg 300w, https:\/\/www.buildinglift.com\/wp-content\/uploads\/Solutions-240x145.jpg 240w\" sizes=\"(max-width: 580px) 100vw, 580px\" \/>\t\t\t\t\t\t\t\t\t\t\t\t\t\t\t<\/div>\n\t\t\t\t<\/div>\n\t\t\t\t\t<\/div>\n\t\t\t\t<\/div>\n\t\t\t\t<\/div>","protected":false},"excerpt":{"rendered":"<p>Piekaramo platformu sist\u0113mas nodro\u0161ina \u012bslaic\u012bgu piek\u013cuvi augstumiem \u2014 \u0113ku apkopes vajadz\u012bb\u0101m, b\u016bvlaukumos vai r\u016bpniecisk\u0101 vid\u0113. M\u016bsu produkts pied\u0101v\u0101 modul\u0101ras piekaramo platformu sist\u0113mas, kuras ir neticami viegli salikt.<\/p>","protected":false},"author":1,"featured_media":0,"parent":0,"menu_order":0,"comment_status":"closed","ping_status":"closed","template":"","meta":{"footnotes":""},"class_list":["post-719","page","type-page","status-publish","hentry"],"acf":[],"_links":{"self":[{"href":"https:\/\/www.buildinglift.com\/lv\/wp-json\/wp\/v2\/pages\/719","targetHints":{"allow":["GET"]}}],"collection":[{"href":"https:\/\/www.buildinglift.com\/lv\/wp-json\/wp\/v2\/pages"}],"about":[{"href":"https:\/\/www.buildinglift.com\/lv\/wp-json\/wp\/v2\/types\/page"}],"author":[{"embeddable":true,"href":"https:\/\/www.buildinglift.com\/lv\/wp-json\/wp\/v2\/users\/1"}],"replies":[{"embeddable":true,"href":"https:\/\/www.buildinglift.com\/lv\/wp-json\/wp\/v2\/comments?post=719"}],"version-history":[{"count":0,"href":"https:\/\/www.buildinglift.com\/lv\/wp-json\/wp\/v2\/pages\/719\/revisions"}],"wp:attachment":[{"href":"https:\/\/www.buildinglift.com\/lv\/wp-json\/wp\/v2\/media?parent=719"}],"curies":[{"name":"wp","href":"https:\/\/api.w.org\/{rel}","templated":true}]}}