{"id":1402,"date":"2023-02-09T11:05:42","date_gmt":"2023-02-09T11:05:42","guid":{"rendered":"https:\/\/www.buildinglift.com\/?page_id=1402"},"modified":"2023-12-12T21:37:18","modified_gmt":"2023-12-13T05:37:18","slug":"produkta-lietosanas-drosiba","status":"publish","type":"page","link":"https:\/\/www.buildinglift.com\/lv\/produkta-lietosanas-drosiba\/","title":{"rendered":"Produkta lieto\u0161anas dro\u0161\u012bba"},"content":{"rendered":"<div data-elementor-type=\"wp-page\" data-elementor-id=\"1402\" class=\"elementor elementor-1402\">\n\t\t\t\t<div class=\"elementor-element elementor-element-f26b11c e-flex e-con-boxed e-con e-parent\" data-id=\"f26b11c\" data-element_type=\"container\" data-e-type=\"container\">\n\t\t\t\t\t<div class=\"e-con-inner\">\n\t\t\t\t<div class=\"elementor-element elementor-element-1051740 elementor-widget elementor-widget-text-editor\" data-id=\"1051740\" data-element_type=\"widget\" data-e-type=\"widget\" data-widget_type=\"text-editor.default\">\n\t\t\t\t<div class=\"elementor-widget-container\">\n\t\t\t\t\t\t\t\t\t<p><span style=\"color: #000000;\"><strong>Neatliekam\u0101 medic\u012bnisk\u0101 pal\u012bdz\u012bba b\u016bvniec\u012bbas laik\u0101<\/strong><\/span><br \/><span style=\"color: #000000;\"><strong>B\u016bvniec\u012bbas laik\u0101, ja rodas \u0161\u0101di \u012bpa\u0161i apst\u0101k\u013ci, jums j\u0101saglab\u0101 miers un j\u0101veic atbilsto\u0161i \u0101rk\u0101rtas pas\u0101kumi.<\/strong><\/span><\/p><p><span style=\"color: #000000;\"><strong>P\u0113k\u0161\u0146a elektroener\u0123ijas padeves p\u0101rtraukums b\u016bvniec\u012bbas laik\u0101<\/strong><\/span><br \/><span style=\"color: #000000;\">Ja b\u016bvniec\u012bbas laik\u0101 p\u0113k\u0161\u0146i paz\u016bd str\u0101vas padeve, nekav\u0113joties j\u0101izsl\u0113dz elektr\u012bbas kastes str\u0101vas sl\u0113dzis, lai nov\u0113rstu negad\u012bjumus str\u0101vas p\u0101rvades laik\u0101. P\u0113c zvana pazi\u0146ojuma sa\u0146em\u0161anas str\u0101vas sl\u0113dzis tiek iesl\u0113gts, un darbs tiek uzs\u0101kts p\u0113c tam, kad p\u0101rbaude ir norm\u0101la.<\/span><br \/><span style=\"color: #000000;\">Ja p\u0113c str\u0101vas padeves p\u0101rtraukuma j\u0101atgrie\u017eas uz zemes, paceliet pac\u0113l\u0101ja manu\u0101lo lejupv\u0113rsto rokturi abos galos, lai piekares platforma var\u0113tu br\u012bvi sl\u012bd\u0113t uz <strong>zeme.<\/strong><\/span><br \/><span style=\"color: #000000;\"><strong>Pacel\u0161anas un nolai\u0161anas procesa laik\u0101 piekares platformu nevar aptur\u0113t p\u0113c pogas atlai\u0161anas.<\/strong><\/span><br \/><span style=\"color: #000000;\">Ja pacel\u0161anas un nolai\u0161anas laik\u0101 piekares platformu nevar aptur\u0113t p\u0113c pogas atlai\u0161anas, nekav\u0113joties nospiediet sarkano av\u0101rijas sl\u0113dzi uz elektr\u012bbas k\u0101rbas durv\u012bm, lai steidzami aptur\u0113tu piekares platformu. P\u0113c tam izsl\u0113dziet elektr\u012bbas k\u0101rbas baro\u0161anas sl\u0113dzi, p\u0101rbaudiet kontaktora kontakta st\u0101vokli, not\u012briet kontaktora virsmu no taukiem un, kad kontaktors var ats\u0101kt norm\u0101lu darb\u012bbu, aizveriet baro\u0161anas sl\u0113dzi un, manu\u0101li nolai\u017eot, nolaidiet piekares platformu uz zemes apkopes veik\u0161anai.<\/span><br \/><span style=\"color: #000000;\"><strong>piekares platformai j\u0101b\u016bt horizont\u0101li sl\u012bpai un autom\u0101tiski j\u0101fiks\u0113 virve<\/strong><\/span><br \/><span style=\"color: #000000;\">Kad piekares platforma sl\u012bd uz leju aug\u0161upejo\u0161\u0101 un lejupejo\u0161\u0101 kust\u012bbas laik\u0101 vai viens gals sl\u012bd zin\u0101m\u0101 m\u0113r\u0101, dro\u0161\u012bbas blo\u0137\u0113jums autom\u0101tiski blo\u0137\u0113 virvi. \u0160aj\u0101 br\u012bd\u012b nekav\u0113joties apst\u0101jieties, p\u0113c tam pagrieziet elektrisk\u0101s kastes p\u0101rsl\u0113g\u0161anas sl\u0113dzi uz platformas apak\u0161\u0113jo galu un p\u0113c tam nospiediet aug\u0161upv\u0113rsto pogu. Piekares platformas apak\u0161\u0113jais gals tiek pacelts atkop\u0161anas horizont\u0101l\u0101 st\u0101vokl\u012b. P\u0113c tam, kad dro\u0161\u012bbas blo\u0137\u0113jums autom\u0101tiski atjauno atblo\u0137\u0113\u0161anas st\u0101vokli, piekares platforma tiek nolaista uz zemes, un tiek p\u0101rbaud\u012btas un noregul\u0113tas elektromagn\u0113tisko brem\u017eu spraugas abos galos, lai t\u0101s atbilstu pras\u012bb\u0101m; vai tiek p\u0101rbaud\u012bta grie\u0161an\u0101s \u0101truma at\u0161\u0137ir\u012bba starp abiem galiem, ja at\u0161\u0137ir\u012bba ir ac\u012bmredzama, t\u0101 j\u0101nomaina ar motoru.<\/span><br \/><span style=\"color: #000000;\"><strong>paceliet ma\u0161\u012bnas kartes stiep\u013cu trosi<\/strong><\/span><br \/><span style=\"color: #000000;\">Darba trose ir iespr\u016bdusi pac\u0113l\u0101j\u0101 va\u013c\u012bgu pavedienu, loc\u012bjumu vai pacel\u0161anas ma\u0161\u012bnas deta\u013cu d\u0113\u013c. B\u016bvniec\u012bbas person\u0101ls no piekares platformas tiek evaku\u0113ts, vienlaikus nodro\u0161inot dro\u0161\u012bbu, un profesion\u0101li apm\u0101c\u012bts apkopes person\u0101ls tiek nos\u016bt\u012bts uz piekares platformu apkopei. Vispirms dro\u0161\u012bbas trose tiek uzt\u012bta uz pacel\u0161anas r\u0101mja abiem galiem, un dro\u0161\u012bbas troses abi gali tiek piestiprin\u0101ti ar virves spr\u0101dzi. P\u0113c tam abos galos atbr\u012bvojiet dro\u0161\u012bbas sl\u0113dzenes \u0161\u016bpoles sviras aizsarggredzenu, lai atbr\u012bvotu darba trosi no velt\u0146a, lai dro\u0161\u012bbas sl\u0113dzenes abos galos atrastos blo\u0137\u0113\u0161anas troses st\u0101vokl\u012b. P\u0113c iepriek\u0161 min\u0113to dro\u0161\u012bbas pas\u0101kumu veik\u0161anas no\u0146emiet pac\u0113l\u0101ja p\u0101rbaudi un iz\u0146emiet iespr\u016bdu\u0161o trosi. Ja nepiecie\u0161ams, nogrieziet plaukstas stiepli un atveriet pacel\u0161anas v\u0101ku, lai p\u0101rbaud\u012btu un uzman\u012bgi iz\u0146emtu pac\u0113l\u0101j\u0101 paliku\u0161o trosi. Vienlaikus nomainiet jauno trosi atbilsto\u0161aj\u0101 piekares meh\u0101nisma poz\u012bcij\u0101, novietojiet trosi atpaka\u013c un ievietojiet to pac\u0113l\u0101j\u0101, lai pievilktu trosi, p\u0113c tam ievietojiet darba trosi dro\u0161\u012bbas sl\u0113dzenes \u0161\u016bpoles rite\u0146a riev\u0101 un uzst\u0101diet aizsarggredzenu. P\u0113c dro\u0161\u012bbas sl\u0113dzenes atv\u0113r\u0161anas piekares platforma tiek pacelta par aptuveni 0,5 m, lai apst\u0101tos, dro\u0161\u012bbas troses spr\u0101dze tiek no\u0146emta un dro\u0161\u012bbas trose tiek novietota vertik\u0101l\u0101 st\u0101vokl\u012b, p\u0113c tam piekares platforma tiek nolaista uz zemes, un p\u0113c stingras p\u0101rbaudes un apkopes ar pac\u0113l\u0101ju to dr\u012bkst turpin\u0101t lietot.<\/span><br \/><span style=\"color: #000000;\"><strong>Kad darba trose p\u0101rtr\u016bkst<\/strong><\/span><br \/><span style=\"color: #000000;\">Kad piekares platformas vien\u0101 gal\u0101 p\u0101rtr\u016bkst darba trose, piekares platforma sasveras, un dro\u0161\u012bbas sl\u0113dzene autom\u0101tiski aizveras, kad darba poz\u012bcija tiek sasv\u0113rta, un piekares platforma nofiks\u0113jas dro\u0161\u012bbas tros\u0113. \u0160aj\u0101 laik\u0101 piekares platformas celtniec\u012bbas person\u0101lam j\u0101paliek mier\u012bgam, un ir stingri aizliegts skriet un l\u0113kt piekares platform\u0101, k\u0101 ar\u012b veikt av\u0101rijas pas\u0101kumus, ja attiec\u012bg\u0101s troses ir iespr\u016bdu\u0161as lift\u0101.<\/span><\/p><p><span style=\"color: #000000;\"><strong>Piekares meh\u0101nisma uzst\u0101d\u012b\u0161ana, regul\u0113\u0161ana un piesardz\u012bbas pas\u0101kumi<\/strong><\/span><\/p><p><span style=\"color: #000000;\">Uzst\u0101dot zemi, j\u0101izv\u0113las horizont\u0101la plakne. Ja ir sl\u012bpums, tas ir dro\u0161i j\u0101izl\u012bdzina zem le\u0146\u0137a rite\u0146a. Ja uzst\u0101d\u012b\u0161anas virsma ir \u016bdensnecaurlaid\u012bga un izol\u0113ta, t\u0101 zem priek\u0161\u0113jiem un aizmugur\u0113jiem s\u0113dek\u013ciem ir j\u0101aizpilda ar 2,5\u20133 cm biezu polster\u0113jumu, lai nov\u0113rstu saspie\u0161anu. \u016adensnecaurlaid\u012bgas izol\u0101cijas l\u012bmenis.<\/span><br \/><span style=\"color: #000000;\">Regul\u0113jam\u0101 atbalsta kron\u0161teina augstumam j\u0101b\u016bt t\u0101dam, lai priek\u0161\u0113j\u0101s sijas apak\u0161\u0113j\u0101 puse b\u016btu nedaudz augst\u0101ka par parapeta (vai citu \u0161\u0137\u0113r\u0161\u013cu) augstumu. Ja iesp\u0113jams, p\u0113c piekares meh\u0101nisma novieto\u0161anas priek\u0161\u0113j\u0101s sijas apak\u0161\u0113j\u0101 puse tiek pagarin\u0101ta. Meitas siena ir nostiprin\u0101ta ar koka blokiem.<\/span><br \/><span style=\"color: #000000;\">Priek\u0161\u0113j\u0101s sijas p\u0101rkares gala nomin\u0101lais pagarin\u0101juma diapazons ir 0,3\u20131,5 metri. Ja nomin\u0101lais p\u0101rkares att\u0101lums tiek p\u0101rsniegts, pirms lieto\u0161anas j\u0101veic uzticami pastiprin\u0101juma pas\u0101kumi un j\u0101nosaka nomin\u0101l\u0101 darba slodze, un atbild\u012bgajai noda\u013cai tas j\u0101apstiprina.<\/span><br \/><span style=\"color: #000000;\">Att\u0101lums starp priek\u0161\u0113jiem un aizmugur\u0113jiem s\u0113dek\u013ciem j\u0101piel\u0101go p\u0113c iesp\u0113jas liel\u0101kam att\u0101lumam atbilsto\u0161i vietas apst\u0101k\u013ciem.<\/span><br \/><span style=\"color: #000000;\">Att\u0101lums starp abiem kron\u0161teiniem j\u0101piel\u0101go t\u0101, lai tas b\u016btu par 3 l\u012bdz 5 cm maz\u0101ks nek\u0101 piekares platformas garums.<\/span><br \/><span style=\"color: #000000;\">Pievelkot t\u0113rauda stiep\u013cu trosi, priek\u0161\u0113jais stars nedaudz j\u0101pagrie\u017e uz aug\u0161u par 3\u20135 cm, lai rad\u012btu priek\u0161spriegumu un uzlabotu priek\u0161\u0113j\u0101s sijas stingr\u012bbu.<\/span><br \/><span style=\"color: #000000;\">Kad stiep\u013cu trose ir nostiprin\u0101ta, virvju skavu skaits nedr\u012bkst b\u016bt maz\u0101ks par trim, un t\u0113rauda stiep\u013cu troses U veida atvere un gals atrodas viens otram pret\u012b, un virzieni ir vien\u0101di. Virvju skavas j\u0101nostiprina sec\u012bb\u0101, s\u0101kot no cel\u0161anas punkta, un starp p\u0113d\u0113jo un iepriek\u0161\u0113jo virvju skavu virvei j\u0101b\u016bt nedaudz izliektai. Pievelkot virvju skavas uzgriezni, stiep\u013cu trosei j\u0101b\u016bt saplacin\u0101tai l\u012bdz 1\/2 l\u012bdz 1\/3 diametra.<\/span><br \/><span style=\"color: #000000;\">Iekl\u0101jot trosi, uz gr\u012bdas j\u0101novieto br\u012bvais troses disks. Uzman\u012bgi j\u0101izvelk troses galva un p\u0113c tam l\u0113n\u0101m j\u0101pab\u012bda uz leju pa priek\u0161pusi. Stingri aizliegts mest trosi disk\u0101. P\u0113c troses uzlik\u0161anas sapinu\u0161os trosi uzman\u012bgi j\u0101izspie\u017e atsevi\u0161\u0137i. Liek\u0101 trose uz zemes r\u016bp\u012bgi j\u0101sabl\u012bv\u0113, un to nedr\u012bkst patva\u013c\u012bgi izkais\u012bt pa zemi.<\/span><\/p><p><span style=\"color: #000000;\"><strong>Galveno komponentu utiliz\u0101cijas standarti<\/strong><\/span><br \/><span style=\"color: #000000;\">Piekares darba platformas galvenie sp\u0113ka stiprin\u0101jumi: Kad piekares meh\u0101nisms vai piekares platforma izskat\u0101s \u0161\u0101di, t\u0101 ir j\u0101nodod met\u0101ll\u016b\u017e\u0146os.<\/span><\/p><p><span style=\"color: #000000;\">P\u0113c visp\u0101r\u0113jas nestabilit\u0101tes to nedr\u012bkst remont\u0113t un tas ir j\u0101nodod met\u0101ll\u016b\u017e\u0146os.<\/span><br \/><span style=\"color: #000000;\">Ja rodas palieko\u0161a deform\u0101cija, ko nevar salabot, t\u0101 ir j\u0101izn\u012bcina.<\/span><br \/><span style=\"color: #000000;\">Ja da\u017eas deta\u013cas ir neatgriezeniski deform\u0113tas un t\u0101s nevar salabot, un virsmas korozijas vai nodiluma dzi\u013cums p\u0101rsniedz s\u0101kotn\u0113j\u0101s deta\u013cas 10%, atbilsto\u0161\u0101s deta\u013cas ir j\u0101nodod met\u0101ll\u016b\u017e\u0146os.<\/span><br \/><span style=\"color: #000000;\">Ja konstrukcijas da\u013c\u0101s un metin\u0101jumos rodas plaisas, atkar\u012bb\u0101 no sprieguma situ\u0101cijas un plaisu apst\u0101k\u013ciem p\u0113c remonta vai pastiprin\u0101\u0161anas pas\u0101kumu veik\u0161anas var izpild\u012bt s\u0101kotn\u0113j\u0101s projekt\u0113\u0161anas pras\u012bbas, un pirms turpm\u0101kas lieto\u0161anas ir j\u0101veic remonts, lai nostiprin\u0101tu pas\u0101kumus. Pret\u0113j\u0101 gad\u012bjum\u0101 tie ir j\u0101izmet.<\/span><\/p><p><span style=\"color: #000000;\"><strong>K\u0101das ir galven\u0101s dro\u0161\u012bbas iek\u0101rtas piekaramajai darba platformas iek\u0101rtai?<\/strong><\/span><br \/><span style=\"color: #000000;\">A. LSB \u0161\u016bpoles sviras tipa dro\u0161\u012bbas sl\u0113dzene; var blo\u0137\u0113t dro\u0161\u012bbas trosi, ja darba platformas sl\u012bpuma le\u0146\u0137is ir liel\u0101ks par 3\u20138\u00b0 vai darba trose ir p\u0101rrauta;<\/span><br \/><span style=\"color: #000000;\">B. Manu\u0101la atbr\u012bvo\u0161ana: to var vienm\u0113r\u012bgi nolaist, ja tiek p\u0101rtraukta str\u0101vas padeve, piem\u0113ram, str\u0101vas padeves p\u0101rtraukuma gad\u012bjum\u0101, lai nodro\u0161in\u0101tu, ka operators dro\u0161i sasniedz zemi;<\/span><br \/><span style=\"color: #000000;\">C. \u0100truma ierobe\u017eojuma aizsardz\u012bba: ja lejupejo\u0161ais \u0101trums p\u0101rsniedz noteikto dro\u0161o \u0101trumu, tiek aktiviz\u0113ta centrb\u0113dzes pal\u0113nin\u0101juma ier\u012bce, lai pal\u0113nin\u0101tu lejupejo\u0161o \u0101trumu;<\/span><br \/><span style=\"color: #000000;\">D. Ierobe\u017eojuma aizsardz\u012bba: autom\u0101tiski izsl\u0113dz str\u0101vas padevi, kad groza apr\u012bkojums p\u0101rsniedz manu\u0101li iestat\u012bto maksim\u0101lo robe\u017eu, un aktiviz\u0113 trauksmes zvanu;<\/span><br \/><span style=\"color: #000000;\">E. Elektrisk\u0101s p\u0101rslodzes aizsardz\u012bba: Ja motors nedarbojas pareizi vai \u0137\u0113de nedarbojas pareizi un motors ir p\u0101rslogots, atvienojiet kontaktora vad\u012bbas \u0137\u0113di, lai atvienotu galveno \u0137\u0113di.<\/span><br \/><span style=\"color: #000000;\">F. Aizsardz\u012bba pret nopl\u016bdi: operators autom\u0101tiski aizver visu \u0137\u0113di, ja operators nejau\u0161i uzl\u0101d\u0113 elektrisko \u0137ermeni un rodas nopl\u016bde;<\/span><br \/><span style=\"color: #000000;\">G. Av\u0101rijas aptur\u0113\u0161ana: p\u0101rtrauciet galveno vad\u012bbas cilpu p\u0113k\u0161\u0146as anom\u0101lijas gad\u012bjum\u0101 (piem\u0113ram, autom\u0101tiskas pacel\u0161an\u0101s vai krituma gad\u012bjum\u0101).<\/span><\/p>\t\t\t\t\t\t\t\t<\/div>\n\t\t\t\t<\/div>\n\t\t\t\t\t<\/div>\n\t\t\t\t<\/div>\n\t\t\t\t<\/div>","protected":false},"excerpt":{"rendered":"<p>Emergency treatment during constructionDuring the construction, if you encounter the following special circumstances, you should keep calm and take appropriate emergency measures. Sudden power outage during constructionWhen there is a sudden power outage during construction, the power switch of the electric box should be cut off immediately to prevent accidents during power transmission. After receiving [&hellip;]<\/p>\n","protected":false},"author":1,"featured_media":0,"parent":0,"menu_order":0,"comment_status":"closed","ping_status":"closed","template":"","meta":{"footnotes":""},"class_list":["post-1402","page","type-page","status-publish","hentry"],"acf":[],"_links":{"self":[{"href":"https:\/\/www.buildinglift.com\/lv\/wp-json\/wp\/v2\/pages\/1402","targetHints":{"allow":["GET"]}}],"collection":[{"href":"https:\/\/www.buildinglift.com\/lv\/wp-json\/wp\/v2\/pages"}],"about":[{"href":"https:\/\/www.buildinglift.com\/lv\/wp-json\/wp\/v2\/types\/page"}],"author":[{"embeddable":true,"href":"https:\/\/www.buildinglift.com\/lv\/wp-json\/wp\/v2\/users\/1"}],"replies":[{"embeddable":true,"href":"https:\/\/www.buildinglift.com\/lv\/wp-json\/wp\/v2\/comments?post=1402"}],"version-history":[{"count":0,"href":"https:\/\/www.buildinglift.com\/lv\/wp-json\/wp\/v2\/pages\/1402\/revisions"}],"wp:attachment":[{"href":"https:\/\/www.buildinglift.com\/lv\/wp-json\/wp\/v2\/media?parent=1402"}],"curies":[{"name":"wp","href":"https:\/\/api.w.org\/{rel}","templated":true}]}}