{"id":5896,"date":"2023-10-19T13:27:45","date_gmt":"2023-10-19T13:27:45","guid":{"rendered":"https:\/\/www.buildinglift.com\/?post_type=product&#038;p=5896"},"modified":"2023-12-12T22:32:33","modified_gmt":"2023-12-13T06:32:33","slug":"automatinis-10-25-m-aukscio-aukstos-kokybes-zirklinis-keltuvas-350-500-800-kg-1-tonos-hidraulinis-elektrinis-keltuvas-su-priedais","status":"publish","type":"product","link":"https:\/\/www.buildinglift.com\/lt\/produktas\/automatinis-10-25-m-aukscio-aukstos-kokybes-zirklinis-keltuvas-350-500-800-kg-1-tonos-hidraulinis-elektrinis-keltuvas-su-priedais\/","title":{"rendered":"Automatinis 10\u201325 m auk\u0161tos kokyb\u0117s \u017eirklinis keltuvas, 350 500 800 kg, 1 tonos hidraulinis elektrinis keltuvas su priedais"},"content":{"rendered":"<p><strong>Produkto apra\u0161ymas<\/strong><br \/>\nM\u016bs\u0173 savaime judantis mobilus \u017eirklinis keltuvas daugiausia naudojamas darbuotojams kelti \u012f auk\u0161tas vietas remontui, techninei prie\u017ei\u016brai, valymui ar montavimui ir pan. J\u012f galite lengvai perkelti \u012f reikiam\u0105 darbo viet\u0105.<br \/>\nvienas asmuo gali valdyti platform\u0105 judant atgal, pirmyn, sukant j\u0105 net ir esant maksimaliam auk\u0161\u010diui. Be to, tokio tipo <a href=\"https:\/\/www.buildinglift.com\/product\/automatic-10-25m-high-quality-elevator-scissor-lift-350-500-800kg-1-ton-hydraulic-electric-lift-with-attachments\/\">mobilus \u017eirklinis keltuvas<\/a> Galima sumontuoti su varomuoju ratu, kad b\u016bt\u0173 galima j\u012f perkelti rankomis be jokio kietumo.<\/p>\n<p><a href=\"https:\/\/www.buildinglift.com\/wp-content\/uploads\/H559669909c4843a4bcc8e5cda100bf0fH.png\"><img fetchpriority=\"high\" decoding=\"async\" class=\"alignnone size-full wp-image-5901\" src=\"https:\/\/www.buildinglift.com\/wp-content\/uploads\/H559669909c4843a4bcc8e5cda100bf0fH.png\" alt=\"\" width=\"790\" height=\"495\" srcset=\"https:\/\/www.buildinglift.com\/wp-content\/uploads\/H559669909c4843a4bcc8e5cda100bf0fH.png 790w, https:\/\/www.buildinglift.com\/wp-content\/uploads\/H559669909c4843a4bcc8e5cda100bf0fH-600x376.png 600w, https:\/\/www.buildinglift.com\/wp-content\/uploads\/H559669909c4843a4bcc8e5cda100bf0fH-300x188.png 300w, https:\/\/www.buildinglift.com\/wp-content\/uploads\/H559669909c4843a4bcc8e5cda100bf0fH-768x481.png 768w, https:\/\/www.buildinglift.com\/wp-content\/uploads\/H559669909c4843a4bcc8e5cda100bf0fH-18x12.png 18w\" sizes=\"(max-width: 790px) 100vw, 790px\" \/><\/a><\/p>","protected":false},"excerpt":{"rendered":"<p>M\u016bs\u0173 savaime judantis mobilus \u017eirklinis keltuvas daugiausia naudojamas darbuotojams kelti \u012f auk\u0161tas vietas remontui, techninei prie\u017ei\u016brai, valymui ar montavimui ir pan. J\u012f galite lengvai perkelti \u012f reikiam\u0105 darbo viet\u0105.<\/p>","protected":false},"featured_media":5900,"template":"","meta":[],"product_brand":[],"product_cat":[149],"product_tag":[],"class_list":{"0":"post-5896","1":"product","2":"type-product","3":"status-publish","4":"has-post-thumbnail","6":"product_cat-elevator-scissor-lift","8":"first","9":"instock","10":"shipping-taxable","11":"product-type-simple"},"acf":[],"_links":{"self":[{"href":"https:\/\/www.buildinglift.com\/lt\/wp-json\/wp\/v2\/product\/5896","targetHints":{"allow":["GET"]}}],"collection":[{"href":"https:\/\/www.buildinglift.com\/lt\/wp-json\/wp\/v2\/product"}],"about":[{"href":"https:\/\/www.buildinglift.com\/lt\/wp-json\/wp\/v2\/types\/product"}],"version-history":[{"count":0,"href":"https:\/\/www.buildinglift.com\/lt\/wp-json\/wp\/v2\/product\/5896\/revisions"}],"wp:featuredmedia":[{"embeddable":true,"href":"https:\/\/www.buildinglift.com\/lt\/wp-json\/wp\/v2\/media\/5900"}],"wp:attachment":[{"href":"https:\/\/www.buildinglift.com\/lt\/wp-json\/wp\/v2\/media?parent=5896"}],"wp:term":[{"taxonomy":"product_brand","embeddable":true,"href":"https:\/\/www.buildinglift.com\/lt\/wp-json\/wp\/v2\/product_brand?post=5896"},{"taxonomy":"product_cat","embeddable":true,"href":"https:\/\/www.buildinglift.com\/lt\/wp-json\/wp\/v2\/product_cat?post=5896"},{"taxonomy":"product_tag","embeddable":true,"href":"https:\/\/www.buildinglift.com\/lt\/wp-json\/wp\/v2\/product_tag?post=5896"}],"curies":[{"name":"wp","href":"https:\/\/api.w.org\/{rel}","templated":true}]}}