{"id":5882,"date":"2023-10-19T12:44:44","date_gmt":"2023-10-19T12:44:44","guid":{"rendered":"https:\/\/www.buildinglift.com\/?post_type=product&#038;p=5882"},"modified":"2023-12-12T22:30:41","modified_gmt":"2023-12-13T06:30:41","slug":"500-kg-elektrinis-stiklo-kelimo-vakuuminis-keltuvas-stiklo-tvarkymo-masina","status":"publish","type":"product","link":"https:\/\/www.buildinglift.com\/lt\/produktas\/500-kg-elektrinis-stiklo-kelimo-vakuuminis-keltuvas-stiklo-tvarkymo-masina\/","title":{"rendered":"500 kg elektrinis stiklo k\u0117limo vakuuminis keltuvas Stiklo tvarkymo ma\u0161ina"},"content":{"rendered":"<ul>\n<li><strong>Produkto ap\u017evalga<\/strong><br \/>\n<a href=\"https:\/\/www.buildinglift.com\/product\/500kgs-electrical-glass-lifting-vacuum-lifter-equipment-glass-handling-machine\/\">500 kg elektrinis stiklo k\u0117limo vakuuminis keltuvas Stiklo tvarkymo ma\u0161ina<\/a><br \/>\nI\u0161maniosios plok\u0161\u010dio stiklo apdorojimo sistemos su vakuumine sistema, skirtos bet kokio dyd\u017eio stiklui apdoroti nepa\u017eeid\u017eiant pavir\u0161iaus.<br \/>\n\u0160i ma\u0161ina pla\u010diai naudojama subtiliam stiklo giluminiam apdirbimui, transportavimui ir stiklo u\u017euolaid\u0173 sien\u0173 montavimui.<br \/>\nFUNKCIJ\u0172 AP\u017dVALGA<br \/>\n<strong>Savyb\u0117s<\/strong><\/li>\n<li>Naudota Q345 mangano plieno med\u017eiaga, kvadratini\u0173 vamzd\u017ei\u0173 suvirinimas, saugus ir patikimas.<\/li>\n<li>Dviguba sistemos kontrol\u0117, viena vakuumin\u0117 sistema darbui, kita \u2013 bud\u0117jimo re\u017eimu;<br \/>\nPriimkite amerikieti\u0161k\u0105 \u201eTHOMAS\u201c vakuumin\u012f siurbl\u012f, itali\u0161kus \u201eMETALROTA\u201c sunkiojo tipo varan\u010dius ratus, \u0161veicari\u0161k\u0105 \u201eBUCHER\u201c hidraulin\u012f j\u0117gos agregat\u0105 ir skaitmenin\u012f akumuliatori\u0173, kuriam nereikia prie\u017ei\u016bros, tod\u0117l jis gali laisvai vaik\u0161\u010dioti be oro ar maitinimo \u0161altinio.<br \/>\nSu 360 laipsni\u0173 pasukimu ir rankiniu 90 laipsni\u0173 apvertimu, operatorius gali<br \/>\ntiksliai ir \u0161velniai paimkite plok\u0161\u010di\u0105 stikl\u0105.<br \/>\nSu japoni\u0161ku \u201ePANASONIC\u201c skaitmeniniu ekranu su vakuuminiu sl\u0117gio jungikliu ir akumuliatoriaus matuokliu,<br \/>\nai\u0161kiai steb\u0117ti saug\u0173 \u012frangos veikim\u0105.<br \/>\n\u012erengtas 12 V atsarginis akumuliatorius. Jei akumuliatorius i\u0161sikrauna veikimo metu, j\u012f galima<br \/>\nlaiku pakeisti, kad b\u016bt\u0173 u\u017etikrinta projekto eiga.<br \/>\nAutomatin\u0117 vakuuminio u\u017epildymo sistema u\u017etikrina, kad visa vakuumin\u0117 sistema palaikyt\u0173<br \/>\nsantykinai pastovus saugus sl\u0117gis u\u017etikrina nepertraukiam\u0105 veikim\u0105 su nusp\u0117jamuoju poveikiu<br \/>\nprie\u017ei\u016bra.<br \/>\nLengvas konstrukcini\u0173 komponent\u0173 surinkimas, reguliuojamo dizaino d\u0117ka galite keisti kiekvieno siurbtuko pad\u0117t\u012f, kiekvienas siurbtukas su atskiru valdymo vo\u017etuvu gali laikyti skirtingo dyd\u017eio stikl\u0105.<\/li>\n<\/ul>","protected":false},"excerpt":{"rendered":"<p>I\u0161maniosios plok\u0161\u010dio stiklo apdorojimo sistemos su vakuumine sistema, skirtos bet kokio dyd\u017eio stiklui apdoroti nepa\u017eeid\u017eiant pavir\u0161iaus.<\/p>","protected":false},"featured_media":5885,"template":"","meta":[],"product_brand":[],"product_cat":[146],"product_tag":[169],"class_list":{"0":"post-5882","1":"product","2":"type-product","3":"status-publish","4":"has-post-thumbnail","6":"product_cat-glass-lifting-machine","7":"product_tag-glass-handling-machine","9":"first","10":"instock","11":"shipping-taxable","12":"product-type-simple"},"acf":[],"_links":{"self":[{"href":"https:\/\/www.buildinglift.com\/lt\/wp-json\/wp\/v2\/product\/5882","targetHints":{"allow":["GET"]}}],"collection":[{"href":"https:\/\/www.buildinglift.com\/lt\/wp-json\/wp\/v2\/product"}],"about":[{"href":"https:\/\/www.buildinglift.com\/lt\/wp-json\/wp\/v2\/types\/product"}],"version-history":[{"count":0,"href":"https:\/\/www.buildinglift.com\/lt\/wp-json\/wp\/v2\/product\/5882\/revisions"}],"wp:featuredmedia":[{"embeddable":true,"href":"https:\/\/www.buildinglift.com\/lt\/wp-json\/wp\/v2\/media\/5885"}],"wp:attachment":[{"href":"https:\/\/www.buildinglift.com\/lt\/wp-json\/wp\/v2\/media?parent=5882"}],"wp:term":[{"taxonomy":"product_brand","embeddable":true,"href":"https:\/\/www.buildinglift.com\/lt\/wp-json\/wp\/v2\/product_brand?post=5882"},{"taxonomy":"product_cat","embeddable":true,"href":"https:\/\/www.buildinglift.com\/lt\/wp-json\/wp\/v2\/product_cat?post=5882"},{"taxonomy":"product_tag","embeddable":true,"href":"https:\/\/www.buildinglift.com\/lt\/wp-json\/wp\/v2\/product_tag?post=5882"}],"curies":[{"name":"wp","href":"https:\/\/api.w.org\/{rel}","templated":true}]}}