{"id":5866,"date":"2023-10-19T12:07:31","date_gmt":"2023-10-19T12:07:31","guid":{"rendered":"https:\/\/www.buildinglift.com\/?post_type=product&#038;p=5866"},"modified":"2023-12-12T22:27:58","modified_gmt":"2023-12-13T06:27:58","slug":"rankinis-mobilus-mini-kranas-nesiojamas-mazas-kelimo-kranas-grindims-200-kg-300-kg-500-kg-800-kg-1000-kg-variklis-pritaikytas-pagal-uzsakyma-pateiktas-80","status":"publish","type":"product","link":"https:\/\/www.buildinglift.com\/lt\/produktas\/rankinis-mobilus-mini-kranas-nesiojamas-mazas-kelimo-kranas-grindims-200-kg-300-kg-500-kg-800-kg-1000-kg-variklis-pritaikytas-pagal-uzsakyma-pateiktas-80\/","title":{"rendered":"Rankinis mobilus mini kranas Ne\u0161iojamas ma\u017eas k\u0117limo kranas 200 kg 300 kg 500 kg 800 kg 1000 kg Variklis pritaikytas, pateiktas 80"},"content":{"rendered":"<p><strong>Produkto apra\u0161ymas:<\/strong><br \/>\nLauko kranai taip pat yra <a href=\"https:\/\/www.buildinglift.com\/product\/hand-operation-mobile-mini-crane-portable-small-lift-floor-crane-200kg-300kg-500kg-800kg-1000kg-motor-customized-provided-80\/\">vadinami ma\u017eais kranais<\/a>, ne\u0161iojamieji kranai, mini kranai, elektriniai kranai ir kt.<br \/>\nLauko krano konstrukcin\u0117s savyb\u0117s:<br \/>\n\u0160is gaminys yra ma\u017eo dyd\u017eio, lengvas, kompakti\u0161kas ir lengvai valdomas. Jis naudoja 380 V \/ 220 V \u012ftamp\u0105 ir tinka dekoravimui, k\u0117limo darbams, \u012frangos montavimui, perkraustymo \u012fmon\u0117ms, gamykloms, dirbtuv\u0117ms, lengvajai pramonei, sunkiajai pramonei, techninei prie\u017ei\u016brai, sand\u0117liams, logistikai ir kt. Ma\u0161in\u0105 sudaro dvi dalys: maitinimo blokas ir laikiklis.<br \/>\n1. Maitinimo blok\u0105 sudaro variklis, reduktorius, sankaba, stabd\u017eiai, lyno b\u016bgnas ir plieninis lynas. Variklis yra magnetinis vienfazis kondensatorinis variklis, turintis mechanizm\u0105, kuris stabdo i\u0161jungus maitinim\u0105; variklis taip pat turi \u0161ilumin\u012f jungikl\u012f, o reduktorius yra dviej\u0173 pakop\u0173 krumpliaratis, tvirtai prijungtas prie variklio; stabd\u017eiai ir trauk\u0117s vamzdis yra sumontuoti kaip visuma, tod\u0117l galima pasiekti greit\u0105 grei\u010dio kritim\u0105.<br \/>\n2. Atramin\u0119 dal\u012f sudaro pagrindinis atraminis strypas ir konsolin\u0117 str\u0117l\u0117. Besisukanti svirtis gali pasisukti 360 laipsni\u0173 kampu ant pagrindinio stulpo, o svirties gale yra eigos jungiklis, kad b\u016bt\u0173 i\u0161vengta k\u0117limo avarij\u0173 d\u0117l valdymo klaid\u0173 ar mygtuko gedim\u0173. \u012ejunkite mygtuko starter\u012f, kad variklis sukt\u0173si \u012f priek\u012f ir atgal. Vielin\u012f lyn\u0105 galima suvynioti ir atleisti, o dalis laikiklio keliama skriemuliais, o objektai nuleid\u017eiami, kad b\u016bt\u0173 baigta k\u0117limo operacija.<\/p>\n<p><a href=\"https:\/\/www.buildinglift.com\/wp-content\/uploads\/Hea4ac00bb7db491598bec99393918ab8F.jpg\"><img fetchpriority=\"high\" decoding=\"async\" class=\"alignnone size-full wp-image-5874\" src=\"https:\/\/www.buildinglift.com\/wp-content\/uploads\/Hea4ac00bb7db491598bec99393918ab8F.jpg\" alt=\"\" width=\"750\" height=\"1774\" srcset=\"https:\/\/www.buildinglift.com\/wp-content\/uploads\/Hea4ac00bb7db491598bec99393918ab8F.jpg 750w, https:\/\/www.buildinglift.com\/wp-content\/uploads\/Hea4ac00bb7db491598bec99393918ab8F-600x1419.jpg 600w, https:\/\/www.buildinglift.com\/wp-content\/uploads\/Hea4ac00bb7db491598bec99393918ab8F-127x300.jpg 127w, https:\/\/www.buildinglift.com\/wp-content\/uploads\/Hea4ac00bb7db491598bec99393918ab8F-433x1024.jpg 433w, https:\/\/www.buildinglift.com\/wp-content\/uploads\/Hea4ac00bb7db491598bec99393918ab8F-649x1536.jpg 649w, https:\/\/www.buildinglift.com\/wp-content\/uploads\/Hea4ac00bb7db491598bec99393918ab8F-5x12.jpg 5w\" sizes=\"(max-width: 750px) 100vw, 750px\" \/><\/a><\/p>","protected":false},"excerpt":{"rendered":"<p>Lauko kranai taip pat vadinami ma\u017eais kranais, ne\u0161iojamaisiais kranais, mini kranais, elektriniais kranais ir kt.<\/p>","protected":false},"featured_media":5871,"template":"","meta":[],"product_brand":[],"product_cat":[148],"product_tag":[166,167],"class_list":{"0":"post-5866","1":"product","2":"type-product","3":"status-publish","4":"has-post-thumbnail","6":"product_cat-construction-mini-crane","7":"product_tag-mini-crane-portable","8":"product_tag-small-lift-floor-crane","10":"first","11":"instock","12":"shipping-taxable","13":"product-type-simple"},"acf":[],"_links":{"self":[{"href":"https:\/\/www.buildinglift.com\/lt\/wp-json\/wp\/v2\/product\/5866","targetHints":{"allow":["GET"]}}],"collection":[{"href":"https:\/\/www.buildinglift.com\/lt\/wp-json\/wp\/v2\/product"}],"about":[{"href":"https:\/\/www.buildinglift.com\/lt\/wp-json\/wp\/v2\/types\/product"}],"version-history":[{"count":0,"href":"https:\/\/www.buildinglift.com\/lt\/wp-json\/wp\/v2\/product\/5866\/revisions"}],"wp:featuredmedia":[{"embeddable":true,"href":"https:\/\/www.buildinglift.com\/lt\/wp-json\/wp\/v2\/media\/5871"}],"wp:attachment":[{"href":"https:\/\/www.buildinglift.com\/lt\/wp-json\/wp\/v2\/media?parent=5866"}],"wp:term":[{"taxonomy":"product_brand","embeddable":true,"href":"https:\/\/www.buildinglift.com\/lt\/wp-json\/wp\/v2\/product_brand?post=5866"},{"taxonomy":"product_cat","embeddable":true,"href":"https:\/\/www.buildinglift.com\/lt\/wp-json\/wp\/v2\/product_cat?post=5866"},{"taxonomy":"product_tag","embeddable":true,"href":"https:\/\/www.buildinglift.com\/lt\/wp-json\/wp\/v2\/product_tag?post=5866"}],"curies":[{"name":"wp","href":"https:\/\/api.w.org\/{rel}","templated":true}]}}