{"id":5862,"date":"2023-10-19T11:58:30","date_gmt":"2023-10-19T11:58:30","guid":{"rendered":"https:\/\/www.buildinglift.com\/?post_type=product&#038;p=5862"},"modified":"2023-12-12T22:27:05","modified_gmt":"2023-12-13T06:27:05","slug":"lauko-kelimo-masina-500kg-30-metru-su-220v-200kg-mikro-elektrinis-keltuvas-kranas-keltuvas-masina-buitine-apdaila-mazas-kranas","status":"publish","type":"product","link":"https:\/\/www.buildinglift.com\/lt\/produktas\/lauko-kelimo-masina-500kg-30-metru-su-220v-200kg-mikro-elektrinis-keltuvas-kranas-keltuvas-masina-buitine-apdaila-mazas-kranas\/","title":{"rendered":"Lauko k\u0117limo ma\u0161ina 500 kg 30 metr\u0173 su 220 V 200 kg mikro elektriniu keltuvu, kranu, k\u0117limo ma\u0161ina, nam\u0173 dekoracija, ma\u017eas kranas"},"content":{"rendered":"<p><strong>Produkto charakteristikos:<\/strong><br \/>\n1. Legiruotojo plieno laikiklis, besi\u016blis suvirinimas, patvarus<br \/>\n2. Variklis, pilnai varinis variklis, greitas \u0161ilumos i\u0161sklaidymas ir ilgas tarnavimo laikas.<br \/>\n3. Flan\u0161as, sustorinta flan\u0161o plok\u0161t\u0117, tvirta ir patikima.<br \/>\n4. Sukamasis velenas, dvigubas guolis, sukantis 360 laipsni\u0173 kampu.<\/p>\n<p>Ne\u0161iojamieji kranai skirti kroviniams ir sunkioms med\u017eiagoms kelti, numesti, vilkti, traukti, tempti, transportuoti, ne\u0161ti, sukrauti, perkelti, laikyti ir statyti bet kokioje situacijoje pastat\u0173 viduje ar i\u0161or\u0117je arba ant stog\u0173. 24 V akumuliatoriniai arba elektriniai modeliai. \u0160is vertikalus k\u0117limo mobilus mini kranas yra pakankamai ma\u017eas, kad tilpt\u0173 \u012f ma\u017edaug metro dyd\u017eio gyvenamojo namo dur\u0173 ang\u0105, gal\u0117t\u0173 kilti lifto viduje, siaurame pra\u0117jime, koridoriuje, laiptin\u0117je ar sunkve\u017eimio gale. Jis leid\u017eia atlikti darbus ank\u0161tose erdv\u0117se, ribotos prieigos ir sunkiai pasiekiamose vietose arba vir\u0161 ir aplink kli\u016btis. Sutaupykite pinig\u0173, palyginti su dideli\u0173 kran\u0173 nuoma. \u201eM1 Global\u201c modelis turi dvigubas baterijas su oro s\u0105lygoms atspariu \u012fmontuotu \u012fkrovikliu ir hidrauline str\u0117le, tod\u0117l sulankstytas ir kompakti\u0161kas jis u\u017etikrina visi\u0161k\u0105 mobilum\u0105 ir lengv\u0105 transportavim\u0105.<\/p>\n<p>Ne\u0161iojamieji mini kranai ir med\u017eiag\u0173 k\u0117limo \u012franga, kuri supaprastina produktyvum\u0105, atsi\u017evelgiant \u012f investicij\u0173 gr\u0105\u017e\u0105 ir ekonomi\u0161kum\u0105. Dirbame ant stog\u0173 arba nuo grind\u0173 iki grind\u0173. Si\u016blome mobilius keltuvus \/ mini kran\u0173 modelius, kuri\u0173 kiekvienas naudoja patentuot\u0105 prie\u0161svorio sistem\u0105, atram\u0173 sistem\u0105 ir kompakti\u0161k\u0105 i\u0161d\u0117stym\u0105, leid\u017eiant\u012f kranams tilpti pro duris \/ lift\u0173 viduje, suyra, kad b\u016bt\u0173 galima jud\u0117ti laiptais, ank\u0161tose erdv\u0117se ir b\u016bti transportuojami liftu, sunkve\u017eimiu ar mikroautobusu. Patentuota pagrindo konstrukcija lengvai i\u0161silanksto ir veikia kaip stacionari grind\u0173 arba... <a href=\"https:\/\/www.buildinglift.com\/product\/outdoor-lifting-machine-500kg-30-meter-with-220v-200kg-micro-electric-hoist-crane-hoist-machine-household-decoration-small-crane\/\">mini stogo kranas<\/a>, bet yra skirtas saugiai pakelti ir gabenti krovinius. Ekologi\u0161kas: nulis<\/p>","protected":false},"excerpt":{"rendered":"<p>Ne\u0161iojamieji mini kranai ir med\u017eiag\u0173 k\u0117limo \u012franga, kuri optimizuoja produktyvum\u0105, atsi\u017evelgiant \u012f investicij\u0173 gr\u0105\u017e\u0105 ir ekonomi\u0161kum\u0105. Darbas ant stog\u0173 arba nuo grind\u0173 iki grind\u0173.<\/p>","protected":false},"featured_media":5864,"template":"","meta":[],"product_brand":[],"product_cat":[148],"product_tag":[165],"class_list":{"0":"post-5862","1":"product","2":"type-product","3":"status-publish","4":"has-post-thumbnail","6":"product_cat-construction-mini-crane","7":"product_tag-micro-electric-hoist-crane","9":"first","10":"instock","11":"shipping-taxable","12":"product-type-simple"},"acf":[],"_links":{"self":[{"href":"https:\/\/www.buildinglift.com\/lt\/wp-json\/wp\/v2\/product\/5862","targetHints":{"allow":["GET"]}}],"collection":[{"href":"https:\/\/www.buildinglift.com\/lt\/wp-json\/wp\/v2\/product"}],"about":[{"href":"https:\/\/www.buildinglift.com\/lt\/wp-json\/wp\/v2\/types\/product"}],"version-history":[{"count":0,"href":"https:\/\/www.buildinglift.com\/lt\/wp-json\/wp\/v2\/product\/5862\/revisions"}],"wp:featuredmedia":[{"embeddable":true,"href":"https:\/\/www.buildinglift.com\/lt\/wp-json\/wp\/v2\/media\/5864"}],"wp:attachment":[{"href":"https:\/\/www.buildinglift.com\/lt\/wp-json\/wp\/v2\/media?parent=5862"}],"wp:term":[{"taxonomy":"product_brand","embeddable":true,"href":"https:\/\/www.buildinglift.com\/lt\/wp-json\/wp\/v2\/product_brand?post=5862"},{"taxonomy":"product_cat","embeddable":true,"href":"https:\/\/www.buildinglift.com\/lt\/wp-json\/wp\/v2\/product_cat?post=5862"},{"taxonomy":"product_tag","embeddable":true,"href":"https:\/\/www.buildinglift.com\/lt\/wp-json\/wp\/v2\/product_tag?post=5862"}],"curies":[{"name":"wp","href":"https:\/\/api.w.org\/{rel}","templated":true}]}}