{"id":5716,"date":"2023-09-22T14:46:38","date_gmt":"2023-09-22T14:46:38","guid":{"rendered":"https:\/\/www.buildinglift.com\/?post_type=product&#038;p=5716"},"modified":"2023-12-12T22:24:20","modified_gmt":"2023-12-13T06:24:20","slug":"pardavimo-sustabdytas-platformos-pirkimas","status":"publish","type":"product","link":"https:\/\/www.buildinglift.com\/lt\/produktas\/pardavimo-sustabdytas-platformos-pirkimas\/","title":{"rendered":"Pakabinama platforma"},"content":{"rendered":"<p><strong>Taikymas:<br \/>\n<\/strong>1. Auk\u0161tybiniai pastatai: i\u0161orini\u0173 sien\u0173 apdaila, konstrukcija, fasadini\u0173 sien\u0173 ir i\u0161orini\u0173 komponent\u0173 montavimas, i\u0161orini\u0173 sien\u0173 remontas, tikrinimas, prie\u017ei\u016bra ir valymas.<br \/>\n2. Reklaminis skydas: daugiaauk\u0161\u010di\u0173 pastat\u0173 montavimo reklaminis skydas<\/p>\n<p><strong>Siekiant u\u017etikrinti saug\u0173 darb\u0105 be pavojaus darbuotojams, platformoje sumontuoti \u0161ie saugos \u012ftaisai:<br \/>\n<\/strong><span style=\"font-family: 'Open Sans';\">\u012emontuotas darbinis stabdys <a href=\"https:\/\/www.buildinglift.com\/products\/buy-suspended-platform-spare-parts-supplier\/\">UAB keltuvas<\/a>.<br \/>\n<\/span><span style=\"font-family: 'Open Sans';\">Du kritimo sulaikymo \u012ftaisai (<a href=\"https:\/\/www.buildinglift.com\/products\/buy-suspended-platform-spare-parts-supplier\/\">Apsauginis LSF u\u017eraktas nuo pasvirimo<\/a>) veikiantys saugos lynus.<br \/>\n<\/span><span style=\"font-family: 'Open Sans';\">Du vir\u0161utiniai ribiniai jungikliai.<br \/>\n<\/span><span style=\"font-family: 'Open Sans';\">Nutr\u016bkus elektros tiekimui, galios ma\u017einimas negalimas. Avarinis stabdymas.<br \/>\n<\/span><span style=\"font-family: 'Open Sans';\">Faz\u0117s valdiklis. (Pasirinktinai)<\/span><\/p>\n<ol>\n<li><strong>Standartinis arba pagal u\u017esakym\u0105 pagamintas produktas <\/strong><\/li>\n<li>Darbin\u012f auk\u0161t\u012f galima reguliuoti pagal j\u016bs\u0173 poreikius.<\/li>\n<li>\u012etampa gali b\u016bti reguliuojama pagal j\u016bs\u0173 poreikius.<\/li>\n<li>Trys platformos med\u017eiagos: aliuminio lydinys \/ plienas \/ plienas su cinko lydiniu.<\/li>\n<li>Skirtingus variantus reikia atskirti pagal j\u0173 pakabos principus.<\/li>\n<li>Trys skirtingi kilp\u0173 tipai leid\u017eia pasirinkti platform\u0105, geriausiai atitinkan\u010di\u0105 j\u016bs\u0173 poreikius (darbo tip\u0105, pastato tip\u0105, maksimalias apkrovas, asmen\u0173 skai\u010di\u0173).<\/li>\n<\/ol>\n<table class=\"tg aligncenter\">\n<tbody>\n<tr>\n<td class=\"tg-y0n7\">Modelis<\/td>\n<td class=\"tg-nrix\">ZLP250<\/td>\n<td class=\"tg-nrix\">ZLP500<\/td>\n<td class=\"tg-nrix\">ZLP630<\/td>\n<td class=\"tg-nrix\">ZLP800<\/td>\n<td class=\"tg-baqh\">ZLP1000<\/td>\n<\/tr>\n<tr>\n<td class=\"tg-y0n7\">Nominali apkrova<\/td>\n<td class=\"tg-nrix\">250 kg<\/td>\n<td class=\"tg-nrix\">500 kg<\/td>\n<td class=\"tg-nrix\">630 kg<\/td>\n<td class=\"tg-nrix\">800 kg<\/td>\n<td class=\"tg-baqh\">1000 kg<\/td>\n<\/tr>\n<tr>\n<td class=\"tg-y0n7\">K\u0117limo greitis<\/td>\n<td class=\"tg-nrix\">9\u201311 m\/min.<\/td>\n<td class=\"tg-nrix\">9\u201311 m\/min.<\/td>\n<td class=\"tg-nrix\">9\u201311 m\/min.<\/td>\n<td class=\"tg-nrix\">9\u201311 m\/min.<\/td>\n<td class=\"tg-baqh\">9\u201311 m\/min.<\/td>\n<\/tr>\n<tr>\n<td class=\"tg-y0n7\">Platformos matmenys I \u00d7 P \u00d7 A (mm)<\/td>\n<td class=\"tg-nrix\">2000 \u00d7 690 \u00d7 1180<\/td>\n<td class=\"tg-nrix\">5000 \u00d7 690 \u00d7 1180<\/td>\n<td class=\"tg-nrix\">6000 \u00d7 690 \u00d7 1180<\/td>\n<td class=\"tg-nrix\">7500 \u00d7 690 \u00d7 1180<\/td>\n<td class=\"tg-baqh\">7500 \u00d7 690 \u00d7 1180<\/td>\n<\/tr>\n<tr>\n<td class=\"tg-y0n7\">K\u0117limo auk\u0161tis<\/td>\n<td class=\"tg-nrix\">100 metr\u0173<\/td>\n<td class=\"tg-nrix\">100 metr\u0173<\/td>\n<td class=\"tg-nrix\">100 metr\u0173<\/td>\n<td class=\"tg-nrix\">100 metr\u0173<\/td>\n<td class=\"tg-baqh\">100 metr\u0173<\/td>\n<\/tr>\n<tr>\n<td class=\"tg-y0n7\">Kabelis<\/td>\n<td class=\"tg-nrix\">100 metr\u0173<\/td>\n<td class=\"tg-nrix\">100 metr\u0173<\/td>\n<td class=\"tg-nrix\">100 metr\u0173<\/td>\n<td class=\"tg-nrix\">100 metr\u0173<\/td>\n<td class=\"tg-baqh\">100 metr\u0173<\/td>\n<\/tr>\n<tr>\n<td class=\"tg-y0n7\">Plienin\u0117 virv\u0117<\/td>\n<td class=\"tg-nrix\">\u04248.3mm<\/td>\n<td class=\"tg-nrix\">\u04248.3mm<\/td>\n<td class=\"tg-nrix\">\u04248.3mm<\/td>\n<td class=\"tg-nrix\">8,6 mm<\/td>\n<td class=\"tg-baqh\">\u04248.6mm\/9.1mm<\/td>\n<\/tr>\n<tr>\n<td class=\"tg-y0n7\">Keltuvo modelis<\/td>\n<td class=\"tg-nrix\">LTD8.0<\/td>\n<td class=\"tg-nrix\">Keltuvo modelis<\/td>\n<td class=\"tg-nrix\">LTD6.3<\/td>\n<td class=\"tg-nrix\">LTD6.3<\/td>\n<td class=\"tg-baqh\">LTD8.0<\/td>\n<\/tr>\n<tr>\n<td class=\"tg-uqo3\">Apsauginis u\u017eraktas Fiksavimo trosas Kampas<\/td>\n<td class=\"tg-baqh\">3\u00b0~8\u00b0<\/td>\n<td class=\"tg-baqh\">3\u00b0~8\u00b0<\/td>\n<td class=\"tg-baqh\">3\u00b0~8\u00b0<\/td>\n<td class=\"tg-baqh\">3\u00b0~8\u00b0<\/td>\n<td class=\"tg-baqh\">3\u00b0~8\u00b0<\/td>\n<\/tr>\n<tr>\n<td class=\"tg-uqo3\">Pakabos mechanizmas Priekin\u0117s sijos i\u0161ky\u0161a<\/td>\n<td class=\"tg-baqh\">1,3\u20131,5 m<\/td>\n<td class=\"tg-baqh\">1,3\u20131,5 m<\/td>\n<td class=\"tg-baqh\">1,3\u20131,5 m<\/td>\n<td class=\"tg-baqh\">1,3\u20131,5 m<\/td>\n<td class=\"tg-baqh\">1,3\u20131,5 m<\/td>\n<\/tr>\n<tr>\n<td class=\"tg-uqo3\">Pakabos mechanizmas Reguliuojamo auk\u0161\u010dio atrama<\/td>\n<td class=\"tg-baqh\">1,44\u20132,14 m<\/td>\n<td class=\"tg-baqh\">1,44\u20132,14 m<\/td>\n<td class=\"tg-baqh\">1,44\u20132,14 m<\/td>\n<td class=\"tg-baqh\">1,44\u20132,14 m<\/td>\n<td class=\"tg-baqh\">1,44\u20132,14 m<\/td>\n<\/tr>\n<tr>\n<td class=\"tg-uqo3\">Atsvaras<\/td>\n<td class=\"tg-baqh\">350 kg<\/td>\n<td class=\"tg-baqh\">800 kg<\/td>\n<td class=\"tg-baqh\">900 kg<\/td>\n<td class=\"tg-baqh\">1000 kg<\/td>\n<td class=\"tg-baqh\">1200 kg<\/td>\n<\/tr>\n<\/tbody>\n<\/table>\n<p>M\u016bs\u0173 <a href=\"https:\/\/www.buildinglift.com\/product\/sales-suspended-platform-buy\/\">ZLP serijos pakabinama platforma<\/a> yra pla\u010diai taikomi tokiuose projektuose kaip Khalifa bok\u0161tas ir kt. Profesionalus gamintojas<\/p>","protected":false},"excerpt":{"rendered":"<p>\u201eSUCCESS\u201c kompanijos sukurta ir pagaminta ZLP serijos laikinai montuojama pakabinamoji prieigos \u012franga yra elektrin\u0117 laipiojimo tipo dekoravimo ma\u0161ina, daugiausia naudojama auk\u0161tybini\u0173 ir daugiaauk\u0161\u010di\u0173 pastat\u0173 i\u0161orini\u0173 sien\u0173 konstrukcijai, dekoravimui, valymui ir prie\u017ei\u016brai. Ji taip pat gali b\u016bti naudojama lift\u0173 montavimui, didel\u0117ms talpykloms, tiltams, u\u017etvankoms ir kitiems in\u017eineriniams darbams.<\/p>","protected":false},"featured_media":5719,"template":"","meta":[],"product_brand":[],"product_cat":[147],"product_tag":[157,156,158],"class_list":{"0":"post-5716","1":"product","2":"type-product","3":"status-publish","4":"has-post-thumbnail","6":"product_cat-suspended-platform","7":"product_tag-buy-suspended-platform","8":"product_tag-sales-suspended-platform","9":"product_tag-suspended-platform-supplier","11":"first","12":"instock","13":"shipping-taxable","14":"product-type-simple"},"acf":[],"_links":{"self":[{"href":"https:\/\/www.buildinglift.com\/lt\/wp-json\/wp\/v2\/product\/5716","targetHints":{"allow":["GET"]}}],"collection":[{"href":"https:\/\/www.buildinglift.com\/lt\/wp-json\/wp\/v2\/product"}],"about":[{"href":"https:\/\/www.buildinglift.com\/lt\/wp-json\/wp\/v2\/types\/product"}],"version-history":[{"count":0,"href":"https:\/\/www.buildinglift.com\/lt\/wp-json\/wp\/v2\/product\/5716\/revisions"}],"wp:featuredmedia":[{"embeddable":true,"href":"https:\/\/www.buildinglift.com\/lt\/wp-json\/wp\/v2\/media\/5719"}],"wp:attachment":[{"href":"https:\/\/www.buildinglift.com\/lt\/wp-json\/wp\/v2\/media?parent=5716"}],"wp:term":[{"taxonomy":"product_brand","embeddable":true,"href":"https:\/\/www.buildinglift.com\/lt\/wp-json\/wp\/v2\/product_brand?post=5716"},{"taxonomy":"product_cat","embeddable":true,"href":"https:\/\/www.buildinglift.com\/lt\/wp-json\/wp\/v2\/product_cat?post=5716"},{"taxonomy":"product_tag","embeddable":true,"href":"https:\/\/www.buildinglift.com\/lt\/wp-json\/wp\/v2\/product_tag?post=5716"}],"curies":[{"name":"wp","href":"https:\/\/api.w.org\/{rel}","templated":true}]}}