{"id":5709,"date":"2023-09-22T14:28:00","date_gmt":"2023-09-22T14:28:00","guid":{"rendered":"https:\/\/www.buildinglift.com\/?post_type=product&#038;p=5709"},"modified":"2023-12-12T22:22:21","modified_gmt":"2023-12-13T06:22:21","slug":"window-cleaning-suspended-working-platform","status":"publish","type":"product","link":"https:\/\/www.buildinglift.com\/lt\/produktas\/window-cleaning-suspended-working-platform\/","title":{"rendered":"Lang\u0173 valymo pakabinama darbo platforma"},"content":{"rendered":"<p>Window cleaning suspended platform composed by working platform and the suspension system. It is easy to assemble and disassemble, set with the safety device, it is safe for high altitude work.<\/p>\n<p><strong>Product details<br \/>\n<\/strong>\u2013<a href=\"https:\/\/www.buildinglift.com\/product\/window-cleaning-suspended-working-platform\/\"> Accessories of working platform<\/a><br \/>\nElectric control box: scientific design, waterproof and anti-collision<br \/>\nSafety lock: high intensive stainless steel, 100% qualified<br \/>\nWire rope: diameter 8.3mm<br \/>\nCable: GB2.0 level, natural weather resistance rubber<br \/>\nHoist: high quality, durable<br \/>\nFour kinds of counter weight you can choose: Iron-cast, concrete, concrete with steel cover or concrete with zinc coated.<br \/>\n\u2013 The suspension mechanism is applicable to different types of roofs and convenient to deliver building materials. Also we provide parapet clamps device.<\/p>\n<p>ZLP serija \u2013 laikina pakabinam\u0173 priva\u017eiavimo \u012franga \u2013 yra novatori\u0161kas \u201eSUCCESS Company\u201c k\u016brinys. Pagrindin\u0117 jos funkcija \u2013 tai elektrin\u0117 laipiojimo tipo dekoravimo ma\u0161ina, daugiausia naudojama auk\u0161tybini\u0173 ir daugiaauk\u0161\u010di\u0173 pastat\u0173 statybai, dekoravimui, valymui ir prie\u017ei\u016brai. D\u0117l savo universalumo j\u0105 galima naudoti ir kituose in\u017eineriniuose darbuose, tokiuose kaip lift\u0173 montavimas, dideli\u0173 rezervuar\u0173 statyba, tilt\u0173 statyba ir u\u017etvank\u0173 darbai.<\/p>\n<p>ZLP serija i\u0161siskiria auk\u0161\u010diausia kokybe ir profesionaliu aptarnavimu. Augant jos reputacijai ir patikimumui, i\u0161augo ir jos tarptautinis mastas. \u201eSUCCESS Company\u201c produktai dabar eksportuojami \u012f daugiau nei 70 \u0161ali\u0173 ir region\u0173, \u012fskaitant Singap\u016br\u0105, Rusij\u0105, Jungtinius Arab\u0173 Emyratus, \u010cil\u0119 ir Peru. \u012emon\u0117s \u012fsipareigojimas siekti meistri\u0161kumo atsispindi jos produktuose, kurie atitinka Europos standartus ir yra gav\u0119 CE sertifikat\u0105.<\/p>\n<p>Galime suprojektuoti ir pagaminti vis\u0173 r\u016b\u0161i\u0173 specialias pakabinamas platformas, pritaikytas bet kokioms s\u0105lygoms ir atitinkan\u010dias klient\u0173 specialius reikalavimus. Pavyzd\u017eiui, L kojos vienviet\u0117 platforma, kampin\u0117 pakabinama platforma, dviauk\u0161t\u0117 platforma, BMU gondola, vienviet\u0117 pakabinama k\u0117d\u0117, apskrito tipo pakabinama platforma, kilnojama galin\u0117 kilpel\u0117, ZLP350 pakabinama platforma.<\/p>\n<p>Kabinama platforma, \u017einoma kaip didelio auk\u0161\u010dio \/ auk\u0161tos prieigos statybin\u0117 technika, visame pasaulyje \u017einoma \u012fvairiais pavadinimais. \u0160iaur\u0117s Amerikoje ji vadinama s\u016bpuokline platforma, o Vietname \u2013 San Treo gondola. Rusijoje ji vadinama \u0444\u0430\u0441\u0430\u0434\u043d\u044b\u0445 \u043f\u043e\u0434\u0432\u0435\u0441\u043d\u044b\u0445 \u043f\u043b\u043e\u0449\u0430\u0434\u043e\u043a. Ispani\u0161kai kalban\u010diose \u0161alyse, \u012fskaitant \u010cil\u0119, Peru, Kolumbij\u0105, Argentin\u0105 ir Ispanij\u0105, ji vadinama andamios colgantes arba plataformas suspendidas.<\/p>\n<p>Statybini\u0173 ma\u0161in\u0173 pasaulyje \u201eSUCCESS Company\u201c ZLP serija u\u017e\u0117m\u0117 savo ni\u0161\u0105. D\u0117l savo universalumo, auk\u0161\u010diausios kokyb\u0117s ir plataus pritaikymo spektro ji yra nepakei\u010diamas \u012frankis daugiaauk\u0161\u010di\u0173 ir daugiaauk\u0161\u010di\u0173 pastat\u0173 projektuose. S\u0117km\u0119 \u012frodo tai, kad ZLP serija pasiek\u0117 daugiau nei 70 \u0161ali\u0173 ir region\u0173, atitikdama Europos standartus ir gavusi CE sertifikat\u0105.<\/p>\n<p>Whether it&#8217;s known as the swing stage in North America, San treo gondola in Vietnam, \u0444\u0430\u0441\u0430\u0434\u043d\u044b\u0445 \u043f\u043e\u0434\u0432\u0435\u0441\u043d\u044b\u0445 \u043f\u043b\u043e\u0449\u0430\u0434\u043e\u043a in Russia, or andamios colgantes and <a href=\"https:\/\/www.buildinglift.com\/product\/window-cleaning-suspended-working-platform\/\">plataformas suspendidas<\/a> in Spanish-speaking countries, the ZLP series is recognized and valued for its contribution to high altitude\/high access construction projects. As SUCCESS Company continues to innovate and improve, the ZLP series is set to remain a staple in the construction industry worldwide.<\/p>\n<p><strong>Pakabinamas platforminis keltuvas \u2013 ilgaam\u017eis.<\/strong><br \/>\n1. Liejimo korpusas pagamintas i\u0161 specialios aliuminio med\u017eiagos, apdorojamas importuotame apdirbimo centre gravitacinio liejimo b\u016bdu. Produktas pasi\u017eymi geru tikslumu ir ilgaam\u017ei\u0161kumu. Liejiniai yra atsparesni kritimams nei liejiniai sl\u0117giu ir ma\u017eiau link\u0119 \u012ftr\u016bkti.<br \/>\n2. Varomojo disko med\u017eiaga yra 40Cr, svoris 5,4 kg, po gr\u016bdinimo ir pavir\u0161iaus azotinimo apdorojimo ji yra atsparesn\u0117 dilimui ir ilgaam\u017e\u0117.<br \/>\n3. Sliekratis pagamintas i\u0161 alavo-fosforin\u0117s bronzos 9-4 vario, 0,94 kg, gero tvirtumo ir atsparumo dilimui. Slieko ir krumpliara\u010dio veleno med\u017eiaga yra 38CrMoA1, i\u0161 kuri\u0173 sliekas sveria 0,48 kg, tod\u0117l pasi\u017eymi geru tvirtumu ir atsparumu dilimui.<br \/>\n4. Virv\u0117s kreiptuvas pagamintas i\u0161 specialaus dilimui atsparaus ner\u016bdijan\u010dio plieno, kuris n\u0117ra lengvai pa\u017eeid\u017eiamas ir neu\u017estringa. Gedimo kaina yra labai ma\u017ea ir paprastai nereikia keisti.<\/p>","protected":false},"excerpt":{"rendered":"<p><strong>Model No<\/strong>.: ZLP630<br \/>\n<strong>Med\u017eiaga<\/strong>:\u00a0 Aluminum alloy or steel<br \/>\n<strong>Nominali apkrova<\/strong>:\u00a0 630kg<br \/>\n<strong>K\u0117limo auk\u0161tis<\/strong>: 100M or 150M<br \/>\n<strong>Lifting Speed<\/strong>:\u00a0 9.6m\/min<br \/>\n<strong>Dimension(L*W*H)<\/strong>: (2000mm*3) *690mm*1300mm<br \/>\n<strong>Gamybos kvalifikacija<\/strong><br \/>\nMes i\u0161laik\u0117me ISO9001: 2008, CE ir EAC sertifikatus.<\/p>","protected":false},"featured_media":5712,"template":"","meta":[],"product_brand":[],"product_cat":[147],"product_tag":[],"class_list":{"0":"post-5709","1":"product","2":"type-product","3":"status-publish","4":"has-post-thumbnail","6":"product_cat-suspended-platform","8":"first","9":"instock","10":"shipping-taxable","11":"product-type-simple"},"acf":[],"_links":{"self":[{"href":"https:\/\/www.buildinglift.com\/lt\/wp-json\/wp\/v2\/product\/5709","targetHints":{"allow":["GET"]}}],"collection":[{"href":"https:\/\/www.buildinglift.com\/lt\/wp-json\/wp\/v2\/product"}],"about":[{"href":"https:\/\/www.buildinglift.com\/lt\/wp-json\/wp\/v2\/types\/product"}],"version-history":[{"count":0,"href":"https:\/\/www.buildinglift.com\/lt\/wp-json\/wp\/v2\/product\/5709\/revisions"}],"wp:featuredmedia":[{"embeddable":true,"href":"https:\/\/www.buildinglift.com\/lt\/wp-json\/wp\/v2\/media\/5712"}],"wp:attachment":[{"href":"https:\/\/www.buildinglift.com\/lt\/wp-json\/wp\/v2\/media?parent=5709"}],"wp:term":[{"taxonomy":"product_brand","embeddable":true,"href":"https:\/\/www.buildinglift.com\/lt\/wp-json\/wp\/v2\/product_brand?post=5709"},{"taxonomy":"product_cat","embeddable":true,"href":"https:\/\/www.buildinglift.com\/lt\/wp-json\/wp\/v2\/product_cat?post=5709"},{"taxonomy":"product_tag","embeddable":true,"href":"https:\/\/www.buildinglift.com\/lt\/wp-json\/wp\/v2\/product_tag?post=5709"}],"curies":[{"name":"wp","href":"https:\/\/api.w.org\/{rel}","templated":true}]}}