{"id":5703,"date":"2023-09-22T14:20:30","date_gmt":"2023-09-22T14:20:30","guid":{"rendered":"https:\/\/www.buildinglift.com\/?post_type=product&#038;p=5703"},"modified":"2023-12-12T22:20:51","modified_gmt":"2023-12-13T06:20:51","slug":"isoriniu-langu-valymo-pakabinama-platforma-pagaminta-pagal-uzsakyma-vertikali-pagal-uzsakyma-pakabinama-platforma","status":"publish","type":"product","link":"https:\/\/www.buildinglift.com\/lt\/produktas\/isoriniu-langu-valymo-pakabinama-platforma-pagaminta-pagal-uzsakyma-vertikali-pagal-uzsakyma-pakabinama-platforma\/","title":{"rendered":"I\u0161orini\u0173 lang\u0173 valymo pakabinama platforma, pagaminta pagal u\u017esakym\u0105 vertikaliai \/ pagal u\u017esakym\u0105 pakabinama platforma"},"content":{"rendered":"<p>Galime suprojektuoti ir pagaminti vis\u0173 r\u016b\u0161i\u0173 specialias pakabinamas platformas, pritaikytas bet kokioms s\u0105lygoms ir atitinkan\u010dias klient\u0173 specialius reikalavimus. Pavyzd\u017eiui, L kojos vienviet\u0117 platforma, kampin\u0117 pakabinama platforma, dviauk\u0161t\u0117 platforma, BMU gondola, vienviet\u0117 pakabinama k\u0117d\u0117, apskrito tipo pakabinama platforma, kilnojama galin\u0117 kilpel\u0117, ZLP350 pakabinama platforma.<\/p>\n<p><strong>Produkto savyb\u0117 ir taikymas<\/strong><br \/>\n\u2013 Auk\u0161ta kokyb\u0117 u\u017e konkurencing\u0105 kain\u0105<br \/>\n\u2013 Lengva surinkti<br \/>\n\u2013 Sklandus valdymas<br \/>\n\u2013 Darbin\u012f auk\u0161t\u012f galima reguliuoti<br \/>\n\u2013 \u012etampa gali b\u016bti reguliuojama<br \/>\n\u2013 Patvarus ir saugus<\/p>\n<p>ZLP serija i\u0161siskiria auk\u0161\u010diausia kokybe ir profesionaliu aptarnavimu. Augant jos reputacijai ir patikimumui, i\u0161augo ir jos tarptautinis mastas. \u201eSUCCESS Company\u201c produktai dabar eksportuojami \u012f daugiau nei 70 \u0161ali\u0173 ir region\u0173, \u012fskaitant Singap\u016br\u0105, Rusij\u0105, Jungtinius Arab\u0173 Emyratus, \u010cil\u0119 ir Peru. \u012emon\u0117s \u012fsipareigojimas siekti meistri\u0161kumo atsispindi jos produktuose, kurie atitinka Europos standartus ir yra gav\u0119 CE sertifikat\u0105.<\/p>\n<p>Galime suprojektuoti ir pagaminti vis\u0173 r\u016b\u0161i\u0173 specialias pakabinamas platformas, pritaikytas bet kokioms s\u0105lygoms ir atitinkan\u010dias klient\u0173 specialius reikalavimus. Pavyzd\u017eiui, L kojos vienviet\u0117 platforma, kampin\u0117 pakabinama platforma, dviauk\u0161t\u0117 platforma, BMU gondola, vienviet\u0117 pakabinama k\u0117d\u0117, apskrito tipo pakabinama platforma, kilnojama galin\u0117 kilpel\u0117, ZLP350 pakabinama platforma.<\/p>\n<p><strong><a href=\"https:\/\/www.buildinglift.com\/product\/exterior-window-cleaning-hanging-platform-custom-made-vertical-custom-suspended-platform\/\">Pakabinama platforma<\/a> Keltuvas \u2013 ilgaam\u017eis<\/strong><br \/>\n1. Liejimo korpusas pagamintas i\u0161 specialios aliuminio med\u017eiagos, apdorojamas importuotame apdirbimo centre gravitacinio liejimo b\u016bdu. Produktas pasi\u017eymi geru tikslumu ir ilgaam\u017ei\u0161kumu. Liejiniai yra atsparesni kritimams nei liejiniai sl\u0117giu ir ma\u017eiau link\u0119 \u012ftr\u016bkti.<br \/>\n2. Varomojo disko med\u017eiaga yra 40Cr, svoris 5,4 kg, po gr\u016bdinimo ir pavir\u0161iaus azotinimo apdorojimo ji yra atsparesn\u0117 dilimui ir ilgaam\u017e\u0117.<br \/>\n3. Sliekratis pagamintas i\u0161 alavo-fosforin\u0117s bronzos 9-4 vario, 0,94 kg, gero tvirtumo ir atsparumo dilimui. Slieko ir krumpliara\u010dio veleno med\u017eiaga yra 38CrMoA1, i\u0161 kuri\u0173 sliekas sveria 0,48 kg, tod\u0117l pasi\u017eymi geru tvirtumu ir atsparumu dilimui.<br \/>\n4. Virv\u0117s kreiptuvas pagamintas i\u0161 specialaus dilimui atsparaus ner\u016bdijan\u010dio plieno, kuris n\u0117ra lengvai pa\u017eeid\u017eiamas ir neu\u017estringa. Gedimo kaina yra labai ma\u017ea ir paprastai nereikia keisti.<\/p>","protected":false},"excerpt":{"rendered":"<p><strong>Modelio Nr.<\/strong>ZLP1000 ZLP800 ZLP630 ZLP500<br \/>\n<strong>Med\u017eiaga<\/strong>Plienas arba aliuminio lydinys (rekomenduojama)<br \/>\n<strong>Nominali apkrova<\/strong>: 1000 kg 800 kg 600 kg\u2026<br \/>\n<strong>K\u0117limo auk\u0161tis<\/strong>: Nuo 100 iki 150 mln.<br \/>\n<strong>K\u0117limo greitis<\/strong>: 9\u201311 m\/min<br \/>\n<strong>Gamybos kvalifikacija<\/strong><br \/>\nMes i\u0161laik\u0117me ISO9001: 2008, CE ir EAC sertifikatus.<\/p>","protected":false},"featured_media":5708,"template":"","meta":[],"product_brand":[],"product_cat":[147],"product_tag":[155,154],"class_list":{"0":"post-5703","1":"product","2":"type-product","3":"status-publish","4":"has-post-thumbnail","6":"product_cat-suspended-platform","7":"product_tag-custom-suspended-platform","8":"product_tag-exterior-window-cleaning-hanging-platform-custom-made-vertical","10":"first","11":"instock","12":"shipping-taxable","13":"product-type-simple"},"acf":[],"_links":{"self":[{"href":"https:\/\/www.buildinglift.com\/lt\/wp-json\/wp\/v2\/product\/5703","targetHints":{"allow":["GET"]}}],"collection":[{"href":"https:\/\/www.buildinglift.com\/lt\/wp-json\/wp\/v2\/product"}],"about":[{"href":"https:\/\/www.buildinglift.com\/lt\/wp-json\/wp\/v2\/types\/product"}],"version-history":[{"count":0,"href":"https:\/\/www.buildinglift.com\/lt\/wp-json\/wp\/v2\/product\/5703\/revisions"}],"wp:featuredmedia":[{"embeddable":true,"href":"https:\/\/www.buildinglift.com\/lt\/wp-json\/wp\/v2\/media\/5708"}],"wp:attachment":[{"href":"https:\/\/www.buildinglift.com\/lt\/wp-json\/wp\/v2\/media?parent=5703"}],"wp:term":[{"taxonomy":"product_brand","embeddable":true,"href":"https:\/\/www.buildinglift.com\/lt\/wp-json\/wp\/v2\/product_brand?post=5703"},{"taxonomy":"product_cat","embeddable":true,"href":"https:\/\/www.buildinglift.com\/lt\/wp-json\/wp\/v2\/product_cat?post=5703"},{"taxonomy":"product_tag","embeddable":true,"href":"https:\/\/www.buildinglift.com\/lt\/wp-json\/wp\/v2\/product_tag?post=5703"}],"curies":[{"name":"wp","href":"https:\/\/api.w.org\/{rel}","templated":true}]}}