{"id":5654,"date":"2023-09-22T11:02:41","date_gmt":"2023-09-22T11:02:41","guid":{"rendered":"https:\/\/www.buildinglift.com\/?post_type=product&#038;p=5654"},"modified":"2023-12-12T22:17:02","modified_gmt":"2023-12-13T06:17:02","slug":"aliuminio-lydinio-pakabinama-platforma-gondola-elektrine-pakabinama-platforma-langu-valymui","status":"publish","type":"product","link":"https:\/\/www.buildinglift.com\/lt\/produktas\/aliuminio-lydinio-pakabinama-platforma-gondola-elektrine-pakabinama-platforma-langu-valymui\/","title":{"rendered":"ALIUMINIO LYDINIO PAKABINAMA PLATFORMA GONDOLA \/ ELEKTRIN\u0116 PAKABINAMA PLATFORMA LANG\u0172 VALYMUI"},"content":{"rendered":"<p>Pakabinamos platformos per\u0117m\u0117 pastoli\u0173 kop\u0117\u010di\u0173 vaidmen\u012f. Pakabinamos platformos yra mechaniniai \u012ftaisai, kurie pakelia darbuotojus \u012f or\u0105, kad jie gal\u0117t\u0173 atlikti darbus sunkiai pasiekiamuose auk\u0161\u010diuose. Jos pla\u010diai naudojamos i\u0161orini\u0173 sien\u0173 konstrukcijoje, valyme, technin\u0117je prie\u017ei\u016broje, da\u017eyme, elektrin\u0117se, laiv\u0173 statyklose, savivaldybi\u0173 projektuose ir kt.<\/p>\n<p><strong>Pakabinamos platformos strukt\u016bra<\/strong><br \/>\n(1) Darbo platforma<br \/>\n(2) Keltuvo mazgas<br \/>\n(3) Apsauginis u\u017eraktas<br \/>\n(4) Elektrinis valdymo skydas<br \/>\n(5) Pakabos mechanizmas<br \/>\n(6) Kabelis<br \/>\n(7) Vielinis lynas<\/p>\n<p><strong>Pakabinamos platformos naudojimas<\/strong><br \/>\n(1) Auk\u0161t\u0173 pastat\u0173 fasad\u0173 prie\u017ei\u016bra, da\u017eymas ir valymas<br \/>\n(2) Lang\u0173 valymas ir montavimas<br \/>\n(3) Dideli\u0173 talp\u0173, kamin\u0173, u\u017etvank\u0173, tilt\u0173 statybos ap\u017ei\u016bra ir prie\u017ei\u016bra<br \/>\n(4) Dideli\u0173 laiv\u0173 prie\u017ei\u016bra, valymas, da\u017eymas<\/p>\n<p>ZLP serija \u2013 laikina pakabinam\u0173 priva\u017eiavimo \u012franga \u2013 yra novatori\u0161kas \u201eSUCCESS Company\u201c k\u016brinys. Pagrindin\u0117 jos funkcija \u2013 tai elektrin\u0117 laipiojimo tipo dekoravimo ma\u0161ina, daugiausia naudojama auk\u0161tybini\u0173 ir daugiaauk\u0161\u010di\u0173 pastat\u0173 statybai, dekoravimui, valymui ir prie\u017ei\u016brai. D\u0117l savo universalumo j\u0105 galima naudoti ir kituose in\u017eineriniuose darbuose, tokiuose kaip lift\u0173 montavimas, dideli\u0173 rezervuar\u0173 statyba, tilt\u0173 statyba ir u\u017etvank\u0173 darbai.<\/p>\n<p>ZLP serija i\u0161siskiria auk\u0161\u010diausia kokybe ir profesionaliu aptarnavimu. Augant jos reputacijai ir patikimumui, i\u0161augo ir jos tarptautinis mastas. \u201eSUCCESS Company\u201c produktai dabar eksportuojami \u012f daugiau nei 70 \u0161ali\u0173 ir region\u0173, \u012fskaitant Singap\u016br\u0105, Rusij\u0105, Jungtinius Arab\u0173 Emyratus, \u010cil\u0119 ir Peru. \u012emon\u0117s \u012fsipareigojimas siekti meistri\u0161kumo atsispindi jos produktuose, kurie atitinka Europos standartus ir yra gav\u0119 CE sertifikat\u0105.<\/p>\n<p>Galime suprojektuoti ir pagaminti vis\u0173 r\u016b\u0161i\u0173 specialias pakabinamas platformas, pritaikytas bet kokioms s\u0105lygoms ir atitinkan\u010dias klient\u0173 specialius reikalavimus. Pavyzd\u017eiui, L kojos vienviet\u0117 platforma, kampin\u0117 pakabinama platforma, dviauk\u0161t\u0117 platforma, BMU gondola, vienviet\u0117 pakabinama k\u0117d\u0117, apskrito tipo pakabinama platforma, kilnojama galin\u0117 kilpel\u0117, ZLP350 pakabinama platforma.<\/p>\n<p>Kabinama platforma, \u017einoma kaip didelio auk\u0161\u010dio \/ auk\u0161tos prieigos statybin\u0117 technika, visame pasaulyje \u017einoma \u012fvairiais pavadinimais. \u0160iaur\u0117s Amerikoje ji vadinama s\u016bpuokline platforma, o Vietname \u2013 San Treo gondola. Rusijoje ji vadinama \u0444\u0430\u0441\u0430\u0434\u043d\u044b\u0445 \u043f\u043e\u0434\u0432\u0435\u0441\u043d\u044b\u0445 \u043f\u043b\u043e\u0449\u0430\u0434\u043e\u043a. Ispani\u0161kai kalban\u010diose \u0161alyse, \u012fskaitant \u010cil\u0119, Peru, Kolumbij\u0105, Argentin\u0105 ir Ispanij\u0105, ji vadinama andamios colgantes arba plataformas suspendidas.<\/p>\n<p>Statybini\u0173 ma\u0161in\u0173 pasaulyje \u201eSUCCESS Company\u201c ZLP serija u\u017e\u0117m\u0117 savo ni\u0161\u0105. D\u0117l savo universalumo, auk\u0161\u010diausios kokyb\u0117s ir plataus pritaikymo spektro ji yra nepakei\u010diamas \u012frankis daugiaauk\u0161\u010di\u0173 ir daugiaauk\u0161\u010di\u0173 pastat\u0173 projektuose. S\u0117km\u0119 \u012frodo tai, kad ZLP serija pasiek\u0117 daugiau nei 70 \u0161ali\u0173 ir region\u0173, atitikdama Europos standartus ir gavusi CE sertifikat\u0105.<\/p>\n<p>Ar \u0160iaur\u0117s Amerikoje tai vadinama \u201es\u016bpuokl\u0117mis\u201c, Vietname \u2013 \u201eSan Treo gondola\u201c, Rusijoje \u2013 \u201e\u0444\u0430\u0441\u0430\u0434\u043d\u044b\u0445 \u043f\u043e\u0434\u0432\u0435\u0441\u043d\u044b\u0445 \u043f\u043b\u043e\u0449\u0430\u0434\u043e\u043a\u201c, o ispani\u0161kai kalban\u010diose \u0161alyse \u2013 \u201eandamios colgantes\u201c ir \u201eplataformas suspensidas\u201c, ZLP serija yra pripa\u017einta ir vertinama u\u017e savo ind\u0117l\u012f \u012f didelio auk\u0161\u010dio \/ auk\u0161tos prieigos statybos projektus. \u201eSUCCESS Company\u201c nuolat diegiant naujoves ir tobul\u0117jant, ZLP serija tur\u0117t\u0173 i\u0161likti pagrindiniu statyb\u0173 pramon\u0117s produktu visame pasaulyje.<\/p>\n<p><strong>Pakabinamas platforminis keltuvas \u2013 ilgaam\u017eis.<\/strong><br \/>\n1. Liejimo korpusas pagamintas i\u0161 specialios aliuminio med\u017eiagos, apdorojamas importuotame apdirbimo centre gravitacinio liejimo b\u016bdu. Produktas pasi\u017eymi geru tikslumu ir ilgaam\u017ei\u0161kumu. Liejiniai yra atsparesni kritimams nei liejiniai sl\u0117giu ir ma\u017eiau link\u0119 \u012ftr\u016bkti.<br \/>\n2. Varomojo disko med\u017eiaga yra 40Cr, svoris 5,4 kg, po gr\u016bdinimo ir pavir\u0161iaus azotinimo apdorojimo ji yra atsparesn\u0117 dilimui ir ilgaam\u017e\u0117.<br \/>\n3. Sliekratis pagamintas i\u0161 alavo-fosforin\u0117s bronzos 9-4 vario, 0,94 kg, gero tvirtumo ir atsparumo dilimui. Slieko ir krumpliara\u010dio veleno med\u017eiaga yra 38CrMoA1, i\u0161 kuri\u0173 sliekas sveria 0,48 kg, tod\u0117l pasi\u017eymi geru tvirtumu ir atsparumu dilimui.<br \/>\n4. Virv\u0117s kreiptuvas pagamintas i\u0161 specialaus dilimui atsparaus ner\u016bdijan\u010dio plieno, kuris n\u0117ra lengvai pa\u017eeid\u017eiamas ir neu\u017estringa. Gedimo kaina yra labai ma\u017ea ir paprastai nereikia keisti.<\/p>","protected":false},"excerpt":{"rendered":"<p><strong>Tipas<\/strong>ZLP darbo platforma statybai<br \/>\n<strong>Prek\u0117s \u017eenklas<\/strong>S\u0116KM\u0116<br \/>\n<strong>Parai\u0161ka<\/strong>Pastat\u0173 statyba<br \/>\n<strong>Med\u017eiaga<\/strong>Aliuminio lydinys<br \/>\n<strong>Spalva<\/strong>: Individualus<br \/>\n<strong>sertifikatas<\/strong>CE ISO<br \/>\n<strong>\u012etampa<\/strong>: 380 V (galima pritaikyti)<br \/>\n<strong>Keliamoji galia<\/strong>: 500 kg \/ 630 kg \/ 800 kg \/ 1000 kg<br \/>\n<strong>Naudojimas<\/strong>Auk\u0161tybini\u0173 pastat\u0173 prie\u017ei\u016bros darbai<br \/>\n<strong>Produkto pavadinimas<\/strong>Zlp k\u0117limo pakabinama platforma<br \/>\n<strong>Nominali apkrova<\/strong>: 500 kg \/ 630 kg \/ 800 kg \/ 1000 kg<\/p>","protected":false},"featured_media":5659,"template":"","meta":[],"product_brand":[],"product_cat":[147],"product_tag":[150,151],"class_list":{"0":"post-5654","1":"product","2":"type-product","3":"status-publish","4":"has-post-thumbnail","6":"product_cat-suspended-platform","7":"product_tag-aluminum-alloy-suspended-platform","8":"product_tag-electric-suspended-platform","10":"first","11":"instock","12":"shipping-taxable","13":"product-type-simple"},"acf":[],"_links":{"self":[{"href":"https:\/\/www.buildinglift.com\/lt\/wp-json\/wp\/v2\/product\/5654","targetHints":{"allow":["GET"]}}],"collection":[{"href":"https:\/\/www.buildinglift.com\/lt\/wp-json\/wp\/v2\/product"}],"about":[{"href":"https:\/\/www.buildinglift.com\/lt\/wp-json\/wp\/v2\/types\/product"}],"version-history":[{"count":0,"href":"https:\/\/www.buildinglift.com\/lt\/wp-json\/wp\/v2\/product\/5654\/revisions"}],"wp:featuredmedia":[{"embeddable":true,"href":"https:\/\/www.buildinglift.com\/lt\/wp-json\/wp\/v2\/media\/5659"}],"wp:attachment":[{"href":"https:\/\/www.buildinglift.com\/lt\/wp-json\/wp\/v2\/media?parent=5654"}],"wp:term":[{"taxonomy":"product_brand","embeddable":true,"href":"https:\/\/www.buildinglift.com\/lt\/wp-json\/wp\/v2\/product_brand?post=5654"},{"taxonomy":"product_cat","embeddable":true,"href":"https:\/\/www.buildinglift.com\/lt\/wp-json\/wp\/v2\/product_cat?post=5654"},{"taxonomy":"product_tag","embeddable":true,"href":"https:\/\/www.buildinglift.com\/lt\/wp-json\/wp\/v2\/product_tag?post=5654"}],"curies":[{"name":"wp","href":"https:\/\/api.w.org\/{rel}","templated":true}]}}