{"id":1402,"date":"2023-02-09T11:05:42","date_gmt":"2023-02-09T11:05:42","guid":{"rendered":"https:\/\/www.buildinglift.com\/?page_id=1402"},"modified":"2023-12-12T21:37:18","modified_gmt":"2023-12-13T05:37:18","slug":"gaminio-naudojimo-saugumas","status":"publish","type":"page","link":"https:\/\/www.buildinglift.com\/lt\/gaminio-naudojimo-saugumas\/","title":{"rendered":"Produkto naudojimo sauga"},"content":{"rendered":"<div data-elementor-type=\"wp-page\" data-elementor-id=\"1402\" class=\"elementor elementor-1402\">\n\t\t\t\t<div class=\"elementor-element elementor-element-f26b11c e-flex e-con-boxed e-con e-parent\" data-id=\"f26b11c\" data-element_type=\"container\" data-e-type=\"container\">\n\t\t\t\t\t<div class=\"e-con-inner\">\n\t\t\t\t<div class=\"elementor-element elementor-element-1051740 elementor-widget elementor-widget-text-editor\" data-id=\"1051740\" data-element_type=\"widget\" data-e-type=\"widget\" data-widget_type=\"text-editor.default\">\n\t\t\t\t<div class=\"elementor-widget-container\">\n\t\t\t\t\t\t\t\t\t<p><span style=\"color: #000000;\"><strong>Skubi pagalba statyb\u0173 metu<\/strong><\/span><br \/><span style=\"color: #000000;\"><strong>Statyb\u0173 metu, jei susiduriate su \u0161iomis ypatingomis aplinkyb\u0117mis, tur\u0117tum\u0117te i\u0161likti ram\u016bs ir imtis tinkam\u0173 avarini\u0173 priemoni\u0173.<\/strong><\/span><\/p><p><span style=\"color: #000000;\"><strong>Staigus elektros energijos tiekimo nutraukimas statyb\u0173 metu<\/strong><\/span><br \/><span style=\"color: #000000;\">Statybos metu staiga nutr\u016bkus elektros tiekimui, elektros d\u0117\u017eut\u0117s maitinimo jungikl\u012f reikia nedelsiant i\u0161jungti, kad b\u016bt\u0173 i\u0161vengta nelaiming\u0173 atsitikim\u0173 elektros energijos perdavimo metu. Gavus prane\u0161im\u0105 apie i\u0161kvietim\u0105, maitinimo jungiklis \u012fjungiamas ir darbai pradedami po to, kai patikrinama, ar \u012frenginys yra normalus.<\/span><br \/><span style=\"color: #000000;\">Jei po elektros energijos tiekimo nutraukimo reikia gr\u012f\u017eti ant \u017eem\u0117s, tur\u0117tum\u0117te pakelti rankin\u0119 keltuvo ranken\u0105 nuokalne u\u017e abiej\u0173 gal\u0173, kad pakabos platforma gal\u0117t\u0173 laisvai slysti \u012f <strong>\u017eem\u0117.<\/strong><\/span><br \/><span style=\"color: #000000;\"><strong>Pakabos platformos negalima sustabdyti atleidus mygtuk\u0105 k\u0117limo ir nuleidimo metu.<\/strong><\/span><br \/><span style=\"color: #000000;\">Kai k\u0117limo ir nuleidimo metu pakabos platformos nepavyksta sustabdyti atleidus mygtuk\u0105, nedelsdami paspauskite raudon\u0105 avarin\u012f jungikl\u012f, esant\u012f ant elektros d\u0117\u017eut\u0117s dureli\u0173, kad pakabos platforma skubiai sustabdyt\u0173. Tada i\u0161junkite elektros d\u0117\u017eut\u0117s maitinimo jungikl\u012f, patikrinkite kontaktoriaus kontaktin\u0119 b\u016bkl\u0119, nuvalykite riebalus nuo kontaktoriaus pavir\u0161iaus ir, kai kontaktorius v\u0117l veiks \u012fprastai, u\u017edarykite maitinimo jungikl\u012f ir rankiniu b\u016bdu nuleiskite pakabos platform\u0105 ant \u017eem\u0117s techninei prie\u017ei\u016brai.<\/span><br \/><span style=\"color: #000000;\"><strong>pakabos platforma tur\u0117t\u0173 b\u016bti horizontaliai pasvirusi ir automati\u0161kai u\u017efiksuoti virv\u0119<\/strong><\/span><br \/><span style=\"color: #000000;\">Kai pakabos platforma kylant ir leid\u017eiantis slysta \u017eemyn arba vienas galas tam tikru mastu slysta, saugos u\u017eraktas automati\u0161kai u\u017efiksuoja lyn\u0105. Tokiu atveju nedelsdami sustokite, tada elektros d\u0117\u017eut\u0117s perjungimo jungikl\u012f perjunkite \u012f apatin\u012f platformos gal\u0105 ir paspauskite auk\u0161tyn mygtuk\u0105. Apatinis pakabos platformos galas pakeliamas \u012f horizontali\u0105 atk\u016brimo pad\u0117t\u012f. Kai saugos u\u017eraktas automati\u0161kai gr\u012f\u017eta \u012f atrakinimo b\u016bsen\u0105, pakabos platforma nuleid\u017eiama ant \u017eem\u0117s, o elektromagnetini\u0173 stabd\u017ei\u0173 tarpai abiejuose galuose patikrinami ir sureguliuojami, kad atitikt\u0173 reikalavimus; arba patikrinamas sukimosi grei\u010dio skirtumas tarp dviej\u0173 gal\u0173, jei skirtumas akivaizdus, reik\u0117t\u0173 pakeisti varikliu.<\/span><br \/><span style=\"color: #000000;\"><strong>pakelkite ma\u0161inos kortel\u0117s vielin\u012f lyn\u0105<\/strong><\/span><br \/><span style=\"color: #000000;\">Darbinis vielinis lynas u\u017estrigo keltuve d\u0117l atsilaisvinusi\u0173 gij\u0173, sulinkim\u0173 ar k\u0117limo ma\u0161inos dali\u0173. Pakabos platformoje esantis statybos personalas evakuojamas u\u017etikrinant saugum\u0105, o profesionaliai apmokytas technin\u0117s prie\u017ei\u016bros personalas siun\u010diamas \u012f pakabos platform\u0105 techninei prie\u017ei\u016brai. Pirmiausia apsauginis vielinis lynas apvyniojamas ant k\u0117limo r\u0117mo i\u0161 abiej\u0173 gal\u0173, o abu apsauginio vielinio lyno galai pritvirtinami lyno sagtimi. Tada atlaisvinkite apsauginio \u017eiedo \u017eied\u0105 ant abiej\u0173 gal\u0173 apsauginio u\u017erakto svirties, kad atjungtum\u0117te darbin\u012f vielin\u012f lyn\u0105 nuo volelio, kad abiej\u0173 gal\u0173 apsauginiai u\u017eraktai b\u016bt\u0173 u\u017erakto lyno b\u016bsenoje. Atlikus min\u0117tas saugos priemones, nuimkite keltuvo patikrinim\u0105 ir i\u0161traukite \u012fstrigus\u012f vielin\u012f lyn\u0105. Jei reikia, nupjaukite vielin\u012f lyn\u0105 ir atidarykite k\u0117limo dangt\u012f, kad patikrintum\u0117te ir atsargiai i\u0161imtum\u0117te keltuve likus\u012f vielin\u012f lyn\u0105. Tuo pa\u010diu metu pakeiskite nauj\u0105 vielin\u012f lyn\u0105 atitinkamoje pakabos mechanizmo pad\u0117tyje, pad\u0117kite vielin\u012f lyn\u0105 atgal ir \u012fki\u0161kite j\u012f \u012f keltuv\u0105, kad \u012ftemptum\u0117te vielin\u012f lyn\u0105, tada \u012fki\u0161kite darbin\u012f vielin\u012f lyn\u0105 \u012f apsauginio u\u017erakto svyravimo rato griovel\u012f ir sumontuokite apsaugin\u012f \u017eied\u0105. Atidarius apsaugin\u012f u\u017erakt\u0105, pakabos platforma pakeliama ma\u017edaug 0,5 m, kad sustot\u0173, nuimama apsauginio lyno sagtis, apsauginis lynas pastatomas vertikalioje pad\u0117tyje, o tada pakabos platforma nuleid\u017eiama ant \u017eem\u0117s ir, atlikus grie\u017et\u0105 keltuvo patikrinim\u0105 bei technin\u0119 prie\u017ei\u016br\u0105, leid\u017eiama toliau naudoti platform\u0105.<\/span><br \/><span style=\"color: #000000;\"><strong>Kai nutr\u016bksta darbinis vielinis lynas<\/strong><\/span><br \/><span style=\"color: #000000;\">Kai darbinis lynas nutr\u016bksta viename pakabos platformos gale, pakabos platforma pakrypsta, o pakreipus darbin\u0119 pad\u0117t\u012f, apsauginis u\u017eraktas automati\u0161kai u\u017esidaro, o pakabos platforma u\u017efiksuojama apsauginiame lyne. \u0160iuo metu pakabos platformoje esantis statybos personalas turi i\u0161likti ramus, grie\u017etai draud\u017eiama b\u0117gioti ir \u0161okin\u0117ti ant pakabos platformos, taip pat imtis avarini\u0173 priemoni\u0173, kai atitinkami lynai \u012fstrig\u0119 lifte.<\/span><\/p><p><span style=\"color: #000000;\"><strong>Pakabos mechanizmo montavimas, reguliavimas ir atsargumo priemon\u0117s<\/strong><\/span><\/p><p><span style=\"color: #000000;\">Montuojant pagrind\u0105, reikia pasirinkti horizontali\u0105 plok\u0161tum\u0105. Jei yra nuolydis, jis turi b\u016bti patikimai i\u0161lygintas po kampiniu ratu. Jei montavimo pavir\u0161ius yra atsparus vandeniui ir izoliuotas, po priekin\u0117mis ir galin\u0117mis s\u0117dyn\u0117mis reikia pakloti 2,5\u20133 cm storio pamink\u0161tinim\u0105, kad b\u016bt\u0173 i\u0161vengta sutrai\u0161kymo. Vandeniui atsparios izoliacijos lygis.<\/span><br \/><span style=\"color: #000000;\">Reguliuojamo atraminio laikiklio auk\u0161tis turi b\u016bti toks, kad priekin\u0117s sijos apatin\u0117 pus\u0117 b\u016bt\u0173 \u0161iek tiek auk\u0161tesn\u0117 u\u017e parapeto (ar kit\u0173 kli\u016b\u010di\u0173) auk\u0161t\u012f. Jei \u012fmanoma, \u012fsta\u010dius pakabos mechanizm\u0105, priekin\u0117s sijos apatin\u0117 pus\u0117 prailginama. Dukterin\u0117 siena tvirtinama mediniais blokeliais.<\/span><br \/><span style=\"color: #000000;\">Priekin\u0117s sijos i\u0161siki\u0161usio galo nominalus i\u0161siki\u0161imo diapazonas yra 0,3\u20131,5 metro. Kai nominalus i\u0161siki\u0161imas vir\u0161ijamas, prie\u0161 naudojim\u0105 turi b\u016bti imtasi patikim\u0173 sutvirtinimo priemoni\u0173 ir nustatytos nominalios darbin\u0117s apkrovos, kurias turi patvirtinti atsakingas skyrius.<\/span><br \/><span style=\"color: #000000;\">Atstumas tarp priekini\u0173 ir galini\u0173 s\u0117dyni\u0173 tur\u0117t\u0173 b\u016bti sureguliuotas iki maksimalaus atstumo, kiek tai \u012fmanoma atsi\u017evelgiant \u012f aik\u0161tel\u0117s s\u0105lygas.<\/span><br \/><span style=\"color: #000000;\">Atstumas tarp dviej\u0173 laikikli\u0173 tur\u0117t\u0173 b\u016bti sureguliuotas taip, kad jis b\u016bt\u0173 3\u20135 cm ma\u017eesnis u\u017e pakabos platformos ilg\u012f.<\/span><br \/><span style=\"color: #000000;\">\u012etempiant plienin\u012f lyn\u0105, priekin\u0119 sij\u0105 reikia \u0161iek tiek pakelti 3\u20135 cm, kad b\u016bt\u0173 sukurtas i\u0161ankstinis \u012ftempimas ir pagerintas priekin\u0117s sijos standumas.<\/span><br \/><span style=\"color: #000000;\">Kai vielinis lynas yra suver\u017eiamas, lyno spaustuv\u0173 skai\u010dius yra ne ma\u017eesnis kaip trys, o plieninio vielinio lyno U formos anga ir galas yra prie\u0161ingi vienas kitam, o kryptys yra tos pa\u010dios. Virv\u0117s spaustukai turi b\u016bti tvirtinami k\u0117limo ta\u0161ko tvarka, o tarp paskutinio ir ankstesnio lyno spaustuko lynas turi b\u016bti \u0161iek tiek i\u0161lenktas. Priver\u017eus lyno spaustuko ver\u017el\u0119, vielinis lynas turi b\u016bti suplotas iki 1\/2\u20131\/3 skersmens.<\/span><br \/><span style=\"color: #000000;\">Klojant vielin\u012f lyn\u0105, vielinio lyno laisv\u0105j\u012f disk\u0105 reikia pad\u0117ti ant grind\u0173. Virv\u0117s galvut\u0119 reikia atsargiai i\u0161traukti ir l\u0117tai stumti \u017eemyn i\u0161ilgai priekio. Grie\u017etai draud\u017eiama mesti vielin\u012f lyn\u0105 \u012f disk\u0105. Baigus vielin\u012f lyn\u0105, susipynus\u012f lyn\u0105 reikia atsargiai atskirti. Ant \u017eem\u0117s esant\u012f vielinio lyno pertekli\u0173 reikia kruop\u0161\u010diai supakuoti ir nebarstyti \u017eem\u0117s.<\/span><\/p><p><span style=\"color: #000000;\"><strong>Pagrindini\u0173 komponent\u0173 utilizavimo standartai<\/strong><\/span><br \/><span style=\"color: #000000;\">Pakabinamos darbo platformos pagrindiniai j\u0117gos priedai: kai pakabos mechanizmas arba pakabos platforma atrodo taip, j\u0105 reikia i\u0161mesti.<\/span><\/p><p><span style=\"color: #000000;\">Po bendro nestabilumo jo negalima taisyti ir jis turi b\u016bti i\u0161mestas.<\/span><br \/><span style=\"color: #000000;\">Kai susidaro likutin\u0117 deformacija ir jos ne\u012fmanoma pataisyti, gaminys turi b\u016bti i\u0161ardytas.<\/span><br \/><span style=\"color: #000000;\">Kai kai kurie komponentai yra negr\u012f\u017etamai deformuoti ir j\u0173 negalima pataisyti, o pavir\u0161iaus korozijos ar nusid\u0117v\u0117jimo gylis vir\u0161ija originalaus komponento 10%, atitinkami komponentai tur\u0117t\u0173 b\u016bti atiduoti \u012f metalo lau\u017e\u0105.<\/span><br \/><span style=\"color: #000000;\">Kai konstrukcin\u0117se dalyse ir suvirinimo si\u016bl\u0117se atsiranda \u012ftr\u016bkim\u0173, atsi\u017evelgiant \u012f \u012ftempi\u0173 situacij\u0105 ir \u012ftr\u016bkim\u0173 s\u0105lygas, po remonto arba sutvirtinimo priemoni\u0173 taikymo galima laikytis pradini\u0173 projektavimo reikalavim\u0173, o prie\u0161 toliau naudojant priemones, reikia atlikti remont\u0105, kad jos b\u016bt\u0173 sutvirtintos. Prie\u0161ingu atveju jas reikia utilizuoti.<\/span><\/p><p><span style=\"color: #000000;\"><strong>Kokios yra pagrindin\u0117s pakabinamos darbo platformos \u012frangos saugos priemon\u0117s?<\/strong><\/span><br \/><span style=\"color: #000000;\">A. LSB s\u016bpyn\u0117s tipo apsauginis u\u017eraktas; gali u\u017erakinti apsaugin\u012f lyn\u0105, kai darbin\u0117s platformos pasvirimo kampas yra didesnis nei 3\u20138\u00b0 arba darbinis lynas yra nutr\u016bk\u0119s;<\/span><br \/><span style=\"color: #000000;\">B. Rankinis atleidimas: nutr\u016bkus elektros tiekimui, j\u012f galima skland\u017eiai nuleisti, kad operatorius saugiai pasiekt\u0173 \u017eem\u0119;<\/span><br \/><span style=\"color: #000000;\">C. Grei\u010dio ribojimo apsauga: kai nusileidimo greitis vir\u0161ija nustatyt\u0105 saug\u0173 greit\u012f, \u012fjungiamas i\u0161centrinis l\u0117t\u0117jimo \u012ftaisas, kuris sul\u0117tina nusileidimo greit\u012f;<\/span><br \/><span style=\"color: #000000;\">D. Apsauga nuo ribini\u0173 ver\u010di\u0173: automati\u0161kai nutraukia maitinim\u0105, kai krep\u0161elio \u012franga vir\u0161ija rankiniu b\u016bdu nustatyt\u0105 maksimali\u0105 rib\u0105, ir \u012fjungia aliarmo signal\u0105;<\/span><br \/><span style=\"color: #000000;\">E. Apsauga nuo elektros perkrovos: jei variklis veikia nenormaliai arba grandin\u0117 yra nenormali ir variklis yra perkrautas, atjunkite kontaktoriaus valdymo grandin\u0119, kad atjungtum\u0117te pagrindin\u0119 grandin\u0119.<\/span><br \/><span style=\"color: #000000;\">F. Apsauga nuo nuot\u0117kio: operatorius automati\u0161kai u\u017edaro vis\u0105 grandin\u0119, kai operatorius nety\u010dia \u012fkrauna elektrin\u012f k\u016bn\u0105 ir atsiranda nuot\u0117kis;<\/span><br \/><span style=\"color: #000000;\">G. Avarinis stabdymas: nutraukite pagrindin\u0119 valdymo kilp\u0105 staigaus sutrikimo atveju (pvz., automatinio pakilimo ar kritimo).<\/span><\/p>\t\t\t\t\t\t\t\t<\/div>\n\t\t\t\t<\/div>\n\t\t\t\t\t<\/div>\n\t\t\t\t<\/div>\n\t\t\t\t<\/div>","protected":false},"excerpt":{"rendered":"<p>Emergency treatment during constructionDuring the construction, if you encounter the following special circumstances, you should keep calm and take appropriate emergency measures. Sudden power outage during constructionWhen there is a sudden power outage during construction, the power switch of the electric box should be cut off immediately to prevent accidents during power transmission. After receiving [&hellip;]<\/p>\n","protected":false},"author":1,"featured_media":0,"parent":0,"menu_order":0,"comment_status":"closed","ping_status":"closed","template":"","meta":{"footnotes":""},"class_list":["post-1402","page","type-page","status-publish","hentry"],"acf":[],"_links":{"self":[{"href":"https:\/\/www.buildinglift.com\/lt\/wp-json\/wp\/v2\/pages\/1402","targetHints":{"allow":["GET"]}}],"collection":[{"href":"https:\/\/www.buildinglift.com\/lt\/wp-json\/wp\/v2\/pages"}],"about":[{"href":"https:\/\/www.buildinglift.com\/lt\/wp-json\/wp\/v2\/types\/page"}],"author":[{"embeddable":true,"href":"https:\/\/www.buildinglift.com\/lt\/wp-json\/wp\/v2\/users\/1"}],"replies":[{"embeddable":true,"href":"https:\/\/www.buildinglift.com\/lt\/wp-json\/wp\/v2\/comments?post=1402"}],"version-history":[{"count":0,"href":"https:\/\/www.buildinglift.com\/lt\/wp-json\/wp\/v2\/pages\/1402\/revisions"}],"wp:attachment":[{"href":"https:\/\/www.buildinglift.com\/lt\/wp-json\/wp\/v2\/media?parent=1402"}],"curies":[{"name":"wp","href":"https:\/\/api.w.org\/{rel}","templated":true}]}}