{"id":5866,"date":"2023-10-19T12:07:31","date_gmt":"2023-10-19T12:07:31","guid":{"rendered":"https:\/\/www.buildinglift.com\/?post_type=product&#038;p=5866"},"modified":"2023-12-12T22:27:58","modified_gmt":"2023-12-13T06:27:58","slug":"operazione-a-mano-mini-gru-portatile-piccolo-ascensore-gru-a-pavimento-200kg-300kg-500kg-800kg-1000kg-motore-personalizzato-fornito-80","status":"publish","type":"product","link":"https:\/\/www.buildinglift.com\/it\/prodotto\/operazione-a-mano-mini-gru-portatile-piccolo-ascensore-gru-a-pavimento-200kg-300kg-500kg-800kg-1000kg-motore-personalizzato-fornito-80\/","title":{"rendered":"Mini gru mobile a funzionamento manuale, gru da pavimento portatile di piccole dimensioni, 200 kg, 300 kg, 500 kg, 800 kg, 1000 kg, motore personalizzato fornito 80"},"content":{"rendered":"<p><strong>Descrizione del prodotto:<\/strong><br \/>\nAnche le gru esterne sono <a href=\"https:\/\/www.buildinglift.com\/product\/hand-operation-mobile-mini-crane-portable-small-lift-floor-crane-200kg-300kg-500kg-800kg-1000kg-motor-customized-provided-80\/\">chiamate piccole gru<\/a>, gru mobili, mini gru, gru elettriche, ecc.<br \/>\nCaratteristiche strutturali della gru da esterno:<br \/>\nQuesto prodotto \u00e8 di piccole dimensioni, leggero, compatto e facile da usare. Utilizza una tensione di 380 V\/220 V ed \u00e8 adatto per decorazioni, operazioni di sollevamento, installazione di attrezzature, aziende di traslochi, fabbriche, officine, industria leggera e pesante, manutenzione, magazzini, logistica, ecc. La macchina \u00e8 composta da due parti: unit\u00e0 di alimentazione e staffa.<br \/>\n1. L&#039;unit\u00e0 di potenza \u00e8 composta da un motore, un riduttore, una frizione, un freno, un tamburo e una fune d&#039;acciaio. Il motore \u00e8 un motore monofase a condensatore magnetico, progettato con un meccanismo che frena in caso di interruzione dell&#039;alimentazione; il motore \u00e8 inoltre dotato di un interruttore termico e il riduttore \u00e8 un riduttore a due stadi, collegato in modo fisso al motore; il freno e il tubo di avvolgimento sono installati come un unico pezzo, il che consente di ottenere una rapida discesa.<br \/>\n2. La parte di supporto \u00e8 composta dall&#039;asta di supporto principale e dal braccio a sbalzo. Il braccio rotante pu\u00f2 ruotare di 360 gradi attorno all&#039;asta principale e all&#039;estremit\u00e0 del braccio \u00e8 presente un interruttore di marcia per prevenire incidenti di sollevamento causati da errori di azionamento o guasti del pulsante. Azionare il pulsante di avviamento per attivare la rotazione avanti e indietro del motore. La fune metallica pu\u00f2 essere avvolta e rilasciata e parte della staffa viene sollevata tramite pulegge, mentre gli oggetti vengono abbassati per completare l&#039;operazione di sollevamento.<\/p>\n<p><a href=\"https:\/\/www.buildinglift.com\/wp-content\/uploads\/Hea4ac00bb7db491598bec99393918ab8F.jpg\"><img fetchpriority=\"high\" decoding=\"async\" class=\"alignnone size-full wp-image-5874\" src=\"https:\/\/www.buildinglift.com\/wp-content\/uploads\/Hea4ac00bb7db491598bec99393918ab8F.jpg\" alt=\"\" width=\"750\" height=\"1774\" srcset=\"https:\/\/www.buildinglift.com\/wp-content\/uploads\/Hea4ac00bb7db491598bec99393918ab8F.jpg 750w, https:\/\/www.buildinglift.com\/wp-content\/uploads\/Hea4ac00bb7db491598bec99393918ab8F-600x1419.jpg 600w, https:\/\/www.buildinglift.com\/wp-content\/uploads\/Hea4ac00bb7db491598bec99393918ab8F-127x300.jpg 127w, https:\/\/www.buildinglift.com\/wp-content\/uploads\/Hea4ac00bb7db491598bec99393918ab8F-433x1024.jpg 433w, https:\/\/www.buildinglift.com\/wp-content\/uploads\/Hea4ac00bb7db491598bec99393918ab8F-649x1536.jpg 649w, https:\/\/www.buildinglift.com\/wp-content\/uploads\/Hea4ac00bb7db491598bec99393918ab8F-5x12.jpg 5w\" sizes=\"(max-width: 750px) 100vw, 750px\" \/><\/a><\/p>","protected":false},"excerpt":{"rendered":"<p>Le gru da esterno sono anche chiamate piccole gru, gru portatili, mini gru, gru elettriche, ecc.<\/p>","protected":false},"featured_media":5871,"template":"","meta":[],"product_brand":[],"product_cat":[148],"product_tag":[166,167],"class_list":{"0":"post-5866","1":"product","2":"type-product","3":"status-publish","4":"has-post-thumbnail","6":"product_cat-construction-mini-crane","7":"product_tag-mini-crane-portable","8":"product_tag-small-lift-floor-crane","10":"first","11":"instock","12":"shipping-taxable","13":"product-type-simple"},"acf":[],"_links":{"self":[{"href":"https:\/\/www.buildinglift.com\/it\/wp-json\/wp\/v2\/product\/5866","targetHints":{"allow":["GET"]}}],"collection":[{"href":"https:\/\/www.buildinglift.com\/it\/wp-json\/wp\/v2\/product"}],"about":[{"href":"https:\/\/www.buildinglift.com\/it\/wp-json\/wp\/v2\/types\/product"}],"version-history":[{"count":0,"href":"https:\/\/www.buildinglift.com\/it\/wp-json\/wp\/v2\/product\/5866\/revisions"}],"wp:featuredmedia":[{"embeddable":true,"href":"https:\/\/www.buildinglift.com\/it\/wp-json\/wp\/v2\/media\/5871"}],"wp:attachment":[{"href":"https:\/\/www.buildinglift.com\/it\/wp-json\/wp\/v2\/media?parent=5866"}],"wp:term":[{"taxonomy":"product_brand","embeddable":true,"href":"https:\/\/www.buildinglift.com\/it\/wp-json\/wp\/v2\/product_brand?post=5866"},{"taxonomy":"product_cat","embeddable":true,"href":"https:\/\/www.buildinglift.com\/it\/wp-json\/wp\/v2\/product_cat?post=5866"},{"taxonomy":"product_tag","embeddable":true,"href":"https:\/\/www.buildinglift.com\/it\/wp-json\/wp\/v2\/product_tag?post=5866"}],"curies":[{"name":"wp","href":"https:\/\/api.w.org\/{rel}","templated":true}]}}