{"id":5709,"date":"2023-09-22T14:28:00","date_gmt":"2023-09-22T14:28:00","guid":{"rendered":"https:\/\/www.buildinglift.com\/?post_type=product&#038;p=5709"},"modified":"2023-12-12T22:22:21","modified_gmt":"2023-12-13T06:22:21","slug":"piattaforma-di-lavoro-sospesa-per-la-pulizia-delle-finestre","status":"publish","type":"product","link":"https:\/\/www.buildinglift.com\/it\/prodotto\/piattaforma-di-lavoro-sospesa-per-la-pulizia-delle-finestre\/","title":{"rendered":"Piattaforma di lavoro sospesa per la pulizia delle finestre"},"content":{"rendered":"<p>Piattaforma sospesa per la pulizia dei vetri, composta da piattaforma di lavoro e sistema di sospensione. Facile da montare e smontare, dotata di dispositivo di sicurezza, \u00e8 sicura per lavori in alta quota.<\/p>\n<p><strong>Dettagli del prodotto<br \/>\n<\/strong>\u2013<a href=\"https:\/\/www.buildinglift.com\/product\/window-cleaning-suspended-working-platform\/\"> Accessori della piattaforma di lavoro<\/a><br \/>\nScatola di controllo elettrica: design scientifico, impermeabile e anticollisione<br \/>\nBlocco di sicurezza: acciaio inossidabile ad alta resistenza, qualificato 100%<br \/>\nCavo metallico: diametro 8,3 mm<br \/>\nCavo: livello GB2.0, gomma naturale resistente alle intemperie<br \/>\nParanco: di alta qualit\u00e0, durevole<br \/>\n\u00c8 possibile scegliere tra quattro tipi di contrappeso: ghisa, cemento, cemento con rivestimento in acciaio o cemento zincato.<br \/>\n\u2013 Il meccanismo di sospensione \u00e8 applicabile a diversi tipi di tetti e risulta pratico per la consegna di materiali edili. Forniamo anche un dispositivo di fissaggio per parapetti.<\/p>\n<p>La serie ZLP, un&#039;attrezzatura di accesso sospeso temporaneo, \u00e8 una creazione innovativa di SUCCESS Company. La sua funzione principale \u00e8 quella di macchina elettrica rampante per decorazioni, utilizzata principalmente per la costruzione, la decorazione, la pulizia e la manutenzione di edifici alti e multipiano. La sua versatilit\u00e0 ne consente l&#039;impiego in altre attivit\u00e0 ingegneristiche come l&#039;installazione di ascensori, la costruzione di grandi serbatoi, la costruzione di ponti e la costruzione di dighe.<\/p>\n<p>La serie ZLP si distingue per la qualit\u00e0 superiore e il servizio professionale. Con la crescita della sua reputazione e credibilit\u00e0, \u00e8 cresciuta anche la sua portata internazionale. I prodotti di SUCCESS Company vengono ora esportati in oltre 70 paesi e regioni, tra cui Singapore, Russia, Emirati Arabi Uniti, Cile e Per\u00f9. L&#039;impegno dell&#039;azienda per l&#039;eccellenza si riflette nei suoi prodotti, che soddisfano gli standard europei e hanno ottenuto la certificazione CE.<\/p>\n<p>Siamo in grado di progettare e realizzare qualsiasi tipo di piattaforma sospesa speciale, adatta a qualsiasi condizione e alle specifiche esigenze dei clienti. Tra queste, la piattaforma monoposto con gamba a L, la piattaforma sospesa angolata, la piattaforma a doppio piano, la gondola BMU, la sedia sospesa monoposto, la piattaforma sospesa circolare, la staffa terminale mobile e la piattaforma sospesa ZLP350.<\/p>\n<p>Nota come macchina da costruzione ad alta quota\/alto accesso, la piattaforma sospesa \u00e8 conosciuta con vari nomi in tutto il mondo. In Nord America \u00e8 chiamata &quot;swing stage&quot;, mentre in Vietnam \u00e8 conosciuta come &quot;San Treo gondola&quot;. In Russia \u00e8 chiamata &quot;\u0444\u0430\u0441\u0430\u0434\u043d\u044b\u0445 \u043f\u043e\u0434\u0432\u0435\u0441\u043d\u044b\u0445 \u043f\u043b\u043e\u0449\u0430\u0434\u043e\u043a&quot;. Nei paesi di lingua spagnola, tra cui Cile, Per\u00f9, Colombia, Argentina e Spagna, si chiamano &quot;andamios colgantes&quot; o &quot;plataformas suspendidas&quot;.<\/p>\n<p>Nel mondo delle macchine edili, la serie ZLP di SUCCESS Company si \u00e8 ritagliata una nicchia di mercato. La sua versatilit\u00e0, la qualit\u00e0 superiore e l&#039;ampia gamma di applicazioni la rendono uno strumento indispensabile per progetti di edifici alti e multipiano. A testimonianza del suo successo, la serie ZLP \u00e8 arrivata in oltre 70 paesi e regioni, soddisfacendo gli standard europei e ottenendo la certificazione CE.<\/p>\n<p>Che sia conosciuto come il palco dell&#039;altalena in Nord America, la gondola di San treo in Vietnam, \u0444\u0430\u0441\u0430\u0434\u043d\u044b\u0445 \u043f\u043e\u0434\u0432\u0435\u0441\u043d\u044b\u0445 \u043f\u043b\u043e\u0449\u0430\u0434\u043e\u043a in Russia, o andamios colgantes e <a href=\"https:\/\/www.buildinglift.com\/product\/window-cleaning-suspended-working-platform\/\">piattaforme sospese<\/a> Nei paesi di lingua spagnola, la serie ZLP \u00e8 riconosciuta e apprezzata per il suo contributo ai progetti di costruzione ad alta quota\/alto accesso. Grazie alla continua innovazione e al miglioramento di SUCCESS Company, la serie ZLP \u00e8 destinata a rimanere un punto di riferimento nel settore edile a livello mondiale.<\/p>\n<p><strong>Piattaforma di sollevamento sospesa: lunga durata.<\/strong><br \/>\n1. Il corpo della fusione \u00e8 realizzato in alluminio speciale e viene lavorato con un processo di fusione a gravit\u00e0 importato. Il prodotto offre buona precisione e durata. Le fusioni sono pi\u00f9 resistenti alle cadute rispetto alle fusioni pressofuse e sono meno soggette a crepe.<br \/>\n2. Il materiale del disco di guida \u00e8 40Cr, pesa 5,4 kg e, dopo il trattamento di tempra e nitrurazione superficiale, \u00e8 pi\u00f9 resistente all&#039;usura e durevole.<br \/>\n3. La ruota elicoidale \u00e8 realizzata in bronzo allo stagno-fosforo 9-4, rame, 0,94 kg, con buona tenacit\u00e0 e resistenza all&#039;usura. Il materiale della vite senza fine e dell&#039;albero del riduttore \u00e8 38CrMoA1, di cui la vite senza fine pesa 0,48 kg, con buona tenacit\u00e0 e resistenza all&#039;usura.<br \/>\n4. La guida della fune \u00e8 realizzata in acciaio inossidabile speciale resistente all&#039;usura, che non si danneggia facilmente e non causa inceppamenti. Il costo di un eventuale guasto \u00e8 estremamente basso e generalmente non necessita di sostituzione.<\/p>","protected":false},"excerpt":{"rendered":"<p><strong>Numero di modello<\/strong>.: ZLP630<br \/>\n<strong>Materiale<\/strong>: Lega di alluminio o acciaio<br \/>\n<strong>Carico nominale<\/strong>: 630 kg<br \/>\n<strong>Altezza di sollevamento<\/strong>: 100M o 150M<br \/>\n<strong>Velocit\u00e0 di sollevamento<\/strong>: 9,6 m\/min<br \/>\n<strong>Dimensioni (L*W*H)<\/strong>: (2000mm*3) *690mm*1300mm<br \/>\n<strong>Qualificazione della produzione<\/strong><br \/>\nAbbiamo ottenuto la certificazione ISO9001:2008, CE ed EAC.<\/p>","protected":false},"featured_media":5712,"template":"","meta":[],"product_brand":[],"product_cat":[147],"product_tag":[],"class_list":{"0":"post-5709","1":"product","2":"type-product","3":"status-publish","4":"has-post-thumbnail","6":"product_cat-suspended-platform","8":"first","9":"instock","10":"shipping-taxable","11":"product-type-simple"},"acf":[],"_links":{"self":[{"href":"https:\/\/www.buildinglift.com\/it\/wp-json\/wp\/v2\/product\/5709","targetHints":{"allow":["GET"]}}],"collection":[{"href":"https:\/\/www.buildinglift.com\/it\/wp-json\/wp\/v2\/product"}],"about":[{"href":"https:\/\/www.buildinglift.com\/it\/wp-json\/wp\/v2\/types\/product"}],"version-history":[{"count":0,"href":"https:\/\/www.buildinglift.com\/it\/wp-json\/wp\/v2\/product\/5709\/revisions"}],"wp:featuredmedia":[{"embeddable":true,"href":"https:\/\/www.buildinglift.com\/it\/wp-json\/wp\/v2\/media\/5712"}],"wp:attachment":[{"href":"https:\/\/www.buildinglift.com\/it\/wp-json\/wp\/v2\/media?parent=5709"}],"wp:term":[{"taxonomy":"product_brand","embeddable":true,"href":"https:\/\/www.buildinglift.com\/it\/wp-json\/wp\/v2\/product_brand?post=5709"},{"taxonomy":"product_cat","embeddable":true,"href":"https:\/\/www.buildinglift.com\/it\/wp-json\/wp\/v2\/product_cat?post=5709"},{"taxonomy":"product_tag","embeddable":true,"href":"https:\/\/www.buildinglift.com\/it\/wp-json\/wp\/v2\/product_tag?post=5709"}],"curies":[{"name":"wp","href":"https:\/\/api.w.org\/{rel}","templated":true}]}}