{"id":5703,"date":"2023-09-22T14:20:30","date_gmt":"2023-09-22T14:20:30","guid":{"rendered":"https:\/\/www.buildinglift.com\/?post_type=product&#038;p=5703"},"modified":"2023-12-12T22:20:51","modified_gmt":"2023-12-13T06:20:51","slug":"piattaforma-sospesa-verticale-personalizzata-per-la-pulizia-delle-finestre-esterne","status":"publish","type":"product","link":"https:\/\/www.buildinglift.com\/it\/prodotto\/piattaforma-sospesa-verticale-personalizzata-per-la-pulizia-delle-finestre-esterne\/","title":{"rendered":"Piattaforma sospesa verticale personalizzata per la pulizia delle finestre esterne"},"content":{"rendered":"<p>Siamo in grado di progettare e realizzare qualsiasi tipo di piattaforma sospesa speciale, adatta a qualsiasi condizione e alle specifiche esigenze dei clienti. Tra queste, la piattaforma monoposto con gamba a L, la piattaforma sospesa angolata, la piattaforma a doppio piano, la gondola BMU, la sedia sospesa monoposto, la piattaforma sospesa circolare, la staffa terminale mobile e la piattaforma sospesa ZLP350.<\/p>\n<p><strong>Caratteristiche e applicazione del prodotto<\/strong><br \/>\n\u2013 Alta qualit\u00e0 a prezzi competitivi<br \/>\n\u2013 Facile da montare<br \/>\n\u2013 Controllo fluido<br \/>\n\u2013 L\u2019altezza di lavoro \u00e8 regolabile<br \/>\n\u2013 La tensione pu\u00f2 essere regolata<br \/>\n\u2013 Durevole e sicuro<\/p>\n<p>La serie ZLP si distingue per la qualit\u00e0 superiore e il servizio professionale. Con la crescita della sua reputazione e credibilit\u00e0, \u00e8 cresciuta anche la sua portata internazionale. I prodotti di SUCCESS Company vengono ora esportati in oltre 70 paesi e regioni, tra cui Singapore, Russia, Emirati Arabi Uniti, Cile e Per\u00f9. L&#039;impegno dell&#039;azienda per l&#039;eccellenza si riflette nei suoi prodotti, che soddisfano gli standard europei e hanno ottenuto la certificazione CE.<\/p>\n<p>Siamo in grado di progettare e realizzare qualsiasi tipo di piattaforma sospesa speciale, adatta a qualsiasi condizione e alle specifiche esigenze dei clienti. Tra queste, la piattaforma monoposto con gamba a L, la piattaforma sospesa angolata, la piattaforma a doppio piano, la gondola BMU, la sedia sospesa monoposto, la piattaforma sospesa circolare, la staffa terminale mobile e la piattaforma sospesa ZLP350.<\/p>\n<p><strong><a href=\"https:\/\/www.buildinglift.com\/product\/exterior-window-cleaning-hanging-platform-custom-made-vertical-custom-suspended-platform\/\">Piattaforma sospesa<\/a> Paranco \u2013 Lunga durata<\/strong><br \/>\n1. Il corpo della fusione \u00e8 realizzato in alluminio speciale e viene lavorato con un processo di fusione a gravit\u00e0 importato. Il prodotto offre buona precisione e durata. Le fusioni sono pi\u00f9 resistenti alle cadute rispetto alle fusioni pressofuse e sono meno soggette a crepe.<br \/>\n2. Il materiale del disco di guida \u00e8 40Cr, pesa 5,4 kg e, dopo il trattamento di tempra e nitrurazione superficiale, \u00e8 pi\u00f9 resistente all&#039;usura e durevole.<br \/>\n3. La ruota elicoidale \u00e8 realizzata in bronzo allo stagno-fosforo 9-4, rame, 0,94 kg, con buona tenacit\u00e0 e resistenza all&#039;usura. Il materiale della vite senza fine e dell&#039;albero del riduttore \u00e8 38CrMoA1, di cui la vite senza fine pesa 0,48 kg, con buona tenacit\u00e0 e resistenza all&#039;usura.<br \/>\n4. La guida della fune \u00e8 realizzata in acciaio inossidabile speciale resistente all&#039;usura, che non si danneggia facilmente e non causa inceppamenti. Il costo di un eventuale guasto \u00e8 estremamente basso e generalmente non necessita di sostituzione.<\/p>","protected":false},"excerpt":{"rendered":"<p><strong>Modello n.<\/strong>: ZLP1000 ZLP800 ZLP630 ZLP500<br \/>\n<strong>Materiale<\/strong>: acciaio o lega di alluminio (consigliato)<br \/>\n<strong>Carico nominale<\/strong>: 1000KG 800KG 600KG\u2026<br \/>\n<strong>Altezza di sollevamento<\/strong>: da 100 milioni a 150 milioni<br \/>\n<strong>Velocit\u00e0 di sollevamento<\/strong>: 9-11 m\/min<br \/>\n<strong>Qualificazione della produzione<\/strong><br \/>\nAbbiamo ottenuto la certificazione ISO9001:2008, CE ed EAC.<\/p>","protected":false},"featured_media":5708,"template":"","meta":[],"product_brand":[],"product_cat":[147],"product_tag":[155,154],"class_list":{"0":"post-5703","1":"product","2":"type-product","3":"status-publish","4":"has-post-thumbnail","6":"product_cat-suspended-platform","7":"product_tag-custom-suspended-platform","8":"product_tag-exterior-window-cleaning-hanging-platform-custom-made-vertical","10":"first","11":"instock","12":"shipping-taxable","13":"product-type-simple"},"acf":[],"_links":{"self":[{"href":"https:\/\/www.buildinglift.com\/it\/wp-json\/wp\/v2\/product\/5703","targetHints":{"allow":["GET"]}}],"collection":[{"href":"https:\/\/www.buildinglift.com\/it\/wp-json\/wp\/v2\/product"}],"about":[{"href":"https:\/\/www.buildinglift.com\/it\/wp-json\/wp\/v2\/types\/product"}],"version-history":[{"count":0,"href":"https:\/\/www.buildinglift.com\/it\/wp-json\/wp\/v2\/product\/5703\/revisions"}],"wp:featuredmedia":[{"embeddable":true,"href":"https:\/\/www.buildinglift.com\/it\/wp-json\/wp\/v2\/media\/5708"}],"wp:attachment":[{"href":"https:\/\/www.buildinglift.com\/it\/wp-json\/wp\/v2\/media?parent=5703"}],"wp:term":[{"taxonomy":"product_brand","embeddable":true,"href":"https:\/\/www.buildinglift.com\/it\/wp-json\/wp\/v2\/product_brand?post=5703"},{"taxonomy":"product_cat","embeddable":true,"href":"https:\/\/www.buildinglift.com\/it\/wp-json\/wp\/v2\/product_cat?post=5703"},{"taxonomy":"product_tag","embeddable":true,"href":"https:\/\/www.buildinglift.com\/it\/wp-json\/wp\/v2\/product_tag?post=5703"}],"curies":[{"name":"wp","href":"https:\/\/api.w.org\/{rel}","templated":true}]}}