{"id":5654,"date":"2023-09-22T11:02:41","date_gmt":"2023-09-22T11:02:41","guid":{"rendered":"https:\/\/www.buildinglift.com\/?post_type=product&#038;p=5654"},"modified":"2023-12-12T22:17:02","modified_gmt":"2023-12-13T06:17:02","slug":"piattaforma-sospesa-in-lega-di-alluminio-gondola-elettrica-sospesa-per-la-pulizia-delle-finestre","status":"publish","type":"product","link":"https:\/\/www.buildinglift.com\/it\/prodotto\/piattaforma-sospesa-in-lega-di-alluminio-gondola-elettrica-sospesa-per-la-pulizia-delle-finestre\/","title":{"rendered":"PIATTAFORMA SOSPESA IN LEGA DI ALLUMINIO GONDOLA\/PIATTAFORMA SOSPESA ELETTRICA PER LA PULIZIA DEI VETRI"},"content":{"rendered":"<p>Le piattaforme sospese hanno sostituito le scale da ponteggio. Sono dispositivi meccanici che sollevano i lavoratori in aria per completare il lavoro ad altezze difficili da raggiungere. Sono ampiamente utilizzate nella costruzione di pareti esterne, nella pulizia, nella manutenzione, nella tinteggiatura, nelle centrali elettriche, nei cantieri navali, nei progetti comunali, ecc.<\/p>\n<p><strong>Struttura della piattaforma sospesa<\/strong><br \/>\n(1) Piattaforma di lavoro<br \/>\n(2) Gruppo paranco<br \/>\n(3) Blocco di sicurezza<br \/>\n(4) Quadro elettrico di controllo<br \/>\n(5) Meccanismo di sospensione<br \/>\n(6) Cavo<br \/>\n(7) Cavo metallico<\/p>\n<p><strong>Utilizzo della piattaforma sospesa<\/strong><br \/>\n(1) Manutenzione, verniciatura e pulizia delle facciate di edifici alti<br \/>\n(2) Pulizia e installazione delle finestre<br \/>\n(3) Ispezione e manutenzione di serbatoi di grandi dimensioni, camini, dighe, ponti<br \/>\n(4) Manutenzione, pulizia, verniciatura di grandi navi<\/p>\n<p>La serie ZLP, un&#039;attrezzatura di accesso sospeso temporaneo, \u00e8 una creazione innovativa di SUCCESS Company. La sua funzione principale \u00e8 quella di macchina elettrica rampante per decorazioni, utilizzata principalmente per la costruzione, la decorazione, la pulizia e la manutenzione di edifici alti e multipiano. La sua versatilit\u00e0 ne consente l&#039;impiego in altre attivit\u00e0 ingegneristiche come l&#039;installazione di ascensori, la costruzione di grandi serbatoi, la costruzione di ponti e la costruzione di dighe.<\/p>\n<p>La serie ZLP si distingue per la qualit\u00e0 superiore e il servizio professionale. Con la crescita della sua reputazione e credibilit\u00e0, \u00e8 cresciuta anche la sua portata internazionale. I prodotti di SUCCESS Company vengono ora esportati in oltre 70 paesi e regioni, tra cui Singapore, Russia, Emirati Arabi Uniti, Cile e Per\u00f9. L&#039;impegno dell&#039;azienda per l&#039;eccellenza si riflette nei suoi prodotti, che soddisfano gli standard europei e hanno ottenuto la certificazione CE.<\/p>\n<p>Siamo in grado di progettare e realizzare qualsiasi tipo di piattaforma sospesa speciale, adatta a qualsiasi condizione e alle specifiche esigenze dei clienti. Tra queste, la piattaforma monoposto con gamba a L, la piattaforma sospesa angolata, la piattaforma a doppio piano, la gondola BMU, la sedia sospesa monoposto, la piattaforma sospesa circolare, la staffa terminale mobile e la piattaforma sospesa ZLP350.<\/p>\n<p>Nota come macchina da costruzione ad alta quota\/alto accesso, la piattaforma sospesa \u00e8 conosciuta con vari nomi in tutto il mondo. In Nord America \u00e8 chiamata &quot;swing stage&quot;, mentre in Vietnam \u00e8 conosciuta come &quot;San Treo gondola&quot;. In Russia \u00e8 chiamata &quot;\u0444\u0430\u0441\u0430\u0434\u043d\u044b\u0445 \u043f\u043e\u0434\u0432\u0435\u0441\u043d\u044b\u0445 \u043f\u043b\u043e\u0449\u0430\u0434\u043e\u043a&quot;. Nei paesi di lingua spagnola, tra cui Cile, Per\u00f9, Colombia, Argentina e Spagna, si chiamano &quot;andamios colgantes&quot; o &quot;plataformas suspendidas&quot;.<\/p>\n<p>Nel mondo delle macchine edili, la serie ZLP di SUCCESS Company si \u00e8 ritagliata una nicchia di mercato. La sua versatilit\u00e0, la qualit\u00e0 superiore e l&#039;ampia gamma di applicazioni la rendono uno strumento indispensabile per progetti di edifici alti e multipiano. A testimonianza del suo successo, la serie ZLP \u00e8 arrivata in oltre 70 paesi e regioni, soddisfacendo gli standard europei e ottenendo la certificazione CE.<\/p>\n<p>Che sia conosciuta come &quot;swing stage&quot; in Nord America, &quot;San Treo gondola&quot; in Vietnam, &quot;\u0444\u0430\u0441\u0430\u0434\u043d\u044b\u0445 \u043f\u043e\u0434\u0432\u0435\u0441\u043d\u044b\u0445 \u043f\u043b\u043e\u0449\u0430\u0434\u043e\u043a&quot; in Russia o &quot;andamios colgantes&quot; e &quot;plataformas suspendidas&quot; nei paesi di lingua spagnola, la serie ZLP \u00e8 riconosciuta e apprezzata per il suo contributo ai progetti di costruzione ad alta quota\/con accesso facilitato. Grazie alla continua innovazione e al miglioramento di SUCCESS Company, la serie ZLP \u00e8 destinata a rimanere un punto di riferimento nel settore edile in tutto il mondo.<\/p>\n<p><strong>Piattaforma di sollevamento sospesa: lunga durata.<\/strong><br \/>\n1. Il corpo della fusione \u00e8 realizzato in alluminio speciale e viene lavorato con un processo di fusione a gravit\u00e0 importato. Il prodotto offre buona precisione e durata. Le fusioni sono pi\u00f9 resistenti alle cadute rispetto alle fusioni pressofuse e sono meno soggette a crepe.<br \/>\n2. Il materiale del disco di guida \u00e8 40Cr, pesa 5,4 kg e, dopo il trattamento di tempra e nitrurazione superficiale, \u00e8 pi\u00f9 resistente all&#039;usura e durevole.<br \/>\n3. La ruota elicoidale \u00e8 realizzata in bronzo allo stagno-fosforo 9-4, rame, 0,94 kg, con buona tenacit\u00e0 e resistenza all&#039;usura. Il materiale della vite senza fine e dell&#039;albero del riduttore \u00e8 38CrMoA1, di cui la vite senza fine pesa 0,48 kg, con buona tenacit\u00e0 e resistenza all&#039;usura.<br \/>\n4. La guida della fune \u00e8 realizzata in acciaio inossidabile speciale resistente all&#039;usura, che non si danneggia facilmente e non causa inceppamenti. Il costo di un eventuale guasto \u00e8 estremamente basso e generalmente non necessita di sostituzione.<\/p>","protected":false},"excerpt":{"rendered":"<p><strong>Tipo<\/strong>: Piattaforma di lavoro ZLP per costruzioni<br \/>\n<strong>Nome del marchio<\/strong>: SUCCESSO<br \/>\n<strong>Applicazione<\/strong>: Costruzione di edifici<br \/>\n<strong>Materiale<\/strong>: Lega di alluminio<br \/>\n<strong>Colore<\/strong>: Personalizzato<br \/>\n<strong>Certificato<\/strong>: CE ISO<br \/>\n<strong>Voltaggio<\/strong>: 380 V (personalizzabile)<br \/>\n<strong>Capacit\u00e0 di carico<\/strong>: 500 kg\/630 kg\/800 kg\/1000 kg<br \/>\n<strong>Utilizzo<\/strong>: Lavori di manutenzione di edifici alti<br \/>\n<strong>Nome del prodotto<\/strong>: Piattaforma sospesa Zlp Hoist<br \/>\n<strong>Carico nominale<\/strong>: 500 kg\/630 kg\/800 kg\/1000 kg<\/p>","protected":false},"featured_media":5659,"template":"","meta":[],"product_brand":[],"product_cat":[147],"product_tag":[150,151],"class_list":{"0":"post-5654","1":"product","2":"type-product","3":"status-publish","4":"has-post-thumbnail","6":"product_cat-suspended-platform","7":"product_tag-aluminum-alloy-suspended-platform","8":"product_tag-electric-suspended-platform","10":"first","11":"instock","12":"shipping-taxable","13":"product-type-simple"},"acf":[],"_links":{"self":[{"href":"https:\/\/www.buildinglift.com\/it\/wp-json\/wp\/v2\/product\/5654","targetHints":{"allow":["GET"]}}],"collection":[{"href":"https:\/\/www.buildinglift.com\/it\/wp-json\/wp\/v2\/product"}],"about":[{"href":"https:\/\/www.buildinglift.com\/it\/wp-json\/wp\/v2\/types\/product"}],"version-history":[{"count":0,"href":"https:\/\/www.buildinglift.com\/it\/wp-json\/wp\/v2\/product\/5654\/revisions"}],"wp:featuredmedia":[{"embeddable":true,"href":"https:\/\/www.buildinglift.com\/it\/wp-json\/wp\/v2\/media\/5659"}],"wp:attachment":[{"href":"https:\/\/www.buildinglift.com\/it\/wp-json\/wp\/v2\/media?parent=5654"}],"wp:term":[{"taxonomy":"product_brand","embeddable":true,"href":"https:\/\/www.buildinglift.com\/it\/wp-json\/wp\/v2\/product_brand?post=5654"},{"taxonomy":"product_cat","embeddable":true,"href":"https:\/\/www.buildinglift.com\/it\/wp-json\/wp\/v2\/product_cat?post=5654"},{"taxonomy":"product_tag","embeddable":true,"href":"https:\/\/www.buildinglift.com\/it\/wp-json\/wp\/v2\/product_tag?post=5654"}],"curies":[{"name":"wp","href":"https:\/\/api.w.org\/{rel}","templated":true}]}}