{"id":1402,"date":"2023-02-09T11:05:42","date_gmt":"2023-02-09T11:05:42","guid":{"rendered":"https:\/\/www.buildinglift.com\/?page_id=1402"},"modified":"2023-12-12T21:37:18","modified_gmt":"2023-12-13T05:37:18","slug":"sicurezza-duso-del-prodotto","status":"publish","type":"page","link":"https:\/\/www.buildinglift.com\/it\/sicurezza-duso-del-prodotto\/","title":{"rendered":"Sicurezza nell&#039;uso del prodotto"},"content":{"rendered":"<div data-elementor-type=\"wp-page\" data-elementor-id=\"1402\" class=\"elementor elementor-1402\">\n\t\t\t\t<div class=\"elementor-element elementor-element-f26b11c e-flex e-con-boxed e-con e-parent\" data-id=\"f26b11c\" data-element_type=\"container\" data-e-type=\"container\">\n\t\t\t\t\t<div class=\"e-con-inner\">\n\t\t\t\t<div class=\"elementor-element elementor-element-1051740 elementor-widget elementor-widget-text-editor\" data-id=\"1051740\" data-element_type=\"widget\" data-e-type=\"widget\" data-widget_type=\"text-editor.default\">\n\t\t\t\t<div class=\"elementor-widget-container\">\n\t\t\t\t\t\t\t\t\t<p><span style=\"color: #000000;\"><strong>Trattamento di emergenza durante la costruzione<\/strong><\/span><br \/><span style=\"color: #000000;\"><strong>Durante i lavori, se si verificano le seguenti circostanze particolari, \u00e8 necessario mantenere la calma e adottare le misure di emergenza appropriate.<\/strong><\/span><\/p><p><span style=\"color: #000000;\"><strong>Improvvisa interruzione di corrente durante la costruzione<\/strong><\/span><br \/><span style=\"color: #000000;\">In caso di improvvisa interruzione di corrente durante i lavori, l&#039;interruttore di alimentazione del quadro elettrico deve essere spento immediatamente per evitare incidenti durante la trasmissione di energia. Dopo aver ricevuto la notifica di chiamata, l&#039;interruttore di alimentazione viene acceso e i lavori iniziano dopo che il controllo \u00e8 tornato alla normalit\u00e0.<\/span><br \/><span style=\"color: #000000;\">Se \u00e8 necessario tornare a terra dopo un&#039;interruzione di corrente, \u00e8 necessario sollevare la maniglia di discesa manuale del paranco da entrambe le estremit\u00e0 per consentire alla piattaforma di sospensione di scorrere liberamente verso l&#039;alto. <strong>terra.<\/strong><\/span><br \/><span style=\"color: #000000;\"><strong>Non \u00e8 possibile arrestare la piattaforma di sospensione dopo aver rilasciato il pulsante durante il processo di sollevamento e abbassamento.<\/strong><\/span><br \/><span style=\"color: #000000;\">Se la piattaforma di sospensione non pu\u00f2 essere arrestata dopo aver rilasciato il pulsante durante il sollevamento e l&#039;abbassamento, premere immediatamente l&#039;interruttore di emergenza rosso sullo sportello della scatola elettrica per arrestare immediatamente la piattaforma di sospensione. Quindi, spegnere l&#039;interruttore di alimentazione della scatola elettrica, verificare lo stato dei contatti del contattore, pulire la superficie del contattore da eventuali residui di grasso e, una volta che il contattore pu\u00f2 riprendere il normale funzionamento, chiudere l&#039;interruttore di alimentazione e utilizzare il metodo di scorrimento manuale per abbassare la piattaforma di sospensione a terra per la manutenzione.<\/span><br \/><span style=\"color: #000000;\"><strong>la piattaforma di sospensione deve essere inclinata orizzontalmente e bloccare automaticamente la fune<\/strong><\/span><br \/><span style=\"color: #000000;\">Quando la piattaforma di sospensione scivola verso il basso durante la salita e la discesa o un&#039;estremit\u00e0 scivola di una certa misura, il blocco di sicurezza blocca automaticamente la fune. In questo caso, fermarsi immediatamente, quindi ruotare l&#039;interruttore di trasferimento sulla scatola elettrica sull&#039;estremit\u00e0 inferiore della piattaforma e quindi premere il pulsante di salita. L&#039;estremit\u00e0 inferiore della piattaforma di sospensione viene sollevata in posizione orizzontale di recupero. Dopo che il blocco di sicurezza riprende automaticamente lo stato di sblocco, la piattaforma di sospensione viene abbassata a terra e le fessure del freno elettromagnetico su entrambe le estremit\u00e0 vengono controllate e regolate per soddisfare i requisiti; oppure viene verificata la differenza nella velocit\u00e0 di rotazione tra le due estremit\u00e0, se la differenza \u00e8 evidente. Dovrebbe essere sostituito con un motore.<\/span><br \/><span style=\"color: #000000;\"><strong>sollevare il cavo metallico della scheda della macchina<\/strong><\/span><br \/><span style=\"color: #000000;\">La fune metallica di lavoro \u00e8 incastrata nel paranco a causa di trefoli allentati, attorcigliamenti o parti della macchina di sollevamento. Il personale edile presente sulla piattaforma di sospensione viene evacuato garantendo la sicurezza e personale di manutenzione qualificato viene inviato sulla piattaforma di sospensione per la manutenzione. Innanzitutto, la fune metallica di sicurezza viene avvolta sul telaio di sollevamento alle due estremit\u00e0 e le due estremit\u00e0 della fune metallica di sicurezza vengono fissate con una fibbia. Quindi, allentare l&#039;anello di protezione del braccio girevole del blocco di sicurezza su entrambe le estremit\u00e0 per sganciare la fune metallica di lavoro dal rullo, in modo che i blocchi di sicurezza su entrambe le estremit\u00e0 si trovino nella posizione della fune di blocco. Dopo aver adottato le misure di sicurezza di cui sopra, rimuovere l&#039;ispezione del paranco ed estrarre la fune metallica dall&#039;inceppamento. Se necessario, tagliare il filo di palma e aprire il coperchio di sollevamento per controllare e rimuovere con attenzione la fune metallica rimasta nel paranco. Contemporaneamente, riposizionare il nuovo cavo metallico nella posizione corrispondente del meccanismo di sospensione, riposizionare il cavo metallico e inserirlo nel paranco per tenderlo, quindi inserire il cavo metallico di lavoro nella scanalatura della ruota girevole del blocco di sicurezza e installare l&#039;anello di protezione. Dopo aver aperto il blocco di sicurezza, la piattaforma di sospensione viene sollevata di circa 0,5 m fino all&#039;arresto, la fibbia del cavo sul cavo metallico di sicurezza viene rimossa e il cavo metallico di sicurezza viene posizionato in posizione verticale, quindi la piattaforma di sospensione viene abbassata a terra e, dopo un&#039;accurata ispezione e manutenzione da parte del paranco, il gruppo pu\u00f2 continuare a utilizzare il dispositivo.<\/span><br \/><span style=\"color: #000000;\"><strong>Quando il cavo metallico di lavoro si rompe<\/strong><\/span><br \/><span style=\"color: #000000;\">Quando il cavo di lavoro si rompe a un&#039;estremit\u00e0 della piattaforma di sospensione, quest&#039;ultima si inclina e il blocco di sicurezza si chiude automaticamente quando la posizione di lavoro si inclina, bloccando la piattaforma di sospensione nel cavo di sicurezza. In questo caso, il personale addetto alla costruzione sulla piattaforma di sospensione deve mantenere la calma ed \u00e8 severamente vietato correre e saltare sulla piattaforma di sospensione, nonch\u00e9 gestire le misure di emergenza quando i rispettivi cavi sono bloccati nell&#039;ascensore.<\/span><\/p><p><span style=\"color: #000000;\"><strong>Installazione, regolazione e precauzioni per il meccanismo di sospensione<\/strong><\/span><\/p><p><span style=\"color: #000000;\">Durante l&#039;installazione del pavimento, \u00e8 necessario scegliere un piano orizzontale. In caso di pendenza, \u00e8 necessario livellarlo in modo affidabile sotto la ruota angolare. Se la superficie di installazione \u00e8 impermeabile e isolata, \u00e8 necessario prevedere un&#039;imbottitura di 2,5-3 cm di spessore sotto i sedili anteriori e posteriori per evitare schiacciamenti. Livello di isolamento impermeabile.<\/span><br \/><span style=\"color: #000000;\">L&#039;altezza della staffa di supporto regolabile deve essere tale che il lato inferiore della trave anteriore sia leggermente pi\u00f9 alto dell&#039;altezza del parapetto (o di altri ostacoli). Se possibile, dopo aver posizionato il meccanismo di sospensione, estendere il lato inferiore della trave anteriore. Il muro della figlia viene fissato con blocchi di legno.<\/span><br \/><span style=\"color: #000000;\">L&#039;estensione nominale dell&#039;estremit\u00e0 sporgente della trave anteriore \u00e8 compresa tra 0,3 e 1,5 metri. In caso di superamento della sporgenza nominale, \u00e8 necessario adottare misure di rinforzo affidabili e garantire i carichi di lavoro nominali, che dovranno essere confermati dal reparto responsabile prima dell&#039;uso.<\/span><br \/><span style=\"color: #000000;\">La distanza tra i sedili anteriori e posteriori deve essere regolata il pi\u00f9 possibile alla massima distanza possibile, date le condizioni del sito.<\/span><br \/><span style=\"color: #000000;\">La distanza tra le due staffe deve essere regolata in modo che sia da 3 a 5 cm inferiore alla lunghezza della piattaforma di sospensione.<\/span><br \/><span style=\"color: #000000;\">Durante il tensionamento del cavo d&#039;acciaio, la trave anteriore deve essere leggermente sollevata di 3~5 cm per creare una precompressione e migliorare la rigidit\u00e0 della trave anteriore.<\/span><br \/><span style=\"color: #000000;\">Quando la fune metallica \u00e8 serrata, il numero di morsetti non deve essere inferiore a tre, e l&#039;apertura a U e l&#039;estremit\u00e0 finale della fune metallica sono opposte l&#039;una all&#039;altra, con la stessa direzione. I morsetti devono essere serrati in ordine partendo dal punto di sollevamento, e tra l&#039;ultimo morsetto e il morsetto precedente, la fune deve essere leggermente arcuata. Una volta serrato il dado del morsetto, la fune metallica deve essere appiattita a 1\/2 - 1\/3 del suo diametro.<\/span><br \/><span style=\"color: #000000;\">Durante la posa del cavo metallico, il disco libero del cavo metallico deve essere posizionato sul pavimento. La testa del cavo metallico deve essere estratta con cautela e poi fatta scorrere lentamente verso il basso lungo la parte anteriore. \u00c8 severamente vietato gettare il cavo metallico nel disco. Una volta terminato il cavo metallico, il cavo aggrovigliato deve essere accuratamente pressato separatamente. Il cavo metallico in eccesso sul pavimento deve essere accuratamente compattato e non deve essere sparso a terra in modo arbitrario.<\/span><\/p><p><span style=\"color: #000000;\"><strong>Standard di rottamazione dei componenti principali<\/strong><\/span><br \/><span style=\"color: #000000;\">Attacchi di forza principali della piattaforma di lavoro sospesa: quando il meccanismo di sospensione o la piattaforma di sospensione si presentano come segue, devono essere rottamati.<\/span><\/p><p><span style=\"color: #000000;\">Dopo l&#039;instabilit\u00e0 generale, non deve essere riparato e deve essere rottamato.<\/span><br \/><span style=\"color: #000000;\">Quando si genera una deformazione permanente che non pu\u00f2 essere riparata, il pezzo deve essere rottamato.<\/span><br \/><span style=\"color: #000000;\">Quando alcuni componenti risultano deformati in modo permanente e non possono essere riparati e la corrosione superficiale o la profondit\u00e0 di usura superano 10% del componente originale, i componenti corrispondenti devono essere rottamati.<\/span><br \/><span style=\"color: #000000;\">Quando si verificano crepe in componenti strutturali e saldature, a seconda della situazione di stress e delle condizioni della fessura, dopo la riparazione o l&#039;adozione di misure di rinforzo, i requisiti di progettazione originali possono essere rispettati e, prima di poter continuare a essere utilizzati, \u00e8 necessario effettuare riparazioni per rinforzare le misure. In caso contrario, devono essere rottamate.<\/span><\/p><p><span style=\"color: #000000;\"><strong>Quali sono le principali dotazioni di sicurezza per le attrezzature delle piattaforme di lavoro sospese?<\/strong><\/span><br \/><span style=\"color: #000000;\">A. Blocco di sicurezza del tipo a braccio girevole LSB; pu\u00f2 bloccare il cavo di sicurezza quando l&#039;angolo di inclinazione della piattaforma di lavoro \u00e8 maggiore di 3-8\u00b0 o il cavo di lavoro \u00e8 rotto;<\/span><br \/><span style=\"color: #000000;\">B. Sblocco manuale: pu\u00f2 essere abbassato dolcemente in caso di interruzione dell&#039;alimentazione, ad esempio in caso di interruzione di corrente, per garantire che l&#039;operatore raggiunga il suolo in sicurezza;<\/span><br \/><span style=\"color: #000000;\">C. Protezione del limite di velocit\u00e0: quando la velocit\u00e0 di discesa supera la velocit\u00e0 di sicurezza definita, il dispositivo di decelerazione centrifugo viene attivato per rallentare la velocit\u00e0 di discesa;<\/span><br \/><span style=\"color: #000000;\">D. Protezione limite: interrompe automaticamente l&#039;alimentazione quando l&#039;attrezzatura del cestello supera il limite massimo impostato manualmente e attiva il campanello di allarme;<\/span><br \/><span style=\"color: #000000;\">E. Protezione da sovraccarico elettrico: se il motore \u00e8 anomalo o il circuito \u00e8 anomalo e il motore \u00e8 sovraccarico, scollegare il circuito di controllo del contattore per scollegare il circuito principale.<\/span><br \/><span style=\"color: #000000;\">F. Protezione contro le perdite: l&#039;operatore chiude automaticamente l&#039;intero circuito quando carica accidentalmente il corpo elettrico e si verificano perdite;<\/span><br \/><span style=\"color: #000000;\">G. Arresto di emergenza: interrompere il circuito di controllo principale in caso di anomalia improvvisa (ad esempio aumento o diminuzione automatica).<\/span><\/p>\t\t\t\t\t\t\t\t<\/div>\n\t\t\t\t<\/div>\n\t\t\t\t\t<\/div>\n\t\t\t\t<\/div>\n\t\t\t\t<\/div>","protected":false},"excerpt":{"rendered":"<p>Emergency treatment during constructionDuring the construction, if you encounter the following special circumstances, you should keep calm and take appropriate emergency measures. Sudden power outage during constructionWhen there is a sudden power outage during construction, the power switch of the electric box should be cut off immediately to prevent accidents during power transmission. After receiving [&hellip;]<\/p>\n","protected":false},"author":1,"featured_media":0,"parent":0,"menu_order":0,"comment_status":"closed","ping_status":"closed","template":"","meta":{"footnotes":""},"class_list":["post-1402","page","type-page","status-publish","hentry"],"acf":[],"_links":{"self":[{"href":"https:\/\/www.buildinglift.com\/it\/wp-json\/wp\/v2\/pages\/1402","targetHints":{"allow":["GET"]}}],"collection":[{"href":"https:\/\/www.buildinglift.com\/it\/wp-json\/wp\/v2\/pages"}],"about":[{"href":"https:\/\/www.buildinglift.com\/it\/wp-json\/wp\/v2\/types\/page"}],"author":[{"embeddable":true,"href":"https:\/\/www.buildinglift.com\/it\/wp-json\/wp\/v2\/users\/1"}],"replies":[{"embeddable":true,"href":"https:\/\/www.buildinglift.com\/it\/wp-json\/wp\/v2\/comments?post=1402"}],"version-history":[{"count":0,"href":"https:\/\/www.buildinglift.com\/it\/wp-json\/wp\/v2\/pages\/1402\/revisions"}],"wp:attachment":[{"href":"https:\/\/www.buildinglift.com\/it\/wp-json\/wp\/v2\/media?parent=1402"}],"curies":[{"name":"wp","href":"https:\/\/api.w.org\/{rel}","templated":true}]}}