{"id":5889,"date":"2023-10-19T13:13:03","date_gmt":"2023-10-19T13:13:03","guid":{"rendered":"https:\/\/www.buildinglift.com\/?post_type=product&#038;p=5889"},"modified":"2023-12-12T22:32:00","modified_gmt":"2023-12-13T06:32:00","slug":"akkumulatoros-220-v-os-mobil-elektromos-onjaro-hidraulikus-ollos-emeloasztal-jo-aron","status":"publish","type":"product","link":"https:\/\/www.buildinglift.com\/hu\/termek\/akkumulatoros-220-v-os-mobil-elektromos-onjaro-hidraulikus-ollos-emeloasztal-jo-aron\/","title":{"rendered":"Akkumul\u00e1toros 220 V-os mobil elektromos \u00f6nj\u00e1r\u00f3 hidraulikus oll\u00f3s emel\u0151asztal j\u00f3 \u00e1ron"},"content":{"rendered":"<p><strong>Term\u00e9kle\u00edr\u00e1s<\/strong><br \/>\nA <a href=\"https:\/\/www.buildinglift.com\/product\/battery-powered-220v-mobile-electric-self-propelled-hydraulic-scissor-lift-platform-table-with-good-price\/\">mobil oll\u00f3s emel\u0151platform<\/a> Emel\u00e9si magass\u00e1ga 4 m \u00e9s 18 m k\u00f6z\u00f6tt, teherb\u00edr\u00e1sa 300 kg \u00e9s 500 kg k\u00f6z\u00f6tt mozog, k\u00e9zi, elektromos, akkumul\u00e1toros \u00e9s d\u00edzelolajos emel\u00e9si m\u00f3ddal stb. Robban\u00e1sbiztos elektromos k\u00e9sz\u00fcl\u00e9kek v\u00e1laszthat\u00f3k speci\u00e1lis helyekre;<\/p>\n<p>Az elt\u00e1vol\u00edthat\u00f3 vez\u00e9rl\u0151eszk\u00f6z platformja a felhaszn\u00e1l\u00f3k ig\u00e9nyei szerint telep\u00edthet\u0151, amelynek el\u0151nyei k\u00f6z\u00e9 tartozik a k\u00f6nny\u0171 mozgathat\u00f3s\u00e1g, a nagy fel\u00fclet \u00e9s a nagy teherb\u00edr\u00e1s, amely lehet\u0151v\u00e9 teszi t\u00f6bb szem\u00e9ly egyidej\u0171 m\u0171k\u00f6d\u00e9s\u00e9t, valamint a biztons\u00e1g \u00e9s a megb\u00edzhat\u00f3s\u00e1g, \u00edgy ez az optim\u00e1lis term\u00e9k a l\u00e9gi emel\u00e9si m\u0171veletekhez.<\/p>\n<p><strong>F\u0151bb jellemz\u0151k<\/strong><br \/>\n(1) 4 db biztons\u00e1gos \u00e9s stabil kit\u00e1maszt\u00f3kar<br \/>\n(2) N\u00e9gy ker\u00e9k, k\u00f6nnyen mozgathat\u00f3<br \/>\n(3) <a href=\"https:\/\/www.buildinglift.com\/product-category\/elevator-scissor-lift\/\">Nagy szil\u00e1rds\u00e1g\u00fa mang\u00e1nac\u00e9l szerkezet<\/a>, er\u0151s \u00e9s massz\u00edv<br \/>\n(4) kett\u0151s vez\u00e9rl\u0151rendszer, f\u00f6ldi vez\u00e9rl\u00e9s + platformvez\u00e9rl\u00e9s<br \/>\n(5) Nagy asztal, nagy teherb\u00edr\u00e1s, t\u00f6bb szem\u00e9ly egyidej\u0171 munk\u00e1j\u00e1t teszi lehet\u0151v\u00e9.<br \/>\n(6) A teljes\u00edtm\u00e9ny v\u00e1laszthat\u00f3 AC, DC vagy d\u00edzelmotorral.<\/p>\n<p><strong>Sz\u00e1ll\u00edt\u00e1si terjedelem<\/strong><br \/>\nC\u00e9g\u00fcnk 4-18 m emel\u00e9si magass\u00e1g\u00fa, 6-20 m\u00e9teres munkamagass\u00e1g\u00fa, 500 kg vagy 300 kg teherb\u00edr\u00e1s\u00fa \u00f6nj\u00e1r\u00f3 csukl\u00f3s emel\u0151ket k\u00edn\u00e1l.<\/p>\n<p><strong>M\u0170SZAKI ADATOK<\/strong><br \/>\nMaxim\u00e1lis peronmagass\u00e1g: 4 m\u00e9tert\u0151l 18 m\u00e9terig<br \/>\nMaxim\u00e1lis munkamagass\u00e1g: 6 m\u00e9tert\u0151l 20 m\u00e9terig<br \/>\n3. teherb\u00edr\u00e1s: 500 kg, 300 kg vagy egyedi.<br \/>\nEnergiaforr\u00e1s: vontat\u00e1s vagy elektromos mozg\u00e1s, emel\u00e9s \u00e9s leenged\u00e9s AC, DC vagy d\u00edzelmotorral.<br \/>\nSz\u00edn: k\u00e9k \u00e9s sz\u00fcrke, vagy az \u00d6n ig\u00e9nyei szerint<br \/>\nKorl\u00e1t: 1 m magas, levehet\u0151, k\u00f6nnyen haszn\u00e1lhat\u00f3<br \/>\nV\u00edzszintes platformhosszabb\u00edt\u00e1s: 0,5 m\u00e9ter (opcion\u00e1lis konfigur\u00e1ci\u00f3)<br \/>\nKapaszkod\u00f3k\u00e9pess\u00e9g: 20%<\/p>\n<p><a href=\"https:\/\/www.buildinglift.com\/wp-content\/uploads\/H11f0cd10b2eb45e5a9352996cf625bd34.jpg\"><img fetchpriority=\"high\" decoding=\"async\" class=\"alignnone size-full wp-image-5895\" src=\"https:\/\/www.buildinglift.com\/wp-content\/uploads\/H11f0cd10b2eb45e5a9352996cf625bd34.jpg\" alt=\"\" width=\"750\" height=\"595\" srcset=\"https:\/\/www.buildinglift.com\/wp-content\/uploads\/H11f0cd10b2eb45e5a9352996cf625bd34.jpg 750w, https:\/\/www.buildinglift.com\/wp-content\/uploads\/H11f0cd10b2eb45e5a9352996cf625bd34-600x476.jpg 600w, https:\/\/www.buildinglift.com\/wp-content\/uploads\/H11f0cd10b2eb45e5a9352996cf625bd34-300x238.jpg 300w, https:\/\/www.buildinglift.com\/wp-content\/uploads\/H11f0cd10b2eb45e5a9352996cf625bd34-15x12.jpg 15w\" sizes=\"(max-width: 750px) 100vw, 750px\" \/><\/a><\/p>","protected":false},"excerpt":{"rendered":"<p>Az elt\u00e1vol\u00edthat\u00f3 vez\u00e9rl\u0151eszk\u00f6z platformja a felhaszn\u00e1l\u00f3k ig\u00e9nyei szerint telep\u00edthet\u0151, amelynek el\u0151nyei k\u00f6z\u00e9 tartozik a k\u00f6nny\u0171 mozgathat\u00f3s\u00e1g, a nagy fel\u00fclet \u00e9s a nagy teherb\u00edr\u00e1s, amely lehet\u0151v\u00e9 teszi t\u00f6bb szem\u00e9ly egyidej\u0171 m\u0171k\u00f6d\u00e9s\u00e9t, valamint a biztons\u00e1g \u00e9s a megb\u00edzhat\u00f3s\u00e1g, \u00edgy ez az optim\u00e1lis term\u00e9k a l\u00e9gi emel\u00e9si m\u0171veletekhez.<\/p>","protected":false},"featured_media":5892,"template":"","meta":[],"product_brand":[],"product_cat":[149],"product_tag":[170,171],"class_list":{"0":"post-5889","1":"product","2":"type-product","3":"status-publish","4":"has-post-thumbnail","6":"product_cat-elevator-scissor-lift","7":"product_tag-hydraulic-scissor-lift-platform","8":"product_tag-mobile-electric-self-propelled","10":"first","11":"instock","12":"shipping-taxable","13":"product-type-simple"},"acf":[],"_links":{"self":[{"href":"https:\/\/www.buildinglift.com\/hu\/wp-json\/wp\/v2\/product\/5889","targetHints":{"allow":["GET"]}}],"collection":[{"href":"https:\/\/www.buildinglift.com\/hu\/wp-json\/wp\/v2\/product"}],"about":[{"href":"https:\/\/www.buildinglift.com\/hu\/wp-json\/wp\/v2\/types\/product"}],"version-history":[{"count":0,"href":"https:\/\/www.buildinglift.com\/hu\/wp-json\/wp\/v2\/product\/5889\/revisions"}],"wp:featuredmedia":[{"embeddable":true,"href":"https:\/\/www.buildinglift.com\/hu\/wp-json\/wp\/v2\/media\/5892"}],"wp:attachment":[{"href":"https:\/\/www.buildinglift.com\/hu\/wp-json\/wp\/v2\/media?parent=5889"}],"wp:term":[{"taxonomy":"product_brand","embeddable":true,"href":"https:\/\/www.buildinglift.com\/hu\/wp-json\/wp\/v2\/product_brand?post=5889"},{"taxonomy":"product_cat","embeddable":true,"href":"https:\/\/www.buildinglift.com\/hu\/wp-json\/wp\/v2\/product_cat?post=5889"},{"taxonomy":"product_tag","embeddable":true,"href":"https:\/\/www.buildinglift.com\/hu\/wp-json\/wp\/v2\/product_tag?post=5889"}],"curies":[{"name":"wp","href":"https:\/\/api.w.org\/{rel}","templated":true}]}}