{"id":5703,"date":"2023-09-22T14:20:30","date_gmt":"2023-09-22T14:20:30","guid":{"rendered":"https:\/\/www.buildinglift.com\/?post_type=product&#038;p=5703"},"modified":"2023-12-12T22:20:51","modified_gmt":"2023-12-13T06:20:51","slug":"exterior-window-cleaning-hanging-platform-custom-made-vertical-custom-suspended-platform","status":"publish","type":"product","link":"https:\/\/www.buildinglift.com\/hu\/termek\/exterior-window-cleaning-hanging-platform-custom-made-vertical-custom-suspended-platform\/","title":{"rendered":"K\u00fcls\u0151 ablaktiszt\u00edt\u00f3 f\u00fcgg\u0151platform, egyedi gy\u00e1rt\u00e1s\u00fa f\u00fcgg\u0151leges\/egyedi felf\u00fcggesztett platform"},"content":{"rendered":"<p>Mindenf\u00e9le speci\u00e1lis f\u00fcggesztett platformot tervez\u00fcnk \u00e9s gy\u00e1rtunk, hogy megfeleljenek b\u00e1rmilyen k\u00f6r\u00fclm\u00e9nynek \u00e9s az \u00fcgyfelek \u00e1ltal javasolt speci\u00e1lis k\u00f6vetelm\u00e9nyeknek. Ilyen p\u00e9ld\u00e1ul az L-l\u00e1b\u00fa egyszem\u00e9lyes platform, a ferde f\u00fcggesztett platform, a k\u00e9tszintes platform, a BMU gondola, az egyszem\u00e9lyes f\u00fcggesztett sz\u00e9k, a k\u00f6r alak\u00fa f\u00fcggesztett platform, a mozgathat\u00f3 v\u00e9gkengyel, a ZLP350 f\u00fcggesztett platform.<\/p>\n<p><strong>Term\u00e9kjellemz\u0151k \u00e9s alkalmaz\u00e1s<\/strong><br \/>\n\u2013 High quality with competitive price<br \/>\n\u2013 Easy to assemble<br \/>\n\u2013 Smoothly control<br \/>\n\u2013 The working height can be adjusted<br \/>\n\u2013 The voltage can be adjusted<br \/>\n\u2013 Durable and safe<\/p>\n<p>A ZLP sorozat kiemelked\u0151 min\u0151s\u00e9g\u00e9vel \u00e9s professzion\u00e1lis szolg\u00e1ltat\u00e1s\u00e1val t\u0171nik ki. H\u00edrnev\u00e9nek \u00e9s hiteless\u00e9g\u00e9nek n\u00f6veked\u00e9s\u00e9vel nemzetk\u00f6zi el\u00e9rhet\u0151s\u00e9ge is megn\u0151tt. A SUCCESS Company term\u00e9keit ma m\u00e1r t\u00f6bb mint 70 orsz\u00e1gba \u00e9s r\u00e9gi\u00f3ba export\u00e1lj\u00e1k, t\u00f6bbek k\u00f6z\u00f6tt Szingap\u00farba, Oroszorsz\u00e1gba, az Egyes\u00fclt Arab Em\u00edrs\u00e9gekbe, Chil\u00e9be \u00e9s Peruba. A v\u00e1llalat kiv\u00e1l\u00f3s\u00e1g ir\u00e1nti elk\u00f6telezetts\u00e9g\u00e9t term\u00e9kei t\u00fckr\u00f6zik, amelyek megfelelnek az eur\u00f3pai szabv\u00e1nyoknak \u00e9s CE-tan\u00fas\u00edtv\u00e1nnyal rendelkeznek.<\/p>\n<p>Mindenf\u00e9le speci\u00e1lis f\u00fcggesztett platformot tervez\u00fcnk \u00e9s gy\u00e1rtunk, hogy megfeleljenek b\u00e1rmilyen k\u00f6r\u00fclm\u00e9nynek \u00e9s az \u00fcgyfelek \u00e1ltal javasolt speci\u00e1lis k\u00f6vetelm\u00e9nyeknek. Ilyen p\u00e9ld\u00e1ul az L-l\u00e1b\u00fa egyszem\u00e9lyes platform, a ferde f\u00fcggesztett platform, a k\u00e9tszintes platform, a BMU gondola, az egyszem\u00e9lyes f\u00fcggesztett sz\u00e9k, a k\u00f6r alak\u00fa f\u00fcggesztett platform, a mozgathat\u00f3 v\u00e9gkengyel, a ZLP350 f\u00fcggesztett platform.<\/p>\n<p><strong><a href=\"https:\/\/www.buildinglift.com\/product\/exterior-window-cleaning-hanging-platform-custom-made-vertical-custom-suspended-platform\/\">Felf\u00fcggesztett platform<\/a> Hoist&#8211;Long Lasting Lifetime<\/strong><br \/>\n1. Az \u00f6nt\u0151test speci\u00e1lis alum\u00ednium anyagb\u00f3l k\u00e9sz\u00fcl, \u00e9s import\u00e1lt feldolgoz\u00f3k\u00f6zpontokban gravit\u00e1ci\u00f3s \u00f6nt\u00e9si elj\u00e1r\u00e1ssal dolgozz\u00e1k fel. A term\u00e9k j\u00f3 pontoss\u00e1ggal \u00e9s tart\u00f3ss\u00e1ggal rendelkezik. Az \u00f6ntv\u00e9nyek jobban ellen\u00e1llnak az \u00fct\u00e9seknek, mint a pr\u00e9s\u00f6ntv\u00e9nyek, \u00e9s kev\u00e9sb\u00e9 hajlamosak a reped\u00e9sre.<br \/>\n2. A hajt\u00f3t\u00e1rcsa anyaga 40Cr, s\u00falya 5,4 kg, edz\u00e9s \u00e9s fel\u00fcleti nitrid\u00e1l\u00e1s ut\u00e1n kop\u00e1s\u00e1ll\u00f3bb \u00e9s tart\u00f3sabb.<br \/>\n3. A csigaker\u00e9k \u00f3n-foszforbronz 9-4 r\u00e9zb\u0151l k\u00e9sz\u00fclt, 0,94 kg, j\u00f3 sz\u00edv\u00f3ss\u00e1ggal \u00e9s kop\u00e1s\u00e1ll\u00f3s\u00e1ggal. A csiga \u00e9s a fogasker\u00e9k tengely\u00e9nek anyaga 38CrMoA1, amelyb\u0151l a csiga 0,48 kg, ami j\u00f3 sz\u00edv\u00f3ss\u00e1ggal \u00e9s kop\u00e1s\u00e1ll\u00f3s\u00e1ggal rendelkezik.<br \/>\n4. A k\u00f6t\u00e9lvezet\u0151 speci\u00e1lis kop\u00e1s\u00e1ll\u00f3 rozsdamentes ac\u00e9lb\u00f3l k\u00e9sz\u00fclt, amely nem k\u00f6nnyen s\u00e9r\u00fcl \u00e9s nem okoz elakad\u00e1st. A meghib\u00e1sod\u00e1si k\u00f6lts\u00e9g rendk\u00edv\u00fcl alacsony, \u00e9s \u00e1ltal\u00e1ban nem kell kicser\u00e9lni.<\/p>","protected":false},"excerpt":{"rendered":"<p><strong>Model No.<\/strong>: ZLP1000 ZLP800 ZLP630 ZLP500<br \/>\n<strong>Anyag<\/strong>: steel or aluminum alloy\uff08recommend\uff09<br \/>\n<strong>N\u00e9vleges teher<\/strong>: 1000KG 800KG 600KG\u2026<br \/>\n<strong>Emel\u00e9si magass\u00e1g<\/strong>: 100M to 150M<br \/>\n<strong>Lifting speed<\/strong>: 9-11m\/min<br \/>\n<strong>Termel\u00e9si min\u0151s\u00edt\u00e9s<\/strong><br \/>\nMegfelelt\u00fcnk az ISO9001:2008, CE \u00e9s EAC tan\u00fas\u00edtv\u00e1nyoknak.<\/p>","protected":false},"featured_media":5708,"template":"","meta":[],"product_brand":[],"product_cat":[147],"product_tag":[155,154],"class_list":{"0":"post-5703","1":"product","2":"type-product","3":"status-publish","4":"has-post-thumbnail","6":"product_cat-suspended-platform","7":"product_tag-custom-suspended-platform","8":"product_tag-exterior-window-cleaning-hanging-platform-custom-made-vertical","10":"first","11":"instock","12":"shipping-taxable","13":"product-type-simple"},"acf":[],"_links":{"self":[{"href":"https:\/\/www.buildinglift.com\/hu\/wp-json\/wp\/v2\/product\/5703","targetHints":{"allow":["GET"]}}],"collection":[{"href":"https:\/\/www.buildinglift.com\/hu\/wp-json\/wp\/v2\/product"}],"about":[{"href":"https:\/\/www.buildinglift.com\/hu\/wp-json\/wp\/v2\/types\/product"}],"version-history":[{"count":0,"href":"https:\/\/www.buildinglift.com\/hu\/wp-json\/wp\/v2\/product\/5703\/revisions"}],"wp:featuredmedia":[{"embeddable":true,"href":"https:\/\/www.buildinglift.com\/hu\/wp-json\/wp\/v2\/media\/5708"}],"wp:attachment":[{"href":"https:\/\/www.buildinglift.com\/hu\/wp-json\/wp\/v2\/media?parent=5703"}],"wp:term":[{"taxonomy":"product_brand","embeddable":true,"href":"https:\/\/www.buildinglift.com\/hu\/wp-json\/wp\/v2\/product_brand?post=5703"},{"taxonomy":"product_cat","embeddable":true,"href":"https:\/\/www.buildinglift.com\/hu\/wp-json\/wp\/v2\/product_cat?post=5703"},{"taxonomy":"product_tag","embeddable":true,"href":"https:\/\/www.buildinglift.com\/hu\/wp-json\/wp\/v2\/product_tag?post=5703"}],"curies":[{"name":"wp","href":"https:\/\/api.w.org\/{rel}","templated":true}]}}