{"id":5695,"date":"2023-09-22T14:04:59","date_gmt":"2023-09-22T14:04:59","guid":{"rendered":"https:\/\/www.buildinglift.com\/?post_type=product&#038;p=5695"},"modified":"2023-12-12T22:19:40","modified_gmt":"2023-12-13T06:19:40","slug":"temporary-suspended-platforms-tsp","status":"publish","type":"product","link":"https:\/\/www.buildinglift.com\/hu\/termek\/temporary-suspended-platforms-tsp\/","title":{"rendered":"Ideiglenes felf\u00fcggesztett peronok (TSP)"},"content":{"rendered":"<p>A suspended platform incorporates a steel or aluminum platform that can be raised or lowered when in use. Other frequently used terms are \u2018suspended cradle\u2019 and \u2018swing stage platform. They can be assembled from scaffolding. The <a href=\"https:\/\/www.buildinglift.com\/product-category\/suspended-platform\/\">suspended platform<\/a> is an efficient modern overhead operation equipment that can replace traditional scaffolding and reuse. General suspended platform hoist can be divided into manual and electric hoist.<\/p>\n<p><strong>Product Feature<\/strong><br \/>\n\u2013 High quality product: variety types for selection, prompt delivery<br \/>\n\u2013 Strict quality management system<br \/>\n\u2013 Easy to install<br \/>\n\u2013 Smooth operating without noise<br \/>\n\u2013 Professional service<br \/>\nIn general, the goods is shipping by sea, the delivery time is about 10-15 days, customized platform will be delivered as the negotiation with our clients. All after-sale request will be responded in 24 hours.<\/p>\n<p>A ZLP sorozat, egy ideiglenes f\u00fcggesztett hozz\u00e1f\u00e9r\u00e9si berendez\u00e9s, a SUCCESS Company innovat\u00edv alkot\u00e1sa. Els\u0151dleges funkci\u00f3ja egy elektromos k\u00fasz\u00f3 t\u00edpus\u00fa dekor\u00e1ci\u00f3s g\u00e9p, amelyet els\u0151sorban magas \u00e9s t\u00f6bbszintes \u00e9p\u00fcletek \u00e9p\u00edt\u00e9s\u00e9re, dekor\u00e1ci\u00f3j\u00e1ra, tiszt\u00edt\u00e1s\u00e1ra \u00e9s karbantart\u00e1s\u00e1ra haszn\u00e1lnak. Sokoldal\u00fas\u00e1ga lehet\u0151v\u00e9 teszi m\u00e1s m\u00e9rn\u00f6ki m\u0171veletekben, p\u00e9ld\u00e1ul felvon\u00f3k telep\u00edt\u00e9s\u00e9ben, nagy tart\u00e1lyok \u00e9p\u00edt\u00e9s\u00e9ben, h\u00edd\u00e9p\u00edt\u00e9sben \u00e9s g\u00e1tmunk\u00e1kban val\u00f3 alkalmaz\u00e1s\u00e1t.<\/p>\n<p>A ZLP sorozat kiemelked\u0151 min\u0151s\u00e9g\u00e9vel \u00e9s professzion\u00e1lis szolg\u00e1ltat\u00e1s\u00e1val t\u0171nik ki. H\u00edrnev\u00e9nek \u00e9s hiteless\u00e9g\u00e9nek n\u00f6veked\u00e9s\u00e9vel nemzetk\u00f6zi el\u00e9rhet\u0151s\u00e9ge is megn\u0151tt. A SUCCESS Company term\u00e9keit ma m\u00e1r t\u00f6bb mint 70 orsz\u00e1gba \u00e9s r\u00e9gi\u00f3ba export\u00e1lj\u00e1k, t\u00f6bbek k\u00f6z\u00f6tt Szingap\u00farba, Oroszorsz\u00e1gba, az Egyes\u00fclt Arab Em\u00edrs\u00e9gekbe, Chil\u00e9be \u00e9s Peruba. A v\u00e1llalat kiv\u00e1l\u00f3s\u00e1g ir\u00e1nti elk\u00f6telezetts\u00e9g\u00e9t term\u00e9kei t\u00fckr\u00f6zik, amelyek megfelelnek az eur\u00f3pai szabv\u00e1nyoknak \u00e9s CE-tan\u00fas\u00edtv\u00e1nnyal rendelkeznek.<\/p>\n<p>We can design and make all kinds of special suspended platform to suit for any conditions and to meet special requirements proposed by the customers. Such as L leg single person platform, angled suspended platform, double deck platform, BMU gondola, single person suspended chair, circle suspended platform, movable end stirrup, <a href=\"https:\/\/www.buildinglift.com\/product\/temporary-suspended-platforms-tsp\/\">ZLP350 suspended platform<\/a>.<\/p>\n<p>A nagy magass\u00e1g\u00fa\/magas hozz\u00e1f\u00e9r\u00e9s\u0171 \u00e9p\u00edt\u0151ipari g\u00e9pk\u00e9nt ismert f\u00fcggesztett platformot vil\u00e1gszerte sz\u00e1mos n\u00e9ven ismerik. \u00c9szak-Amerik\u00e1ban leng\u0151\u00e1llv\u00e1nynak, m\u00edg Vietn\u00e1mban San Treo gondol\u00e1nak nevezik. Oroszorsz\u00e1gban \u0444\u0430\u0441\u0430\u0434\u043d\u044b\u0445 \u043f\u043e\u0434\u0432\u0435\u0441\u043d\u044b\u0445 \u043f\u043b\u043e\u0449\u0430\u0434\u043e\u043a-nak h\u00edvj\u00e1k. A spanyolul besz\u00e9l\u0151 orsz\u00e1gokban, k\u00f6zt\u00fck Chil\u00e9ben, Peruban, Kolumbi\u00e1ban, Argent\u00edn\u00e1ban \u00e9s Spanyolorsz\u00e1gban andamios colgantes vagy plataformas suspendidas n\u00e9ven emlegetik.<\/p>\n<p>Az \u00e9p\u00edt\u0151ipari g\u00e9pek vil\u00e1g\u00e1ban a SUCCESS Company ZLP sorozata r\u00e9st v\u00edvott ki mag\u00e1nak. Sokoldal\u00fas\u00e1ga, kiv\u00e1l\u00f3 min\u0151s\u00e9ge \u00e9s sz\u00e9lesk\u00f6r\u0171 alkalmaz\u00e1si lehet\u0151s\u00e9gei n\u00e9lk\u00fcl\u00f6zhetetlen eszk\u00f6zz\u00e9 teszik a magas \u00e9s t\u00f6bbszintes \u00e9p\u00edt\u00e9si projektekhez. Siker\u00e9nek bizony\u00edt\u00e9kak\u00e9nt a ZLP sorozat t\u00f6bb mint 70 orsz\u00e1gba \u00e9s r\u00e9gi\u00f3ba jutott el, megfelelt az eur\u00f3pai szabv\u00e1nyoknak, \u00e9s CE-tan\u00fas\u00edtv\u00e1nnyal is rendelkezett.<\/p>\n<p>Ak\u00e1r \u00c9szak-Amerik\u00e1ban swing stage-k\u00e9nt, Vietn\u00e1mban San Treo gondolak\u00e9nt, Oroszorsz\u00e1gban \u0444\u0430\u0441\u0430\u0434\u043d\u044b\u0445 \u043f\u043e\u0434\u0432\u0435\u0441\u043d\u044b\u0445 \u043f\u043b\u043e\u0449\u0430\u0434\u043e\u043ak\u00e9nt, vagy a spanyol nyelv\u0171 orsz\u00e1gokban andamios colgantes \u00e9s plataformas suspensidas n\u00e9ven ismert, a ZLP sorozatot elismerik \u00e9s nagyra \u00e9rt\u00e9kelik a nagy magass\u00e1g\u00fa\/magas hozz\u00e1f\u00e9r\u00e9s\u0171 \u00e9p\u00edt\u00e9si projektekhez val\u00f3 hozz\u00e1j\u00e1rul\u00e1sa miatt. Ahogy a SUCCESS Company folyamatosan innov\u00e1l \u00e9s fejleszt, a ZLP sorozat vil\u00e1gszerte az \u00e9p\u00edt\u0151ipar alapvet\u0151 eleme marad.<\/p>\n<p><strong>To ensure safe operation without danger to personnel, the platform is fitted with the following safety devices:<\/strong><br \/>\n1. Service brake incorporated in the LTD hoist.<br \/>\n2. Two fall arrest devices acting on the safety wire ropes.<br \/>\n3. Two upper limit switches.<br \/>\n4. No power descent in case of power failure.<br \/>\n5. Emergency stop.<\/p>","protected":false},"excerpt":{"rendered":"<p><strong>Model No.<\/strong>: ZLP500,ZLP630, ZLP800, ZLP1000<br \/>\n<strong>Anyag<\/strong>: Steel painted, galvanized or aluminum alloy<br \/>\n<strong>Rated Load<\/strong>: 630KG,800KG,1000KG<br \/>\n<strong>M\u00e9ret (H*Sz*M)<\/strong>:(2000mm*3)*690mm*1300mm (2500mm*3)*690mm*1300mm<br \/>\n<strong>Lifting speed<\/strong>: 9,6 m\/perc<br \/>\n<strong>Termel\u00e9si min\u0151s\u00edt\u00e9s<\/strong><br \/>\nMegfelelt\u00fcnk az ISO9001:2008, CE \u00e9s EAC tan\u00fas\u00edtv\u00e1nyoknak.<\/p>","protected":false},"featured_media":5699,"template":"","meta":[],"product_brand":[],"product_cat":[147],"product_tag":[153],"class_list":{"0":"post-5695","1":"product","2":"type-product","3":"status-publish","4":"has-post-thumbnail","6":"product_cat-suspended-platform","7":"product_tag-temporary-suspended-platforms","9":"first","10":"instock","11":"shipping-taxable","12":"product-type-simple"},"acf":[],"_links":{"self":[{"href":"https:\/\/www.buildinglift.com\/hu\/wp-json\/wp\/v2\/product\/5695","targetHints":{"allow":["GET"]}}],"collection":[{"href":"https:\/\/www.buildinglift.com\/hu\/wp-json\/wp\/v2\/product"}],"about":[{"href":"https:\/\/www.buildinglift.com\/hu\/wp-json\/wp\/v2\/types\/product"}],"version-history":[{"count":0,"href":"https:\/\/www.buildinglift.com\/hu\/wp-json\/wp\/v2\/product\/5695\/revisions"}],"wp:featuredmedia":[{"embeddable":true,"href":"https:\/\/www.buildinglift.com\/hu\/wp-json\/wp\/v2\/media\/5699"}],"wp:attachment":[{"href":"https:\/\/www.buildinglift.com\/hu\/wp-json\/wp\/v2\/media?parent=5695"}],"wp:term":[{"taxonomy":"product_brand","embeddable":true,"href":"https:\/\/www.buildinglift.com\/hu\/wp-json\/wp\/v2\/product_brand?post=5695"},{"taxonomy":"product_cat","embeddable":true,"href":"https:\/\/www.buildinglift.com\/hu\/wp-json\/wp\/v2\/product_cat?post=5695"},{"taxonomy":"product_tag","embeddable":true,"href":"https:\/\/www.buildinglift.com\/hu\/wp-json\/wp\/v2\/product_tag?post=5695"}],"curies":[{"name":"wp","href":"https:\/\/api.w.org\/{rel}","templated":true}]}}