{"id":5654,"date":"2023-09-22T11:02:41","date_gmt":"2023-09-22T11:02:41","guid":{"rendered":"https:\/\/www.buildinglift.com\/?post_type=product&#038;p=5654"},"modified":"2023-12-12T22:17:02","modified_gmt":"2023-12-13T06:17:02","slug":"aluminum-alloy-suspended-platform-gondola-electric-suspended-platform-for-window-cleaning","status":"publish","type":"product","link":"https:\/\/www.buildinglift.com\/hu\/termek\/aluminum-alloy-suspended-platform-gondola-electric-suspended-platform-for-window-cleaning\/","title":{"rendered":"ALUM\u00cdNIUM \u00d6TV\u00d6ZET\u0170 F\u00dcGG\u0150Z\u00d6TT PLATFORM GONDOLA\/ELEKTROMOS F\u00dcGG\u0150Z\u00d6TT PLATFORM ABLAKTISZT\u00cdT\u00c1SHOZ"},"content":{"rendered":"<p>A f\u00fcgg\u0151platformok \u00e1tvett\u00e9k az \u00e1llv\u00e1nyl\u00e9tr\u00e1k szerep\u00e9t. A f\u00fcgg\u0151platformok mechanikus eszk\u00f6z\u00f6k, amelyek a leveg\u0151be emelik a munk\u00e1sokat, hogy nehezen el\u00e9rhet\u0151 magass\u00e1gokban is elv\u00e9gezhess\u00e9k a munk\u00e1t. Sz\u00e9les k\u00f6rben haszn\u00e1lj\u00e1k \u0151ket k\u00fcls\u0151 falak \u00e9p\u00edt\u00e9s\u00e9n\u00e9l, tiszt\u00edt\u00e1sn\u00e1l, karbantart\u00e1sn\u00e1l, fest\u00e9sn\u00e9l, er\u0151m\u0171vekben, haj\u00f3gy\u00e1rakban, \u00f6nkorm\u00e1nyzati projektekben stb.<\/p>\n<p><strong>Structure of Suspended Platform<\/strong><br \/>\n(1) WorkingPlatform<br \/>\n(2) Hoist Assembly<br \/>\n(3) Safety Lock<br \/>\n(4) Electric Control Panel<br \/>\n(5) Suspension Mechanism<br \/>\n(6) Cable<br \/>\n(7) Wire rope<\/p>\n<p><strong>Usage of Suspended platform<\/strong><br \/>\n(1) Facade maintenance,paiting and cleaning of high building<br \/>\n(2) Window cleaning and installation<br \/>\n(3) Construction inspection and maintenance of big-size tanks,chimneys ,dams, bridges<br \/>\n(4) Maintenance , cleaning ,painting of big ship<\/p>\n<p>A ZLP sorozat, egy ideiglenes f\u00fcggesztett hozz\u00e1f\u00e9r\u00e9si berendez\u00e9s, a SUCCESS Company innovat\u00edv alkot\u00e1sa. Els\u0151dleges funkci\u00f3ja egy elektromos k\u00fasz\u00f3 t\u00edpus\u00fa dekor\u00e1ci\u00f3s g\u00e9p, amelyet els\u0151sorban magas \u00e9s t\u00f6bbszintes \u00e9p\u00fcletek \u00e9p\u00edt\u00e9s\u00e9re, dekor\u00e1ci\u00f3j\u00e1ra, tiszt\u00edt\u00e1s\u00e1ra \u00e9s karbantart\u00e1s\u00e1ra haszn\u00e1lnak. Sokoldal\u00fas\u00e1ga lehet\u0151v\u00e9 teszi m\u00e1s m\u00e9rn\u00f6ki m\u0171veletekben, p\u00e9ld\u00e1ul felvon\u00f3k telep\u00edt\u00e9s\u00e9ben, nagy tart\u00e1lyok \u00e9p\u00edt\u00e9s\u00e9ben, h\u00edd\u00e9p\u00edt\u00e9sben \u00e9s g\u00e1tmunk\u00e1kban val\u00f3 alkalmaz\u00e1s\u00e1t.<\/p>\n<p>A ZLP sorozat kiemelked\u0151 min\u0151s\u00e9g\u00e9vel \u00e9s professzion\u00e1lis szolg\u00e1ltat\u00e1s\u00e1val t\u0171nik ki. H\u00edrnev\u00e9nek \u00e9s hiteless\u00e9g\u00e9nek n\u00f6veked\u00e9s\u00e9vel nemzetk\u00f6zi el\u00e9rhet\u0151s\u00e9ge is megn\u0151tt. A SUCCESS Company term\u00e9keit ma m\u00e1r t\u00f6bb mint 70 orsz\u00e1gba \u00e9s r\u00e9gi\u00f3ba export\u00e1lj\u00e1k, t\u00f6bbek k\u00f6z\u00f6tt Szingap\u00farba, Oroszorsz\u00e1gba, az Egyes\u00fclt Arab Em\u00edrs\u00e9gekbe, Chil\u00e9be \u00e9s Peruba. A v\u00e1llalat kiv\u00e1l\u00f3s\u00e1g ir\u00e1nti elk\u00f6telezetts\u00e9g\u00e9t term\u00e9kei t\u00fckr\u00f6zik, amelyek megfelelnek az eur\u00f3pai szabv\u00e1nyoknak \u00e9s CE-tan\u00fas\u00edtv\u00e1nnyal rendelkeznek.<\/p>\n<p>Mindenf\u00e9le speci\u00e1lis f\u00fcggesztett platformot tervez\u00fcnk \u00e9s gy\u00e1rtunk, hogy megfeleljenek b\u00e1rmilyen k\u00f6r\u00fclm\u00e9nynek \u00e9s az \u00fcgyfelek \u00e1ltal javasolt speci\u00e1lis k\u00f6vetelm\u00e9nyeknek. Ilyen p\u00e9ld\u00e1ul az L-l\u00e1b\u00fa egyszem\u00e9lyes platform, a ferde f\u00fcggesztett platform, a k\u00e9tszintes platform, a BMU gondola, az egyszem\u00e9lyes f\u00fcggesztett sz\u00e9k, a k\u00f6r alak\u00fa f\u00fcggesztett platform, a mozgathat\u00f3 v\u00e9gkengyel, a ZLP350 f\u00fcggesztett platform.<\/p>\n<p>A nagy magass\u00e1g\u00fa\/magas hozz\u00e1f\u00e9r\u00e9s\u0171 \u00e9p\u00edt\u0151ipari g\u00e9pk\u00e9nt ismert f\u00fcggesztett platformot vil\u00e1gszerte sz\u00e1mos n\u00e9ven ismerik. \u00c9szak-Amerik\u00e1ban leng\u0151\u00e1llv\u00e1nynak, m\u00edg Vietn\u00e1mban San Treo gondol\u00e1nak nevezik. Oroszorsz\u00e1gban \u0444\u0430\u0441\u0430\u0434\u043d\u044b\u0445 \u043f\u043e\u0434\u0432\u0435\u0441\u043d\u044b\u0445 \u043f\u043b\u043e\u0449\u0430\u0434\u043e\u043a-nak h\u00edvj\u00e1k. A spanyolul besz\u00e9l\u0151 orsz\u00e1gokban, k\u00f6zt\u00fck Chil\u00e9ben, Peruban, Kolumbi\u00e1ban, Argent\u00edn\u00e1ban \u00e9s Spanyolorsz\u00e1gban andamios colgantes vagy plataformas suspendidas n\u00e9ven emlegetik.<\/p>\n<p>Az \u00e9p\u00edt\u0151ipari g\u00e9pek vil\u00e1g\u00e1ban a SUCCESS Company ZLP sorozata r\u00e9st v\u00edvott ki mag\u00e1nak. Sokoldal\u00fas\u00e1ga, kiv\u00e1l\u00f3 min\u0151s\u00e9ge \u00e9s sz\u00e9lesk\u00f6r\u0171 alkalmaz\u00e1si lehet\u0151s\u00e9gei n\u00e9lk\u00fcl\u00f6zhetetlen eszk\u00f6zz\u00e9 teszik a magas \u00e9s t\u00f6bbszintes \u00e9p\u00edt\u00e9si projektekhez. Siker\u00e9nek bizony\u00edt\u00e9kak\u00e9nt a ZLP sorozat t\u00f6bb mint 70 orsz\u00e1gba \u00e9s r\u00e9gi\u00f3ba jutott el, megfelelt az eur\u00f3pai szabv\u00e1nyoknak, \u00e9s CE-tan\u00fas\u00edtv\u00e1nnyal is rendelkezett.<\/p>\n<p>Ak\u00e1r \u00c9szak-Amerik\u00e1ban swing stage-k\u00e9nt, Vietn\u00e1mban San Treo gondolak\u00e9nt, Oroszorsz\u00e1gban \u0444\u0430\u0441\u0430\u0434\u043d\u044b\u0445 \u043f\u043e\u0434\u0432\u0435\u0441\u043d\u044b\u0445 \u043f\u043b\u043e\u0449\u0430\u0434\u043e\u043ak\u00e9nt, vagy a spanyol nyelv\u0171 orsz\u00e1gokban andamios colgantes \u00e9s plataformas suspensidas n\u00e9ven ismert, a ZLP sorozatot elismerik \u00e9s nagyra \u00e9rt\u00e9kelik a nagy magass\u00e1g\u00fa\/magas hozz\u00e1f\u00e9r\u00e9s\u0171 \u00e9p\u00edt\u00e9si projektekhez val\u00f3 hozz\u00e1j\u00e1rul\u00e1sa miatt. Ahogy a SUCCESS Company folyamatosan innov\u00e1l \u00e9s fejleszt, a ZLP sorozat vil\u00e1gszerte az \u00e9p\u00edt\u0151ipar alapvet\u0151 eleme marad.<\/p>\n<p><strong>Suspended Platform Hoist&#8211;Long Lasting Lifetime.<\/strong><br \/>\n1. Az \u00f6nt\u0151test speci\u00e1lis alum\u00ednium anyagb\u00f3l k\u00e9sz\u00fcl, \u00e9s import\u00e1lt feldolgoz\u00f3k\u00f6zpontokban gravit\u00e1ci\u00f3s \u00f6nt\u00e9si elj\u00e1r\u00e1ssal dolgozz\u00e1k fel. A term\u00e9k j\u00f3 pontoss\u00e1ggal \u00e9s tart\u00f3ss\u00e1ggal rendelkezik. Az \u00f6ntv\u00e9nyek jobban ellen\u00e1llnak az \u00fct\u00e9seknek, mint a pr\u00e9s\u00f6ntv\u00e9nyek, \u00e9s kev\u00e9sb\u00e9 hajlamosak a reped\u00e9sre.<br \/>\n2. A hajt\u00f3t\u00e1rcsa anyaga 40Cr, s\u00falya 5,4 kg, edz\u00e9s \u00e9s fel\u00fcleti nitrid\u00e1l\u00e1s ut\u00e1n kop\u00e1s\u00e1ll\u00f3bb \u00e9s tart\u00f3sabb.<br \/>\n3. A csigaker\u00e9k \u00f3n-foszforbronz 9-4 r\u00e9zb\u0151l k\u00e9sz\u00fclt, 0,94 kg, j\u00f3 sz\u00edv\u00f3ss\u00e1ggal \u00e9s kop\u00e1s\u00e1ll\u00f3s\u00e1ggal. A csiga \u00e9s a fogasker\u00e9k tengely\u00e9nek anyaga 38CrMoA1, amelyb\u0151l a csiga 0,48 kg, ami j\u00f3 sz\u00edv\u00f3ss\u00e1ggal \u00e9s kop\u00e1s\u00e1ll\u00f3s\u00e1ggal rendelkezik.<br \/>\n4. A k\u00f6t\u00e9lvezet\u0151 speci\u00e1lis kop\u00e1s\u00e1ll\u00f3 rozsdamentes ac\u00e9lb\u00f3l k\u00e9sz\u00fclt, amely nem k\u00f6nnyen s\u00e9r\u00fcl \u00e9s nem okoz elakad\u00e1st. A meghib\u00e1sod\u00e1si k\u00f6lts\u00e9g rendk\u00edv\u00fcl alacsony, \u00e9s \u00e1ltal\u00e1ban nem kell kicser\u00e9lni.<\/p>","protected":false},"excerpt":{"rendered":"<p><strong>Type<\/strong>: Contruction ZLP working platform<br \/>\n<strong>Brand Name<\/strong>: SUCCESS<br \/>\n<strong>Application<\/strong>: Building Construction<br \/>\n<strong>Anyag<\/strong>: Aluminium Alloy<br \/>\n<strong>Color<\/strong>: Customized<br \/>\n<strong>Certificate<\/strong>: CE ISO<br \/>\n<strong>Voltage<\/strong>: 380V(Can be customized)<br \/>\n<strong>Load capacity<\/strong>: 500kg\/630kg\/800kg\/1000kg<br \/>\n<strong>Usage<\/strong>: High Rise Building Maintaining Work<br \/>\n<strong>Product name<\/strong>: Zlp Hoist Suspended Platform<br \/>\n<strong>N\u00e9vleges teher<\/strong>: 500kg\/630kg\/800kg\/1000kg<\/p>","protected":false},"featured_media":5659,"template":"","meta":[],"product_brand":[],"product_cat":[147],"product_tag":[150,151],"class_list":{"0":"post-5654","1":"product","2":"type-product","3":"status-publish","4":"has-post-thumbnail","6":"product_cat-suspended-platform","7":"product_tag-aluminum-alloy-suspended-platform","8":"product_tag-electric-suspended-platform","10":"first","11":"instock","12":"shipping-taxable","13":"product-type-simple"},"acf":[],"_links":{"self":[{"href":"https:\/\/www.buildinglift.com\/hu\/wp-json\/wp\/v2\/product\/5654","targetHints":{"allow":["GET"]}}],"collection":[{"href":"https:\/\/www.buildinglift.com\/hu\/wp-json\/wp\/v2\/product"}],"about":[{"href":"https:\/\/www.buildinglift.com\/hu\/wp-json\/wp\/v2\/types\/product"}],"version-history":[{"count":0,"href":"https:\/\/www.buildinglift.com\/hu\/wp-json\/wp\/v2\/product\/5654\/revisions"}],"wp:featuredmedia":[{"embeddable":true,"href":"https:\/\/www.buildinglift.com\/hu\/wp-json\/wp\/v2\/media\/5659"}],"wp:attachment":[{"href":"https:\/\/www.buildinglift.com\/hu\/wp-json\/wp\/v2\/media?parent=5654"}],"wp:term":[{"taxonomy":"product_brand","embeddable":true,"href":"https:\/\/www.buildinglift.com\/hu\/wp-json\/wp\/v2\/product_brand?post=5654"},{"taxonomy":"product_cat","embeddable":true,"href":"https:\/\/www.buildinglift.com\/hu\/wp-json\/wp\/v2\/product_cat?post=5654"},{"taxonomy":"product_tag","embeddable":true,"href":"https:\/\/www.buildinglift.com\/hu\/wp-json\/wp\/v2\/product_tag?post=5654"}],"curies":[{"name":"wp","href":"https:\/\/api.w.org\/{rel}","templated":true}]}}