{"id":1402,"date":"2023-02-09T11:05:42","date_gmt":"2023-02-09T11:05:42","guid":{"rendered":"https:\/\/www.buildinglift.com\/?page_id=1402"},"modified":"2023-12-12T21:37:18","modified_gmt":"2023-12-13T05:37:18","slug":"termek-hasznalat-biztonsag","status":"publish","type":"page","link":"https:\/\/www.buildinglift.com\/hu\/termek-hasznalat-biztonsag\/","title":{"rendered":"A term\u00e9k haszn\u00e1lat\u00e1nak biztons\u00e1ga"},"content":{"rendered":"<div data-elementor-type=\"wp-page\" data-elementor-id=\"1402\" class=\"elementor elementor-1402\">\n\t\t\t\t<div class=\"elementor-element elementor-element-f26b11c e-flex e-con-boxed e-con e-parent\" data-id=\"f26b11c\" data-element_type=\"container\" data-e-type=\"container\">\n\t\t\t\t\t<div class=\"e-con-inner\">\n\t\t\t\t<div class=\"elementor-element elementor-element-1051740 elementor-widget elementor-widget-text-editor\" data-id=\"1051740\" data-element_type=\"widget\" data-e-type=\"widget\" data-widget_type=\"text-editor.default\">\n\t\t\t\t<div class=\"elementor-widget-container\">\n\t\t\t\t\t\t\t\t\t<p><span style=\"color: #000000;\"><strong>S\u00fcrg\u0151ss\u00e9gi ell\u00e1t\u00e1s az \u00e9p\u00edtkez\u00e9s sor\u00e1n<\/strong><\/span><br \/><span style=\"color: #000000;\"><strong>Az \u00e9p\u00edtkez\u00e9s sor\u00e1n, ha a k\u00f6vetkez\u0151 k\u00fcl\u00f6nleges k\u00f6r\u00fclm\u00e9nyekkel tal\u00e1lkozik, \u0151rizze meg nyugalm\u00e1t, \u00e9s tegye meg a megfelel\u0151 v\u00e9szhelyzeti int\u00e9zked\u00e9seket.<\/strong><\/span><\/p><p><span style=\"color: #000000;\"><strong>Hirtelen \u00e1ramsz\u00fcnet az \u00e9p\u00edtkez\u00e9s alatt<\/strong><\/span><br \/><span style=\"color: #000000;\">\u00c9p\u00edt\u00e9s k\u00f6zbeni hirtelen \u00e1ramkimarad\u00e1s eset\u00e9n az elektromos doboz f\u0151kapcsol\u00f3j\u00e1t azonnal ki kell kapcsolni, hogy megel\u0151zz\u00fck a baleseteket az \u00e1ram\u00e1tvitel sor\u00e1n. A h\u00edv\u00e1s\u00e9rtes\u00edt\u00e9s v\u00e9tele ut\u00e1n a f\u0151kapcsol\u00f3t be kell kapcsolni, \u00e9s a munka a norm\u00e1l \u00e1llapot ellen\u0151rz\u00e9se ut\u00e1n megkezd\u0151dhet.<\/span><br \/><span style=\"color: #000000;\">Ha \u00e1ramkimarad\u00e1s ut\u00e1n vissza kell t\u00e9rnie a f\u00f6ldre, emelje fel az emel\u0151 k\u00e9zi lejtmeneti foganty\u00faj\u00e1t mindk\u00e9t v\u00e9g\u00e9n, hogy a felf\u00fcggeszt\u0151 platform szabadon cs\u00faszhasson a f\u00f6ldre. <strong>f\u00f6ld.<\/strong><\/span><br \/><span style=\"color: #000000;\"><strong>Az emel\u00e9si \u00e9s s\u00fcllyeszt\u00e9si folyamat sor\u00e1n a rug\u00f3s platform a gomb elenged\u00e9se ut\u00e1n nem \u00e1ll\u00edthat\u00f3 le.<\/strong><\/span><br \/><span style=\"color: #000000;\">Ha az emel\u0151platform az emel\u00e9s \u00e9s s\u00fcllyeszt\u00e9s sor\u00e1n a gomb elenged\u00e9se ut\u00e1n sem \u00e1ll\u00edthat\u00f3 le, azonnal nyomja meg az elektromos doboz ajtaj\u00e1n tal\u00e1lhat\u00f3 piros v\u00e9szkapcsol\u00f3t a platform s\u00fcrg\u0151s le\u00e1ll\u00edt\u00e1s\u00e1hoz. Ezut\u00e1n kapcsolja ki az elektromos doboz f\u0151kapcsol\u00f3j\u00e1t, ellen\u0151rizze a kontaktor \u00e9rintkez\u0151it, tiszt\u00edtsa meg a zs\u00edros szennyez\u0151d\u00e9seket a kontaktor fel\u00fclet\u00e9r\u0151l, \u00e9s miut\u00e1n a kontaktor vissza\u00e1llt a norm\u00e1l m\u0171k\u00f6d\u00e9sre, z\u00e1rja a f\u0151kapcsol\u00f3t, \u00e9s a k\u00e9zi lecs\u00fasztat\u00e1si m\u00f3dszerrel engedje le a platformot a talajra karbantart\u00e1s c\u00e9lj\u00e1b\u00f3l.<\/span><br \/><span style=\"color: #000000;\"><strong>a felf\u00fcggeszt\u0151 platformnak v\u00edzszintesen kell d\u0151lnie, \u00e9s automatikusan r\u00f6gz\u00edtenie kell a k\u00f6telet<\/strong><\/span><br \/><span style=\"color: #000000;\">Amikor a felf\u00fcggeszt\u0151 platform lefel\u00e9 cs\u00faszik az emelked\u00e9si \u00e9s ereszked\u00e9si folyamat sor\u00e1n, vagy az egyik v\u00e9ge egy bizonyos m\u00e9rt\u00e9kig elcs\u00faszik, a biztons\u00e1gi z\u00e1r automatikusan r\u00f6gz\u00edti a k\u00f6telet. Ekkor azonnal \u00e1lljon meg, majd kapcsolja az elektromos dobozon tal\u00e1lhat\u00f3 \u00e1tkapcsol\u00f3t a platform als\u00f3 v\u00e9g\u00e9re, \u00e9s nyomja meg a fel gombot. A felf\u00fcggeszt\u0151 platform als\u00f3 v\u00e9ge felemelkedik a vissza\u00e1ll\u00edt\u00e1si v\u00edzszintes helyzetbe. Miut\u00e1n a biztons\u00e1gi z\u00e1r automatikusan visszanyeri a kioldott \u00e1llapot\u00e1t, a felf\u00fcggeszt\u0151 platform leereszthet\u0151 a talajra, \u00e9s mindk\u00e9t v\u00e9g\u00e9n ellen\u0151rzik \u00e9s be\u00e1ll\u00edtj\u00e1k az elektrom\u00e1gneses f\u00e9kr\u00e9st a k\u00f6vetelm\u00e9nyeknek megfelel\u0151en; vagy ellen\u0151rzik a k\u00e9t v\u00e9g k\u00f6z\u00f6tti forg\u00e1si sebess\u00e9g k\u00fcl\u00f6nbs\u00e9g\u00e9t, ha a k\u00fcl\u00f6nbs\u00e9g nyilv\u00e1nval\u00f3, motorra kell cser\u00e9lni.<\/span><br \/><span style=\"color: #000000;\"><strong>emelje fel a g\u00e9pk\u00e1rtya dr\u00f3tk\u00f6tel\u00e9t<\/strong><\/span><br \/><span style=\"color: #000000;\">A munkadr\u00f3tk\u00f6t\u00e9l elakadt az emel\u0151ben laza sz\u00e1lak, t\u00f6r\u00e9s vagy emel\u0151g\u00e9p alkatr\u00e9szei miatt. A felf\u00fcggeszt\u0151 platformon l\u00e9v\u0151 \u00e9p\u00edt\u0151ipari szem\u00e9lyzetet a biztons\u00e1g biztos\u00edt\u00e1sa mellett evaku\u00e1lj\u00e1k, \u00e9s a karbantart\u00e1shoz szakk\u00e9pzett karbantart\u00f3 szem\u00e9lyzetet k\u00fcldik a felf\u00fcggeszt\u0151 platformhoz. El\u0151sz\u00f6r a biztons\u00e1gi dr\u00f3tk\u00f6telet feltekerik az emel\u0151keret k\u00e9t v\u00e9g\u00e9re, \u00e9s a biztons\u00e1gi dr\u00f3tk\u00f6t\u00e9l k\u00e9t v\u00e9g\u00e9t k\u00f6t\u00e9lcsattal r\u00f6gz\u00edtik. Ezut\u00e1n laz\u00edtsa meg a biztons\u00e1gi z\u00e1r leng\u0151karj\u00e1nak v\u00e9d\u0151gy\u0171r\u0171j\u00e9t mindk\u00e9t v\u00e9g\u00e9n, hogy a munkadr\u00f3tk\u00f6telet lev\u00e1lassza a g\u00f6rg\u0151r\u0151l, \u00edgy a biztons\u00e1gi z\u00e1rak mindk\u00e9t v\u00e9g\u00e9n a reteszel\u0151k\u00f6t\u00e9l \u00e1llapot\u00e1ba ker\u00fclnek. A fenti biztons\u00e1gi int\u00e9zked\u00e9sek megt\u00e9tele ut\u00e1n vegye ki az emel\u0151t az ellen\u0151rz\u00e9shez, \u00e9s t\u00e1vol\u00edtsa el a dr\u00f3tk\u00f6t\u00e9l elakad\u00e1s\u00e1b\u00f3l. Sz\u00fcks\u00e9g eset\u00e9n v\u00e1gja le a dr\u00f3tk\u00f6telet, \u00e9s nyissa ki az emel\u0151fedelet, hogy ellen\u0151rizze \u00e9s \u00f3vatosan t\u00e1vol\u00edtsa el az emel\u0151ben maradt dr\u00f3tk\u00f6telet. Ezzel egyidej\u0171leg cser\u00e9lje ki az \u00faj dr\u00f3tk\u00f6telet a felf\u00fcggeszt\u0151 mechanizmus megfelel\u0151 helyzet\u00e9be, tegye vissza a dr\u00f3tk\u00f6telet, \u00e9s helyezze az emel\u0151be a dr\u00f3tk\u00f6t\u00e9l megh\u00faz\u00e1s\u00e1hoz, majd helyezze a munkadr\u00f3tk\u00f6telet a biztons\u00e1gi z\u00e1r leng\u0151ker\u00e9k horny\u00e1ba, \u00e9s szerelje fel a v\u00e9d\u0151gy\u0171r\u0171t. A biztons\u00e1gi z\u00e1r kinyit\u00e1sa ut\u00e1n a felf\u00fcggeszt\u0151 platformot k\u00f6r\u00fclbel\u00fcl 0,5 m-rel fel kell emelni a meg\u00e1ll\u00edt\u00e1shoz, a biztons\u00e1gi dr\u00f3tk\u00f6t\u00e9l k\u00f6t\u00e9lcsatj\u00e1t el kell t\u00e1vol\u00edtani, a biztons\u00e1gi dr\u00f3tk\u00f6telet f\u00fcgg\u0151leges helyzetbe kell helyezni, majd a felf\u00fcggeszt\u0151 platformot le kell engedni a talajra, \u00e9s az emel\u0151 szigor\u00fa ellen\u0151rz\u00e9se \u00e9s karbantart\u00e1sa ut\u00e1n a f\u00e9l tov\u00e1bbra is haszn\u00e1lhatja.<\/span><br \/><span style=\"color: #000000;\"><strong>Amikor a m\u0171k\u00f6d\u0151 dr\u00f3tk\u00f6t\u00e9l elszakad<\/strong><\/span><br \/><span style=\"color: #000000;\">Amikor a munkadr\u00f3t a felf\u00fcggeszt\u0151 platform egyik v\u00e9g\u00e9n elszakad, a felf\u00fcggeszt\u0151 platform megd\u0151l, \u00e9s a biztons\u00e1gi z\u00e1r automatikusan bez\u00e1rul, amikor a munkahelyzet megd\u0151l, \u00e9s a felf\u00fcggeszt\u0151 platform a biztons\u00e1gi dr\u00f3tk\u00f6t\u00e9lbe r\u00f6gz\u00fcl. Ebben az id\u0151ben a felf\u00fcggeszt\u0151 platformon tart\u00f3zkod\u00f3 \u00e9p\u00edt\u0151ipari szem\u00e9lyzetnek nyugodtnak kell maradnia, \u00e9s szigor\u00faan tilos a felf\u00fcggeszt\u0151 platformon futni \u00e9s ugrani, valamint v\u00e9szhelyzeti int\u00e9zked\u00e9seket tenni, ha a megfelel\u0151 dr\u00f3tk\u00f6telek beragadtak a felvon\u00f3ba.<\/span><\/p><p><span style=\"color: #000000;\"><strong>A felf\u00fcggeszt\u0151 mechanizmus telep\u00edt\u00e9se, be\u00e1ll\u00edt\u00e1sa \u00e9s \u00f3vint\u00e9zked\u00e9sek<\/strong><\/span><\/p><p><span style=\"color: #000000;\">A talaj lerak\u00e1sakor v\u00edzszintes s\u00edkot kell v\u00e1lasztani. Lejt\u0151 eset\u00e9n azt megb\u00edzhat\u00f3an ki kell egyenl\u00edteni a sz\u00f6gker\u00e9k alatt. Ha a lerak\u00e1si fel\u00fclet v\u00edz\u00e1ll\u00f3 \u00e9s szigetelt, akkor az els\u0151 \u00e9s h\u00e1ts\u00f3 \u00fcl\u00e9sek alatt 2,5\u20133 cm vastag p\u00e1rn\u00e1zattal kell ell\u00e1tni az \u00f6sszenyom\u00f3d\u00e1s elker\u00fcl\u00e9se \u00e9rdek\u00e9ben. V\u00edz\u00e1ll\u00f3 szigetel\u00e9si szint.<\/span><br \/><span style=\"color: #000000;\">Az \u00e1ll\u00edthat\u00f3 tart\u00f3konzol magass\u00e1g\u00e1t \u00fagy kell megv\u00e1lasztani, hogy az el\u00fcls\u0151 gerenda als\u00f3 oldala kiss\u00e9 magasabb legyen, mint a mellv\u00e9d (vagy m\u00e1s akad\u00e1lyok) magass\u00e1ga. Ha lehets\u00e9ges, a felf\u00fcggeszt\u0151 mechanizmus elhelyez\u00e9se ut\u00e1n az el\u00fcls\u0151 gerenda als\u00f3 oldal\u00e1t meg kell hosszabb\u00edtani. A le\u00e1nyfalat fadarabokkal kell r\u00f6gz\u00edteni.<\/span><br \/><span style=\"color: #000000;\">Az el\u00fcls\u0151 gerenda t\u00falny\u00fal\u00f3 v\u00e9g\u00e9nek n\u00e9vleges kiny\u00fal\u00e1si tartom\u00e1nya 0,3\u20131,5 m\u00e9ter. Ha a n\u00e9vleges kiny\u00fal\u00e1st t\u00fall\u00e9pik, megb\u00edzhat\u00f3 meger\u0151s\u00edt\u00e9si int\u00e9zked\u00e9seket \u00e9s n\u00e9vleges teherb\u00edr\u00e1st kell alkalmazni, \u00e9s azokat a felel\u0151s oszt\u00e1lynak haszn\u00e1lat el\u0151tt meg kell er\u0151s\u00edtenie.<\/span><br \/><span style=\"color: #000000;\">Az els\u0151 \u00e9s a h\u00e1ts\u00f3 \u00fcl\u00e9sek k\u00f6z\u00f6tti t\u00e1vols\u00e1got a lehet\u0151 legnagyobbra kell be\u00e1ll\u00edtani a helysz\u00edni k\u00f6r\u00fclm\u00e9nyek k\u00f6z\u00f6tt.<\/span><br \/><span style=\"color: #000000;\">A k\u00e9t konzol k\u00f6z\u00f6tti t\u00e1vols\u00e1got 3-5 cm-rel kisebbre kell be\u00e1ll\u00edtani, mint a felf\u00fcggeszt\u0151 platform hossza.<\/span><br \/><span style=\"color: #000000;\">Az ac\u00e9lsodrony megfesz\u00edt\u00e9sekor az els\u0151 gerend\u00e1t 3\u20135 cm-rel kiss\u00e9 felfel\u00e9 kell hajtani, hogy el\u0151fesz\u00edt\u00e9st hozzon l\u00e9tre \u00e9s jav\u00edtsa az els\u0151 gerenda merevs\u00e9g\u00e9t.<\/span><br \/><span style=\"color: #000000;\">Amikor a dr\u00f3tk\u00f6telet befogj\u00e1k, a k\u00f6t\u00e9lszor\u00edt\u00f3k sz\u00e1ma legal\u00e1bb h\u00e1rom, az ac\u00e9lsodronyk\u00f6t\u00e9l U alak\u00fa ny\u00edl\u00e1sa \u00e9s v\u00e9ge egym\u00e1ssal ellent\u00e9tes, \u00e9s az ir\u00e1nyok megegyeznek. A k\u00f6t\u00e9lszor\u00edt\u00f3kat az emel\u00e9si pontt\u00f3l kezdve sorrendben kell r\u00f6gz\u00edteni, az utols\u00f3 k\u00f6t\u00e9lszor\u00edt\u00f3 \u00e9s az el\u0151z\u0151 k\u00f6t\u00e9lszor\u00edt\u00f3 k\u00f6z\u00f6tt a k\u00f6t\u00e9lnek enyh\u00e9n \u00edveltnek kell lennie. A k\u00f6t\u00e9lszor\u00edt\u00f3 anya megh\u00faz\u00e1sakor a dr\u00f3tk\u00f6telet 1\/2-1\/3 \u00e1tm\u00e9r\u0151j\u0171re kell lap\u00edtani.<\/span><br \/><span style=\"color: #000000;\">A dr\u00f3tk\u00f6t\u00e9l fektet\u00e9sekor a k\u00f6t\u00e9l n\u00e9lk\u00fcli korongot a padl\u00f3ra kell helyezni. A k\u00f6t\u00e9lfejet \u00f3vatosan ki kell h\u00fazni, majd lassan le kell cs\u00fasztatni az elej\u00e9n. Szigor\u00faan tilos a dr\u00f3tk\u00f6telet a korongba dobni. A dr\u00f3tk\u00f6t\u00e9l lefektet\u00e9se ut\u00e1n az \u00f6sszegubancol\u00f3dott k\u00f6telet \u00f3vatosan k\u00fcl\u00f6n kell nyomni. A f\u00f6ld\u00f6n l\u00e9v\u0151 felesleges dr\u00f3tk\u00f6telet gondosan \u00f6ssze kell csomagolni, \u00e9s a talajt nem szabad \u00f6nk\u00e9nyesen sz\u00e9tsz\u00f3rni.<\/span><\/p><p><span style=\"color: #000000;\"><strong>F\u0151bb alkatr\u00e9sz-selejtez\u00e9si szabv\u00e1nyok<\/strong><\/span><br \/><span style=\"color: #000000;\">F\u00fcggesztett munka\u00e1llv\u00e1ny f\u0151 er\u0151tartoz\u00e9kai: Ha a felf\u00fcggeszt\u0151 mechanizmus vagy a felf\u00fcggeszt\u0151 \u00e1llv\u00e1ny az al\u00e1bbiak szerint n\u00e9z ki, azt selejtezni kell.<\/span><\/p><p><span style=\"color: #000000;\">Az \u00e1ltal\u00e1nos instabilit\u00e1s ut\u00e1n nem szabad jav\u00edtani, \u00e9s selejtezend\u0151.<\/span><br \/><span style=\"color: #000000;\">Amikor marad\u00f3 alakv\u00e1ltoz\u00e1s keletkezik, \u00e9s az nem jav\u00edthat\u00f3, akkor selejtezve kell t\u00e1rolni.<\/span><br \/><span style=\"color: #000000;\">Ha egyes alkatr\u00e9szek tart\u00f3san deform\u00e1l\u00f3dtak \u00e9s nem jav\u00edthat\u00f3k, valamint a fel\u00fcleti korr\u00f3zi\u00f3 vagy kop\u00e1s m\u00e9lys\u00e9ge meghaladja az eredeti alkatr\u00e9sz 10%-j\u00e9t, akkor a megfelel\u0151 alkatr\u00e9szeket selejtezz\u00fck.<\/span><br \/><span style=\"color: #000000;\">Amikor reped\u00e9sek keletkeznek a szerkezeti elemekben \u00e9s hegeszt\u00e9sekben, a fesz\u00fclts\u00e9gi helyzett\u0151l \u00e9s a reped\u00e9si k\u00f6r\u00fclm\u00e9nyekt\u0151l f\u00fcgg\u0151en, jav\u00edt\u00e1s vagy meger\u0151s\u00edt\u00e9si int\u00e9zked\u00e9sek ut\u00e1n az eredeti tervez\u00e9si k\u00f6vetelm\u00e9nyek teljes\u00edthet\u0151k, \u00e9s a tov\u00e1bbi haszn\u00e1lat el\u0151tt jav\u00edt\u00e1sokat kell v\u00e9gezni a meger\u0151s\u00edt\u00e9s \u00e9rdek\u00e9ben. Ellenkez\u0151 esetben azokat selejtezni kell.<\/span><\/p><p><span style=\"color: #000000;\"><strong>Melyek a felf\u00fcggesztett munka\u00e1llv\u00e1ny berendez\u00e9seinek f\u0151 biztons\u00e1gi berendez\u00e9sei?<\/strong><\/span><br \/><span style=\"color: #000000;\">A. LSB leng\u0151karos biztons\u00e1gi z\u00e1r; r\u00f6gz\u00edtheti a biztons\u00e1gi dr\u00f3tk\u00f6telet, ha a munka\u00e1llv\u00e1ny d\u0151l\u00e9ssz\u00f6ge nagyobb, mint 3-8\u00b0, vagy a munkadr\u00f3t elszakadt;<\/span><br \/><span style=\"color: #000000;\">B. K\u00e9zi kiold\u00e1s: \u00c1ramkimarad\u00e1s eset\u00e9n, p\u00e9ld\u00e1ul \u00e1ramsz\u00fcnet eset\u00e9n, sim\u00e1n leengedhet\u0151, hogy a kezel\u0151 biztons\u00e1gosan el\u00e9rje a talajt;<\/span><br \/><span style=\"color: #000000;\">C. Sebess\u00e9gkorl\u00e1toz\u00e1s elleni v\u00e9delem: amikor a lejt\u00e9si sebess\u00e9g meghaladja a meghat\u00e1rozott biztons\u00e1gos sebess\u00e9get, a centrifug\u00e1lis lass\u00edt\u00f3 berendez\u00e9s aktiv\u00e1l\u00f3dik a lejt\u00e9si sebess\u00e9g lelass\u00edt\u00e1s\u00e1ra;<\/span><br \/><span style=\"color: #000000;\">D. Hat\u00e1r\u00e9rt\u00e9kv\u00e9delem: automatikusan lekapcsolja az \u00e1ramell\u00e1t\u00e1st, amikor a kos\u00e1r berendez\u00e9se t\u00fall\u00e9pi a manu\u00e1lisan be\u00e1ll\u00edtott maxim\u00e1lis hat\u00e1r\u00e9rt\u00e9ket, \u00e9s aktiv\u00e1lja a riaszt\u00f3cseng\u0151t;<\/span><br \/><span style=\"color: #000000;\">E. Elektromos t\u00falterhel\u00e9s elleni v\u00e9delem: Ha a motor vagy az \u00e1ramk\u00f6r rendellenes, \u00e9s a motor t\u00falterhelt, v\u00e1lassza le a kontaktor vez\u00e9rl\u0151 \u00e1ramk\u00f6r\u00e9t a f\u0151 \u00e1ramk\u00f6r lev\u00e1laszt\u00e1s\u00e1hoz.<\/span><br \/><span style=\"color: #000000;\">F. Sziv\u00e1rg\u00e1sv\u00e9delem: A kezel\u0151 automatikusan lez\u00e1rja a teljes \u00e1ramk\u00f6rt, ha a kezel\u0151 v\u00e9letlen\u00fcl felt\u00f6lti az elektromos testet \u00e9s sziv\u00e1rog;<\/span><br \/><span style=\"color: #000000;\">G. V\u00e9szle\u00e1ll\u00edt\u00e1s: hirtelen rendelleness\u00e9g (p\u00e9ld\u00e1ul automatikus emelked\u00e9s vagy s\u00fcllyed\u00e9s) eset\u00e9n kapcsolja ki a f\u0151 vez\u00e9rl\u0151hurkot.<\/span><\/p>\t\t\t\t\t\t\t\t<\/div>\n\t\t\t\t<\/div>\n\t\t\t\t\t<\/div>\n\t\t\t\t<\/div>\n\t\t\t\t<\/div>","protected":false},"excerpt":{"rendered":"<p>Emergency treatment during constructionDuring the construction, if you encounter the following special circumstances, you should keep calm and take appropriate emergency measures. Sudden power outage during constructionWhen there is a sudden power outage during construction, the power switch of the electric box should be cut off immediately to prevent accidents during power transmission. After receiving [&hellip;]<\/p>\n","protected":false},"author":1,"featured_media":0,"parent":0,"menu_order":0,"comment_status":"closed","ping_status":"closed","template":"","meta":{"footnotes":""},"class_list":["post-1402","page","type-page","status-publish","hentry"],"acf":[],"_links":{"self":[{"href":"https:\/\/www.buildinglift.com\/hu\/wp-json\/wp\/v2\/pages\/1402","targetHints":{"allow":["GET"]}}],"collection":[{"href":"https:\/\/www.buildinglift.com\/hu\/wp-json\/wp\/v2\/pages"}],"about":[{"href":"https:\/\/www.buildinglift.com\/hu\/wp-json\/wp\/v2\/types\/page"}],"author":[{"embeddable":true,"href":"https:\/\/www.buildinglift.com\/hu\/wp-json\/wp\/v2\/users\/1"}],"replies":[{"embeddable":true,"href":"https:\/\/www.buildinglift.com\/hu\/wp-json\/wp\/v2\/comments?post=1402"}],"version-history":[{"count":0,"href":"https:\/\/www.buildinglift.com\/hu\/wp-json\/wp\/v2\/pages\/1402\/revisions"}],"wp:attachment":[{"href":"https:\/\/www.buildinglift.com\/hu\/wp-json\/wp\/v2\/media?parent=1402"}],"curies":[{"name":"wp","href":"https:\/\/api.w.org\/{rel}","templated":true}]}}