{"id":5896,"date":"2023-10-19T13:27:45","date_gmt":"2023-10-19T13:27:45","guid":{"rendered":"https:\/\/www.buildinglift.com\/?post_type=product&#038;p=5896"},"modified":"2023-12-12T22:32:33","modified_gmt":"2023-12-13T06:32:33","slug":"elevateur-a-ciseaux-automatique-10-25m-de-haute-qualite-350-500-800kg-1-tonne-elevateur-hydraulique-electrique-avec-accessoires","status":"publish","type":"product","link":"https:\/\/www.buildinglift.com\/fr\/produit\/elevateur-a-ciseaux-automatique-10-25m-de-haute-qualite-350-500-800kg-1-tonne-elevateur-hydraulique-electrique-avec-accessoires\/","title":{"rendered":"Ascenseur \u00e0 ciseaux automatique de haute qualit\u00e9 de 10 \u00e0 25 m, \u00e9l\u00e9vateur \u00e9lectrique hydraulique de 350, 500, 800 kg, 1 tonne avec accessoires"},"content":{"rendered":"<p><strong>Description du produit<\/strong><br \/>\nNotre nacelle \u00e9l\u00e9vatrice \u00e0 ciseaux mobile et automotrice est principalement utilis\u00e9e pour \u00e9lever des travailleurs en hauteur pour des r\u00e9parations, des op\u00e9rations de maintenance, de nettoyage ou d&#039;installation, etc. Elle se d\u00e9place facilement vers la zone de travail souhait\u00e9e.<br \/>\nUne seule personne peut man\u0153uvrer la plateforme pour avancer, reculer et tourner, m\u00eame \u00e0 sa hauteur maximale. Ce type de plateforme <a href=\"https:\/\/www.buildinglift.com\/product\/automatic-10-25m-high-quality-elevator-scissor-lift-350-500-800kg-1-ton-hydraulic-electric-lift-with-attachments\/\">\u00e9l\u00e9vateur \u00e0 ciseaux mobile<\/a> peut \u00eatre install\u00e9 avec la roue motrice pour le d\u00e9placer \u00e0 la main sans aucune duret\u00e9.<\/p>\n<p><a href=\"https:\/\/www.buildinglift.com\/wp-content\/uploads\/H559669909c4843a4bcc8e5cda100bf0fH.png\"><img fetchpriority=\"high\" decoding=\"async\" class=\"alignnone size-full wp-image-5901\" src=\"https:\/\/www.buildinglift.com\/wp-content\/uploads\/H559669909c4843a4bcc8e5cda100bf0fH.png\" alt=\"\" width=\"790\" height=\"495\" srcset=\"https:\/\/www.buildinglift.com\/wp-content\/uploads\/H559669909c4843a4bcc8e5cda100bf0fH.png 790w, https:\/\/www.buildinglift.com\/wp-content\/uploads\/H559669909c4843a4bcc8e5cda100bf0fH-600x376.png 600w, https:\/\/www.buildinglift.com\/wp-content\/uploads\/H559669909c4843a4bcc8e5cda100bf0fH-300x188.png 300w, https:\/\/www.buildinglift.com\/wp-content\/uploads\/H559669909c4843a4bcc8e5cda100bf0fH-768x481.png 768w, https:\/\/www.buildinglift.com\/wp-content\/uploads\/H559669909c4843a4bcc8e5cda100bf0fH-18x12.png 18w\" sizes=\"(max-width: 790px) 100vw, 790px\" \/><\/a><\/p>","protected":false},"excerpt":{"rendered":"<p>Notre nacelle \u00e9l\u00e9vatrice \u00e0 ciseaux mobile et auto-d\u00e9pla\u00e7able est principalement utilis\u00e9e pour \u00e9lever des travailleurs en hauteur pour des r\u00e9parations, des op\u00e9rations de maintenance, de nettoyage ou d&#039;installation, etc. Elle se d\u00e9place facilement vers la zone de travail souhait\u00e9e.<\/p>","protected":false},"featured_media":5900,"template":"","meta":[],"product_brand":[],"product_cat":[149],"product_tag":[],"class_list":{"0":"post-5896","1":"product","2":"type-product","3":"status-publish","4":"has-post-thumbnail","6":"product_cat-elevator-scissor-lift","8":"first","9":"instock","10":"shipping-taxable","11":"product-type-simple"},"acf":[],"_links":{"self":[{"href":"https:\/\/www.buildinglift.com\/fr\/wp-json\/wp\/v2\/product\/5896","targetHints":{"allow":["GET"]}}],"collection":[{"href":"https:\/\/www.buildinglift.com\/fr\/wp-json\/wp\/v2\/product"}],"about":[{"href":"https:\/\/www.buildinglift.com\/fr\/wp-json\/wp\/v2\/types\/product"}],"version-history":[{"count":0,"href":"https:\/\/www.buildinglift.com\/fr\/wp-json\/wp\/v2\/product\/5896\/revisions"}],"wp:featuredmedia":[{"embeddable":true,"href":"https:\/\/www.buildinglift.com\/fr\/wp-json\/wp\/v2\/media\/5900"}],"wp:attachment":[{"href":"https:\/\/www.buildinglift.com\/fr\/wp-json\/wp\/v2\/media?parent=5896"}],"wp:term":[{"taxonomy":"product_brand","embeddable":true,"href":"https:\/\/www.buildinglift.com\/fr\/wp-json\/wp\/v2\/product_brand?post=5896"},{"taxonomy":"product_cat","embeddable":true,"href":"https:\/\/www.buildinglift.com\/fr\/wp-json\/wp\/v2\/product_cat?post=5896"},{"taxonomy":"product_tag","embeddable":true,"href":"https:\/\/www.buildinglift.com\/fr\/wp-json\/wp\/v2\/product_tag?post=5896"}],"curies":[{"name":"wp","href":"https:\/\/api.w.org\/{rel}","templated":true}]}}