{"id":5716,"date":"2023-09-22T14:46:38","date_gmt":"2023-09-22T14:46:38","guid":{"rendered":"https:\/\/www.buildinglift.com\/?post_type=product&#038;p=5716"},"modified":"2023-12-12T22:24:20","modified_gmt":"2023-12-13T06:24:20","slug":"plateforme-dachat-suspendue-des-ventes","status":"publish","type":"product","link":"https:\/\/www.buildinglift.com\/fr\/produit\/plateforme-dachat-suspendue-des-ventes\/","title":{"rendered":"Plateforme suspendue"},"content":{"rendered":"<p><strong>Application:<br \/>\n<\/strong>1. Immeuble de grande hauteur : D\u00e9coration, construction de murs ext\u00e9rieurs, installation de murs-rideaux et de composants ext\u00e9rieurs, r\u00e9paration, contr\u00f4le, entretien et nettoyage des murs ext\u00e9rieurs.<br \/>\n2. Panneau d&#039;affichage : installation d&#039;un panneau d&#039;affichage pour un immeuble de grande hauteur<\/p>\n<p><strong>Pour garantir un fonctionnement s\u00fbr et sans danger pour le personnel, la plateforme est \u00e9quip\u00e9e des dispositifs de s\u00e9curit\u00e9 suivants\u00a0:<br \/>\n<\/strong><span style=\"font-family: 'Open Sans';\">Frein de service int\u00e9gr\u00e9 dans le <a href=\"https:\/\/www.buildinglift.com\/products\/buy-suspended-platform-spare-parts-supplier\/\">palan LTD<\/a>.<br \/>\n<\/span><span style=\"font-family: 'Open Sans';\">Deux dispositifs antichute (<a href=\"https:\/\/www.buildinglift.com\/products\/buy-suspended-platform-spare-parts-supplier\/\">Verrouillage de s\u00e9curit\u00e9 anti-basculement LSF<\/a>) agissant sur les c\u00e2bles de s\u00e9curit\u00e9.<br \/>\n<\/span><span style=\"font-family: 'Open Sans';\">Deux interrupteurs de fin de course sup\u00e9rieurs.<br \/>\n<\/span><span style=\"font-family: 'Open Sans';\">Pas de descente motoris\u00e9e en cas de panne de courant. Arr\u00eat d&#039;urgence.<br \/>\n<\/span><span style=\"font-family: 'Open Sans';\">Contr\u00f4leur de phase. (Option)<\/span><\/p>\n<ol>\n<li><strong>Produit standard ou sur mesure <\/strong><\/li>\n<li>La hauteur de travail est r\u00e9glable selon vos besoins.<\/li>\n<li>La tension peut \u00eatre ajust\u00e9e selon vos besoins.<\/li>\n<li>Mat\u00e9riaux des trois plateformes : alliage d&#039;aluminium\/acier\/acier zingu\u00e9 par trempage.<\/li>\n<li>Les diff\u00e9rentes variantes se distinguent par leurs principes de suspension.<\/li>\n<li>Trois \u00e9triers diff\u00e9rents permettent de choisir la plateforme la mieux adapt\u00e9e \u00e0 vos besoins (type de travail, type de b\u00e2timent, charges maximales, nombre de personnes).<\/li>\n<\/ol>\n<table class=\"tg aligncenter\">\n<tbody>\n<tr>\n<td class=\"tg-y0n7\">Mod\u00e8le<\/td>\n<td class=\"tg-nrix\">ZLP250<\/td>\n<td class=\"tg-nrix\">ZLP500<\/td>\n<td class=\"tg-nrix\">ZLP630<\/td>\n<td class=\"tg-nrix\">ZLP800<\/td>\n<td class=\"tg-baqh\">ZLP1000<\/td>\n<\/tr>\n<tr>\n<td class=\"tg-y0n7\">Charge nominale<\/td>\n<td class=\"tg-nrix\">250 kg<\/td>\n<td class=\"tg-nrix\">500 kg<\/td>\n<td class=\"tg-nrix\">630 kg<\/td>\n<td class=\"tg-nrix\">800 kg<\/td>\n<td class=\"tg-baqh\">1000 kg<\/td>\n<\/tr>\n<tr>\n<td class=\"tg-y0n7\">Vitesse de levage<\/td>\n<td class=\"tg-nrix\">9-11 m\/min<\/td>\n<td class=\"tg-nrix\">9-11 m\/min<\/td>\n<td class=\"tg-nrix\">9-11 m\/min<\/td>\n<td class=\"tg-nrix\">9-11 m\/min<\/td>\n<td class=\"tg-baqh\">9-11 m\/min<\/td>\n<\/tr>\n<tr>\n<td class=\"tg-y0n7\">Dimensions de la plateforme L\u00d7l\u00d7H (mm)<\/td>\n<td class=\"tg-nrix\">2000\u00d7690\u00d71180<\/td>\n<td class=\"tg-nrix\">5000\u00d7690\u00d71180<\/td>\n<td class=\"tg-nrix\">6000\u00d7690\u00d71180<\/td>\n<td class=\"tg-nrix\">7500\u00d7690\u00d71180<\/td>\n<td class=\"tg-baqh\">7500\u00d7690\u00d71180<\/td>\n<\/tr>\n<tr>\n<td class=\"tg-y0n7\">Hauteur de levage<\/td>\n<td class=\"tg-nrix\">100 m<\/td>\n<td class=\"tg-nrix\">100 m<\/td>\n<td class=\"tg-nrix\">100 m<\/td>\n<td class=\"tg-nrix\">100 m<\/td>\n<td class=\"tg-baqh\">100 m<\/td>\n<\/tr>\n<tr>\n<td class=\"tg-y0n7\">C\u00e2ble<\/td>\n<td class=\"tg-nrix\">100 m<\/td>\n<td class=\"tg-nrix\">100 m<\/td>\n<td class=\"tg-nrix\">100 m<\/td>\n<td class=\"tg-nrix\">100 m<\/td>\n<td class=\"tg-baqh\">100 m<\/td>\n<\/tr>\n<tr>\n<td class=\"tg-y0n7\">C\u00e2ble en acier<\/td>\n<td class=\"tg-nrix\">\u04248,3 mm<\/td>\n<td class=\"tg-nrix\">\u04248,3 mm<\/td>\n<td class=\"tg-nrix\">\u04248,3 mm<\/td>\n<td class=\"tg-nrix\">8,6 mm<\/td>\n<td class=\"tg-baqh\">\u04248,6 mm\/9,1 mm<\/td>\n<\/tr>\n<tr>\n<td class=\"tg-y0n7\">Mod\u00e8le de palan<\/td>\n<td class=\"tg-nrix\">LTD8.0<\/td>\n<td class=\"tg-nrix\">Mod\u00e8le de palan<\/td>\n<td class=\"tg-nrix\">LTD6.3<\/td>\n<td class=\"tg-nrix\">LTD6.3<\/td>\n<td class=\"tg-baqh\">LTD8.0<\/td>\n<\/tr>\n<tr>\n<td class=\"tg-uqo3\">Verrouillage de s\u00e9curit\u00e9 Angle du c\u00e2ble de verrouillage<\/td>\n<td class=\"tg-baqh\">3\u00b0~8\u00b0<\/td>\n<td class=\"tg-baqh\">3\u00b0~8\u00b0<\/td>\n<td class=\"tg-baqh\">3\u00b0~8\u00b0<\/td>\n<td class=\"tg-baqh\">3\u00b0~8\u00b0<\/td>\n<td class=\"tg-baqh\">3\u00b0~8\u00b0<\/td>\n<\/tr>\n<tr>\n<td class=\"tg-uqo3\">M\u00e9canisme de suspension Porte-\u00e0-faux avant<\/td>\n<td class=\"tg-baqh\">1,3 \u00e0 1,5 m<\/td>\n<td class=\"tg-baqh\">1,3 \u00e0 1,5 m<\/td>\n<td class=\"tg-baqh\">1,3 \u00e0 1,5 m<\/td>\n<td class=\"tg-baqh\">1,3 \u00e0 1,5 m<\/td>\n<td class=\"tg-baqh\">1,3 \u00e0 1,5 m<\/td>\n<\/tr>\n<tr>\n<td class=\"tg-uqo3\">Support de suspension r\u00e9glable en hauteur<\/td>\n<td class=\"tg-baqh\">1,44 \u00e0 2,14 m<\/td>\n<td class=\"tg-baqh\">1,44 \u00e0 2,14 m<\/td>\n<td class=\"tg-baqh\">1,44 \u00e0 2,14 m<\/td>\n<td class=\"tg-baqh\">1,44 \u00e0 2,14 m<\/td>\n<td class=\"tg-baqh\">1,44 \u00e0 2,14 m<\/td>\n<\/tr>\n<tr>\n<td class=\"tg-uqo3\">Contrepoids<\/td>\n<td class=\"tg-baqh\">350 kg<\/td>\n<td class=\"tg-baqh\">800 kg<\/td>\n<td class=\"tg-baqh\">900 kg<\/td>\n<td class=\"tg-baqh\">1000 kg<\/td>\n<td class=\"tg-baqh\">1200 kg<\/td>\n<\/tr>\n<\/tbody>\n<\/table>\n<p>Notre <a href=\"https:\/\/www.buildinglift.com\/product\/sales-suspended-platform-buy\/\">Plateforme suspendue s\u00e9rie ZLP<\/a> sont largement utilis\u00e9es dans des projets tels que la tour Khalifa, etc. Fabricant professionnel<\/p>","protected":false},"excerpt":{"rendered":"<p>La s\u00e9rie ZLP, d\u00e9velopp\u00e9e et produite par SUCCESS Company, est une nacelle \u00e9l\u00e9vatrice \u00e9lectrique \u00e0 installation temporaire. Elle est principalement utilis\u00e9e pour la construction, la d\u00e9coration, le nettoyage et l&#039;entretien des fa\u00e7ades d&#039;immeubles de grande hauteur et de b\u00e2timents \u00e0 plusieurs \u00e9tages. Elle peut \u00e9galement servir \u00e0 l&#039;installation d&#039;ascenseurs, de grands r\u00e9servoirs, de ponts, de barrages et \u00e0 d&#039;autres travaux de g\u00e9nie civil.<\/p>","protected":false},"featured_media":5719,"template":"","meta":[],"product_brand":[],"product_cat":[147],"product_tag":[157,156,158],"class_list":{"0":"post-5716","1":"product","2":"type-product","3":"status-publish","4":"has-post-thumbnail","6":"product_cat-suspended-platform","7":"product_tag-buy-suspended-platform","8":"product_tag-sales-suspended-platform","9":"product_tag-suspended-platform-supplier","11":"first","12":"instock","13":"shipping-taxable","14":"product-type-simple"},"acf":[],"_links":{"self":[{"href":"https:\/\/www.buildinglift.com\/fr\/wp-json\/wp\/v2\/product\/5716","targetHints":{"allow":["GET"]}}],"collection":[{"href":"https:\/\/www.buildinglift.com\/fr\/wp-json\/wp\/v2\/product"}],"about":[{"href":"https:\/\/www.buildinglift.com\/fr\/wp-json\/wp\/v2\/types\/product"}],"version-history":[{"count":0,"href":"https:\/\/www.buildinglift.com\/fr\/wp-json\/wp\/v2\/product\/5716\/revisions"}],"wp:featuredmedia":[{"embeddable":true,"href":"https:\/\/www.buildinglift.com\/fr\/wp-json\/wp\/v2\/media\/5719"}],"wp:attachment":[{"href":"https:\/\/www.buildinglift.com\/fr\/wp-json\/wp\/v2\/media?parent=5716"}],"wp:term":[{"taxonomy":"product_brand","embeddable":true,"href":"https:\/\/www.buildinglift.com\/fr\/wp-json\/wp\/v2\/product_brand?post=5716"},{"taxonomy":"product_cat","embeddable":true,"href":"https:\/\/www.buildinglift.com\/fr\/wp-json\/wp\/v2\/product_cat?post=5716"},{"taxonomy":"product_tag","embeddable":true,"href":"https:\/\/www.buildinglift.com\/fr\/wp-json\/wp\/v2\/product_tag?post=5716"}],"curies":[{"name":"wp","href":"https:\/\/api.w.org\/{rel}","templated":true}]}}