{"id":5709,"date":"2023-09-22T14:28:00","date_gmt":"2023-09-22T14:28:00","guid":{"rendered":"https:\/\/www.buildinglift.com\/?post_type=product&#038;p=5709"},"modified":"2023-12-12T22:22:21","modified_gmt":"2023-12-13T06:22:21","slug":"plate-forme-de-travail-suspendue-pour-le-nettoyage-des-vitres","status":"publish","type":"product","link":"https:\/\/www.buildinglift.com\/fr\/produit\/plate-forme-de-travail-suspendue-pour-le-nettoyage-des-vitres\/","title":{"rendered":"Plateforme de travail suspendue pour le nettoyage des vitres"},"content":{"rendered":"<p>Plateforme suspendue pour le nettoyage des vitres, compos\u00e9e d&#039;une plateforme de travail et d&#039;un syst\u00e8me de suspension. Facile \u00e0 monter et \u00e0 d\u00e9monter, elle est \u00e9quip\u00e9e d&#039;un dispositif de s\u00e9curit\u00e9, garantissant ainsi une utilisation en haute altitude.<\/p>\n<p><strong>D\u00e9tails du produit<br \/>\n<\/strong>\u2013<a href=\"https:\/\/www.buildinglift.com\/product\/window-cleaning-suspended-working-platform\/\"> Accessoires de la plate-forme de travail<\/a><br \/>\nBo\u00eetier de commande \u00e9lectrique : conception scientifique, \u00e9tanche et anti-collision<br \/>\nSerrure de s\u00e9curit\u00e9 : acier inoxydable haute intensit\u00e9, qualifi\u00e9 100%<br \/>\nC\u00e2ble m\u00e9tallique : diam\u00e8tre 8,3 mm<br \/>\nC\u00e2ble : niveau GB2.0, caoutchouc naturel r\u00e9sistant aux intemp\u00e9ries<br \/>\nPalan : haute qualit\u00e9, durable<br \/>\nVous pouvez choisir entre quatre types de contrepoids : fonte, b\u00e9ton, b\u00e9ton avec rev\u00eatement en acier ou b\u00e9ton avec rev\u00eatement en zinc.<br \/>\n\u2013 Le m\u00e9canisme de suspension s&#039;adapte \u00e0 diff\u00e9rents types de toitures et facilite le transport des mat\u00e9riaux de construction. Nous proposons \u00e9galement des pinces pour parapet.<\/p>\n<p>La s\u00e9rie ZLP, un \u00e9quipement d&#039;acc\u00e8s suspendu temporaire, est une cr\u00e9ation innovante de SUCCESS Company. Sa fonction principale est d&#039;\u00eatre une machine de d\u00e9coration \u00e9lectrique grimpante, principalement utilis\u00e9e pour la construction, la d\u00e9coration, le nettoyage et l&#039;entretien des immeubles de grande hauteur et \u00e0 plusieurs \u00e9tages. Sa polyvalence lui permet d&#039;\u00eatre utilis\u00e9e pour d&#039;autres op\u00e9rations d&#039;ing\u00e9nierie telles que l&#039;installation d&#039;ascenseurs, la construction de grands r\u00e9servoirs, la construction de ponts et la construction de barrages.<\/p>\n<p>La s\u00e9rie ZLP se distingue par sa qualit\u00e9 sup\u00e9rieure et son service professionnel. Sa r\u00e9putation et sa cr\u00e9dibilit\u00e9 ont grandi, tout comme son rayonnement international. Les produits de SUCCESS Company sont d\u00e9sormais export\u00e9s dans plus de 70 pays et r\u00e9gions, dont Singapour, la Russie, les \u00c9mirats arabes unis, le Chili et le P\u00e9rou. L&#039;engagement de l&#039;entreprise envers l&#039;excellence se refl\u00e8te dans ses produits, conformes aux normes europ\u00e9ennes et certifi\u00e9s CE.<\/p>\n<p>Nous concevons et fabriquons tous types de plateformes suspendues sp\u00e9ciales, adapt\u00e9es \u00e0 toutes les conditions et aux exigences sp\u00e9cifiques de nos clients. Parmi celles-ci, on trouve les plateformes monoplaces \u00e0 pieds en L, les plateformes suspendues inclin\u00e9es, les plateformes \u00e0 deux niveaux, les nacelles BMU, les si\u00e8ges suspendus monoplaces, les plateformes suspendues circulaires, les \u00e9triers d&#039;extr\u00e9mit\u00e9 mobiles et les plateformes suspendues ZLP350.<\/p>\n<p>Connue comme un engin de chantier \u00e0 haute altitude et \u00e0 acc\u00e8s \u00e9lev\u00e9, la plateforme suspendue est connue sous diff\u00e9rents noms dans le monde. En Am\u00e9rique du Nord, on l&#039;appelle \u00ab\u00a0sc\u00e8ne suspendue\u00a0\u00bb, tandis qu&#039;au Vietnam, on la conna\u00eet sous le nom de \u00ab\u00a0t\u00e9l\u00e9cabine de San Treo\u00a0\u00bb. En Russie, on l&#039;appelle \u00ab\u00a0\u0444\u0430\u0441\u0430\u0434\u043d\u044b\u0445 \u043f\u043e\u0434\u0432\u0435\u0441\u043d\u044b\u0445 \u043f\u043b\u043e\u0449\u0430\u0434\u043e\u043a\u00a0\u00bb. Dans les pays hispanophones, comme le Chili, le P\u00e9rou, la Colombie, l&#039;Argentine et l&#039;Espagne, on l&#039;appelle \u00ab\u00a0andamios colgantes\u00a0\u00bb ou \u00ab\u00a0plataformas suspendidas\u00a0\u00bb.<\/p>\n<p>Dans le monde des engins de chantier, la s\u00e9rie ZLP de SUCCESS Company s&#039;est taill\u00e9 une place de choix. Sa polyvalence, sa qualit\u00e9 sup\u00e9rieure et sa large gamme d&#039;applications en font un outil indispensable pour les projets de construction de grande hauteur et \u00e0 plusieurs \u00e9tages. Preuve de son succ\u00e8s, la s\u00e9rie ZLP a \u00e9t\u00e9 commercialis\u00e9e dans plus de 70 pays et r\u00e9gions, r\u00e9pondant aux normes europ\u00e9ennes et obtenant la certification CE.<\/p>\n<p>Qu&#039;elle soit connue sous le nom de sc\u00e8ne swing en Am\u00e9rique du Nord, de gondole de San treo au Vietnam, de \u0444\u0430\u0441\u0430\u0434\u043d\u044b\u0445 \u043f\u043e\u0434\u0432\u0435\u0441\u043d\u044b\u0445 \u043f\u043b\u043e\u0449\u0430\u0434\u043e\u043a en Russie, ou d&#039;andamios colgantes et <a href=\"https:\/\/www.buildinglift.com\/product\/window-cleaning-suspended-working-platform\/\">plateformes suspendues<\/a> Dans les pays hispanophones, la s\u00e9rie ZLP est reconnue et appr\u00e9ci\u00e9e pour sa contribution aux projets de construction en haute altitude et \u00e0 acc\u00e8s \u00e9lev\u00e9. Gr\u00e2ce \u00e0 l&#039;innovation et aux am\u00e9liorations constantes de SUCCESS Company, la s\u00e9rie ZLP devrait rester un incontournable du secteur de la construction \u00e0 l&#039;\u00e9chelle mondiale.<\/p>\n<p><strong>Plateforme \u00e9l\u00e9vatrice suspendue \u2013 Longue dur\u00e9e de vie.<\/strong><br \/>\n1. Le corps moul\u00e9 est fabriqu\u00e9 en aluminium sp\u00e9cial et usin\u00e9 par un centre de traitement import\u00e9 selon un proc\u00e9d\u00e9 de moulage par gravit\u00e9. Le produit offre une excellente pr\u00e9cision et durabilit\u00e9. Les pi\u00e8ces moul\u00e9es sont plus r\u00e9sistantes aux chutes que les pi\u00e8ces moul\u00e9es sous pression et moins sujettes aux fissures.<br \/>\n2. Le mat\u00e9riau du disque d&#039;entra\u00eenement est 40Cr, poids 5,4 kg, apr\u00e8s traitement de trempe et de nitruration de surface, il est plus r\u00e9sistant \u00e0 l&#039;usure et durable.<br \/>\n3. La roue \u00e0 vis sans fin est fabriqu\u00e9e en cuivre-\u00e9tain-bronze phosphoreux 9-4 (0,94 kg), offrant une bonne t\u00e9nacit\u00e9 et une bonne r\u00e9sistance \u00e0 l&#039;usure. La vis sans fin et l&#039;arbre d&#039;engrenage sont en 38CrMoA1 (0,48 kg), un mat\u00e9riau qui offre une bonne t\u00e9nacit\u00e9 et une bonne r\u00e9sistance \u00e0 l&#039;usure.<br \/>\n4. Le guide-c\u00e2ble est fabriqu\u00e9 en acier inoxydable sp\u00e9cial r\u00e9sistant \u00e0 l&#039;usure, r\u00e9sistant aux dommages et aux blocages. Le co\u00fbt d&#039;une panne est extr\u00eamement faible et il n&#039;est g\u00e9n\u00e9ralement pas n\u00e9cessaire de le remplacer.<\/p>","protected":false},"excerpt":{"rendered":"<p><strong>Num\u00e9ro de mod\u00e8le<\/strong>.: ZLP630<br \/>\n<strong>Mat\u00e9riel<\/strong>: Alliage d&#039;aluminium ou acier<br \/>\n<strong>Charge nominale<\/strong>: 630 kg<br \/>\n<strong>Hauteur de levage<\/strong>: 100M ou 150M<br \/>\n<strong>Vitesse de levage<\/strong>: 9,6 m\/min<br \/>\n<strong>Dimensions (L x l x H)<\/strong>: (2000 mm * 3) * 690 mm * 1300 mm<br \/>\n<strong>Qualification de la production<\/strong><br \/>\nNous avons pass\u00e9 les certifications ISO9001:2008, CE et EAC.<\/p>","protected":false},"featured_media":5712,"template":"","meta":[],"product_brand":[],"product_cat":[147],"product_tag":[],"class_list":{"0":"post-5709","1":"product","2":"type-product","3":"status-publish","4":"has-post-thumbnail","6":"product_cat-suspended-platform","8":"first","9":"instock","10":"shipping-taxable","11":"product-type-simple"},"acf":[],"_links":{"self":[{"href":"https:\/\/www.buildinglift.com\/fr\/wp-json\/wp\/v2\/product\/5709","targetHints":{"allow":["GET"]}}],"collection":[{"href":"https:\/\/www.buildinglift.com\/fr\/wp-json\/wp\/v2\/product"}],"about":[{"href":"https:\/\/www.buildinglift.com\/fr\/wp-json\/wp\/v2\/types\/product"}],"version-history":[{"count":0,"href":"https:\/\/www.buildinglift.com\/fr\/wp-json\/wp\/v2\/product\/5709\/revisions"}],"wp:featuredmedia":[{"embeddable":true,"href":"https:\/\/www.buildinglift.com\/fr\/wp-json\/wp\/v2\/media\/5712"}],"wp:attachment":[{"href":"https:\/\/www.buildinglift.com\/fr\/wp-json\/wp\/v2\/media?parent=5709"}],"wp:term":[{"taxonomy":"product_brand","embeddable":true,"href":"https:\/\/www.buildinglift.com\/fr\/wp-json\/wp\/v2\/product_brand?post=5709"},{"taxonomy":"product_cat","embeddable":true,"href":"https:\/\/www.buildinglift.com\/fr\/wp-json\/wp\/v2\/product_cat?post=5709"},{"taxonomy":"product_tag","embeddable":true,"href":"https:\/\/www.buildinglift.com\/fr\/wp-json\/wp\/v2\/product_tag?post=5709"}],"curies":[{"name":"wp","href":"https:\/\/api.w.org\/{rel}","templated":true}]}}