{"id":5703,"date":"2023-09-22T14:20:30","date_gmt":"2023-09-22T14:20:30","guid":{"rendered":"https:\/\/www.buildinglift.com\/?post_type=product&#038;p=5703"},"modified":"2023-12-12T22:20:51","modified_gmt":"2023-12-13T06:20:51","slug":"nettoyage-de-vitres-exterieures-plate-forme-suspendue-verticale-sur-mesure-plate-forme-suspendue-sur-mesure","status":"publish","type":"product","link":"https:\/\/www.buildinglift.com\/fr\/produit\/nettoyage-de-vitres-exterieures-plate-forme-suspendue-verticale-sur-mesure-plate-forme-suspendue-sur-mesure\/","title":{"rendered":"Plateforme suspendue pour le nettoyage des vitres ext\u00e9rieures, plate-forme verticale sur mesure\/suspendue sur mesure"},"content":{"rendered":"<p>Nous concevons et fabriquons tous types de plateformes suspendues sp\u00e9ciales, adapt\u00e9es \u00e0 toutes les conditions et aux exigences sp\u00e9cifiques de nos clients. Parmi celles-ci, on trouve les plateformes monoplaces \u00e0 pieds en L, les plateformes suspendues inclin\u00e9es, les plateformes \u00e0 deux niveaux, les nacelles BMU, les si\u00e8ges suspendus monoplaces, les plateformes suspendues circulaires, les \u00e9triers d&#039;extr\u00e9mit\u00e9 mobiles et les plateformes suspendues ZLP350.<\/p>\n<p><strong>Product feature and application<\/strong><br \/>\n\u2013 High quality with competitive price<br \/>\n\u2013 Easy to assemble<br \/>\n\u2013 Smoothly control<br \/>\n\u2013 The working height can be adjusted<br \/>\n\u2013 The voltage can be adjusted<br \/>\n\u2013 Durable and safe<\/p>\n<p>La s\u00e9rie ZLP se distingue par sa qualit\u00e9 sup\u00e9rieure et son service professionnel. Sa r\u00e9putation et sa cr\u00e9dibilit\u00e9 ont grandi, tout comme son rayonnement international. Les produits de SUCCESS Company sont d\u00e9sormais export\u00e9s dans plus de 70 pays et r\u00e9gions, dont Singapour, la Russie, les \u00c9mirats arabes unis, le Chili et le P\u00e9rou. L&#039;engagement de l&#039;entreprise envers l&#039;excellence se refl\u00e8te dans ses produits, conformes aux normes europ\u00e9ennes et certifi\u00e9s CE.<\/p>\n<p>Nous concevons et fabriquons tous types de plateformes suspendues sp\u00e9ciales, adapt\u00e9es \u00e0 toutes les conditions et aux exigences sp\u00e9cifiques de nos clients. Parmi celles-ci, on trouve les plateformes monoplaces \u00e0 pieds en L, les plateformes suspendues inclin\u00e9es, les plateformes \u00e0 deux niveaux, les nacelles BMU, les si\u00e8ges suspendus monoplaces, les plateformes suspendues circulaires, les \u00e9triers d&#039;extr\u00e9mit\u00e9 mobiles et les plateformes suspendues ZLP350.<\/p>\n<p><strong><a href=\"https:\/\/www.buildinglift.com\/product\/exterior-window-cleaning-hanging-platform-custom-made-vertical-custom-suspended-platform\/\">Plateforme suspendue<\/a> Hoist&#8211;Long Lasting Lifetime<\/strong><br \/>\n1. Le corps moul\u00e9 est fabriqu\u00e9 en aluminium sp\u00e9cial et usin\u00e9 par un centre de traitement import\u00e9 selon un proc\u00e9d\u00e9 de moulage par gravit\u00e9. Le produit offre une excellente pr\u00e9cision et durabilit\u00e9. Les pi\u00e8ces moul\u00e9es sont plus r\u00e9sistantes aux chutes que les pi\u00e8ces moul\u00e9es sous pression et moins sujettes aux fissures.<br \/>\n2. Le mat\u00e9riau du disque d&#039;entra\u00eenement est 40Cr, poids 5,4 kg, apr\u00e8s traitement de trempe et de nitruration de surface, il est plus r\u00e9sistant \u00e0 l&#039;usure et durable.<br \/>\n3. La roue \u00e0 vis sans fin est fabriqu\u00e9e en cuivre-\u00e9tain-bronze phosphoreux 9-4 (0,94 kg), offrant une bonne t\u00e9nacit\u00e9 et une bonne r\u00e9sistance \u00e0 l&#039;usure. La vis sans fin et l&#039;arbre d&#039;engrenage sont en 38CrMoA1 (0,48 kg), un mat\u00e9riau qui offre une bonne t\u00e9nacit\u00e9 et une bonne r\u00e9sistance \u00e0 l&#039;usure.<br \/>\n4. Le guide-c\u00e2ble est fabriqu\u00e9 en acier inoxydable sp\u00e9cial r\u00e9sistant \u00e0 l&#039;usure, r\u00e9sistant aux dommages et aux blocages. Le co\u00fbt d&#039;une panne est extr\u00eamement faible et il n&#039;est g\u00e9n\u00e9ralement pas n\u00e9cessaire de le remplacer.<\/p>","protected":false},"excerpt":{"rendered":"<p><strong>Model No.<\/strong>: ZLP1000 ZLP800 ZLP630 ZLP500<br \/>\n<strong>Mat\u00e9riel<\/strong>: steel or aluminum alloy\uff08recommend\uff09<br \/>\n<strong>Charge nominale<\/strong>: 1000KG 800KG 600KG\u2026<br \/>\n<strong>Hauteur de levage<\/strong>: 100M to 150M<br \/>\n<strong>Vitesse de levage<\/strong>: 9-11m\/min<br \/>\n<strong>Qualification de la production<\/strong><br \/>\nNous avons pass\u00e9 les certifications ISO9001:2008, CE et EAC.<\/p>","protected":false},"featured_media":5708,"template":"","meta":[],"product_brand":[],"product_cat":[147],"product_tag":[155,154],"class_list":{"0":"post-5703","1":"product","2":"type-product","3":"status-publish","4":"has-post-thumbnail","6":"product_cat-suspended-platform","7":"product_tag-custom-suspended-platform","8":"product_tag-exterior-window-cleaning-hanging-platform-custom-made-vertical","10":"first","11":"instock","12":"shipping-taxable","13":"product-type-simple"},"acf":[],"_links":{"self":[{"href":"https:\/\/www.buildinglift.com\/fr\/wp-json\/wp\/v2\/product\/5703","targetHints":{"allow":["GET"]}}],"collection":[{"href":"https:\/\/www.buildinglift.com\/fr\/wp-json\/wp\/v2\/product"}],"about":[{"href":"https:\/\/www.buildinglift.com\/fr\/wp-json\/wp\/v2\/types\/product"}],"version-history":[{"count":0,"href":"https:\/\/www.buildinglift.com\/fr\/wp-json\/wp\/v2\/product\/5703\/revisions"}],"wp:featuredmedia":[{"embeddable":true,"href":"https:\/\/www.buildinglift.com\/fr\/wp-json\/wp\/v2\/media\/5708"}],"wp:attachment":[{"href":"https:\/\/www.buildinglift.com\/fr\/wp-json\/wp\/v2\/media?parent=5703"}],"wp:term":[{"taxonomy":"product_brand","embeddable":true,"href":"https:\/\/www.buildinglift.com\/fr\/wp-json\/wp\/v2\/product_brand?post=5703"},{"taxonomy":"product_cat","embeddable":true,"href":"https:\/\/www.buildinglift.com\/fr\/wp-json\/wp\/v2\/product_cat?post=5703"},{"taxonomy":"product_tag","embeddable":true,"href":"https:\/\/www.buildinglift.com\/fr\/wp-json\/wp\/v2\/product_tag?post=5703"}],"curies":[{"name":"wp","href":"https:\/\/api.w.org\/{rel}","templated":true}]}}