{"id":5695,"date":"2023-09-22T14:04:59","date_gmt":"2023-09-22T14:04:59","guid":{"rendered":"https:\/\/www.buildinglift.com\/?post_type=product&#038;p=5695"},"modified":"2023-12-12T22:19:40","modified_gmt":"2023-12-13T06:19:40","slug":"temporary-suspended-platforms-tsp","status":"publish","type":"product","link":"https:\/\/www.buildinglift.com\/fr\/produit\/temporary-suspended-platforms-tsp\/","title":{"rendered":"Plateformes suspendues temporaires (TSP)"},"content":{"rendered":"<p>A suspended platform incorporates a steel or aluminum platform that can be raised or lowered when in use. Other frequently used terms are \u2018suspended cradle\u2019 and \u2018swing stage platform. They can be assembled from scaffolding. The <a href=\"https:\/\/www.buildinglift.com\/product-category\/suspended-platform\/\">suspended platform<\/a> is an efficient modern overhead operation equipment that can replace traditional scaffolding and reuse. General suspended platform hoist can be divided into manual and electric hoist.<\/p>\n<p><strong>Product Feature<\/strong><br \/>\n\u2013 High quality product: variety types for selection, prompt delivery<br \/>\n\u2013 Strict quality management system<br \/>\n\u2013 Easy to install<br \/>\n\u2013 Smooth operating without noise<br \/>\n\u2013 Professional service<br \/>\nIn general, the goods is shipping by sea, the delivery time is about 10-15 days, customized platform will be delivered as the negotiation with our clients. All after-sale request will be responded in 24 hours.<\/p>\n<p>La s\u00e9rie ZLP, un \u00e9quipement d&#039;acc\u00e8s suspendu temporaire, est une cr\u00e9ation innovante de SUCCESS Company. Sa fonction principale est d&#039;\u00eatre une machine de d\u00e9coration \u00e9lectrique grimpante, principalement utilis\u00e9e pour la construction, la d\u00e9coration, le nettoyage et l&#039;entretien des immeubles de grande hauteur et \u00e0 plusieurs \u00e9tages. Sa polyvalence lui permet d&#039;\u00eatre utilis\u00e9e pour d&#039;autres op\u00e9rations d&#039;ing\u00e9nierie telles que l&#039;installation d&#039;ascenseurs, la construction de grands r\u00e9servoirs, la construction de ponts et la construction de barrages.<\/p>\n<p>La s\u00e9rie ZLP se distingue par sa qualit\u00e9 sup\u00e9rieure et son service professionnel. Sa r\u00e9putation et sa cr\u00e9dibilit\u00e9 ont grandi, tout comme son rayonnement international. Les produits de SUCCESS Company sont d\u00e9sormais export\u00e9s dans plus de 70 pays et r\u00e9gions, dont Singapour, la Russie, les \u00c9mirats arabes unis, le Chili et le P\u00e9rou. L&#039;engagement de l&#039;entreprise envers l&#039;excellence se refl\u00e8te dans ses produits, conformes aux normes europ\u00e9ennes et certifi\u00e9s CE.<\/p>\n<p>We can design and make all kinds of special suspended platform to suit for any conditions and to meet special requirements proposed by the customers. Such as L leg single person platform, angled suspended platform, double deck platform, BMU gondola, single person suspended chair, circle suspended platform, movable end stirrup, <a href=\"https:\/\/www.buildinglift.com\/product\/temporary-suspended-platforms-tsp\/\">ZLP350 suspended platform<\/a>.<\/p>\n<p>Connue comme un engin de chantier \u00e0 haute altitude et \u00e0 acc\u00e8s \u00e9lev\u00e9, la plateforme suspendue est connue sous diff\u00e9rents noms dans le monde. En Am\u00e9rique du Nord, on l&#039;appelle \u00ab\u00a0sc\u00e8ne suspendue\u00a0\u00bb, tandis qu&#039;au Vietnam, on la conna\u00eet sous le nom de \u00ab\u00a0t\u00e9l\u00e9cabine de San Treo\u00a0\u00bb. En Russie, on l&#039;appelle \u00ab\u00a0\u0444\u0430\u0441\u0430\u0434\u043d\u044b\u0445 \u043f\u043e\u0434\u0432\u0435\u0441\u043d\u044b\u0445 \u043f\u043b\u043e\u0449\u0430\u0434\u043e\u043a\u00a0\u00bb. Dans les pays hispanophones, comme le Chili, le P\u00e9rou, la Colombie, l&#039;Argentine et l&#039;Espagne, on l&#039;appelle \u00ab\u00a0andamios colgantes\u00a0\u00bb ou \u00ab\u00a0plataformas suspendidas\u00a0\u00bb.<\/p>\n<p>Dans le monde des engins de chantier, la s\u00e9rie ZLP de SUCCESS Company s&#039;est taill\u00e9 une place de choix. Sa polyvalence, sa qualit\u00e9 sup\u00e9rieure et sa large gamme d&#039;applications en font un outil indispensable pour les projets de construction de grande hauteur et \u00e0 plusieurs \u00e9tages. Preuve de son succ\u00e8s, la s\u00e9rie ZLP a \u00e9t\u00e9 commercialis\u00e9e dans plus de 70 pays et r\u00e9gions, r\u00e9pondant aux normes europ\u00e9ennes et obtenant la certification CE.<\/p>\n<p>Whether it&#8217;s known as the swing stage in North America, San treo gondola in Vietnam, \u0444\u0430\u0441\u0430\u0434\u043d\u044b\u0445 \u043f\u043e\u0434\u0432\u0435\u0441\u043d\u044b\u0445 \u043f\u043b\u043e\u0449\u0430\u0434\u043e\u043a in Russia, or andamios colgantes and plataformas suspendidas in Spanish-speaking countries, the ZLP series is recognized and valued for its contribution to high altitude\/high access construction projects. As SUCCESS Company continues to innovate and improve, the ZLP series is set to remain a staple in the construction industry worldwide.<\/p>\n<p><strong>Pour garantir un fonctionnement s\u00fbr et sans danger pour le personnel, la plateforme est \u00e9quip\u00e9e des dispositifs de s\u00e9curit\u00e9 suivants\u00a0:<\/strong><br \/>\n1. Service brake incorporated in the LTD hoist.<br \/>\n2. Two fall arrest devices acting on the safety wire ropes.<br \/>\n3. Two upper limit switches.<br \/>\n4. No power descent in case of power failure.<br \/>\n5. Emergency stop.<\/p>","protected":false},"excerpt":{"rendered":"<p><strong>Model No.<\/strong>: ZLP500,ZLP630, ZLP800, ZLP1000<br \/>\n<strong>Mat\u00e9riel<\/strong>: Steel painted, galvanized or aluminum alloy<br \/>\n<strong>Rated Load<\/strong>: 630KG,800KG,1000KG<br \/>\n<strong>Dimensions (L x l x H)<\/strong>:(2000mm*3)*690mm*1300mm (2500mm*3)*690mm*1300mm<br \/>\n<strong>Vitesse de levage<\/strong>: 9.6m\/min<br \/>\n<strong>Qualification de la production<\/strong><br \/>\nNous avons pass\u00e9 les certifications ISO9001:2008, CE et EAC.<\/p>","protected":false},"featured_media":5699,"template":"","meta":[],"product_brand":[],"product_cat":[147],"product_tag":[153],"class_list":{"0":"post-5695","1":"product","2":"type-product","3":"status-publish","4":"has-post-thumbnail","6":"product_cat-suspended-platform","7":"product_tag-temporary-suspended-platforms","9":"first","10":"instock","11":"shipping-taxable","12":"product-type-simple"},"acf":[],"_links":{"self":[{"href":"https:\/\/www.buildinglift.com\/fr\/wp-json\/wp\/v2\/product\/5695","targetHints":{"allow":["GET"]}}],"collection":[{"href":"https:\/\/www.buildinglift.com\/fr\/wp-json\/wp\/v2\/product"}],"about":[{"href":"https:\/\/www.buildinglift.com\/fr\/wp-json\/wp\/v2\/types\/product"}],"version-history":[{"count":0,"href":"https:\/\/www.buildinglift.com\/fr\/wp-json\/wp\/v2\/product\/5695\/revisions"}],"wp:featuredmedia":[{"embeddable":true,"href":"https:\/\/www.buildinglift.com\/fr\/wp-json\/wp\/v2\/media\/5699"}],"wp:attachment":[{"href":"https:\/\/www.buildinglift.com\/fr\/wp-json\/wp\/v2\/media?parent=5695"}],"wp:term":[{"taxonomy":"product_brand","embeddable":true,"href":"https:\/\/www.buildinglift.com\/fr\/wp-json\/wp\/v2\/product_brand?post=5695"},{"taxonomy":"product_cat","embeddable":true,"href":"https:\/\/www.buildinglift.com\/fr\/wp-json\/wp\/v2\/product_cat?post=5695"},{"taxonomy":"product_tag","embeddable":true,"href":"https:\/\/www.buildinglift.com\/fr\/wp-json\/wp\/v2\/product_tag?post=5695"}],"curies":[{"name":"wp","href":"https:\/\/api.w.org\/{rel}","templated":true}]}}