{"id":1402,"date":"2023-02-09T11:05:42","date_gmt":"2023-02-09T11:05:42","guid":{"rendered":"https:\/\/www.buildinglift.com\/?page_id=1402"},"modified":"2023-12-12T21:37:18","modified_gmt":"2023-12-13T05:37:18","slug":"securite-dutilisation-du-produit","status":"publish","type":"page","link":"https:\/\/www.buildinglift.com\/fr\/securite-dutilisation-du-produit\/","title":{"rendered":"S\u00e9curit\u00e9 d&#039;utilisation des produits"},"content":{"rendered":"<div data-elementor-type=\"wp-page\" data-elementor-id=\"1402\" class=\"elementor elementor-1402\">\n\t\t\t\t<div class=\"elementor-element elementor-element-f26b11c e-flex e-con-boxed e-con e-parent\" data-id=\"f26b11c\" data-element_type=\"container\" data-e-type=\"container\">\n\t\t\t\t\t<div class=\"e-con-inner\">\n\t\t\t\t<div class=\"elementor-element elementor-element-1051740 elementor-widget elementor-widget-text-editor\" data-id=\"1051740\" data-element_type=\"widget\" data-e-type=\"widget\" data-widget_type=\"text-editor.default\">\n\t\t\t\t<div class=\"elementor-widget-container\">\n\t\t\t\t\t\t\t\t\t<p><span style=\"color: #000000;\"><strong>Traitement d&#039;urgence pendant la construction<\/strong><\/span><br \/><span style=\"color: #000000;\"><strong>Pendant la construction, si vous rencontrez les circonstances particuli\u00e8res suivantes, vous devez rester calme et prendre les mesures d&#039;urgence appropri\u00e9es.<\/strong><\/span><\/p><p><span style=\"color: #000000;\"><strong>Panne de courant soudaine pendant les travaux<\/strong><\/span><br \/><span style=\"color: #000000;\">En cas de panne de courant soudaine pendant un chantier, l&#039;interrupteur du coffret \u00e9lectrique doit \u00eatre imm\u00e9diatement coup\u00e9 afin d&#039;\u00e9viter tout accident lors du transport d&#039;\u00e9lectricit\u00e9. Apr\u00e8s r\u00e9ception de l&#039;appel, l&#039;interrupteur est remis en marche et les travaux peuvent reprendre apr\u00e8s v\u00e9rification de la situation.<\/span><br \/><span style=\"color: #000000;\">Si vous devez retourner au sol apr\u00e8s une panne de courant, vous devez soulever la poign\u00e9e de descente manuelle du palan aux deux extr\u00e9mit\u00e9s pour permettre \u00e0 la plate-forme de suspension de glisser librement vers le bas. <strong>sol.<\/strong><\/span><br \/><span style=\"color: #000000;\"><strong>La plate-forme de suspension ne peut pas \u00eatre arr\u00eat\u00e9e apr\u00e8s avoir rel\u00e2ch\u00e9 le bouton pendant le processus de levage et d&#039;abaissement.<\/strong><\/span><br \/><span style=\"color: #000000;\">Si la plateforme suspendue ne peut pas \u00eatre arr\u00eat\u00e9e apr\u00e8s avoir rel\u00e2ch\u00e9 le bouton pendant le levage et la descente, appuyez imm\u00e9diatement sur l&#039;interrupteur d&#039;urgence rouge situ\u00e9 sur la porte du bo\u00eetier \u00e9lectrique pour l&#039;arr\u00eater d&#039;urgence. Coupez ensuite l&#039;alimentation du bo\u00eetier \u00e9lectrique, v\u00e9rifiez l&#039;\u00e9tat des contacts du contacteur, nettoyez la graisse et la salet\u00e9 \u00e0 sa surface. Une fois le contacteur r\u00e9tabli, fermez l&#039;interrupteur et utilisez la m\u00e9thode de descente manuelle pour abaisser la plateforme suspendue au sol afin de proc\u00e9der \u00e0 l&#039;entretien.<\/span><br \/><span style=\"color: #000000;\"><strong>la plate-forme de suspension doit \u00eatre inclin\u00e9e horizontalement et verrouiller automatiquement la corde<\/strong><\/span><br \/><span style=\"color: #000000;\">Lorsque la plateforme de suspension glisse vers le bas pendant la mont\u00e9e et la descente, ou si une extr\u00e9mit\u00e9 glisse l\u00e9g\u00e8rement, le verrou de s\u00e9curit\u00e9 bloque automatiquement le c\u00e2ble. \u00c0 ce moment, arr\u00eatez imm\u00e9diatement, puis tournez l&#039;interrupteur de transfert du bo\u00eetier \u00e9lectrique vers l&#039;extr\u00e9mit\u00e9 inf\u00e9rieure de la plateforme, puis appuyez sur le bouton de mont\u00e9e. L&#039;extr\u00e9mit\u00e9 inf\u00e9rieure de la plateforme se rel\u00e8ve en position horizontale de r\u00e9cup\u00e9ration. Une fois le verrou de s\u00e9curit\u00e9 remis en position de d\u00e9verrouillage automatique, la plateforme est abaiss\u00e9e au sol et les jeux de freins \u00e9lectromagn\u00e9tiques aux deux extr\u00e9mit\u00e9s sont v\u00e9rifi\u00e9s et ajust\u00e9s pour r\u00e9pondre aux exigences\u00a0; ou la diff\u00e9rence de vitesse de rotation entre les deux extr\u00e9mit\u00e9s est v\u00e9rifi\u00e9e\u00a0; si cette diff\u00e9rence est \u00e9vidente, un moteur doit \u00eatre remplac\u00e9.<\/span><br \/><span style=\"color: #000000;\"><strong>soulever le c\u00e2ble m\u00e9tallique de la carte de la machine<\/strong><\/span><br \/><span style=\"color: #000000;\">Le c\u00e2ble de travail est coinc\u00e9 dans le palan en raison de brins l\u00e2ches, de plis ou de pi\u00e8ces de l&#039;appareil de levage. Le personnel de construction de la plateforme suspendue est \u00e9vacu\u00e9 pour assurer la s\u00e9curit\u00e9, et du personnel de maintenance qualifi\u00e9 est d\u00e9p\u00each\u00e9 sur la plateforme pour la maintenance. Le c\u00e2ble de s\u00e9curit\u00e9 est d&#039;abord enroul\u00e9 sur le cadre de levage \u00e0 ses deux extr\u00e9mit\u00e9s, puis fix\u00e9 \u00e0 l&#039;aide d&#039;une boucle. Desserrez ensuite la bague de protection du bras oscillant du verrou de s\u00e9curit\u00e9 aux deux extr\u00e9mit\u00e9s pour d\u00e9gager le c\u00e2ble de travail du rouleau, de sorte que les verrous de s\u00e9curit\u00e9 aux deux extr\u00e9mit\u00e9s soient en position de verrouillage. Apr\u00e8s avoir pris les mesures de s\u00e9curit\u00e9 ci-dessus, retirez le palan et retirez le c\u00e2ble du blocage. Si n\u00e9cessaire, coupez le fil de palme et ouvrez le capot de levage pour v\u00e9rifier et retirer soigneusement le c\u00e2ble rest\u00e9 coinc\u00e9 dans le palan. En m\u00eame temps, replacez le c\u00e2ble neuf dans la position correspondante du m\u00e9canisme de suspension, puis replacez-le dans le palan pour le tendre. Ins\u00e9rez ensuite le c\u00e2ble de travail dans la rainure de la roue pivotante du verrou de s\u00e9curit\u00e9 et installez la bague de protection. Apr\u00e8s ouverture du verrou de s\u00e9curit\u00e9, soulevez la plateforme de suspension d&#039;environ 0,5 m pour l&#039;immobiliser. Retirez la boucle du c\u00e2ble de s\u00e9curit\u00e9 et placez-le en position verticale. La plateforme de suspension est ensuite abaiss\u00e9e au sol. Apr\u00e8s une inspection et un entretien rigoureux par le palan, l&#039;op\u00e9rateur peut reprendre l&#039;utilisation.<\/span><br \/><span style=\"color: #000000;\"><strong>Lorsque le c\u00e2ble m\u00e9tallique de travail se casse<\/strong><\/span><br \/><span style=\"color: #000000;\">En cas de rupture du c\u00e2ble m\u00e9tallique de travail \u00e0 une extr\u00e9mit\u00e9 de la plateforme suspendue, celle-ci bascule et le verrou de s\u00e9curit\u00e9 se ferme automatiquement. Le personnel de construction doit alors rester calme. Il est strictement interdit de courir et de sauter sur la plateforme suspendue. Il est \u00e9galement imp\u00e9ratif de prendre les mesures d&#039;urgence n\u00e9cessaires lorsque les c\u00e2bles sont coinc\u00e9s dans l&#039;ascenseur.<\/span><\/p><p><span style=\"color: #000000;\"><strong>Installation, r\u00e9glage et pr\u00e9cautions pour le m\u00e9canisme de suspension<\/strong><\/span><\/p><p><span style=\"color: #000000;\">Lors de l&#039;installation du sol, il est important de choisir un plan horizontal. En cas de pente, il est important de bien niveler la surface sous la roue d&#039;angle. Si la surface d&#039;installation est imperm\u00e9able et isol\u00e9e, il est conseill\u00e9 de la prot\u00e9ger de l&#039;\u00e9crasement en la recouvrant d&#039;un matelas de 2,5 \u00e0 3 cm d&#039;\u00e9paisseur. Niveau d&#039;\u00e9tanch\u00e9it\u00e9 et d&#039;isolation requis.<\/span><br \/><span style=\"color: #000000;\">La hauteur du support r\u00e9glable doit \u00eatre telle que la partie inf\u00e9rieure de la poutre avant soit l\u00e9g\u00e8rement sup\u00e9rieure \u00e0 la hauteur du parapet (ou d&#039;autres obstacles). Si possible, une fois le m\u00e9canisme de suspension positionn\u00e9, la partie inf\u00e9rieure de la poutre avant est d\u00e9ploy\u00e9e. Le muret est fix\u00e9 avec des cales en bois.<\/span><br \/><span style=\"color: #000000;\">La port\u00e9e nominale de l&#039;extr\u00e9mit\u00e9 en porte-\u00e0-faux de la poutre avant est de 0,3 \u00e0 1,5 m\u00e8tre. En cas de d\u00e9passement de cette port\u00e9e nominale, des mesures de renforcement fiables et des charges de travail nominales doivent \u00eatre prises et confirm\u00e9es par le service responsable avant utilisation.<\/span><br \/><span style=\"color: #000000;\">La distance entre les si\u00e8ges avant et arri\u00e8re doit \u00eatre r\u00e9gl\u00e9e \u00e0 la distance maximale autant que possible dans les conditions du site.<\/span><br \/><span style=\"color: #000000;\">La distance entre les deux supports doit \u00eatre r\u00e9gl\u00e9e \u00e0 une distance de 3 \u00e0 5 cm inf\u00e9rieure \u00e0 la longueur de la plate-forme de suspension.<\/span><br \/><span style=\"color: #000000;\">Lors du serrage du c\u00e2ble en acier, la poutre avant doit \u00eatre l\u00e9g\u00e8rement relev\u00e9e de 3 \u00e0 5 cm pour produire une pr\u00e9contrainte et am\u00e9liorer la rigidit\u00e9 de la poutre avant.<\/span><br \/><span style=\"color: #000000;\">Lors du serrage du c\u00e2ble, le nombre de serre-c\u00e2bles est d&#039;au moins trois, l&#039;ouverture en U et l&#039;extr\u00e9mit\u00e9 du c\u00e2ble sont oppos\u00e9es et leurs directions sont identiques. Les serre-c\u00e2bles doivent \u00eatre serr\u00e9s dans l&#039;ordre \u00e0 partir du point de levage, et entre le dernier serre-c\u00e2ble et le pr\u00e9c\u00e9dent, le c\u00e2ble doit \u00eatre l\u00e9g\u00e8rement arqu\u00e9. Lors du serrage de l&#039;\u00e9crou du serre-c\u00e2ble, le c\u00e2ble doit \u00eatre aplati \u00e0 1\/2 \u00e0 1\/3 de son diam\u00e8tre.<\/span><br \/><span style=\"color: #000000;\">Lors de la pose du c\u00e2ble, le disque de d\u00e9gagement doit \u00eatre plac\u00e9 au sol. La t\u00eate du c\u00e2ble doit \u00eatre soigneusement retir\u00e9e puis lentement gliss\u00e9e vers le bas. Il est strictement interdit de jeter le c\u00e2ble dans le disque. Une fois le c\u00e2ble termin\u00e9, le c\u00e2ble emm\u00eal\u00e9 doit \u00eatre soigneusement press\u00e9 s\u00e9par\u00e9ment. L&#039;exc\u00e9dent de c\u00e2ble au sol doit \u00eatre soigneusement compact\u00e9 et le sol ne doit pas \u00eatre dispers\u00e9 arbitrairement.<\/span><\/p><p><span style=\"color: #000000;\"><strong>Normes de mise au rebut des principaux composants<\/strong><\/span><br \/><span style=\"color: #000000;\">Fixations de force principales de la plate-forme de travail suspendue : Lorsque le m\u00e9canisme de suspension ou la plate-forme de suspension appara\u00eet comme suit, il doit \u00eatre mis au rebut.<\/span><\/p><p><span style=\"color: #000000;\">Apr\u00e8s l&#039;instabilit\u00e9 g\u00e9n\u00e9rale, il ne faut pas le r\u00e9parer et il faut le mettre au rebut.<\/span><br \/><span style=\"color: #000000;\">Lorsqu&#039;une d\u00e9formation permanente est g\u00e9n\u00e9r\u00e9e et ne peut \u00eatre r\u00e9par\u00e9e, elle doit \u00eatre mise au rebut.<\/span><br \/><span style=\"color: #000000;\">Lorsque certains composants sont d\u00e9form\u00e9s de mani\u00e8re permanente et ne peuvent pas \u00eatre r\u00e9par\u00e9s et que la corrosion de surface ou la profondeur d&#039;usure d\u00e9passe 10% du composant d&#039;origine, les composants correspondants doivent \u00eatre mis au rebut.<\/span><br \/><span style=\"color: #000000;\">Lorsque des fissures apparaissent dans les pi\u00e8ces structurelles et les soudures, selon la situation de contrainte et les conditions de fissure, apr\u00e8s r\u00e9paration ou renforcement, les exigences de conception initiales peuvent \u00eatre respect\u00e9es. Des r\u00e9parations doivent \u00eatre r\u00e9alis\u00e9es pour renforcer les mesures avant de pouvoir continuer \u00e0 utiliser les \u00e9l\u00e9ments. Dans le cas contraire, ils doivent \u00eatre mis au rebut.<\/span><\/p><p><span style=\"color: #000000;\"><strong>Quelles sont les principales installations de s\u00e9curit\u00e9 pour les \u00e9quipements de plate-forme de travail suspendue ?<\/strong><\/span><br \/><span style=\"color: #000000;\">A. Verrou de s\u00e9curit\u00e9 de type bras pivotant LSB ; peut verrouiller le c\u00e2ble de s\u00e9curit\u00e9 lorsque l&#039;angle d&#039;inclinaison de la plate-forme de travail est sup\u00e9rieur \u00e0 3-8\u00b0 ou que le c\u00e2ble de travail est cass\u00e9 ;<\/span><br \/><span style=\"color: #000000;\">B. D\u00e9verrouillage manuel : il peut \u00eatre abaiss\u00e9 en douceur en cas de perte d&#039;alimentation \u00e9lectrique, comme en cas de panne de courant, pour garantir que l&#039;op\u00e9rateur atteigne le sol en toute s\u00e9curit\u00e9 ;<\/span><br \/><span style=\"color: #000000;\">C. Protection de limitation de vitesse : lorsque la vitesse de descente d\u00e9passe la vitesse de s\u00e9curit\u00e9 d\u00e9finie, le dispositif de d\u00e9c\u00e9l\u00e9ration centrifuge est activ\u00e9 pour ralentir la vitesse de descente ;<\/span><br \/><span style=\"color: #000000;\">D. Protection de limite : coupe automatiquement l&#039;alimentation \u00e9lectrique lorsque l&#039;\u00e9quipement du panier d\u00e9passe la limite maximale d\u00e9finie manuellement et active la sonnette d&#039;alarme ;<\/span><br \/><span style=\"color: #000000;\">E. Protection contre les surcharges \u00e9lectriques : Si le moteur est anormal ou si le circuit est anormal et que le moteur est surcharg\u00e9, d\u00e9connectez le circuit de commande du contacteur pour d\u00e9connecter le circuit principal.<\/span><br \/><span style=\"color: #000000;\">F. Protection contre les fuites : L&#039;op\u00e9rateur ferme automatiquement le circuit total lorsque l&#039;op\u00e9rateur charge accidentellement le corps \u00e9lectrique et fuit ;<\/span><br \/><span style=\"color: #000000;\">G. Arr\u00eat d&#039;urgence : couper la boucle de contr\u00f4le principale en cas d&#039;anomalie soudaine (comme une mont\u00e9e ou une descente automatique).<\/span><\/p>\t\t\t\t\t\t\t\t<\/div>\n\t\t\t\t<\/div>\n\t\t\t\t\t<\/div>\n\t\t\t\t<\/div>\n\t\t\t\t<\/div>","protected":false},"excerpt":{"rendered":"<p>Emergency treatment during constructionDuring the construction, if you encounter the following special circumstances, you should keep calm and take appropriate emergency measures. Sudden power outage during constructionWhen there is a sudden power outage during construction, the power switch of the electric box should be cut off immediately to prevent accidents during power transmission. After receiving [&hellip;]<\/p>\n","protected":false},"author":1,"featured_media":0,"parent":0,"menu_order":0,"comment_status":"closed","ping_status":"closed","template":"","meta":{"footnotes":""},"class_list":["post-1402","page","type-page","status-publish","hentry"],"acf":[],"_links":{"self":[{"href":"https:\/\/www.buildinglift.com\/fr\/wp-json\/wp\/v2\/pages\/1402","targetHints":{"allow":["GET"]}}],"collection":[{"href":"https:\/\/www.buildinglift.com\/fr\/wp-json\/wp\/v2\/pages"}],"about":[{"href":"https:\/\/www.buildinglift.com\/fr\/wp-json\/wp\/v2\/types\/page"}],"author":[{"embeddable":true,"href":"https:\/\/www.buildinglift.com\/fr\/wp-json\/wp\/v2\/users\/1"}],"replies":[{"embeddable":true,"href":"https:\/\/www.buildinglift.com\/fr\/wp-json\/wp\/v2\/comments?post=1402"}],"version-history":[{"count":0,"href":"https:\/\/www.buildinglift.com\/fr\/wp-json\/wp\/v2\/pages\/1402\/revisions"}],"wp:attachment":[{"href":"https:\/\/www.buildinglift.com\/fr\/wp-json\/wp\/v2\/media?parent=1402"}],"curies":[{"name":"wp","href":"https:\/\/api.w.org\/{rel}","templated":true}]}}