{"id":5703,"date":"2023-09-22T14:20:30","date_gmt":"2023-09-22T14:20:30","guid":{"rendered":"https:\/\/www.buildinglift.com\/?post_type=product&#038;p=5703"},"modified":"2023-12-12T22:20:51","modified_gmt":"2023-12-13T06:20:51","slug":"exterior-window-cleaning-hanging-platform-custom-made-vertical-custom-suspended-platform","status":"publish","type":"product","link":"https:\/\/www.buildinglift.com\/fi\/tuote\/exterior-window-cleaning-hanging-platform-custom-made-vertical-custom-suspended-platform\/","title":{"rendered":"Ulkoikkunoiden pesurippitaso mittatilausty\u00f6n\u00e4 pystysuora\/mittatilausty\u00f6n\u00e4 valmistettu ripustettu alusta"},"content":{"rendered":"<p>Voimme suunnitella ja valmistaa kaikenlaisia erikoisripustusalustoja kaikkiin olosuhteisiin ja asiakkaiden erityisvaatimusten t\u00e4ytt\u00e4miseksi. N\u00e4it\u00e4 ovat esimerkiksi L-jalkainen yhden hengen ripustusalusta, kulmassa oleva ripustusalusta, kaksikerroksinen alusta, BMU-gondoli, yhden hengen ripustustuoli, py\u00f6re\u00e4 ripustusalusta, siirrett\u00e4v\u00e4 p\u00e4\u00e4tyjalusta ja ZLP350-ripustusalusta.<\/p>\n<p><strong>Tuotteen ominaisuus ja sovellus<\/strong><br \/>\n\u2013 High quality with competitive price<br \/>\n\u2013 Easy to assemble<br \/>\n\u2013 Smoothly control<br \/>\n\u2013 The working height can be adjusted<br \/>\n\u2013 The voltage can be adjusted<br \/>\n\u2013 Durable and safe<\/p>\n<p>ZLP-sarja erottuu edukseen erinomaisella laadullaan ja ammattitaitoisella palvelullaan. Maineensa ja uskottavuutensa kasvaessa my\u00f6s sen kansainv\u00e4linen ulottuvuus on kasvanut. SUCCESS Companyn tuotteita vied\u00e4\u00e4n nyt yli 70 maahan ja alueelle, mukaan lukien Singapore, Ven\u00e4j\u00e4, Yhdistyneet arabiemiirikunnat, Chile ja Peru. Yrityksen sitoutuminen huippuosaamiseen n\u00e4kyy sen tuotteissa, jotka t\u00e4ytt\u00e4v\u00e4t eurooppalaiset standardit ja ovat saaneet CE-merkinn\u00e4n.<\/p>\n<p>Voimme suunnitella ja valmistaa kaikenlaisia erikoisripustusalustoja kaikkiin olosuhteisiin ja asiakkaiden erityisvaatimusten t\u00e4ytt\u00e4miseksi. N\u00e4it\u00e4 ovat esimerkiksi L-jalkainen yhden hengen ripustusalusta, kulmassa oleva ripustusalusta, kaksikerroksinen alusta, BMU-gondoli, yhden hengen ripustustuoli, py\u00f6re\u00e4 ripustusalusta, siirrett\u00e4v\u00e4 p\u00e4\u00e4tyjalusta ja ZLP350-ripustusalusta.<\/p>\n<p><strong><a href=\"https:\/\/www.buildinglift.com\/product\/exterior-window-cleaning-hanging-platform-custom-made-vertical-custom-suspended-platform\/\">Joustettu alusta<\/a> Hoist&#8211;Long Lasting Lifetime<\/strong><br \/>\n1. Valurunko on valmistettu erityisest\u00e4 alumiinimateriaalista ja se k\u00e4sitell\u00e4\u00e4n maahantuotujen prosessointikeskusten toimesta painovoimavalumenetelm\u00e4ll\u00e4. Tuotteella on hyv\u00e4 tarkkuus ja kest\u00e4vyys. Valukappaleet kest\u00e4v\u00e4t paremmin iskuja kuin painevalukappaleet ja ovat v\u00e4hemm\u00e4n alttiita halkeilulle.<br \/>\n2. Vetolevyn materiaali on 40Cr, paino 5,4 kg, karkaisun ja pintanitrausk\u00e4sittelyn j\u00e4lkeen se on kulutusta kest\u00e4v\u00e4mpi ja pitk\u00e4ik\u00e4isempi.<br \/>\n3. Madonpy\u00f6r\u00e4 on valmistettu tina-fosforipronssista 9-4 kuparista, 0,94 kg, hyv\u00e4 sitkeys ja kulutuskest\u00e4vyys. Madon ja vaihdeakselin materiaali on 38CrMoA1, josta mato on 0,48 kg, jolla on hyv\u00e4 sitkeys ja kulutuskest\u00e4vyys.<br \/>\n4. K\u00f6ydenohjain on valmistettu erityisest\u00e4 kulutusta kest\u00e4v\u00e4st\u00e4 ruostumattomasta ter\u00e4ksest\u00e4, joka ei vaurioidu helposti eik\u00e4 aiheuta jumiutumista. Vikaantumiskustannukset ovat eritt\u00e4in alhaiset, eik\u00e4 sit\u00e4 yleens\u00e4 tarvitse vaihtaa.<\/p>","protected":false},"excerpt":{"rendered":"<p><strong>Model No.<\/strong>: ZLP1000 ZLP800 ZLP630 ZLP500<br \/>\n<strong>Materiaali<\/strong>: steel or aluminum alloy\uff08recommend\uff09<br \/>\n<strong>Nimelliskuorma<\/strong>: 1000KG 800KG 600KG\u2026<br \/>\n<strong>Nostokorkeus<\/strong>: 100M to 150M<br \/>\n<strong>Lifting speed<\/strong>: 9-11m\/min<br \/>\n<strong>Tuotannon p\u00e4tevyys<\/strong><br \/>\nOlemme l\u00e4p\u00e4isseet ISO9001:2008-, CE- ja EAC-sertifikaatit.<\/p>","protected":false},"featured_media":5708,"template":"","meta":[],"product_brand":[],"product_cat":[147],"product_tag":[155,154],"class_list":{"0":"post-5703","1":"product","2":"type-product","3":"status-publish","4":"has-post-thumbnail","6":"product_cat-suspended-platform","7":"product_tag-custom-suspended-platform","8":"product_tag-exterior-window-cleaning-hanging-platform-custom-made-vertical","10":"first","11":"instock","12":"shipping-taxable","13":"product-type-simple"},"acf":[],"_links":{"self":[{"href":"https:\/\/www.buildinglift.com\/fi\/wp-json\/wp\/v2\/product\/5703","targetHints":{"allow":["GET"]}}],"collection":[{"href":"https:\/\/www.buildinglift.com\/fi\/wp-json\/wp\/v2\/product"}],"about":[{"href":"https:\/\/www.buildinglift.com\/fi\/wp-json\/wp\/v2\/types\/product"}],"version-history":[{"count":0,"href":"https:\/\/www.buildinglift.com\/fi\/wp-json\/wp\/v2\/product\/5703\/revisions"}],"wp:featuredmedia":[{"embeddable":true,"href":"https:\/\/www.buildinglift.com\/fi\/wp-json\/wp\/v2\/media\/5708"}],"wp:attachment":[{"href":"https:\/\/www.buildinglift.com\/fi\/wp-json\/wp\/v2\/media?parent=5703"}],"wp:term":[{"taxonomy":"product_brand","embeddable":true,"href":"https:\/\/www.buildinglift.com\/fi\/wp-json\/wp\/v2\/product_brand?post=5703"},{"taxonomy":"product_cat","embeddable":true,"href":"https:\/\/www.buildinglift.com\/fi\/wp-json\/wp\/v2\/product_cat?post=5703"},{"taxonomy":"product_tag","embeddable":true,"href":"https:\/\/www.buildinglift.com\/fi\/wp-json\/wp\/v2\/product_tag?post=5703"}],"curies":[{"name":"wp","href":"https:\/\/api.w.org\/{rel}","templated":true}]}}