{"id":5695,"date":"2023-09-22T14:04:59","date_gmt":"2023-09-22T14:04:59","guid":{"rendered":"https:\/\/www.buildinglift.com\/?post_type=product&#038;p=5695"},"modified":"2023-12-12T22:19:40","modified_gmt":"2023-12-13T06:19:40","slug":"temporary-suspended-platforms-tsp","status":"publish","type":"product","link":"https:\/\/www.buildinglift.com\/fi\/tuote\/temporary-suspended-platforms-tsp\/","title":{"rendered":"V\u00e4liaikaiset keskeytetyt laiturit (TSP)"},"content":{"rendered":"<p>A suspended platform incorporates a steel or aluminum platform that can be raised or lowered when in use. Other frequently used terms are \u2018suspended cradle\u2019 and \u2018swing stage platform. They can be assembled from scaffolding. The <a href=\"https:\/\/www.buildinglift.com\/product-category\/suspended-platform\/\">suspended platform<\/a> is an efficient modern overhead operation equipment that can replace traditional scaffolding and reuse. General suspended platform hoist can be divided into manual and electric hoist.<\/p>\n<p><strong>Product Feature<\/strong><br \/>\n\u2013 High quality product: variety types for selection, prompt delivery<br \/>\n\u2013 Strict quality management system<br \/>\n\u2013 Easy to install<br \/>\n\u2013 Smooth operating without noise<br \/>\n\u2013 Professional service<br \/>\nIn general, the goods is shipping by sea, the delivery time is about 10-15 days, customized platform will be delivered as the negotiation with our clients. All after-sale request will be responded in 24 hours.<\/p>\n<p>ZLP-sarja, v\u00e4liaikainen riippuvien nostolaitteitten sarja, on SUCCESS Companyn innovatiivinen luomus. Sen ensisijainen k\u00e4ytt\u00f6tarkoitus on s\u00e4hk\u00f6k\u00e4ytt\u00f6inen kiipeilytyyppinen koristelukone, jota k\u00e4ytet\u00e4\u00e4n p\u00e4\u00e4asiassa korkeiden ja monikerroksisten rakennusten rakentamiseen, koristeluun, puhdistukseen ja kunnossapitoon. Sen monipuolisuus mahdollistaa sen k\u00e4yt\u00f6n my\u00f6s muissa teknisiss\u00e4 toiminnoissa, kuten hissien asennuksessa, suurten s\u00e4ili\u00f6iden rakentamisessa, siltojen rakentamisessa ja patojen rakentamisessa.<\/p>\n<p>ZLP-sarja erottuu edukseen erinomaisella laadullaan ja ammattitaitoisella palvelullaan. Maineensa ja uskottavuutensa kasvaessa my\u00f6s sen kansainv\u00e4linen ulottuvuus on kasvanut. SUCCESS Companyn tuotteita vied\u00e4\u00e4n nyt yli 70 maahan ja alueelle, mukaan lukien Singapore, Ven\u00e4j\u00e4, Yhdistyneet arabiemiirikunnat, Chile ja Peru. Yrityksen sitoutuminen huippuosaamiseen n\u00e4kyy sen tuotteissa, jotka t\u00e4ytt\u00e4v\u00e4t eurooppalaiset standardit ja ovat saaneet CE-merkinn\u00e4n.<\/p>\n<p>We can design and make all kinds of special suspended platform to suit for any conditions and to meet special requirements proposed by the customers. Such as L leg single person platform, angled suspended platform, double deck platform, BMU gondola, single person suspended chair, circle suspended platform, movable end stirrup, <a href=\"https:\/\/www.buildinglift.com\/product\/temporary-suspended-platforms-tsp\/\">ZLP350 suspended platform<\/a>.<\/p>\n<p>Korkealla ty\u00f6skentelyyn tarkoitettuna rakennuskoneena tunnettu riippusilta tunnetaan eri nimill\u00e4 maailmanlaajuisesti. Pohjois-Amerikassa sit\u00e4 kutsutaan keinuvaunuksi, kun taas Vietnamissa se tunnetaan nimell\u00e4 San Treo -gondoli. Ven\u00e4j\u00e4ll\u00e4 sit\u00e4 kutsutaan nimell\u00e4 \u0444\u0430\u0441\u0430\u0434\u043d\u044b\u0445 \u043f\u043e\u0434\u0432\u0435\u0441\u043d\u044b\u0445 \u043f\u043b\u043e\u0449\u0430\u0434\u043e\u043a. Espanjankielisiss\u00e4 maissa, kuten Chiless\u00e4, Perussa, Kolumbiassa, Argentiinassa ja Espanjassa, sit\u00e4 kutsutaan nimell\u00e4 andamios colgantes tai plataformas suspendidas.<\/p>\n<p>Rakennuskoneiden maailmassa SUCCESS Companyn ZLP-sarja on raivannut itselleen markkinaraon. Sen monipuolisuus, erinomainen laatu ja laaja k\u00e4ytt\u00f6alue tekev\u00e4t siit\u00e4 korvaamattoman ty\u00f6kalun korkeiden ja monikerroksisten rakennusprojektien suunnittelussa. Menestyksen osoituksena ZLP-sarja on saavuttanut yli 70 maan ja alueen vaatimukset, t\u00e4ytt\u00e4en eurooppalaiset standardit ja saavuttaen samalla CE-merkinn\u00e4n.<\/p>\n<p>Olipa kyseess\u00e4 sitten Pohjois-Amerikassa keinuvat lavat, Vietnamissa San Treo -gondolit, Ven\u00e4j\u00e4ll\u00e4 \u0444\u0430\u0441\u0430\u0434\u043d\u044b\u0445 \u043f\u043e\u0434\u0432\u0435\u0441\u043d\u044b\u0445 \u043f\u043b\u043e\u0449\u0430\u0434\u043e\u043a tai espanjankielisiss\u00e4 maissa andamios colgantes ja plataformas suspensidas, ZLP-sarja on tunnettu ja arvostettu panoksestaan korkealla sijaitsevissa\/korkealla p\u00e4\u00e4syll\u00e4 toteutetuissa rakennusprojekteissa. SUCCESS Companyn jatkaessa innovointia ja kehityst\u00e4 ZLP-sarjan on m\u00e4\u00e4r\u00e4 pysy\u00e4 rakennusalan vakiotuotteena maailmanlaajuisesti.<\/p>\n<p><strong>To ensure safe operation without danger to personnel, the platform is fitted with the following safety devices:<\/strong><br \/>\n1. Service brake incorporated in the LTD hoist.<br \/>\n2. Two fall arrest devices acting on the safety wire ropes.<br \/>\n3. Two upper limit switches.<br \/>\n4. No power descent in case of power failure.<br \/>\n5. Emergency stop.<\/p>","protected":false},"excerpt":{"rendered":"<p><strong>Model No.<\/strong>: ZLP500,ZLP630, ZLP800, ZLP1000<br \/>\n<strong>Materiaali<\/strong>: Steel painted, galvanized or aluminum alloy<br \/>\n<strong>Rated Load<\/strong>: 630KG,800KG,1000KG<br \/>\n<strong>Mitat (P * L * K)<\/strong>:(2000mm*3)*690mm*1300mm (2500mm*3)*690mm*1300mm<br \/>\n<strong>Lifting speed<\/strong>9,6 m\/min<br \/>\n<strong>Tuotannon p\u00e4tevyys<\/strong><br \/>\nOlemme l\u00e4p\u00e4isseet ISO9001:2008-, CE- ja EAC-sertifikaatit.<\/p>","protected":false},"featured_media":5699,"template":"","meta":[],"product_brand":[],"product_cat":[147],"product_tag":[153],"class_list":{"0":"post-5695","1":"product","2":"type-product","3":"status-publish","4":"has-post-thumbnail","6":"product_cat-suspended-platform","7":"product_tag-temporary-suspended-platforms","9":"first","10":"instock","11":"shipping-taxable","12":"product-type-simple"},"acf":[],"_links":{"self":[{"href":"https:\/\/www.buildinglift.com\/fi\/wp-json\/wp\/v2\/product\/5695","targetHints":{"allow":["GET"]}}],"collection":[{"href":"https:\/\/www.buildinglift.com\/fi\/wp-json\/wp\/v2\/product"}],"about":[{"href":"https:\/\/www.buildinglift.com\/fi\/wp-json\/wp\/v2\/types\/product"}],"version-history":[{"count":0,"href":"https:\/\/www.buildinglift.com\/fi\/wp-json\/wp\/v2\/product\/5695\/revisions"}],"wp:featuredmedia":[{"embeddable":true,"href":"https:\/\/www.buildinglift.com\/fi\/wp-json\/wp\/v2\/media\/5699"}],"wp:attachment":[{"href":"https:\/\/www.buildinglift.com\/fi\/wp-json\/wp\/v2\/media?parent=5695"}],"wp:term":[{"taxonomy":"product_brand","embeddable":true,"href":"https:\/\/www.buildinglift.com\/fi\/wp-json\/wp\/v2\/product_brand?post=5695"},{"taxonomy":"product_cat","embeddable":true,"href":"https:\/\/www.buildinglift.com\/fi\/wp-json\/wp\/v2\/product_cat?post=5695"},{"taxonomy":"product_tag","embeddable":true,"href":"https:\/\/www.buildinglift.com\/fi\/wp-json\/wp\/v2\/product_tag?post=5695"}],"curies":[{"name":"wp","href":"https:\/\/api.w.org\/{rel}","templated":true}]}}