{"id":5654,"date":"2023-09-22T11:02:41","date_gmt":"2023-09-22T11:02:41","guid":{"rendered":"https:\/\/www.buildinglift.com\/?post_type=product&#038;p=5654"},"modified":"2023-12-12T22:17:02","modified_gmt":"2023-12-13T06:17:02","slug":"alumiiniseos-ripustettu-alustan-gondoli-sahkoinen-ripustettu-alustan-ikkunanpesuun","status":"publish","type":"product","link":"https:\/\/www.buildinglift.com\/fi\/tuote\/alumiiniseos-ripustettu-alustan-gondoli-sahkoinen-ripustettu-alustan-ikkunanpesuun\/","title":{"rendered":"ALUMIINISEOKSISTA VALMISTETTU KIINNITETT\u00c4V\u00c4 GONDOLA-\/S\u00c4HK\u00d6K\u00c4YTT\u00d6INEN KIINNITETT\u00c4V\u00c4 LAVA IKKUNANPESUUN"},"content":{"rendered":"<p>Riippulavat ovat ottaneet haltuunsa rakennustelineiden tikkaiden roolin. Riippulavat ovat mekaanisia laitteita, jotka nostavat ty\u00f6ntekij\u00f6it\u00e4 ilmaan vaikeasti tavoitettavissa korkeuksissa teht\u00e4v\u00e4\u00e4 ty\u00f6t\u00e4 varten. Niit\u00e4 k\u00e4ytet\u00e4\u00e4n laajalti ulkoseinien rakentamisessa, siivouksessa, kunnossapidossa, maalauksessa, voimalaitoksissa, telakoilla, kunnallisissa projekteissa jne.<\/p>\n<p><strong>Structure of Suspended Platform<\/strong><br \/>\n(1) WorkingPlatform<br \/>\n(2) Hoist Assembly<br \/>\n(3) Safety Lock<br \/>\n(4) Electric Control Panel<br \/>\n(5) Suspension Mechanism<br \/>\n(6) Cable<br \/>\n(7) Wire rope<\/p>\n<p><strong>Usage of Suspended platform<\/strong><br \/>\n(1) Facade maintenance,paiting and cleaning of high building<br \/>\n(2) Window cleaning and installation<br \/>\n(3) Construction inspection and maintenance of big-size tanks,chimneys ,dams, bridges<br \/>\n(4) Maintenance , cleaning ,painting of big ship<\/p>\n<p>ZLP-sarja, v\u00e4liaikainen riippuvien nostolaitteitten sarja, on SUCCESS Companyn innovatiivinen luomus. Sen ensisijainen k\u00e4ytt\u00f6tarkoitus on s\u00e4hk\u00f6k\u00e4ytt\u00f6inen kiipeilytyyppinen koristelukone, jota k\u00e4ytet\u00e4\u00e4n p\u00e4\u00e4asiassa korkeiden ja monikerroksisten rakennusten rakentamiseen, koristeluun, puhdistukseen ja kunnossapitoon. Sen monipuolisuus mahdollistaa sen k\u00e4yt\u00f6n my\u00f6s muissa teknisiss\u00e4 toiminnoissa, kuten hissien asennuksessa, suurten s\u00e4ili\u00f6iden rakentamisessa, siltojen rakentamisessa ja patojen rakentamisessa.<\/p>\n<p>ZLP-sarja erottuu edukseen erinomaisella laadullaan ja ammattitaitoisella palvelullaan. Maineensa ja uskottavuutensa kasvaessa my\u00f6s sen kansainv\u00e4linen ulottuvuus on kasvanut. SUCCESS Companyn tuotteita vied\u00e4\u00e4n nyt yli 70 maahan ja alueelle, mukaan lukien Singapore, Ven\u00e4j\u00e4, Yhdistyneet arabiemiirikunnat, Chile ja Peru. Yrityksen sitoutuminen huippuosaamiseen n\u00e4kyy sen tuotteissa, jotka t\u00e4ytt\u00e4v\u00e4t eurooppalaiset standardit ja ovat saaneet CE-merkinn\u00e4n.<\/p>\n<p>Voimme suunnitella ja valmistaa kaikenlaisia erikoisripustusalustoja kaikkiin olosuhteisiin ja asiakkaiden erityisvaatimusten t\u00e4ytt\u00e4miseksi. N\u00e4it\u00e4 ovat esimerkiksi L-jalkainen yhden hengen ripustusalusta, kulmassa oleva ripustusalusta, kaksikerroksinen alusta, BMU-gondoli, yhden hengen ripustustuoli, py\u00f6re\u00e4 ripustusalusta, siirrett\u00e4v\u00e4 p\u00e4\u00e4tyjalusta ja ZLP350-ripustusalusta.<\/p>\n<p>Korkealla ty\u00f6skentelyyn tarkoitettuna rakennuskoneena tunnettu riippusilta tunnetaan eri nimill\u00e4 maailmanlaajuisesti. Pohjois-Amerikassa sit\u00e4 kutsutaan keinuvaunuksi, kun taas Vietnamissa se tunnetaan nimell\u00e4 San Treo -gondoli. Ven\u00e4j\u00e4ll\u00e4 sit\u00e4 kutsutaan nimell\u00e4 \u0444\u0430\u0441\u0430\u0434\u043d\u044b\u0445 \u043f\u043e\u0434\u0432\u0435\u0441\u043d\u044b\u0445 \u043f\u043b\u043e\u0449\u0430\u0434\u043e\u043a. Espanjankielisiss\u00e4 maissa, kuten Chiless\u00e4, Perussa, Kolumbiassa, Argentiinassa ja Espanjassa, sit\u00e4 kutsutaan nimell\u00e4 andamios colgantes tai plataformas suspendidas.<\/p>\n<p>Rakennuskoneiden maailmassa SUCCESS Companyn ZLP-sarja on raivannut itselleen markkinaraon. Sen monipuolisuus, erinomainen laatu ja laaja k\u00e4ytt\u00f6alue tekev\u00e4t siit\u00e4 korvaamattoman ty\u00f6kalun korkeiden ja monikerroksisten rakennusprojektien suunnittelussa. Menestyksen osoituksena ZLP-sarja on saavuttanut yli 70 maan ja alueen vaatimukset, t\u00e4ytt\u00e4en eurooppalaiset standardit ja saavuttaen samalla CE-merkinn\u00e4n.<\/p>\n<p>Olipa kyseess\u00e4 sitten Pohjois-Amerikassa keinuvat lavat, Vietnamissa San Treo -gondolit, Ven\u00e4j\u00e4ll\u00e4 \u0444\u0430\u0441\u0430\u0434\u043d\u044b\u0445 \u043f\u043e\u0434\u0432\u0435\u0441\u043d\u044b\u0445 \u043f\u043b\u043e\u0449\u0430\u0434\u043e\u043a tai espanjankielisiss\u00e4 maissa andamios colgantes ja plataformas suspensidas, ZLP-sarja on tunnettu ja arvostettu panoksestaan korkealla sijaitsevissa\/korkealla p\u00e4\u00e4syll\u00e4 toteutetuissa rakennusprojekteissa. SUCCESS Companyn jatkaessa innovointia ja kehityst\u00e4 ZLP-sarjan on m\u00e4\u00e4r\u00e4 pysy\u00e4 rakennusalan vakiotuotteena maailmanlaajuisesti.<\/p>\n<p><strong>Suspended Platform Hoist&#8211;Long Lasting Lifetime.<\/strong><br \/>\n1. Valurunko on valmistettu erityisest\u00e4 alumiinimateriaalista ja se k\u00e4sitell\u00e4\u00e4n maahantuotujen prosessointikeskusten toimesta painovoimavalumenetelm\u00e4ll\u00e4. Tuotteella on hyv\u00e4 tarkkuus ja kest\u00e4vyys. Valukappaleet kest\u00e4v\u00e4t paremmin iskuja kuin painevalukappaleet ja ovat v\u00e4hemm\u00e4n alttiita halkeilulle.<br \/>\n2. Vetolevyn materiaali on 40Cr, paino 5,4 kg, karkaisun ja pintanitrausk\u00e4sittelyn j\u00e4lkeen se on kulutusta kest\u00e4v\u00e4mpi ja pitk\u00e4ik\u00e4isempi.<br \/>\n3. Madonpy\u00f6r\u00e4 on valmistettu tina-fosforipronssista 9-4 kuparista, 0,94 kg, hyv\u00e4 sitkeys ja kulutuskest\u00e4vyys. Madon ja vaihdeakselin materiaali on 38CrMoA1, josta mato on 0,48 kg, jolla on hyv\u00e4 sitkeys ja kulutuskest\u00e4vyys.<br \/>\n4. K\u00f6ydenohjain on valmistettu erityisest\u00e4 kulutusta kest\u00e4v\u00e4st\u00e4 ruostumattomasta ter\u00e4ksest\u00e4, joka ei vaurioidu helposti eik\u00e4 aiheuta jumiutumista. Vikaantumiskustannukset ovat eritt\u00e4in alhaiset, eik\u00e4 sit\u00e4 yleens\u00e4 tarvitse vaihtaa.<\/p>","protected":false},"excerpt":{"rendered":"<p><strong>Type<\/strong>: Contruction ZLP working platform<br \/>\n<strong>Brand Name<\/strong>: SUCCESS<br \/>\n<strong>Application<\/strong>: Building Construction<br \/>\n<strong>Materiaali<\/strong>: Aluminium Alloy<br \/>\n<strong>Color<\/strong>: Customized<br \/>\n<strong>Certificate<\/strong>: CE ISO<br \/>\n<strong>Voltage<\/strong>: 380V(Can be customized)<br \/>\n<strong>Load capacity<\/strong>: 500kg\/630kg\/800kg\/1000kg<br \/>\n<strong>Usage<\/strong>: High Rise Building Maintaining Work<br \/>\n<strong>Product name<\/strong>: Zlp Hoist Suspended Platform<br \/>\n<strong>Nimelliskuorma<\/strong>: 500kg\/630kg\/800kg\/1000kg<\/p>","protected":false},"featured_media":5659,"template":"","meta":[],"product_brand":[],"product_cat":[147],"product_tag":[150,151],"class_list":{"0":"post-5654","1":"product","2":"type-product","3":"status-publish","4":"has-post-thumbnail","6":"product_cat-suspended-platform","7":"product_tag-aluminum-alloy-suspended-platform","8":"product_tag-electric-suspended-platform","10":"first","11":"instock","12":"shipping-taxable","13":"product-type-simple"},"acf":[],"_links":{"self":[{"href":"https:\/\/www.buildinglift.com\/fi\/wp-json\/wp\/v2\/product\/5654","targetHints":{"allow":["GET"]}}],"collection":[{"href":"https:\/\/www.buildinglift.com\/fi\/wp-json\/wp\/v2\/product"}],"about":[{"href":"https:\/\/www.buildinglift.com\/fi\/wp-json\/wp\/v2\/types\/product"}],"version-history":[{"count":0,"href":"https:\/\/www.buildinglift.com\/fi\/wp-json\/wp\/v2\/product\/5654\/revisions"}],"wp:featuredmedia":[{"embeddable":true,"href":"https:\/\/www.buildinglift.com\/fi\/wp-json\/wp\/v2\/media\/5659"}],"wp:attachment":[{"href":"https:\/\/www.buildinglift.com\/fi\/wp-json\/wp\/v2\/media?parent=5654"}],"wp:term":[{"taxonomy":"product_brand","embeddable":true,"href":"https:\/\/www.buildinglift.com\/fi\/wp-json\/wp\/v2\/product_brand?post=5654"},{"taxonomy":"product_cat","embeddable":true,"href":"https:\/\/www.buildinglift.com\/fi\/wp-json\/wp\/v2\/product_cat?post=5654"},{"taxonomy":"product_tag","embeddable":true,"href":"https:\/\/www.buildinglift.com\/fi\/wp-json\/wp\/v2\/product_tag?post=5654"}],"curies":[{"name":"wp","href":"https:\/\/api.w.org\/{rel}","templated":true}]}}