{"id":5896,"date":"2023-10-19T13:27:45","date_gmt":"2023-10-19T13:27:45","guid":{"rendered":"https:\/\/www.buildinglift.com\/?post_type=product&#038;p=5896"},"modified":"2023-12-12T22:32:33","modified_gmt":"2023-12-13T06:32:33","slug":"automaatne-10-25-m-korgune-kaartostuk-350-500-800-kg-1-tonnine-hudrauliline-elektriline-tostuk-lisaseadmetega","status":"publish","type":"product","link":"https:\/\/www.buildinglift.com\/et\/toode\/automaatne-10-25-m-korgune-kaartostuk-350-500-800-kg-1-tonnine-hudrauliline-elektriline-tostuk-lisaseadmetega\/","title":{"rendered":"Automaatne 10-25M kvaliteetne k\u00e4\u00e4rt\u00f5stuk 350 500 800 kg 1-tonnine h\u00fcdrauliline elektriline t\u00f5stuk lisaseadmetega"},"content":{"rendered":"<p><strong>Toote kirjeldus<\/strong><br \/>\nMeie iseliikuvat mobiilset k\u00e4\u00e4rt\u00f5stukit kasutatakse peamiselt t\u00f6\u00f6tajate t\u00f5stmiseks k\u00f5rgetele kohtadele remondiks, hoolduseks, puhastamiseks v\u00f5i paigaldamiseks jne. Saate seda h\u00f5lpsalt \u00f5igesse t\u00f6\u00f6piirkonda teisaldada.<br \/>\n\u00fcks inimene platvormil edasi-tagasi liikumiseks, p\u00f6\u00f6ramiseks isegi maksimaalsel k\u00f5rgusel. Samuti seda t\u00fc\u00fcpi <a href=\"https:\/\/www.buildinglift.com\/product\/automatic-10-25m-high-quality-elevator-scissor-lift-350-500-800kg-1-ton-hydraulic-electric-lift-with-attachments\/\">mobiilne k\u00e4\u00e4rt\u00f5stuk<\/a> saab paigaldada veorattaga, et seda k\u00e4sitsi ilma igasuguse raskuseta liigutada.<\/p>\n<p><a href=\"https:\/\/www.buildinglift.com\/wp-content\/uploads\/H559669909c4843a4bcc8e5cda100bf0fH.png\"><img fetchpriority=\"high\" decoding=\"async\" class=\"alignnone size-full wp-image-5901\" src=\"https:\/\/www.buildinglift.com\/wp-content\/uploads\/H559669909c4843a4bcc8e5cda100bf0fH.png\" alt=\"\" width=\"790\" height=\"495\" srcset=\"https:\/\/www.buildinglift.com\/wp-content\/uploads\/H559669909c4843a4bcc8e5cda100bf0fH.png 790w, https:\/\/www.buildinglift.com\/wp-content\/uploads\/H559669909c4843a4bcc8e5cda100bf0fH-600x376.png 600w, https:\/\/www.buildinglift.com\/wp-content\/uploads\/H559669909c4843a4bcc8e5cda100bf0fH-300x188.png 300w, https:\/\/www.buildinglift.com\/wp-content\/uploads\/H559669909c4843a4bcc8e5cda100bf0fH-768x481.png 768w, https:\/\/www.buildinglift.com\/wp-content\/uploads\/H559669909c4843a4bcc8e5cda100bf0fH-18x12.png 18w\" sizes=\"(max-width: 790px) 100vw, 790px\" \/><\/a><\/p>","protected":false},"excerpt":{"rendered":"<p>Meie ise liikuvat k\u00e4\u00e4rt\u00f5stukit kasutatakse peamiselt t\u00f6\u00f6tajate t\u00f5stmiseks k\u00f5rgetele kohtadele remondiks, hoolduseks, puhastamiseks v\u00f5i paigaldamiseks jne. Saate seda h\u00f5lpsalt \u00f5igesse t\u00f6\u00f6piirkonda teisaldada.<\/p>","protected":false},"featured_media":5900,"template":"","meta":[],"product_brand":[],"product_cat":[149],"product_tag":[],"class_list":{"0":"post-5896","1":"product","2":"type-product","3":"status-publish","4":"has-post-thumbnail","6":"product_cat-elevator-scissor-lift","8":"first","9":"instock","10":"shipping-taxable","11":"product-type-simple"},"acf":[],"_links":{"self":[{"href":"https:\/\/www.buildinglift.com\/et\/wp-json\/wp\/v2\/product\/5896","targetHints":{"allow":["GET"]}}],"collection":[{"href":"https:\/\/www.buildinglift.com\/et\/wp-json\/wp\/v2\/product"}],"about":[{"href":"https:\/\/www.buildinglift.com\/et\/wp-json\/wp\/v2\/types\/product"}],"version-history":[{"count":0,"href":"https:\/\/www.buildinglift.com\/et\/wp-json\/wp\/v2\/product\/5896\/revisions"}],"wp:featuredmedia":[{"embeddable":true,"href":"https:\/\/www.buildinglift.com\/et\/wp-json\/wp\/v2\/media\/5900"}],"wp:attachment":[{"href":"https:\/\/www.buildinglift.com\/et\/wp-json\/wp\/v2\/media?parent=5896"}],"wp:term":[{"taxonomy":"product_brand","embeddable":true,"href":"https:\/\/www.buildinglift.com\/et\/wp-json\/wp\/v2\/product_brand?post=5896"},{"taxonomy":"product_cat","embeddable":true,"href":"https:\/\/www.buildinglift.com\/et\/wp-json\/wp\/v2\/product_cat?post=5896"},{"taxonomy":"product_tag","embeddable":true,"href":"https:\/\/www.buildinglift.com\/et\/wp-json\/wp\/v2\/product_tag?post=5896"}],"curies":[{"name":"wp","href":"https:\/\/api.w.org\/{rel}","templated":true}]}}