{"id":5889,"date":"2023-10-19T13:13:03","date_gmt":"2023-10-19T13:13:03","guid":{"rendered":"https:\/\/www.buildinglift.com\/?post_type=product&#038;p=5889"},"modified":"2023-12-12T22:32:00","modified_gmt":"2023-12-13T06:32:00","slug":"akutoitega-220v-mobiilne-elektriline-iseliikuv-hudrauliline-kaaritostuk-platvormi-laud-hea-hinnaga","status":"publish","type":"product","link":"https:\/\/www.buildinglift.com\/et\/toode\/akutoitega-220v-mobiilne-elektriline-iseliikuv-hudrauliline-kaaritostuk-platvormi-laud-hea-hinnaga\/","title":{"rendered":"Akutoitega 220V mobiilne elektriline iseliikuv h\u00fcdrauliline k\u00e4\u00e4rt\u00f5stukiga platvormlaud hea hinnaga"},"content":{"rendered":"<p><strong>Toote kirjeldus<\/strong><br \/>\nSee <a href=\"https:\/\/www.buildinglift.com\/product\/battery-powered-220v-mobile-electric-self-propelled-hydraulic-scissor-lift-platform-table-with-good-price\/\">mobiilne k\u00e4\u00e4rt\u00f5stuki platvorm<\/a> T\u00f5stek\u00f5rgus on 4\u201318 m ja kandev\u00f5ime 300\u2013500 kg, t\u00f5stere\u017eiimid on k\u00e4sitsi juhitavad, elektrilised, aku- ja diiselmootoriga jne. Spetsiaalsete kohtade jaoks saab valida plahvatuskindlaid elektriseadmeid;<\/p>\n<p>Eemaldatava juhtimisseadme platvormi saab paigaldada vastavalt kasutaja vajadustele, mille eeliste hulka kuuluvad lihtne teisaldamine, suur pind ja tugev kandev\u00f5ime, mis v\u00f5imaldab mitme inimese samaaegset t\u00f6\u00f6tamist, ning ohutus ja t\u00f6\u00f6kindlus, mist\u00f5ttu on see optimaalne toode \u00f5hust t\u00f5stmiseks.<\/p>\n<p><strong>Peamised omadused<\/strong><br \/>\n(1) 4 tugijalga, ohutud ja stabiilsed<br \/>\n(2) Neli ratast, kergesti liigutatavad<br \/>\n(3) <a href=\"https:\/\/www.buildinglift.com\/product-category\/elevator-scissor-lift\/\">K\u00f5rgtugev mangaanterasest konstruktsioon<\/a>, tugev ja vastupidav<br \/>\n(4) topeltjuhtimiss\u00fcsteem, maapealne juhtimine + platvormi juhtimine<br \/>\n(5) Suur laud, suur koormus, mis v\u00f5imaldab mitme inimese samaaegset t\u00f6\u00f6tamist.<br \/>\n(6) Toiteks saab valida vahelduvvoolu, alalisvoolu v\u00f5i diiselmootori.<\/p>\n<p><strong>Tarne ulatus<\/strong><br \/>\nMeie ettev\u00f5te pakub isejuhtivaid liigendt\u00f5stukeid t\u00f5stek\u00f5rgusega 4\u201318 m, t\u00f6\u00f6k\u00f5rgusega 6\u201320 meetrit ja kandev\u00f5imega 500 kg v\u00f5i 300 kg.<\/p>\n<p><strong>TEHNILISED ANDMED<\/strong><br \/>\nPlatvormi maksimaalne k\u00f5rgus: 4\u201318 meetrit<br \/>\nMaksimaalne t\u00f6\u00f6k\u00f5rgus: 6 meetrist kuni 20 meetrini<br \/>\n3. kandev\u00f5ime: 500 kg, 300 kg v\u00f5i kohandatud.<br \/>\nToiteallikas: liigutamine puksiiri v\u00f5i elektri abil, t\u00f5stmine ja langetamine vahelduvvoolu, alalisvoolu v\u00f5i diiselmootori abil.<br \/>\nV\u00e4rv: sinine ja hall v\u00f5i vastavalt teie soovile<br \/>\nKaitsepiire: 1 m k\u00f5rge, eemaldatav, h\u00f5lpsasti kasutatav<br \/>\nHorisontaalse platvormi pikendus: 0,5 meetrit (valikuline konfiguratsioon)<br \/>\nt\u00f5usuv\u00f5ime: 20%<\/p>\n<p><a href=\"https:\/\/www.buildinglift.com\/wp-content\/uploads\/H11f0cd10b2eb45e5a9352996cf625bd34.jpg\"><img fetchpriority=\"high\" decoding=\"async\" class=\"alignnone size-full wp-image-5895\" src=\"https:\/\/www.buildinglift.com\/wp-content\/uploads\/H11f0cd10b2eb45e5a9352996cf625bd34.jpg\" alt=\"\" width=\"750\" height=\"595\" srcset=\"https:\/\/www.buildinglift.com\/wp-content\/uploads\/H11f0cd10b2eb45e5a9352996cf625bd34.jpg 750w, https:\/\/www.buildinglift.com\/wp-content\/uploads\/H11f0cd10b2eb45e5a9352996cf625bd34-600x476.jpg 600w, https:\/\/www.buildinglift.com\/wp-content\/uploads\/H11f0cd10b2eb45e5a9352996cf625bd34-300x238.jpg 300w, https:\/\/www.buildinglift.com\/wp-content\/uploads\/H11f0cd10b2eb45e5a9352996cf625bd34-15x12.jpg 15w\" sizes=\"(max-width: 750px) 100vw, 750px\" \/><\/a><\/p>","protected":false},"excerpt":{"rendered":"<p>Eemaldatava juhtimisseadme platvormi saab paigaldada vastavalt kasutaja vajadustele, mille eeliste hulka kuuluvad lihtne teisaldamine, suur pind ja tugev kandev\u00f5ime, mis v\u00f5imaldab mitme inimese samaaegset t\u00f6\u00f6tamist, ning ohutus ja t\u00f6\u00f6kindlus, mist\u00f5ttu on see optimaalne toode \u00f5hust t\u00f5stmiseks.<\/p>","protected":false},"featured_media":5892,"template":"","meta":[],"product_brand":[],"product_cat":[149],"product_tag":[170,171],"class_list":{"0":"post-5889","1":"product","2":"type-product","3":"status-publish","4":"has-post-thumbnail","6":"product_cat-elevator-scissor-lift","7":"product_tag-hydraulic-scissor-lift-platform","8":"product_tag-mobile-electric-self-propelled","10":"first","11":"instock","12":"shipping-taxable","13":"product-type-simple"},"acf":[],"_links":{"self":[{"href":"https:\/\/www.buildinglift.com\/et\/wp-json\/wp\/v2\/product\/5889","targetHints":{"allow":["GET"]}}],"collection":[{"href":"https:\/\/www.buildinglift.com\/et\/wp-json\/wp\/v2\/product"}],"about":[{"href":"https:\/\/www.buildinglift.com\/et\/wp-json\/wp\/v2\/types\/product"}],"version-history":[{"count":0,"href":"https:\/\/www.buildinglift.com\/et\/wp-json\/wp\/v2\/product\/5889\/revisions"}],"wp:featuredmedia":[{"embeddable":true,"href":"https:\/\/www.buildinglift.com\/et\/wp-json\/wp\/v2\/media\/5892"}],"wp:attachment":[{"href":"https:\/\/www.buildinglift.com\/et\/wp-json\/wp\/v2\/media?parent=5889"}],"wp:term":[{"taxonomy":"product_brand","embeddable":true,"href":"https:\/\/www.buildinglift.com\/et\/wp-json\/wp\/v2\/product_brand?post=5889"},{"taxonomy":"product_cat","embeddable":true,"href":"https:\/\/www.buildinglift.com\/et\/wp-json\/wp\/v2\/product_cat?post=5889"},{"taxonomy":"product_tag","embeddable":true,"href":"https:\/\/www.buildinglift.com\/et\/wp-json\/wp\/v2\/product_tag?post=5889"}],"curies":[{"name":"wp","href":"https:\/\/api.w.org\/{rel}","templated":true}]}}