{"id":5896,"date":"2023-10-19T13:27:45","date_gmt":"2023-10-19T13:27:45","guid":{"rendered":"https:\/\/www.buildinglift.com\/?post_type=product&#038;p=5896"},"modified":"2023-12-12T22:32:33","modified_gmt":"2023-12-13T06:32:33","slug":"elevador-de-tijera-automatico-de-alta-calidad-de-10-a-25-m-350-500-800-kg-1-tonelada-elevador-electrico-hidraulico-con-accesorios","status":"publish","type":"product","link":"https:\/\/www.buildinglift.com\/es\/producto\/elevador-de-tijera-automatico-de-alta-calidad-de-10-a-25-m-350-500-800-kg-1-tonelada-elevador-electrico-hidraulico-con-accesorios\/","title":{"rendered":"Elevador de tijera autom\u00e1tico de alta calidad de 10-25M, 350, 500, 800 kg, 1 tonelada, elevador el\u00e9ctrico hidr\u00e1ulico con accesorios"},"content":{"rendered":"<p><strong>Descripci\u00f3n del Producto<\/strong><br \/>\nNuestro elevador de tijera m\u00f3vil autopropulsado se utiliza principalmente para elevar trabajadores a alturas para realizar reparaciones, mantenimiento, limpieza, instalaci\u00f3n, etc. Puede moverlo f\u00e1cilmente al \u00e1rea de trabajo adecuada.<br \/>\nUna persona puede operar la plataforma para ir hacia atr\u00e1s, hacia adelante, girar, incluso a su altura m\u00e1xima. Adem\u00e1s, este tipo de <a href=\"https:\/\/www.buildinglift.com\/product\/automatic-10-25m-high-quality-elevator-scissor-lift-350-500-800kg-1-ton-hydraulic-electric-lift-with-attachments\/\">elevador de tijera m\u00f3vil<\/a> Se puede instalar con la rueda motriz para moverlo con las manos sin ninguna dureza.<\/p>\n<p><a href=\"https:\/\/www.buildinglift.com\/wp-content\/uploads\/H559669909c4843a4bcc8e5cda100bf0fH.png\"><img fetchpriority=\"high\" decoding=\"async\" class=\"alignnone size-full wp-image-5901\" src=\"https:\/\/www.buildinglift.com\/wp-content\/uploads\/H559669909c4843a4bcc8e5cda100bf0fH.png\" alt=\"\" width=\"790\" height=\"495\" srcset=\"https:\/\/www.buildinglift.com\/wp-content\/uploads\/H559669909c4843a4bcc8e5cda100bf0fH.png 790w, https:\/\/www.buildinglift.com\/wp-content\/uploads\/H559669909c4843a4bcc8e5cda100bf0fH-600x376.png 600w, https:\/\/www.buildinglift.com\/wp-content\/uploads\/H559669909c4843a4bcc8e5cda100bf0fH-300x188.png 300w, https:\/\/www.buildinglift.com\/wp-content\/uploads\/H559669909c4843a4bcc8e5cda100bf0fH-768x481.png 768w, https:\/\/www.buildinglift.com\/wp-content\/uploads\/H559669909c4843a4bcc8e5cda100bf0fH-18x12.png 18w\" sizes=\"(max-width: 790px) 100vw, 790px\" \/><\/a><\/p>","protected":false},"excerpt":{"rendered":"<p>Nuestro elevador de tijera m\u00f3vil autopropulsado se utiliza principalmente para elevar a trabajadores a alturas elevadas para realizar reparaciones, mantenimiento, limpieza, instalaci\u00f3n, etc. Puede moverlo f\u00e1cilmente al \u00e1rea de trabajo adecuada.<\/p>","protected":false},"featured_media":5900,"template":"","meta":[],"product_brand":[],"product_cat":[149],"product_tag":[],"class_list":{"0":"post-5896","1":"product","2":"type-product","3":"status-publish","4":"has-post-thumbnail","6":"product_cat-elevator-scissor-lift","8":"first","9":"instock","10":"shipping-taxable","11":"product-type-simple"},"acf":[],"_links":{"self":[{"href":"https:\/\/www.buildinglift.com\/es\/wp-json\/wp\/v2\/product\/5896","targetHints":{"allow":["GET"]}}],"collection":[{"href":"https:\/\/www.buildinglift.com\/es\/wp-json\/wp\/v2\/product"}],"about":[{"href":"https:\/\/www.buildinglift.com\/es\/wp-json\/wp\/v2\/types\/product"}],"version-history":[{"count":0,"href":"https:\/\/www.buildinglift.com\/es\/wp-json\/wp\/v2\/product\/5896\/revisions"}],"wp:featuredmedia":[{"embeddable":true,"href":"https:\/\/www.buildinglift.com\/es\/wp-json\/wp\/v2\/media\/5900"}],"wp:attachment":[{"href":"https:\/\/www.buildinglift.com\/es\/wp-json\/wp\/v2\/media?parent=5896"}],"wp:term":[{"taxonomy":"product_brand","embeddable":true,"href":"https:\/\/www.buildinglift.com\/es\/wp-json\/wp\/v2\/product_brand?post=5896"},{"taxonomy":"product_cat","embeddable":true,"href":"https:\/\/www.buildinglift.com\/es\/wp-json\/wp\/v2\/product_cat?post=5896"},{"taxonomy":"product_tag","embeddable":true,"href":"https:\/\/www.buildinglift.com\/es\/wp-json\/wp\/v2\/product_tag?post=5896"}],"curies":[{"name":"wp","href":"https:\/\/api.w.org\/{rel}","templated":true}]}}