{"id":5703,"date":"2023-09-22T14:20:30","date_gmt":"2023-09-22T14:20:30","guid":{"rendered":"https:\/\/www.buildinglift.com\/?post_type=product&#038;p=5703"},"modified":"2023-12-12T22:20:51","modified_gmt":"2023-12-13T06:20:51","slug":"plataforma-colgante-para-limpieza-de-ventanas-exteriores-plataforma-suspendida-vertical-personalizada","status":"publish","type":"product","link":"https:\/\/www.buildinglift.com\/es\/producto\/plataforma-colgante-para-limpieza-de-ventanas-exteriores-plataforma-suspendida-vertical-personalizada\/","title":{"rendered":"Plataforma colgante para limpieza de ventanas exteriores, hecha a medida, vertical\/plataforma suspendida personalizada"},"content":{"rendered":"<p>Podemos dise\u00f1ar y fabricar todo tipo de plataformas suspendidas especiales para cualquier condici\u00f3n y cumplir con los requisitos espec\u00edficos de los clientes, como plataformas individuales con patas en L, plataformas suspendidas en \u00e1ngulo, plataformas de dos pisos, g\u00f3ndolas BMU, sillas suspendidas individuales, plataformas suspendidas circulares, estribos m\u00f3viles y plataformas suspendidas ZLP350.<\/p>\n<p><strong>Caracter\u00edsticas y aplicaciones del producto<\/strong><br \/>\n\u2013 Alta calidad a precio competitivo<br \/>\n\u2013 F\u00e1cil de montar<br \/>\n\u2013 Control suave<br \/>\n\u2013 La altura de trabajo se puede ajustar<br \/>\n\u2013 El voltaje se puede ajustar<br \/>\n\u2013 Duradero y seguro<\/p>\n<p>La serie ZLP destaca por su calidad superior y su servicio profesional. A medida que su reputaci\u00f3n y credibilidad han crecido, tambi\u00e9n lo ha hecho su alcance internacional. Los productos de SUCCESS Company se exportan actualmente a m\u00e1s de 70 pa\u00edses y regiones, incluyendo Singapur, Rusia, Emiratos \u00c1rabes Unidos, Chile y Per\u00fa. El compromiso de la empresa con la excelencia se refleja en sus productos, que cumplen con las normas europeas y cuentan con la certificaci\u00f3n CE.<\/p>\n<p>Podemos dise\u00f1ar y fabricar todo tipo de plataformas suspendidas especiales para cualquier condici\u00f3n y cumplir con los requisitos espec\u00edficos de los clientes, como plataformas individuales con patas en L, plataformas suspendidas en \u00e1ngulo, plataformas de dos pisos, g\u00f3ndolas BMU, sillas suspendidas individuales, plataformas suspendidas circulares, estribos m\u00f3viles y plataformas suspendidas ZLP350.<\/p>\n<p><strong><a href=\"https:\/\/www.buildinglift.com\/product\/exterior-window-cleaning-hanging-platform-custom-made-vertical-custom-suspended-platform\/\">Plataforma suspendida<\/a> Polipasto: larga vida \u00fatil<\/strong><br \/>\n1. El cuerpo de fundici\u00f3n est\u00e1 hecho de aluminio especial y se procesa en un centro de procesamiento importado mediante fundici\u00f3n por gravedad. El producto ofrece buena precisi\u00f3n y durabilidad. Las piezas fundidas son m\u00e1s resistentes a las ca\u00eddas que las fundidas a presi\u00f3n y menos propensas a agrietarse.<br \/>\n2. El material del disco de accionamiento es 40Cr, pesa 5,4 kg, despu\u00e9s del tratamiento de templado y nitruraci\u00f3n de superficie, es m\u00e1s resistente al desgaste y duradero.<br \/>\n3. La rueda helicoidal est\u00e1 hecha de bronce fosforoso de esta\u00f1o 9-4, con un peso de 0,94 kg, lo que le confiere buena tenacidad y resistencia al desgaste. El material del sinf\u00edn y el eje del engranaje es 38CrMoA1, del cual el sinf\u00edn pesa 0,48 kg, lo que le confiere buena tenacidad y resistencia al desgaste.<br \/>\n4. La gu\u00eda de cuerda est\u00e1 hecha de acero inoxidable especial resistente al desgaste, resistente a los da\u00f1os y a los atascos. El coste de una aver\u00eda es extremadamente bajo y, por lo general, no requiere sustituci\u00f3n.<\/p>","protected":false},"excerpt":{"rendered":"<p><strong>N.\u00ba de modelo<\/strong>:ZLP1000 ZLP800 ZLP630 ZLP500<br \/>\n<strong>Material<\/strong>: acero o aleaci\u00f3n de aluminio (recomendado)<br \/>\n<strong>Carga nominal<\/strong>:1000KG 800KG 600KG\u2026<br \/>\n<strong>Altura de elevaci\u00f3n<\/strong>:100M a 150M<br \/>\n<strong>Velocidad de elevaci\u00f3n<\/strong>:9-11 m\/min<br \/>\n<strong>Calificaci\u00f3n de producci\u00f3n<\/strong><br \/>\nHemos pasado la certificaci\u00f3n ISO9001:2008, CE y EAC.<\/p>","protected":false},"featured_media":5708,"template":"","meta":[],"product_brand":[],"product_cat":[147],"product_tag":[155,154],"class_list":{"0":"post-5703","1":"product","2":"type-product","3":"status-publish","4":"has-post-thumbnail","6":"product_cat-suspended-platform","7":"product_tag-custom-suspended-platform","8":"product_tag-exterior-window-cleaning-hanging-platform-custom-made-vertical","10":"first","11":"instock","12":"shipping-taxable","13":"product-type-simple"},"acf":[],"_links":{"self":[{"href":"https:\/\/www.buildinglift.com\/es\/wp-json\/wp\/v2\/product\/5703","targetHints":{"allow":["GET"]}}],"collection":[{"href":"https:\/\/www.buildinglift.com\/es\/wp-json\/wp\/v2\/product"}],"about":[{"href":"https:\/\/www.buildinglift.com\/es\/wp-json\/wp\/v2\/types\/product"}],"version-history":[{"count":0,"href":"https:\/\/www.buildinglift.com\/es\/wp-json\/wp\/v2\/product\/5703\/revisions"}],"wp:featuredmedia":[{"embeddable":true,"href":"https:\/\/www.buildinglift.com\/es\/wp-json\/wp\/v2\/media\/5708"}],"wp:attachment":[{"href":"https:\/\/www.buildinglift.com\/es\/wp-json\/wp\/v2\/media?parent=5703"}],"wp:term":[{"taxonomy":"product_brand","embeddable":true,"href":"https:\/\/www.buildinglift.com\/es\/wp-json\/wp\/v2\/product_brand?post=5703"},{"taxonomy":"product_cat","embeddable":true,"href":"https:\/\/www.buildinglift.com\/es\/wp-json\/wp\/v2\/product_cat?post=5703"},{"taxonomy":"product_tag","embeddable":true,"href":"https:\/\/www.buildinglift.com\/es\/wp-json\/wp\/v2\/product_tag?post=5703"}],"curies":[{"name":"wp","href":"https:\/\/api.w.org\/{rel}","templated":true}]}}