{"id":217,"date":"2020-04-12T12:59:05","date_gmt":"2020-04-12T12:59:05","guid":{"rendered":"https:\/\/gridvalley.net\/wp\/industroz\/dummy\/?page_id=217"},"modified":"2023-12-12T21:21:50","modified_gmt":"2023-12-13T05:21:50","slug":"preguntas-mas-frecuentes-2","status":"publish","type":"page","link":"https:\/\/www.buildinglift.com\/es\/preguntas-mas-frecuentes-2\/","title":{"rendered":"Preguntas frecuentes"},"content":{"rendered":"<div data-elementor-type=\"wp-page\" data-elementor-id=\"217\" class=\"elementor elementor-217\">\n\t\t\t\t\t\t<section class=\"elementor-section elementor-top-section elementor-element elementor-element-bc2fe36 elementor-section-boxed elementor-section-height-default elementor-section-height-default\" data-id=\"bc2fe36\" data-element_type=\"section\" data-e-type=\"section\">\n\t\t\t\t\t\t<div class=\"elementor-container elementor-column-gap-default\">\n\t\t\t\t\t<div class=\"elementor-column elementor-col-100 elementor-top-column elementor-element elementor-element-ec0690f\" data-id=\"ec0690f\" data-element_type=\"column\" data-e-type=\"column\">\n\t\t\t<div class=\"elementor-widget-wrap elementor-element-populated\">\n\t\t\t\t\t\t<div class=\"elementor-element elementor-element-40d07a2 elementor-widget elementor-widget-fancy-heading\" data-id=\"40d07a2\" data-element_type=\"widget\" data-e-type=\"widget\" data-widget_type=\"fancy-heading.default\">\n\t\t\t\t<div class=\"elementor-widget-container\">\n\t\t\t\t\t\t\t\n\t\t\t<div class=\"section-head left wt-small-separator-outer\">\n\t\t\t\t\t\t\t\t\t<div class=\"wt-small-separator site-text-primary\">\n\t\t\t\t\t\t<div class=\"sep-leaf-left\"><\/div>\n\t\t\t\t\t\t<div> Preguntas frecuentes? <\/div>\n\t\t\t\t\t\t<div class=\"sep-leaf-right\"><\/div>\n\t\t\t\t\t<\/div>\t\n\t\t\t\t\t\t\t\t\t\n\t\t\t\t<h2>Encuentre respuestas informativas a todas sus preguntas a continuaci\u00f3n.<\/h2>\n\t\t\t<\/div>\n\t\t\t\t\t\t\t<\/div>\n\t\t\t\t<\/div>\n\t\t\t\t\t<\/div>\n\t\t<\/div>\n\t\t\t\t\t<\/div>\n\t\t<\/section>\n\t\t\t\t<section class=\"elementor-section elementor-top-section elementor-element elementor-element-7873817 elementor-section-boxed elementor-section-height-default elementor-section-height-default\" data-id=\"7873817\" data-element_type=\"section\" data-e-type=\"section\">\n\t\t\t\t\t\t<div class=\"elementor-container elementor-column-gap-default\">\n\t\t\t\t\t<div class=\"elementor-column elementor-col-66 elementor-top-column elementor-element elementor-element-8bfc246\" data-id=\"8bfc246\" data-element_type=\"column\" data-e-type=\"column\">\n\t\t\t<div class=\"elementor-widget-wrap elementor-element-populated\">\n\t\t\t\t\t\t<div class=\"elementor-element elementor-element-fd44e1c elementor-widget elementor-widget-industroz-toggle\" data-id=\"fd44e1c\" data-element_type=\"widget\" data-e-type=\"widget\" data-widget_type=\"industroz-toggle.default\">\n\t\t\t\t<div class=\"elementor-widget-container\">\n\t\t\t\t\t\t\t\n\t\t<div class=\"wt-accordion acc-bg-gray\" id=\"accordion5\">\n\t\t\t\t\t\t\t\t<div class=\"panel wt-panel\">\n\t\t\t\t\t\t<div class=\"acod-head acc-actives\">\n\t\t\t\t\t\t\t<h4 class=\"acod-title\">\n\t\t\t\t\t\t\t\t<a data-toggle=\"collapse\" href=\"#collapse-0\" class=\"\" data-parent=\"#accordion5\" >\n\t\t\t\t\t\t\t\t   \u00bfCuales son sus condiciones de pago?<span class=\"indicator\"><i class=\"fa fa-plus\"><\/i><\/span>\n\t\t\t\t\t\t\t\t<\/a>\n\t\t\t\t\t\t\t<\/h4>\n\t\t\t\t\t\t<\/div>\n\t\t\t\t\t\t<div id=\"collapse-0\" class=\"acod-body collapse show bg-gray\">\n\t\t\t\t\t\t\t<div class=\"acod-content p-a15\">El pago normalmente es por TT o LC. o podemos discutir si tiene otra opci\u00f3n de pago.<\/div>\n\t\t\t\t\t\t<\/div>\n\t\t\t\t\t<\/div>\t\n\t\t\t\t\t\t\t\t\t\t<div class=\"panel wt-panel\">\n\t\t\t\t\t\t<div class=\"acod-head\">\n\t\t\t\t\t\t\t<h4 class=\"acod-title\">\n\t\t\t\t\t\t\t\t<a data-toggle=\"collapse\" href=\"#collapse-1\" class=\"collapsed\" data-parent=\"#accordion5\" >\n\t\t\t\t\t\t\t\t   \u00bfPuedo comprar una o dos piezas de muestra para probar sus productos?<span class=\"indicator\"><i class=\"fa fa-plus\"><\/i><\/span>\n\t\t\t\t\t\t\t\t<\/a>\n\t\t\t\t\t\t\t<\/h4>\n\t\t\t\t\t\t<\/div>\n\t\t\t\t\t\t<div id=\"collapse-1\" class=\"acod-body collapse  bg-gray\">\n\t\t\t\t\t\t\t<div class=\"acod-content p-a15\">S\u00ed, nos complace proporcionar muestras y garantizamos la calidad de nuestros productos.<\/div>\n\t\t\t\t\t\t<\/div>\n\t\t\t\t\t<\/div>\t\n\t\t\t\t\t\t\t\t\t\t<div class=\"panel wt-panel\">\n\t\t\t\t\t\t<div class=\"acod-head\">\n\t\t\t\t\t\t\t<h4 class=\"acod-title\">\n\t\t\t\t\t\t\t\t<a data-toggle=\"collapse\" href=\"#collapse-2\" class=\"collapsed\" data-parent=\"#accordion5\" >\n\t\t\t\t\t\t\t\t   \u00bfPuede usted producir con OEM?<span class=\"indicator\"><i class=\"fa fa-plus\"><\/i><\/span>\n\t\t\t\t\t\t\t\t<\/a>\n\t\t\t\t\t\t\t<\/h4>\n\t\t\t\t\t\t<\/div>\n\t\t\t\t\t\t<div id=\"collapse-2\" class=\"acod-body collapse  bg-gray\">\n\t\t\t\t\t\t\t<div class=\"acod-content p-a15\">S\u00ed, podemos personalizar la producci\u00f3n seg\u00fan los dibujos.<\/div>\n\t\t\t\t\t\t<\/div>\n\t\t\t\t\t<\/div>\t\n\t\t\t\t\t\t\t\t\t\t<div class=\"panel wt-panel\">\n\t\t\t\t\t\t<div class=\"acod-head\">\n\t\t\t\t\t\t\t<h4 class=\"acod-title\">\n\t\t\t\t\t\t\t\t<a data-toggle=\"collapse\" href=\"#collapse-3\" class=\"collapsed\" data-parent=\"#accordion5\" >\n\t\t\t\t\t\t\t\t   \u00bfProb\u00e1is todos vuestros productos antes de la entrega?<span class=\"indicator\"><i class=\"fa fa-plus\"><\/i><\/span>\n\t\t\t\t\t\t\t\t<\/a>\n\t\t\t\t\t\t\t<\/h4>\n\t\t\t\t\t\t<\/div>\n\t\t\t\t\t\t<div id=\"collapse-3\" class=\"acod-body collapse  bg-gray\">\n\t\t\t\t\t\t\t<div class=\"acod-content p-a15\">S\u00ed, tenemos la prueba 100% antes de la entrega.<\/div>\n\t\t\t\t\t\t<\/div>\n\t\t\t\t\t<\/div>\t\n\t\t\t\t\t\t\t\t\t\t<div class=\"panel wt-panel\">\n\t\t\t\t\t\t<div class=\"acod-head\">\n\t\t\t\t\t\t\t<h4 class=\"acod-title\">\n\t\t\t\t\t\t\t\t<a data-toggle=\"collapse\" href=\"#collapse-4\" class=\"collapsed\" data-parent=\"#accordion5\" >\n\t\t\t\t\t\t\t\t   \u00bfEs usted una empresa comercial o un fabricante?<span class=\"indicator\"><i class=\"fa fa-plus\"><\/i><\/span>\n\t\t\t\t\t\t\t\t<\/a>\n\t\t\t\t\t\t\t<\/h4>\n\t\t\t\t\t\t<\/div>\n\t\t\t\t\t\t<div id=\"collapse-4\" class=\"acod-body collapse  bg-gray\">\n\t\t\t\t\t\t\t<div class=\"acod-content p-a15\">Somos un fabricante con nuestra propia f\u00e1brica. Oficina en Shanghai. Tenemos m\u00e1s de 8 a\u00f1os de experiencia en la producci\u00f3n de andamios de plataformas suspendidas.<\/div>\n\t\t\t\t\t\t<\/div>\n\t\t\t\t\t<\/div>\t\n\t\t\t\t\t\t\t\t\t\t<div class=\"panel wt-panel\">\n\t\t\t\t\t\t<div class=\"acod-head\">\n\t\t\t\t\t\t\t<h4 class=\"acod-title\">\n\t\t\t\t\t\t\t\t<a data-toggle=\"collapse\" href=\"#collapse-5\" class=\"collapsed\" data-parent=\"#accordion5\" >\n\t\t\t\t\t\t\t\t   \u00bfQu\u00e9 materiales utiliz\u00e1is en la fabricaci\u00f3n de plataformas suspendidas?<span class=\"indicator\"><i class=\"fa fa-plus\"><\/i><\/span>\n\t\t\t\t\t\t\t\t<\/a>\n\t\t\t\t\t\t\t<\/h4>\n\t\t\t\t\t\t<\/div>\n\t\t\t\t\t\t<div id=\"collapse-5\" class=\"acod-body collapse  bg-gray\">\n\t\t\t\t\t\t\t<div class=\"acod-content p-a15\">Los materiales que utilizamos son aleaci\u00f3n de aluminio, acero galvanizado en caliente y acero pintado. El aluminio es el m\u00e1s popular.<\/div>\n\t\t\t\t\t\t<\/div>\n\t\t\t\t\t<\/div>\t\n\t\t\t\t\t\t\t\t\t\t<div class=\"panel wt-panel\">\n\t\t\t\t\t\t<div class=\"acod-head\">\n\t\t\t\t\t\t\t<h4 class=\"acod-title\">\n\t\t\t\t\t\t\t\t<a data-toggle=\"collapse\" href=\"#collapse-6\" class=\"collapsed\" data-parent=\"#accordion5\" >\n\t\t\t\t\t\t\t\t   \u00bfPuedo visitar su f\u00e1brica antes de realizar el pedido?<span class=\"indicator\"><i class=\"fa fa-plus\"><\/i><\/span>\n\t\t\t\t\t\t\t\t<\/a>\n\t\t\t\t\t\t\t<\/h4>\n\t\t\t\t\t\t<\/div>\n\t\t\t\t\t\t<div id=\"collapse-6\" class=\"acod-body collapse  bg-gray\">\n\t\t\t\t\t\t\t<div class=\"acod-content p-a15\">\u00bfPor qu\u00e9 no? Bienvenido a mi f\u00e1brica. Puede contactarnos antes de su visita; nuestro personal de ventas le brindar\u00e1 asistencia completa.<\/div>\n\t\t\t\t\t\t<\/div>\n\t\t\t\t\t<\/div>\t\n\t\t\t\t\t\t\t<\/div>\n\t\t\t\t\t\t<\/div>\n\t\t\t\t<\/div>\n\t\t\t\t\t<\/div>\n\t\t<\/div>\n\t\t\t\t<div class=\"elementor-column elementor-col-33 elementor-top-column elementor-element elementor-element-96d522c\" data-id=\"96d522c\" data-element_type=\"column\" data-e-type=\"column\">\n\t\t\t<div class=\"elementor-widget-wrap elementor-element-populated\">\n\t\t\t\t\t\t<div class=\"elementor-element elementor-element-23e33da elementor-widget elementor-widget-industroz-sidebar\" data-id=\"23e33da\" data-element_type=\"widget\" data-e-type=\"widget\" data-widget_type=\"industroz-sidebar.default\">\n\t\t\t\t<div class=\"elementor-widget-container\">\n\t\t\t\t\t\t\t\n\t\t<div class=\"rightSidebar\">\n\t\t\t<aside class=\"side-bar\">\n\t\t\t\t\t\t\t<\/aside>\n\t\t<\/div>\n\t\t\t\t\t\t<\/div>\n\t\t\t\t<\/div>\n\t\t\t\t\t<\/div>\n\t\t<\/div>\n\t\t\t\t\t<\/div>\n\t\t<\/section>\n\t\t\t\t<\/div>","protected":false},"excerpt":{"rendered":"<p>Frequently Asked Questions? Find informative answers to all your questions below. What is your terms of payment? Payment normally by TT or LC . or we can discuss if you have other payment choice. Can I buy one or two pieces of samples for testing your produces? Yes,We are pleased to provide samples and we &#8230; <a title=\"Preguntas frecuentes\" class=\"read-more\" href=\"https:\/\/www.buildinglift.com\/es\/preguntas-mas-frecuentes-2\/\" aria-label=\"Leer m\u00e1s sobre FAQ\">Leer m\u00e1s<\/a><\/p>","protected":false},"author":3,"featured_media":0,"parent":0,"menu_order":0,"comment_status":"closed","ping_status":"closed","template":"","meta":{"footnotes":""},"class_list":["post-217","page","type-page","status-publish"],"acf":[],"_links":{"self":[{"href":"https:\/\/www.buildinglift.com\/es\/wp-json\/wp\/v2\/pages\/217","targetHints":{"allow":["GET"]}}],"collection":[{"href":"https:\/\/www.buildinglift.com\/es\/wp-json\/wp\/v2\/pages"}],"about":[{"href":"https:\/\/www.buildinglift.com\/es\/wp-json\/wp\/v2\/types\/page"}],"author":[{"embeddable":true,"href":"https:\/\/www.buildinglift.com\/es\/wp-json\/wp\/v2\/users\/3"}],"replies":[{"embeddable":true,"href":"https:\/\/www.buildinglift.com\/es\/wp-json\/wp\/v2\/comments?post=217"}],"version-history":[{"count":0,"href":"https:\/\/www.buildinglift.com\/es\/wp-json\/wp\/v2\/pages\/217\/revisions"}],"wp:attachment":[{"href":"https:\/\/www.buildinglift.com\/es\/wp-json\/wp\/v2\/media?parent=217"}],"curies":[{"name":"wp","href":"https:\/\/api.w.org\/{rel}","templated":true}]}}