{"id":5902,"date":"2023-10-19T13:41:52","date_gmt":"2023-10-19T13:41:52","guid":{"rendered":"https:\/\/www.buildinglift.com\/?post_type=product&#038;p=5902"},"modified":"2023-12-12T23:25:31","modified_gmt":"2023-12-13T07:25:31","slug":"ce-geprufte-hydraulische-hebebuhne-elektrische-scherenarbeitsbuhne","status":"publish","type":"product","link":"https:\/\/www.buildinglift.com\/de\/produkt\/ce-geprufte-hydraulische-hebebuhne-elektrische-scherenarbeitsbuhne\/","title":{"rendered":"CE-gepr\u00fcfte hydraulische Hebeb\u00fchne\/elektrische Scherenhebeb\u00fchne"},"content":{"rendered":"<p><a href=\"https:\/\/www.buildinglift.com\/product-category\/elevator-scissor-lift\/\"><strong>Elektrische Scherenhebeb\u00fchnen<\/strong><\/a><br \/>\nElektrische Scherenhebeb\u00fchnen haben eine l\u00e4ngere Laufzeit als motorbetriebene Hebeb\u00fchnen und sorgen f\u00fcr eine ruhigere Arbeitsumgebung \u2013 ideal f\u00fcr Arbeiten im Innenbereich. Der Elektroantrieb bietet eine mehr als doppelt so lange Batterielebensdauer wie <a href=\"https:\/\/www.buildinglift.com\/product\/ce-approved-hydraulic-lifting-platform-electric-scissor-lift\/\">hydraulisch angetriebene Maschinen<\/a> und erzeugt keine Emissionen. Unsere Scherenhebeb\u00fchnen sind mit verschiedenen Arbeitsh\u00f6hen und Plattformkapazit\u00e4ten erh\u00e4ltlich<br \/>\n<strong>1.Produktvorteile<\/strong><br \/>\nSelbstfahrende Scherenb\u00fchnen ben\u00f6tigen keine Ausleger, eine Person bedient die Arbeitsplattform. Vorw\u00e4rtsfahren, Wenden und Anheben sind einfach. Kurze Ladezeit und lange Lebensdauer der Batterie. Leicht zu bewegende, ger\u00e4umige Arbeitsplattformen, reibungslose Arbeitsbedingungen und hohe Arbeitseffizienz.<br \/>\n<strong>2.Bewegungsmethode<\/strong><br \/>\nDer aufladbare Akku liefert die Energie zum Bewegen und Lenken.<br \/>\n<strong>3. Hubkraft<\/strong><br \/>\nDer aufladbare Akku liefert die Energie zum Anheben der Hebeb\u00fchnen. Die Arbeitsh\u00f6hen reichen von 4 m, 6 m, 8 m, 9 m, 10 m, 12 m bis 14 m.<br \/>\n<strong>4. Bewerbungen<\/strong><br \/>\nEs wird h\u00e4ufig f\u00fcr die Luftinstallation und -wartung von Arbeitsst\u00e4tten ohne Stromversorgung und mit ebenem Arbeitsboden verwendet, wie z. B. Hotels, gro\u00dfe Hallen, Sportstadien, gro\u00dfe Fabriken, Lagerh\u00e4user, Getreidespeicher, Bus-\/Bahnh\u00f6fe, Hotels, Flugh\u00e4fen, Tankstellen und Luftpipelines.<\/p>","protected":false},"excerpt":{"rendered":"<p>Elektrische Scherenhebeb\u00fchnen haben eine l\u00e4ngere Laufzeit als motorbetriebene Hebeb\u00fchnen und sorgen f\u00fcr eine ruhigere Arbeitsumgebung \u2013 ideal f\u00fcr Arbeiten im Innenbereich.<\/p>","protected":false},"featured_media":5644,"template":"","meta":[],"product_brand":[],"product_cat":[149],"product_tag":[172,173],"class_list":{"0":"post-5902","1":"product","2":"type-product","3":"status-publish","4":"has-post-thumbnail","6":"product_cat-elevator-scissor-lift","7":"product_tag-electric-scissor-lift","8":"product_tag-hydraulic-lifting-platform","10":"first","11":"instock","12":"shipping-taxable","13":"product-type-simple"},"acf":[],"_links":{"self":[{"href":"https:\/\/www.buildinglift.com\/de\/wp-json\/wp\/v2\/product\/5902","targetHints":{"allow":["GET"]}}],"collection":[{"href":"https:\/\/www.buildinglift.com\/de\/wp-json\/wp\/v2\/product"}],"about":[{"href":"https:\/\/www.buildinglift.com\/de\/wp-json\/wp\/v2\/types\/product"}],"version-history":[{"count":0,"href":"https:\/\/www.buildinglift.com\/de\/wp-json\/wp\/v2\/product\/5902\/revisions"}],"wp:featuredmedia":[{"embeddable":true,"href":"https:\/\/www.buildinglift.com\/de\/wp-json\/wp\/v2\/media\/5644"}],"wp:attachment":[{"href":"https:\/\/www.buildinglift.com\/de\/wp-json\/wp\/v2\/media?parent=5902"}],"wp:term":[{"taxonomy":"product_brand","embeddable":true,"href":"https:\/\/www.buildinglift.com\/de\/wp-json\/wp\/v2\/product_brand?post=5902"},{"taxonomy":"product_cat","embeddable":true,"href":"https:\/\/www.buildinglift.com\/de\/wp-json\/wp\/v2\/product_cat?post=5902"},{"taxonomy":"product_tag","embeddable":true,"href":"https:\/\/www.buildinglift.com\/de\/wp-json\/wp\/v2\/product_tag?post=5902"}],"curies":[{"name":"wp","href":"https:\/\/api.w.org\/{rel}","templated":true}]}}