{"id":5882,"date":"2023-10-19T12:44:44","date_gmt":"2023-10-19T12:44:44","guid":{"rendered":"https:\/\/www.buildinglift.com\/?post_type=product&#038;p=5882"},"modified":"2023-12-12T22:30:41","modified_gmt":"2023-12-13T06:30:41","slug":"500-kg-elektrische-glashebe-vakuumheberausrustung-glashandhabungsmaschine","status":"publish","type":"product","link":"https:\/\/www.buildinglift.com\/de\/produkt\/500-kg-elektrische-glashebe-vakuumheberausrustung-glashandhabungsmaschine\/","title":{"rendered":"500 kg elektrische Glashebe-Vakuumheber-Ausr\u00fcstung Glashandhabungsmaschine"},"content":{"rendered":"<ul>\n<li><strong>Produkt\u00fcbersicht<\/strong><br \/>\n<a href=\"https:\/\/www.buildinglift.com\/product\/500kgs-electrical-glass-lifting-vacuum-lifter-equipment-glass-handling-machine\/\">500 kg elektrische Glashebe-Vakuumheber-Ausr\u00fcstung Glashandhabungsmaschine<\/a><br \/>\nDie intelligenten Flachglas-Handhabungssysteme verf\u00fcgen \u00fcber ein Vakuumsystem zur Handhabung von Glas jeder Gr\u00f6\u00dfe, ohne die Oberfl\u00e4che zu besch\u00e4digen.<br \/>\nDiese Maschine wird h\u00e4ufig f\u00fcr die Tiefenverarbeitung, den Transport und die Installation von Glasvorhangfassaden mit empfindlichem Glas verwendet.<br \/>\nFUNKTIONEN AUF EINEN BLICK<br \/>\n<strong>Merkmale<\/strong><\/li>\n<li>Verwendetes Manganstahlmaterial Q345, Vierkantrohrschwei\u00dfen, sicher und zuverl\u00e4ssig.<\/li>\n<li>Doppelte Systemsteuerung, ein Vakuumsystem f\u00fcr den Betrieb und das andere f\u00fcr den Standby-Betrieb;<br \/>\nMit der amerikanischen THOMAS-Vakuumpumpe, den schweren Antriebsr\u00e4dern vom Typ METALROTA aus Italien, dem Hydraulikaggregat von BUCHER aus der Schweiz und einer digitalen, wartungsfreien Batterie kann das Ger\u00e4t ohne Luftquelle oder Stromversorgung frei laufen.<br \/>\nMit 360 Grad Drehung und 90 Grad Drehung manuell, so dass der Bediener<br \/>\nNehmen Sie das Flachglas pr\u00e4zise und sanft auf.<br \/>\nMit japanischem PANASONIC-Vakuumdruckschalter mit Digitalanzeige und Batterieanzeige.<br \/>\n\u00dcberwachen Sie den sicheren Betrieb der Ausr\u00fcstung deutlich.<br \/>\nAusgestattet mit einer 12V-Backup-Batterie. Wenn die Batterie w\u00e4hrend des Betriebs leer ist, kann sie<br \/>\nrechtzeitig ersetzt werden, um den Projektfortschritt sicherzustellen.<br \/>\nEin automatisches Vakuumf\u00fcllsystem sorgt daf\u00fcr, dass das gesamte Vakuumsystem eine<br \/>\nrelativ konstanten sicheren Druck, bieten den unterbrechungsfreien Betrieb mit pr\u00e4diktiven<br \/>\nWartung.<br \/>\nEinfache Montage der Strukturkomponenten. Durch das einstellbare Design k\u00f6nnen Sie die Position jedes Saugnapfs \u00e4ndern. Jeder Saugnapf mit einem separaten Steuerventil kann Glas unterschiedlicher Gr\u00f6\u00dfe halten.<\/li>\n<\/ul>","protected":false},"excerpt":{"rendered":"<p>Die intelligenten Flachglas-Handhabungssysteme verf\u00fcgen \u00fcber ein Vakuumsystem zur Handhabung von Glas jeder Gr\u00f6\u00dfe, ohne die Oberfl\u00e4che zu besch\u00e4digen.<\/p>","protected":false},"featured_media":5885,"template":"","meta":[],"product_brand":[],"product_cat":[146],"product_tag":[169],"class_list":{"0":"post-5882","1":"product","2":"type-product","3":"status-publish","4":"has-post-thumbnail","6":"product_cat-glass-lifting-machine","7":"product_tag-glass-handling-machine","9":"first","10":"instock","11":"shipping-taxable","12":"product-type-simple"},"acf":[],"_links":{"self":[{"href":"https:\/\/www.buildinglift.com\/de\/wp-json\/wp\/v2\/product\/5882","targetHints":{"allow":["GET"]}}],"collection":[{"href":"https:\/\/www.buildinglift.com\/de\/wp-json\/wp\/v2\/product"}],"about":[{"href":"https:\/\/www.buildinglift.com\/de\/wp-json\/wp\/v2\/types\/product"}],"version-history":[{"count":0,"href":"https:\/\/www.buildinglift.com\/de\/wp-json\/wp\/v2\/product\/5882\/revisions"}],"wp:featuredmedia":[{"embeddable":true,"href":"https:\/\/www.buildinglift.com\/de\/wp-json\/wp\/v2\/media\/5885"}],"wp:attachment":[{"href":"https:\/\/www.buildinglift.com\/de\/wp-json\/wp\/v2\/media?parent=5882"}],"wp:term":[{"taxonomy":"product_brand","embeddable":true,"href":"https:\/\/www.buildinglift.com\/de\/wp-json\/wp\/v2\/product_brand?post=5882"},{"taxonomy":"product_cat","embeddable":true,"href":"https:\/\/www.buildinglift.com\/de\/wp-json\/wp\/v2\/product_cat?post=5882"},{"taxonomy":"product_tag","embeddable":true,"href":"https:\/\/www.buildinglift.com\/de\/wp-json\/wp\/v2\/product_tag?post=5882"}],"curies":[{"name":"wp","href":"https:\/\/api.w.org\/{rel}","templated":true}]}}