{"id":5849,"date":"2023-10-19T11:07:37","date_gmt":"2023-10-19T11:07:37","guid":{"rendered":"https:\/\/www.buildinglift.com\/?post_type=product&#038;p=5849"},"modified":"2023-12-12T22:25:28","modified_gmt":"2023-12-13T06:25:28","slug":"mini-360-grad-baumaschinen-kleiner-hebekran","status":"publish","type":"product","link":"https:\/\/www.buildinglift.com\/de\/produkt\/mini-360-grad-baumaschinen-kleiner-hebekran\/","title":{"rendered":"Mini 360-Grad-Baumaschinen Kleiner Hebekran"},"content":{"rendered":"<p>Produkteigenschaften:<br \/>\n1. Halterung aus legiertem Stahl, nahtloses Schwei\u00dfen, langlebig<br \/>\n2. Motor, Vollkupfermotor, schnelle W\u00e4rmeableitung und lange Lebensdauer.<br \/>\n3. Flansch, verdickte Flanschplatte, solide und zuverl\u00e4ssig.<br \/>\n4. Drehwelle, Doppellager, 360-Grad-Drehung.<\/p>\n<p><a href=\"https:\/\/www.buildinglift.com\/product\/mini-360-degree-construction-equipment-small-lifting-crane\/\">Mini-Baukran<\/a> Einf\u00fchrung:<br \/>\nDer Mini-Baukran ist sehr tragbar, leicht zu bedienen und verf\u00fcgt \u00fcber einen um 360 Grad drehbaren Griff. Dadurch wird das Problem gel\u00f6st, dass sich das Seil beim Arbeiten verdreht und schwer drehen l\u00e4sst. Es besteht kein Zweifel, dass kleine Baukr\u00e4ne viel Arbeitskr\u00e4fte sparen und die Effizienz beim Heben erh\u00f6hen, insbesondere bei kleinen Fensterfl\u00e4chen.<br \/>\nMini-Baukr\u00e4ne sind \u00e4u\u00dferst sicher, da ihre vielf\u00e4ltigen Schutzsysteme, wie Gewichts\u00fcberlastungsschutz, Strom\u00fcberlastungsschutz, Spannungsabfallschutz und automatische Positionierungsvorrichtungen, die Links- und Rechtsbewegungen des Dreharms effektiv verhindern und so f\u00fcr mehr Sicherheit sorgen. Das Antriebsaggregat ist optional und kann mit Diesel-, Benzin- oder Elektromotoren betrieben werden. Wir haben verschiedene Mini-Baukr\u00e4ne f\u00fcr Sie entwickelt, die den Anforderungen verschiedener Kunden entsprechen.<br \/>\nMini-Baukrane k\u00f6nnen in kleinen Fensterbereichen eingesetzt werden, was die M\u00e4ngel fr\u00fcherer Hebemaschinen beseitigt und sie nicht in kleinen Fenstern und engen R\u00e4umen einsetzen kann. Dar\u00fcber hinaus vermeiden sie das Problem, dass der Dreharm zu kurz vom Fenster entfernt ist, was ein Vorteil und Unterschied ist, den andere tragbare Kr\u00e4ne nicht haben.<br \/>\nMini-Baukrane werden auch Mini-Lift, Mini-Kran, elektrischer Mini-Lift, kleiner Hebekran, tragbarer mobiler Mini-Auslegerkran mit Handbedienung, Davit-Kran, Hebezeuge f\u00fcr kleine mobile Kr\u00e4ne, kleiner tragbarer Kran, tragbarer elektrischer Hebekran f\u00fcr den Au\u00dfenbereich, drehbarer flexibler kleiner Kran zum Heben von Lastwagen, auf Autos montierter Mini-Kran, Mini-Hebezeug, Mini-Kran f\u00fcr den Au\u00dfenbereich, tragbarer Bodenkran, Mini-Kran mit Hebezeug f\u00fcr Hebezeuge, tragbarer Hebekran genannt. <a href=\"https:\/\/www.buildinglift.com\/product-category\/construction-mini-crane\/\">360-Grad-Drehkran f\u00fcr den Au\u00dfenbereich<\/a>, elektrischer Mini-Bodenkran f\u00fcr flaches Land, kleiner Minikran f\u00fcr den Hochbau, Minikranmaschine f\u00fcr den Bau, auf LKW montierte Kr\u00e4ne und kleiner Auslegerkran.<\/p>","protected":false},"excerpt":{"rendered":"<p>Der Mini-Baukran ist sehr tragbar, leicht zu bedienen und verf\u00fcgt \u00fcber einen um 360 Grad drehbaren Griff, der das Problem l\u00f6st, dass das Seil verdreht ist und sich beim Arbeiten nur schwer drehen l\u00e4sst.<\/p>","protected":false},"featured_media":5851,"template":"","meta":[],"product_brand":[],"product_cat":[148],"product_tag":[163,162],"class_list":{"0":"post-5849","1":"product","2":"type-product","3":"status-publish","4":"has-post-thumbnail","6":"product_cat-construction-mini-crane","7":"product_tag-mini-crane","8":"product_tag-small-lifting-crane","10":"first","11":"instock","12":"shipping-taxable","13":"product-type-simple"},"acf":[],"_links":{"self":[{"href":"https:\/\/www.buildinglift.com\/de\/wp-json\/wp\/v2\/product\/5849","targetHints":{"allow":["GET"]}}],"collection":[{"href":"https:\/\/www.buildinglift.com\/de\/wp-json\/wp\/v2\/product"}],"about":[{"href":"https:\/\/www.buildinglift.com\/de\/wp-json\/wp\/v2\/types\/product"}],"version-history":[{"count":0,"href":"https:\/\/www.buildinglift.com\/de\/wp-json\/wp\/v2\/product\/5849\/revisions"}],"wp:featuredmedia":[{"embeddable":true,"href":"https:\/\/www.buildinglift.com\/de\/wp-json\/wp\/v2\/media\/5851"}],"wp:attachment":[{"href":"https:\/\/www.buildinglift.com\/de\/wp-json\/wp\/v2\/media?parent=5849"}],"wp:term":[{"taxonomy":"product_brand","embeddable":true,"href":"https:\/\/www.buildinglift.com\/de\/wp-json\/wp\/v2\/product_brand?post=5849"},{"taxonomy":"product_cat","embeddable":true,"href":"https:\/\/www.buildinglift.com\/de\/wp-json\/wp\/v2\/product_cat?post=5849"},{"taxonomy":"product_tag","embeddable":true,"href":"https:\/\/www.buildinglift.com\/de\/wp-json\/wp\/v2\/product_tag?post=5849"}],"curies":[{"name":"wp","href":"https:\/\/api.w.org\/{rel}","templated":true}]}}