{"id":213,"date":"2020-04-12T12:58:14","date_gmt":"2020-04-12T12:58:14","guid":{"rendered":"https:\/\/gridvalley.net\/wp\/industroz\/dummy\/?page_id=213"},"modified":"2023-12-13T00:39:13","modified_gmt":"2023-12-13T08:39:13","slug":"uber-uns-2","status":"publish","type":"page","link":"https:\/\/www.buildinglift.com\/de\/uber-uns-2\/","title":{"rendered":"\u00dcber uns"},"content":{"rendered":"<div data-elementor-type=\"wp-page\" data-elementor-id=\"213\" class=\"elementor elementor-213\">\n\t\t\t\t\t\t<section class=\"elementor-section elementor-top-section elementor-element elementor-element-62aa013 elementor-section-boxed elementor-section-height-default elementor-section-height-default\" data-id=\"62aa013\" data-element_type=\"section\" data-e-type=\"section\">\n\t\t\t\t\t\t<div class=\"elementor-container elementor-column-gap-default\">\n\t\t\t\t\t<div class=\"elementor-column elementor-col-100 elementor-top-column elementor-element elementor-element-48332c3\" data-id=\"48332c3\" data-element_type=\"column\" data-e-type=\"column\">\n\t\t\t<div class=\"elementor-widget-wrap elementor-element-populated\">\n\t\t\t\t\t\t<div class=\"elementor-element elementor-element-56b468f elementor-widget elementor-widget-welcome-section\" data-id=\"56b468f\" data-element_type=\"widget\" data-e-type=\"widget\" data-widget_type=\"welcome-section.default\">\n\t\t\t\t<div class=\"elementor-widget-container\">\n\t\t\t\t\t\t\t\t<div class=\"row\">\n\t\t\t\t<div class=\"col-lg-6 col-md-12 m-b30\">\n\t\t\t\t\t<div class=\"welcom-to-section\">\n\t\t\t\t\t\t<!-- TITLE START-->\n\t\t\t\t\t\t\t\t\t\t\t\t\t<div class=\"left wt-small-separator-outer\">\n\t\t\t\t\t\t\t\t<div class=\"wt-small-separator site-text-primary\">\n\t\t\t\t\t\t\t\t\t<div  class=\"sep-leaf-left\"><\/div>\n\t\t\t\t\t\t\t\t\t<div>Willkommen bei industro <\/div>\n\t\t\t\t\t\t\t\t\t<div  class=\"sep-leaf-right\"><\/div>\n\t\t\t\t\t\t\t\t<\/div>\n\t\t\t\t\t\t\t<\/div>\t\n\t\t\t\t\t\t\t\t\t\t\t\t\t\n\t\t\t\t\t\t\t\t\t\t\t\t\t<h2>Shanghai Success Construction International Trade Co., Ltd.<\/h2>\n\t\t\t\t\t\t\t\t\n\t\t\t\t\t\t\t\t\t\t\t\t\t\t\t\t\t\t\t\t<p class=\"\">Als professioneller Hersteller und Lieferant von Baumaschinen bieten wir unseren Kunden zuverl\u00e4ssige Produkte und exzellenten Service. Mit der rasanten Entwicklung der chinesischen Wirtschaft verzeichnen wir ein rasantes Wachstum. Unsere Produkte werden derzeit haupts\u00e4chlich in die Dominikanische Republik, auf die Malediven, nach Indien, Malaysia, Italien, in die USA, nach Spanien, in die T\u00fcrkei und nach S\u00fcdafrika exportiert.\n<br>\nUnser Team verf\u00fcgt \u00fcber mehr als 8 Jahre Erfahrung in diesem Gesch\u00e4ftsfeld. Zu unseren Produkten geh\u00f6ren haupts\u00e4chlich H\u00e4ngeb\u00fchnen und Ersatzteile f\u00fcr Bauaufz\u00fcge. Wir fertigen Produkte nach Kundenwunsch. Wir sind \u00fcberzeugt, unseren Kunden weltweit innovative L\u00f6sungen bieten zu k\u00f6nnen.<\/p>\n    <ul class=\"checklist\">\n<li><i class=\"fa fa-check-square-o\"><\/i> Leicht zu transportieren<\/li>\n<li><i class=\"fa fa-check-square-o\"><\/i> Individualisierung m\u00f6glich<\/li>\n<li><i class=\"fa fa-check-square-o\"><\/i> Leicht und robust<\/li>\n<\/ul>\n<ul class=\"checklist2\">\n<li class=\"\"><i class=\"fa fa-check-square-o\"><\/i>Senkung der Arbeitskosten<\/li>\n<li class=\"\"><i class=\"fa fa-check-square-o\"><\/i>Pr\u00e4zise Montage<\/li>\n<li><i class=\"fa fa-check-square-o\"><\/i> Steigerung der Arbeitsproduktivit\u00e4t<\/li>\n<\/ul>\t\t\t\t\t\t\t\t\t\t\t\t\t\n\t\t\t\t\t\t\t\t\t\t\t\t\t<div class=\"welcom-to-section-bottom d-flex justify-content-between\">\n\t\t\t\t\t\t\t\t<div class=\"welcom-btn-position\">\n\t\t\t\t\t\t\t\t\t<a  href=\"https:\/\/www.buildinglift.com\/contact-us\/\" class=\"site-button site-btn-effect\">Kontaktiere uns<\/a>\n\t\t\t\t\t\t\t\t<\/div>\n\t\t\t\t\t\t\t<\/div> \t\n\t\t\t\t\t\t\t\t\t\t\t\t\t  \n\t\t\t\t\t<\/div>\n\t\t\t\t<\/div>\n\t\t\t\t<div class=\"col-lg-6 col-md-12 m-b30\">\n\t\t\t\t\t<div class=\"img-colarge2\">\n\t\t\t\t\t\t<div class=\"colarge-2 slide-right\">\n\t\t\t\t\t\t\t<img decoding=\"async\" src=\"https:\/\/www.buildinglift.com\/wp-content\/uploads\/509.webp\" alt=\"img\">\n\t\t\t\t\t\t<\/div>\n\t\t\t\t\t\t<div class=\"colarge-2-1\">\n\t\t\t\t\t\t\t<img decoding=\"async\" src=\"https:\/\/gridvalley.net\/wp\/industroz\/wp-content\/uploads\/2020\/04\/s1-1.jpg\" alt=\"img\">\n\t\t\t\t\t\t<\/div>\n\t\t\t\t\t\t<div class=\"since-year-outer2\">\n\t\t\t\t\t\t\t<div class=\"since-year2\">\n\t\t\t\t\t\t\t\t\t\t\t\t\t\t\t\t\t<span>Seit<\/span>\n\t\t\t\t\t\t\t\t\t\t\t\t\t\t\t\t\t\n\t\t\t\t\t\t\t\t\t\t\t\t\t\t\t\t\t<strong>2016<\/strong>\n\t\t\t\t\t\t\t\t\t\t\t\t\t\t\t\t\t\n\t\t\t\t\t\t\t<\/div>\n\t\t\t\t\t\t<\/div>\n\t\t\t\t\t\t\n\t\t\t\t\t<\/div>\n\t\t\t\t<\/div>\n\t\t\t<\/div>\n\t\t\t\t\t\t\t<\/div>\n\t\t\t\t<\/div>\n\t\t\t\t\t<\/div>\n\t\t<\/div>\n\t\t\t\t\t<\/div>\n\t\t<\/section>\n\t\t\t\t<\/div>","protected":false},"excerpt":{"rendered":"<p>Welcome to industro Shanghai Success Construction International Trade Co., Ltd. As a professional construction machinery manufacturer and supplier, we offer most reliable products and excellent service to our customers. We have been experiencing fast growth with the rapid development of Chinese economy. Our products are currently exported to Our products are mainly exported to Dominican [&hellip;]<\/p>\n","protected":false},"author":3,"featured_media":0,"parent":0,"menu_order":0,"comment_status":"closed","ping_status":"closed","template":"","meta":{"footnotes":""},"class_list":["post-213","page","type-page","status-publish","hentry"],"acf":[],"_links":{"self":[{"href":"https:\/\/www.buildinglift.com\/de\/wp-json\/wp\/v2\/pages\/213","targetHints":{"allow":["GET"]}}],"collection":[{"href":"https:\/\/www.buildinglift.com\/de\/wp-json\/wp\/v2\/pages"}],"about":[{"href":"https:\/\/www.buildinglift.com\/de\/wp-json\/wp\/v2\/types\/page"}],"author":[{"embeddable":true,"href":"https:\/\/www.buildinglift.com\/de\/wp-json\/wp\/v2\/users\/3"}],"replies":[{"embeddable":true,"href":"https:\/\/www.buildinglift.com\/de\/wp-json\/wp\/v2\/comments?post=213"}],"version-history":[{"count":0,"href":"https:\/\/www.buildinglift.com\/de\/wp-json\/wp\/v2\/pages\/213\/revisions"}],"wp:attachment":[{"href":"https:\/\/www.buildinglift.com\/de\/wp-json\/wp\/v2\/media?parent=213"}],"curies":[{"name":"wp","href":"https:\/\/api.w.org\/{rel}","templated":true}]}}