{"id":1402,"date":"2023-02-09T11:05:42","date_gmt":"2023-02-09T11:05:42","guid":{"rendered":"https:\/\/www.buildinglift.com\/?page_id=1402"},"modified":"2023-12-12T21:37:18","modified_gmt":"2023-12-13T05:37:18","slug":"produktgebrauchssicherheit","status":"publish","type":"page","link":"https:\/\/www.buildinglift.com\/de\/produktgebrauchssicherheit\/","title":{"rendered":"Produktnutzungssicherheit"},"content":{"rendered":"<div data-elementor-type=\"wp-page\" data-elementor-id=\"1402\" class=\"elementor elementor-1402\">\n\t\t\t\t<div class=\"elementor-element elementor-element-f26b11c e-flex e-con-boxed e-con e-parent\" data-id=\"f26b11c\" data-element_type=\"container\" data-e-type=\"container\">\n\t\t\t\t\t<div class=\"e-con-inner\">\n\t\t\t\t<div class=\"elementor-element elementor-element-1051740 elementor-widget elementor-widget-text-editor\" data-id=\"1051740\" data-element_type=\"widget\" data-e-type=\"widget\" data-widget_type=\"text-editor.default\">\n\t\t\t\t<div class=\"elementor-widget-container\">\n\t\t\t\t\t\t\t\t\t<p><span style=\"color: #000000;\"><strong>Notfallversorgung w\u00e4hrend der Bauphase<\/strong><\/span><br \/><span style=\"color: #000000;\"><strong>Sollten Sie w\u00e4hrend der Bauarbeiten auf die folgenden besonderen Umst\u00e4nde sto\u00dfen, sollten Sie Ruhe bewahren und entsprechende Notfallma\u00dfnahmen ergreifen.<\/strong><\/span><\/p><p><span style=\"color: #000000;\"><strong>Pl\u00f6tzlicher Stromausfall w\u00e4hrend der Bauarbeiten<\/strong><\/span><br \/><span style=\"color: #000000;\">Bei einem pl\u00f6tzlichen Stromausfall w\u00e4hrend der Bauarbeiten sollte der Netzschalter des Schaltkastens sofort ausgeschaltet werden, um Unf\u00e4lle w\u00e4hrend der Strom\u00fcbertragung zu vermeiden. Nach Erhalt der Anrufbenachrichtigung wird der Netzschalter eingeschaltet und die Arbeit beginnt, nachdem die \u00dcberpr\u00fcfung normal ist.<\/span><br \/><span style=\"color: #000000;\">Wenn Sie nach einem Stromausfall wieder auf den Boden zur\u00fcckkehren m\u00fcssen, sollten Sie den manuellen Abw\u00e4rtsgriff des Hebezeugs an beiden Enden anheben, damit die H\u00e4ngeplattform frei zum Boden gleiten kann <strong>Boden.<\/strong><\/span><br \/><span style=\"color: #000000;\"><strong>Ein Stoppen der H\u00e4ngeb\u00fchne nach dem Loslassen der Taste w\u00e4hrend des Hebe- und Senkvorgangs ist nicht m\u00f6glich.<\/strong><\/span><br \/><span style=\"color: #000000;\">Wenn die H\u00e4ngeplattform nach dem Loslassen des Knopfes w\u00e4hrend des Hebe- und Senkvorgangs nicht gestoppt werden kann, dr\u00fccken Sie sofort den roten Notschalter an der Schaltkastent\u00fcr, um die H\u00e4ngeplattform dringend anzuhalten. Schalten Sie anschlie\u00dfend den Netzschalter des Schaltkastens aus, \u00fcberpr\u00fcfen Sie den Kontaktzustand des Sch\u00fctzes, reinigen Sie die Oberfl\u00e4che des Sch\u00fctzes von Fettverschmutzungen und schlie\u00dfen Sie, sobald das Sch\u00fctz wieder normal funktioniert, den Netzschalter. Verwenden Sie die manuelle Absenkmethode, um die H\u00e4ngeplattform zur Wartung auf den Boden abzusenken.<\/span><br \/><span style=\"color: #000000;\"><strong>Die Aufh\u00e4ngeplattform sollte horizontal geneigt sein und das Seil automatisch blockieren<\/strong><\/span><br \/><span style=\"color: #000000;\">Wenn die H\u00e4ngeplattform beim Auf- und Absteigen nach unten rutscht oder ein Ende bis zu einem gewissen Grad abrutscht, verriegelt die Sicherheitsverriegelung das Seil automatisch. Halten Sie in diesem Fall sofort an, schalten Sie den Umschalter am Schaltkasten auf das untere Ende der Plattform und dr\u00fccken Sie anschlie\u00dfend die Aufw\u00e4rtstaste. Das untere Ende der H\u00e4ngeplattform wird in die horizontale Wiederherstellungsposition angehoben. Nachdem die Sicherheitsverriegelung automatisch den Entriegelungszustand wiederhergestellt hat, wird die H\u00e4ngeplattform auf den Boden abgesenkt. Die elektromagnetischen Bremsspalte an beiden Enden werden \u00fcberpr\u00fcft und den Anforderungen entsprechend eingestellt. Alternativ wird der Drehzahlunterschied zwischen den beiden Enden \u00fcberpr\u00fcft. Ist ein Unterschied erkennbar, sollte ein Motor ausgetauscht werden.<\/span><br \/><span style=\"color: #000000;\"><strong>heben Sie das Drahtseil der Maschinenkarte an<\/strong><\/span><br \/><span style=\"color: #000000;\">Das Arbeitsdrahtseil ist aufgrund loser Litzen, Knicke oder Hebemaschinenteile im Hebezeug eingeklemmt. Das Baupersonal in der H\u00e4ngeb\u00fchne wird unter Gew\u00e4hrleistung der Sicherheit evakuiert, und professionell geschultes Wartungspersonal wird zur Wartung zur H\u00e4ngeb\u00fchne geschickt. Zun\u00e4chst wird das Sicherheitsdrahtseil an den beiden Enden um den Heberahmen gewickelt und die beiden Enden des Sicherheitsdrahtseils werden mit einer Seilschnalle befestigt. Dann l\u00f6sen Sie den Schutzring des Schwenkarms der Sicherheitsverriegelung an beiden Enden, um das Arbeitsdrahtseil von der Rolle zu l\u00f6sen, sodass sich die Sicherheitsverriegelungen an beiden Enden im Zustand des Verriegelungsseils befinden. Nachdem Sie die oben genannten Sicherheitsma\u00dfnahmen getroffen haben, entfernen Sie die Hebezeuginspektion und befreien Sie das eingeklemmte Drahtseil. Schneiden Sie gegebenenfalls den Handdraht ab und \u00f6ffnen Sie die Hebeabdeckung, um das im Hebezeug verbliebene Drahtseil zu \u00fcberpr\u00fcfen und vorsichtig zu entfernen. Ersetzen Sie gleichzeitig das neue Drahtseil in der entsprechenden Position des Aufh\u00e4ngungsmechanismus, legen Sie das Drahtseil wieder nach unten und legen Sie es in die Hebevorrichtung, um das Drahtseil festzuziehen. Legen Sie dann das Arbeitsdrahtseil in die Nut des Schwenkrads der Sicherheitsverriegelung und installieren Sie den Schutzring. Nachdem die Sicherheitsverriegelung ge\u00f6ffnet wurde, wird die Aufh\u00e4ngungsplattform um etwa 0,5 m bis zum Anschlag angehoben, die Seilschnalle am Sicherheitsdrahtseil wird entfernt und das Sicherheitsdrahtseil wird in die vertikale Position gebracht. Anschlie\u00dfend wird die Aufh\u00e4ngungsplattform auf den Boden abgesenkt. Nach einer gr\u00fcndlichen Inspektion und Wartung durch die Hebevorrichtung darf die Partei die weitere Nutzung fortsetzen.<\/span><br \/><span style=\"color: #000000;\"><strong>Wenn das Arbeitsdrahtseil rei\u00dft<\/strong><\/span><br \/><span style=\"color: #000000;\">Wenn das Arbeitsdrahtseil an einem Ende der H\u00e4ngeplattform rei\u00dft, wird die H\u00e4ngeplattform gekippt. Die Sicherheitsverriegelung schlie\u00dft sich automatisch, wenn die Arbeitsposition gekippt wird, und die H\u00e4ngeplattform wird im Sicherheitsdrahtseil verriegelt. Zu diesem Zeitpunkt sollte das Baupersonal in der H\u00e4ngeplattform ruhig bleiben. Es ist strengstens verboten, in der H\u00e4ngeplattform zu rennen und zu springen und die Notfallma\u00dfnahmen zu ergreifen, wenn die jeweiligen Drahtseile im Aufzug stecken bleiben.<\/span><\/p><p><span style=\"color: #000000;\"><strong>Installation, Einstellung und Vorsichtsma\u00dfnahmen f\u00fcr den Federmechanismus<\/strong><\/span><\/p><p><span style=\"color: #000000;\">Bei der Installation des Bodens sollte die horizontale Ebene ausgew\u00e4hlt werden. Bei Gef\u00e4llen sollte diese unter dem Winkelrad zuverl\u00e4ssig nivelliert werden. Wenn die Installationsfl\u00e4che wasserdicht und isoliert ist, sollte sie unter den Vorder- und R\u00fccksitzen 2,5 bis 3 cm dick gepolstert sein, um ein Quetschen zu verhindern. Wasserdichte Isolierung.<\/span><br \/><span style=\"color: #000000;\">Die H\u00f6he der verstellbaren Halterung sollte so gew\u00e4hlt werden, dass die Unterseite des Frontbalkens etwas h\u00f6her ist als die H\u00f6he der Br\u00fcstung (oder anderer Hindernisse). Nach dem Positionieren des Aufh\u00e4ngungsmechanismus wird die Unterseite des Frontbalkens nach M\u00f6glichkeit verl\u00e4ngert. Die Tochterwand wird mit Holzkl\u00f6tzen befestigt.<\/span><br \/><span style=\"color: #000000;\">Der Nennausfahrbereich des \u00fcberh\u00e4ngenden Endes des Vordertr\u00e4gers betr\u00e4gt 0,3 bis 1,5 Meter. Bei \u00dcberschreitung des Nenn\u00fcberhangs m\u00fcssen zuverl\u00e4ssige Verst\u00e4rkungsma\u00dfnahmen und Nennbetriebslasten ergriffen und vor der Verwendung von der zust\u00e4ndigen Abteilung best\u00e4tigt werden.<\/span><br \/><span style=\"color: #000000;\">Der Abstand zwischen den Vorder- und R\u00fccksitzen sollte, soweit dies unter den gegebenen Bedingungen vor Ort m\u00f6glich ist, auf den gr\u00f6\u00dftm\u00f6glichen Abstand eingestellt werden.<\/span><br \/><span style=\"color: #000000;\">Der Abstand zwischen den beiden Halterungen sollte auf einen Abstand von 3 bis 5 cm kleiner als die L\u00e4nge der Aufh\u00e4ngeplattform eingestellt werden.<\/span><br \/><span style=\"color: #000000;\">Beim Spannen des Stahldrahtseils sollte der Vorderbalken leicht um 3 bis 5 cm nach oben gedreht werden, um eine Vorspannung zu erzeugen und die Steifigkeit des Vorderbalkens zu verbessern.<\/span><br \/><span style=\"color: #000000;\">Beim Festklemmen des Drahtseils sind mindestens drei Seilklemmen erforderlich. Die U-f\u00f6rmige \u00d6ffnung und das Ende des Stahldrahtseils liegen einander gegen\u00fcber und weisen die gleiche Richtung auf. Die Seilklemmen sind vom Hebepunkt aus der Reihe nach festzuklemmen. Zwischen der letzten und der vorherigen Seilklemme muss das Seil leicht gebogen sein. Beim Festziehen der Seilklemmenmutter sollte das Drahtseil auf 1\/2 bis 1\/3 seines Durchmessers abgeflacht sein.<\/span><br \/><span style=\"color: #000000;\">Beim Verlegen des Drahtseils sollte die drahtseilfreie Scheibe auf den Boden gelegt werden. Der Seilkopf sollte vorsichtig herausgezogen und dann langsam an der Vorderseite entlang nach unten geschoben werden. Es ist strengstens verboten, das Drahtseil in die Scheibe zu werfen. Nach dem Verlegen des Drahtseils sollte das verwickelte Seil sorgf\u00e4ltig separat angedr\u00fcckt werden. Das \u00fcbersch\u00fcssige Drahtseil auf dem Boden sollte sorgf\u00e4ltig festgepackt und der Boden nicht willk\u00fcrlich verstreut werden.<\/span><\/p><p><span style=\"color: #000000;\"><strong>Standards f\u00fcr die Verschrottung wichtiger Komponenten<\/strong><\/span><br \/><span style=\"color: #000000;\">Hauptkraftbefestigungen der H\u00e4ngearbeitsplattform: Wenn der Aufh\u00e4ngungsmechanismus oder die Aufh\u00e4ngungsplattform das folgende Aussehen hat, sollte sie verschrottet werden.<\/span><\/p><p><span style=\"color: #000000;\">Nach der allgemeinen Instabilit\u00e4t darf es nicht repariert werden und muss verschrottet werden.<\/span><br \/><span style=\"color: #000000;\">Wenn eine dauerhafte Verformung entsteht und nicht repariert werden kann, muss das Teil verschrottet werden.<\/span><br \/><span style=\"color: #000000;\">Wenn einige Komponenten dauerhaft verformt sind und nicht repariert werden k\u00f6nnen und die Oberfl\u00e4chenkorrosion oder Verschlei\u00dftiefe 10% der Originalkomponente \u00fcberschreitet, sollten die entsprechenden Komponenten verschrottet werden.<\/span><br \/><span style=\"color: #000000;\">Wenn Risse in Bauteilen und Schwei\u00dfn\u00e4hten auftreten, k\u00f6nnen je nach Spannungssituation und Rissbedingungen nach Reparatur- oder Verst\u00e4rkungsma\u00dfnahmen die urspr\u00fcnglichen Konstruktionsanforderungen erf\u00fcllt werden. In diesem Fall m\u00fcssen Reparaturen durchgef\u00fchrt werden, um die Ma\u00dfnahmen zu verst\u00e4rken, bevor sie weiter verwendet werden k\u00f6nnen. Andernfalls sollten sie verschrottet werden.<\/span><\/p><p><span style=\"color: #000000;\"><strong>Was sind die wichtigsten Sicherheitseinrichtungen f\u00fcr die H\u00e4ngearbeitsb\u00fchnenausr\u00fcstung?<\/strong><\/span><br \/><span style=\"color: #000000;\">A. Sicherheitsverriegelung vom Typ LSB-Schwenkarm; kann das Sicherheitsdrahtseil verriegeln, wenn der Neigungswinkel der Arbeitsplattform gr\u00f6\u00dfer als 3\u20138\u00b0 ist oder das Arbeitsdrahtseil gerissen ist;<\/span><br \/><span style=\"color: #000000;\">B. Manuelle Freigabe: Es kann bei einem Stromausfall, z. B. bei einem Stromausfall, sanft abgesenkt werden, um sicherzustellen, dass der Bediener sicher den Boden erreicht.<\/span><br \/><span style=\"color: #000000;\">C. Geschwindigkeitsbegrenzungsschutz: Wenn die Abstiegsgeschwindigkeit die definierte Sicherheitsgeschwindigkeit \u00fcberschreitet, wird die Zentrifugalverz\u00f6gerungsvorrichtung aktiviert, um die Abstiegsgeschwindigkeit zu verlangsamen.<\/span><br \/><span style=\"color: #000000;\">D. Grenzwertschutz: Unterbricht automatisch die Stromversorgung, wenn die Korbausr\u00fcstung den manuell eingestellten H\u00f6chstwert \u00fcberschreitet, und aktiviert die Alarmglocke.<\/span><br \/><span style=\"color: #000000;\">E. Elektrischer \u00dcberlastungsschutz: Wenn der Motor nicht normal funktioniert oder der Stromkreis nicht normal funktioniert und der Motor \u00fcberlastet ist, trennen Sie den Steuerstromkreis des Sch\u00fctzes, um den Hauptstromkreis zu trennen.<\/span><br \/><span style=\"color: #000000;\">F. Leckageschutz: Der Bediener schlie\u00dft automatisch den gesamten Stromkreis, wenn der Bediener den elektrischen K\u00f6rper versehentlich aufl\u00e4dt und ausl\u00e4uft.<\/span><br \/><span style=\"color: #000000;\">G. Not-Aus: Unterbrechen Sie den Hauptsteuerkreis im Falle einer pl\u00f6tzlichen Anomalie (z. B. automatisches Ansteigen oder Abfallen).<\/span><\/p>\t\t\t\t\t\t\t\t<\/div>\n\t\t\t\t<\/div>\n\t\t\t\t\t<\/div>\n\t\t\t\t<\/div>\n\t\t\t\t<\/div>","protected":false},"excerpt":{"rendered":"<p>Emergency treatment during constructionDuring the construction, if you encounter the following special circumstances, you should keep calm and take appropriate emergency measures. Sudden power outage during constructionWhen there is a sudden power outage during construction, the power switch of the electric box should be cut off immediately to prevent accidents during power transmission. After receiving [&hellip;]<\/p>\n","protected":false},"author":1,"featured_media":0,"parent":0,"menu_order":0,"comment_status":"closed","ping_status":"closed","template":"","meta":{"footnotes":""},"class_list":["post-1402","page","type-page","status-publish","hentry"],"acf":[],"_links":{"self":[{"href":"https:\/\/www.buildinglift.com\/de\/wp-json\/wp\/v2\/pages\/1402","targetHints":{"allow":["GET"]}}],"collection":[{"href":"https:\/\/www.buildinglift.com\/de\/wp-json\/wp\/v2\/pages"}],"about":[{"href":"https:\/\/www.buildinglift.com\/de\/wp-json\/wp\/v2\/types\/page"}],"author":[{"embeddable":true,"href":"https:\/\/www.buildinglift.com\/de\/wp-json\/wp\/v2\/users\/1"}],"replies":[{"embeddable":true,"href":"https:\/\/www.buildinglift.com\/de\/wp-json\/wp\/v2\/comments?post=1402"}],"version-history":[{"count":0,"href":"https:\/\/www.buildinglift.com\/de\/wp-json\/wp\/v2\/pages\/1402\/revisions"}],"wp:attachment":[{"href":"https:\/\/www.buildinglift.com\/de\/wp-json\/wp\/v2\/media?parent=1402"}],"curies":[{"name":"wp","href":"https:\/\/api.w.org\/{rel}","templated":true}]}}