{"id":5703,"date":"2023-09-22T14:20:30","date_gmt":"2023-09-22T14:20:30","guid":{"rendered":"https:\/\/www.buildinglift.com\/?post_type=product&#038;p=5703"},"modified":"2023-12-12T22:20:51","modified_gmt":"2023-12-13T06:20:51","slug":"udvendig-vinduespudsning-haengende-platform-specialfremstillet-lodret-brugerdefineret-ophaengt-platform","status":"publish","type":"product","link":"https:\/\/www.buildinglift.com\/da\/produkt\/udvendig-vinduespudsning-haengende-platform-specialfremstillet-lodret-brugerdefineret-ophaengt-platform\/","title":{"rendered":"Udvendig vinduesreng\u00f8ringsh\u00e6ngende platform specialfremstillet lodret\/specialfremstillet oph\u00e6ngt platform"},"content":{"rendered":"<p>Vi kan designe og fremstille alle slags specialoph\u00e6ngte platforme, der passer til alle forhold og opfylder kundernes specifikke krav. S\u00e5som L-benede enkeltpersonsplatforme, vinklede oph\u00e6ngte platforme, dobbeltd\u00e6kkerplatforme, BMU-gondoler, oph\u00e6ngte enkeltpersonsstole, cirkeloph\u00e6ngte platforme, bev\u00e6gelige endeb\u00f8jler og ZLP350 oph\u00e6ngte platforme.<\/p>\n<p><strong>Produktfunktion og anvendelse<\/strong><br \/>\n\u2013 H\u00f8j kvalitet til konkurrencedygtig pris<br \/>\n\u2013 Nem at samle<br \/>\n\u2013 J\u00e6vn kontrol<br \/>\n\u2013 Arbejdsh\u00f8jden kan justeres<br \/>\n\u2013 Sp\u00e6ndingen kan justeres<br \/>\n\u2013 Holdbar og sikker<\/p>\n<p>ZLP-serien skiller sig ud ved sin overlegne kvalitet og professionelle service. I takt med at dens omd\u00f8mme og trov\u00e6rdighed er vokset, er dens internationale r\u00e6kkevidde ogs\u00e5 vokset. SUCCESS Companys produkter eksporteres nu til over 70 lande og regioner, herunder Singapore, Rusland, De Forenede Arabiske Emirater, Chile og Peru. Virksomhedens engagement i ekspertise afspejles i dens produkter, som opfylder europ\u00e6iske standarder og har modtaget CE-certificering.<\/p>\n<p>Vi kan designe og fremstille alle slags specialoph\u00e6ngte platforme, der passer til alle forhold og opfylder kundernes specifikke krav. S\u00e5som L-benede enkeltpersonsplatforme, vinklede oph\u00e6ngte platforme, dobbeltd\u00e6kkerplatforme, BMU-gondoler, oph\u00e6ngte enkeltpersonsstole, cirkeloph\u00e6ngte platforme, bev\u00e6gelige endeb\u00f8jler og ZLP350 oph\u00e6ngte platforme.<\/p>\n<p><strong><a href=\"https:\/\/www.buildinglift.com\/product\/exterior-window-cleaning-hanging-platform-custom-made-vertical-custom-suspended-platform\/\">Oph\u00e6ngt platform<\/a> Talje \u2013 Lang levetid<\/strong><br \/>\n1. St\u00f8belegemet er lavet af et specielt aluminiumsmateriale og er forarbejdet ved hj\u00e6lp af tyngdekraftsst\u00f8bning p\u00e5 et importeret forarbejdningscenter. Produktet har god pr\u00e6cision og holdbarhed. St\u00f8begods er mere modstandsdygtigt over for fald end trykst\u00f8begods og er mindre tilb\u00f8jelige til at revne.<br \/>\n2. Drivskivens materiale er 40Cr, v\u00e6gt 5,4 kg, og efter h\u00e6rdning og overfladenitrering er den mere slidst\u00e6rk og holdbar.<br \/>\n3. Snekkehjulet er lavet af tin-fosforbronze 9-4 kobber, 0,94 kg, god sejhed og slidstyrke. Materialet i snekke- og gearakslen er 38CrMoA1, hvoraf snekken er 0,48 kg, hvilket har god sejhed og slidstyrke.<br \/>\n4. Rebf\u00f8ringen er lavet af et specielt slidst\u00e6rkt rustfrit st\u00e5lmateriale, som ikke let beskadiges og ikke for\u00e5rsager fastklemning. Omkostningerne ved fejl er ekstremt lave og beh\u00f8ver generelt ikke at blive udskiftet.<\/p>","protected":false},"excerpt":{"rendered":"<p><strong>Modelnr.<\/strong>ZLP1000 ZLP800 ZLP630 ZLP500<br \/>\n<strong>Materiale<\/strong>St\u00e5l eller aluminiumlegering (anbefales)<br \/>\n<strong>Nominel belastning<\/strong>: 1000 kg 800 kg 600 kg\u2026<br \/>\n<strong>L\u00f8fteh\u00f8jde<\/strong>: 100M til 150M<br \/>\n<strong>L\u00f8ftehastighed<\/strong>: 9-11 m\/min<br \/>\n<strong>Produktionskvalifikation<\/strong><br \/>\nVi har best\u00e5et ISO9001:2008, CE og EAC-certificering.<\/p>","protected":false},"featured_media":5708,"template":"","meta":[],"product_brand":[],"product_cat":[147],"product_tag":[155,154],"class_list":{"0":"post-5703","1":"product","2":"type-product","3":"status-publish","4":"has-post-thumbnail","6":"product_cat-suspended-platform","7":"product_tag-custom-suspended-platform","8":"product_tag-exterior-window-cleaning-hanging-platform-custom-made-vertical","10":"first","11":"instock","12":"shipping-taxable","13":"product-type-simple"},"acf":[],"_links":{"self":[{"href":"https:\/\/www.buildinglift.com\/da\/wp-json\/wp\/v2\/product\/5703","targetHints":{"allow":["GET"]}}],"collection":[{"href":"https:\/\/www.buildinglift.com\/da\/wp-json\/wp\/v2\/product"}],"about":[{"href":"https:\/\/www.buildinglift.com\/da\/wp-json\/wp\/v2\/types\/product"}],"version-history":[{"count":0,"href":"https:\/\/www.buildinglift.com\/da\/wp-json\/wp\/v2\/product\/5703\/revisions"}],"wp:featuredmedia":[{"embeddable":true,"href":"https:\/\/www.buildinglift.com\/da\/wp-json\/wp\/v2\/media\/5708"}],"wp:attachment":[{"href":"https:\/\/www.buildinglift.com\/da\/wp-json\/wp\/v2\/media?parent=5703"}],"wp:term":[{"taxonomy":"product_brand","embeddable":true,"href":"https:\/\/www.buildinglift.com\/da\/wp-json\/wp\/v2\/product_brand?post=5703"},{"taxonomy":"product_cat","embeddable":true,"href":"https:\/\/www.buildinglift.com\/da\/wp-json\/wp\/v2\/product_cat?post=5703"},{"taxonomy":"product_tag","embeddable":true,"href":"https:\/\/www.buildinglift.com\/da\/wp-json\/wp\/v2\/product_tag?post=5703"}],"curies":[{"name":"wp","href":"https:\/\/api.w.org\/{rel}","templated":true}]}}