{"id":213,"date":"2020-04-12T12:58:14","date_gmt":"2020-04-12T12:58:14","guid":{"rendered":"https:\/\/gridvalley.net\/wp\/industroz\/dummy\/?page_id=213"},"modified":"2023-12-13T00:39:13","modified_gmt":"2023-12-13T08:39:13","slug":"om-os-2","status":"publish","type":"page","link":"https:\/\/www.buildinglift.com\/da\/om-os-2\/","title":{"rendered":"Om os"},"content":{"rendered":"<div data-elementor-type=\"wp-page\" data-elementor-id=\"213\" class=\"elementor elementor-213\">\n\t\t\t\t\t\t<section class=\"elementor-section elementor-top-section elementor-element elementor-element-62aa013 elementor-section-boxed elementor-section-height-default elementor-section-height-default\" data-id=\"62aa013\" data-element_type=\"section\" data-e-type=\"section\">\n\t\t\t\t\t\t<div class=\"elementor-container elementor-column-gap-default\">\n\t\t\t\t\t<div class=\"elementor-column elementor-col-100 elementor-top-column elementor-element elementor-element-48332c3\" data-id=\"48332c3\" data-element_type=\"column\" data-e-type=\"column\">\n\t\t\t<div class=\"elementor-widget-wrap elementor-element-populated\">\n\t\t\t\t\t\t<div class=\"elementor-element elementor-element-56b468f elementor-widget elementor-widget-welcome-section\" data-id=\"56b468f\" data-element_type=\"widget\" data-e-type=\"widget\" data-widget_type=\"welcome-section.default\">\n\t\t\t\t<div class=\"elementor-widget-container\">\n\t\t\t\t\t\t\t\t<div class=\"row\">\n\t\t\t\t<div class=\"col-lg-6 col-md-12 m-b30\">\n\t\t\t\t\t<div class=\"welcom-to-section\">\n\t\t\t\t\t\t<!-- TITLE START-->\n\t\t\t\t\t\t\t\t\t\t\t\t\t<div class=\"left wt-small-separator-outer\">\n\t\t\t\t\t\t\t\t<div class=\"wt-small-separator site-text-primary\">\n\t\t\t\t\t\t\t\t\t<div  class=\"sep-leaf-left\"><\/div>\n\t\t\t\t\t\t\t\t\t<div>Velkommen til Industri <\/div>\n\t\t\t\t\t\t\t\t\t<div  class=\"sep-leaf-right\"><\/div>\n\t\t\t\t\t\t\t\t<\/div>\n\t\t\t\t\t\t\t<\/div>\t\n\t\t\t\t\t\t\t\t\t\t\t\t\t\n\t\t\t\t\t\t\t\t\t\t\t\t\t<h2>Shanghai Success Construction International Trade Co., Ltd.<\/h2>\n\t\t\t\t\t\t\t\t\n\t\t\t\t\t\t\t\t\t\t\t\t\t\t\t\t\t\t\t\t<p class=\"\">Som professionel producent og leverand\u00f8r af entrepren\u00f8rmaskiner tilbyder vi vores kunder de mest p\u00e5lidelige produkter og fremragende service. Vi har oplevet hurtig v\u00e6kst med den hurtige udvikling af den kinesiske \u00f8konomi. Vores produkter eksporteres i \u00f8jeblikket til ... Vores produkter eksporteres prim\u00e6rt til Den Dominikanske Republik, Maldiverne, Indien, Malaysia, Italien, USA, Spanien, Tyrkiet og Sydafrika ...\n<br>\nVores team har mere end 8 \u00e5rs erfaring inden for denne branche. Vores produkter omfatter prim\u00e6rt oph\u00e6ngte platforme og reservedele til byggehejs. Vi kan producere produkter i henhold til kundernes s\u00e6rlige krav. Vi mener, at vi kan tilbyde innovative l\u00f8sninger til vores kunder over hele verden.<\/p>\n    <ul class=\"checklist\">\n<li><i class=\"fa fa-check-square-o\"><\/i> Let at transportere<\/li>\n<li><i class=\"fa fa-check-square-o\"><\/i> Tilpasning mulig<\/li>\n<li><i class=\"fa fa-check-square-o\"><\/i> Let og st\u00e6rk<\/li>\n<\/ul>\n<ul class=\"checklist2\">\n<li class=\"\"><i class=\"fa fa-check-square-o\"><\/i>Reduktion af l\u00f8nomkostninger<\/li>\n<li class=\"\"><i class=\"fa fa-check-square-o\"><\/i>Pr\u00e6cis installation<\/li>\n<li><i class=\"fa fa-check-square-o\"><\/i> \u00d8get arbejdsproduktivitet<\/li>\n<\/ul>\t\t\t\t\t\t\t\t\t\t\t\t\t\n\t\t\t\t\t\t\t\t\t\t\t\t\t<div class=\"welcom-to-section-bottom d-flex justify-content-between\">\n\t\t\t\t\t\t\t\t<div class=\"welcom-btn-position\">\n\t\t\t\t\t\t\t\t\t<a  href=\"https:\/\/www.buildinglift.com\/contact-us\/\" class=\"site-button site-btn-effect\">Kontakt os<\/a>\n\t\t\t\t\t\t\t\t<\/div>\n\t\t\t\t\t\t\t<\/div> \t\n\t\t\t\t\t\t\t\t\t\t\t\t\t  \n\t\t\t\t\t<\/div>\n\t\t\t\t<\/div>\n\t\t\t\t<div class=\"col-lg-6 col-md-12 m-b30\">\n\t\t\t\t\t<div class=\"img-colarge2\">\n\t\t\t\t\t\t<div class=\"colarge-2 slide-right\">\n\t\t\t\t\t\t\t<img decoding=\"async\" src=\"https:\/\/www.buildinglift.com\/wp-content\/uploads\/509.webp\" alt=\"img\">\n\t\t\t\t\t\t<\/div>\n\t\t\t\t\t\t<div class=\"colarge-2-1\">\n\t\t\t\t\t\t\t<img decoding=\"async\" src=\"https:\/\/gridvalley.net\/wp\/industroz\/wp-content\/uploads\/2020\/04\/s1-1.jpg\" alt=\"img\">\n\t\t\t\t\t\t<\/div>\n\t\t\t\t\t\t<div class=\"since-year-outer2\">\n\t\t\t\t\t\t\t<div class=\"since-year2\">\n\t\t\t\t\t\t\t\t\t\t\t\t\t\t\t\t\t<span>Siden<\/span>\n\t\t\t\t\t\t\t\t\t\t\t\t\t\t\t\t\t\n\t\t\t\t\t\t\t\t\t\t\t\t\t\t\t\t\t<strong>2016<\/strong>\n\t\t\t\t\t\t\t\t\t\t\t\t\t\t\t\t\t\n\t\t\t\t\t\t\t<\/div>\n\t\t\t\t\t\t<\/div>\n\t\t\t\t\t\t\n\t\t\t\t\t<\/div>\n\t\t\t\t<\/div>\n\t\t\t<\/div>\n\t\t\t\t\t\t\t<\/div>\n\t\t\t\t<\/div>\n\t\t\t\t\t<\/div>\n\t\t<\/div>\n\t\t\t\t\t<\/div>\n\t\t<\/section>\n\t\t\t\t<\/div>","protected":false},"excerpt":{"rendered":"<p>Welcome to industro Shanghai Success Construction International Trade Co., Ltd. As a professional construction machinery manufacturer and supplier, we offer most reliable products and excellent service to our customers. We have been experiencing fast growth with the rapid development of Chinese economy. Our products are currently exported to Our products are mainly exported to Dominican [&hellip;]<\/p>\n","protected":false},"author":3,"featured_media":0,"parent":0,"menu_order":0,"comment_status":"closed","ping_status":"closed","template":"","meta":{"footnotes":""},"class_list":["post-213","page","type-page","status-publish","hentry"],"acf":[],"_links":{"self":[{"href":"https:\/\/www.buildinglift.com\/da\/wp-json\/wp\/v2\/pages\/213","targetHints":{"allow":["GET"]}}],"collection":[{"href":"https:\/\/www.buildinglift.com\/da\/wp-json\/wp\/v2\/pages"}],"about":[{"href":"https:\/\/www.buildinglift.com\/da\/wp-json\/wp\/v2\/types\/page"}],"author":[{"embeddable":true,"href":"https:\/\/www.buildinglift.com\/da\/wp-json\/wp\/v2\/users\/3"}],"replies":[{"embeddable":true,"href":"https:\/\/www.buildinglift.com\/da\/wp-json\/wp\/v2\/comments?post=213"}],"version-history":[{"count":0,"href":"https:\/\/www.buildinglift.com\/da\/wp-json\/wp\/v2\/pages\/213\/revisions"}],"wp:attachment":[{"href":"https:\/\/www.buildinglift.com\/da\/wp-json\/wp\/v2\/media?parent=213"}],"curies":[{"name":"wp","href":"https:\/\/api.w.org\/{rel}","templated":true}]}}